{"id":2785,"date":"2021-04-13T13:05:26","date_gmt":"2021-04-13T11:05:26","guid":{"rendered":"https:\/\/www.ub.edu\/multilingua2\/?page_id=2785"},"modified":"2024-01-15T14:12:05","modified_gmt":"2024-01-15T12:12:05","slug":"lenguas-y-niveles","status":"publish","type":"page","link":"https:\/\/www.ub.edu\/multilingua\/lenguas-y-niveles\/","title":{"rendered":"Lenguas y niveles"},"content":{"rendered":"<div class=\"wpb-content-wrapper\"><p>[vc_row equal_height=&#8221;yes&#8221; css=&#8221;.vc_custom_1538996173231{background-color: #e9e9e9 !important;}&#8221;][vc_column][vc_column_text]<\/p>\n<h2 style=\"text-align: center;\">Lenguas y niveles del Marco Europeo Com\u00fan de Referencia que puedes aprender con Rosetta Stone<\/h2>\n<p style=\"text-align: center;\"><strong>NOVEDAD!<\/strong> Con tu matr\u00edcula, podr\u00e1s acceder a todas las lenguas y niveles, \u00a1sin l\u00edmite!<\/p>\n<p>[\/vc_column_text][vc_row_inner][vc_column_inner][vc_single_image source=&#8221;external_link&#8221; alignment=&#8221;center&#8221; custom_src=&#8221;https:\/\/www.ub.edu\/multilingua\/wp-content\/uploads\/2024\/01\/Grafic-castella-1.png&#8221;][\/vc_column_inner][\/vc_row_inner][\/vc_column][\/vc_row][vc_row equal_height=&#8221;yes&#8221; css=&#8221;.vc_custom_1538997768133{background-color: #f5f5f5 !important;}&#8221;][vc_column][vc_row_inner equal_height=&#8221;yes&#8221; content_placement=&#8221;middle&#8221;][vc_column_inner width=&#8221;2\/3&#8243;][vc_column_text]<\/p>\n<h2 id=\"tw-target-text\" class=\"tw-data-text tw-text-large tw-ta\" dir=\"ltr\" data-placeholder=\"Traducci\u00f3\"><span class=\"Y2IQFc\" lang=\"es\">Niveles iniciales (A1, A2 y B1)<\/span><\/h2>\n<ul>\n<li class=\"tw-data-text tw-text-large tw-ta\" dir=\"ltr\" data-placeholder=\"Traducci\u00f3\"><strong><span class=\"Y2IQFc\" lang=\"es\">M\u00e9todo de inmersi\u00f3n en la lengua <\/span><\/strong>\n<ul>\n<li class=\"tw-data-text tw-text-large tw-ta\" dir=\"ltr\" data-placeholder=\"Traducci\u00f3\"><span class=\"Y2IQFc\" lang=\"es\"><strong>Actividades secuenciadas<\/strong> para introducir nuevo vocabulario y gram\u00e1tica, que se basan en el contenido que vas aprendiendo. <\/span><\/li>\n<li class=\"tw-data-text tw-text-large tw-ta\" dir=\"ltr\" data-placeholder=\"Traducci\u00f3\"><span class=\"Y2IQFc\" lang=\"es\"><strong>Reconocimiento de voz<\/strong> en todas las actividades, que te ayudar\u00e1 a mejorar la confianza en la pronunciaci\u00f3n y el habla. <\/span><\/li>\n<\/ul>\n<\/li>\n<li><strong><span class=\"Y2IQFc\" lang=\"es\">Juegos y actividades para reforzar las competencias ling\u00fc\u00edsticas <\/span><\/strong>\n<ul>\n<li><span class=\"Y2IQFc\" lang=\"es\">Gana <strong>confianza y ampl\u00eda el vocabulario aprendido<\/strong> con las lecciones del programa. Participa en el chat de usuarios internacionales que est\u00e9n aprendiendo la misma lengua que t\u00fa. <\/span><\/li>\n<li><span class=\"Y2IQFc\" lang=\"es\">Practica la <strong>lectura<\/strong> mediante fragmentos de historias adaptados por niveles.<\/span><\/li>\n<\/ul>\n<\/li>\n<li><a href=\"http:\/\/www.ub.edu\/multilingua\/wp-content\/uploads\/2015\/02\/Continguts-ScopeAndSequence-Foundations.pdf\">Contenidos generales<\/a><\/li>\n<li>Contenido por niveles: <a href=\"http:\/\/www.ub.edu\/multilingua\/wp-content\/uploads\/2015\/02\/Continguts-ScopeAndSequence-Foundations.pdf\">Nivel1<\/a>\u00a0\u00b7 <a href=\"http:\/\/www.ub.edu\/multilingua\/wp-content\/uploads\/2015\/02\/Continguts_nivell2.pdf\">Nivel2<\/a>\u00a0\u00b7 <a href=\"http:\/\/www.ub.edu\/multilingua\/wp-content\/uploads\/2015\/02\/Continguts_nivell3.pdf\">Nivel3<\/a>\u00a0\u00b7 <a href=\"http:\/\/www.ub.edu\/multilingua\/wp-content\/uploads\/2015\/02\/Continguts_nivell4.pdf\">Nivel4<\/a> \u00b7 <a href=\"http:\/\/www.ub.edu\/multilingua\/wp-content\/uploads\/2015\/02\/Continguts_nivell5.pdf\">Nivel5<\/a><\/li>\n<\/ul>\n<p>[\/vc_column_text][\/vc_column_inner][vc_column_inner width=&#8221;1\/3&#8243;][vc_single_image source=&#8221;external_link&#8221; alignment=&#8221;center&#8221; css_animation=&#8221;appear&#8221; custom_src=&#8221;https:\/\/www.ub.edu\/multilingua\/wp-content\/uploads\/2015\/02\/catalyst-300&#215;174.png&#8221;][\/vc_column_inner][\/vc_row_inner][\/vc_column][\/vc_row][vc_row equal_height=&#8221;yes&#8221; css=&#8221;.vc_custom_1538996173231{background-color: #e9e9e9 !important;}&#8221;][vc_column][vc_row_inner equal_height=&#8221;yes&#8221; content_placement=&#8221;middle&#8221;][vc_column_inner width=&#8221;1\/3&#8243;][vc_single_image source=&#8221;external_link&#8221; alignment=&#8221;center&#8221; css_animation=&#8221;appear&#8221; custom_src=&#8221;https:\/\/www.ub.edu\/multilingua\/wp-content\/uploads\/2015\/02\/avantatges-300&#215;182.jpg&#8221;][\/vc_column_inner][vc_column_inner width=&#8221;2\/3&#8243;][vc_column_text]<\/p>\n<h2 id=\"tw-target-text\" class=\"tw-data-text tw-text-large tw-ta\" dir=\"ltr\" data-placeholder=\"Traducci\u00f3\"><span class=\"Y2IQFc\" lang=\"es\">Niveles avanzados (B1, B2 y C1) <\/span><\/h2>\n<ul>\n<li class=\"tw-data-text tw-text-large tw-ta\" dir=\"ltr\" data-placeholder=\"Traducci\u00f3\"><strong><span class=\"Y2IQFc\" lang=\"es\">Perfecciona el conocimiento de la lengua <\/span><\/strong>\n<ul>\n<li class=\"tw-data-text tw-text-large tw-ta\" dir=\"ltr\" data-placeholder=\"Traducci\u00f3\"><span class=\"Y2IQFc\" lang=\"es\">M\u00e1s de 40 tipos de actividades para trabajar todas las habilidades. <\/span><\/li>\n<li class=\"tw-data-text tw-text-large tw-ta\" dir=\"ltr\" data-placeholder=\"Traducci\u00f3\"><span class=\"Y2IQFc\" lang=\"es\">Gana en confianza con el sistema de <strong>reconocimiento de voz<\/strong>, con evaluaci\u00f3n de la pronunciaci\u00f3n. <\/span><\/li>\n<li class=\"tw-data-text tw-text-large tw-ta\" dir=\"ltr\" data-placeholder=\"Traducci\u00f3\"><span class=\"Y2IQFc\" lang=\"es\">Podr\u00e1s escoger el <strong>contenido de aprendizaje<\/strong> dependiendo de tus necesidades: situaciones cotidianas y situaciones profesionales. <\/span><\/li>\n<li class=\"tw-data-text tw-text-large tw-ta\" dir=\"ltr\" data-placeholder=\"Traducci\u00f3\"><span class=\"Y2IQFc\" lang=\"es\">Las situaciones profesionales incluyen contenidos espec\u00edficos de <strong>medicina, econom\u00eda, derecho y turismo.<\/strong><\/span><\/li>\n<\/ul>\n<\/li>\n<\/ul>\n<p>Contenidos de <a href=\"http:\/\/www.ub.edu\/multilingua\/wp-content\/uploads\/2015\/02\/Alemany.pdf\">alem\u00e1n<\/a>,\u00a0<a href=\"http:\/\/www.ub.edu\/multilingua\/wp-content\/uploads\/2015\/02\/Angl\u00e8s-americ\u00e0.pdf\">ingl\u00e9s americano<\/a>, <a href=\"http:\/\/www.ub.edu\/multilingua\/wp-content\/uploads\/2015\/02\/Angl\u00e8s-brit\u00e0nic.pdf\">ingl\u00e9s brit\u00e1nico<\/a>, <a href=\"http:\/\/www.ub.edu\/multilingua\/wp-content\/uploads\/2015\/02\/Espanyol.pdf\">espa\u00f1ol<\/a>, <a href=\"http:\/\/www.ub.edu\/multilingua\/wp-content\/uploads\/2015\/02\/Franc\u00e8s.pdf\">franc\u00e9s <\/a>y <a href=\"http:\/\/www.ub.edu\/multilingua\/wp-content\/uploads\/2015\/02\/Itali\u00e0.pdf\">italiano<\/a>[\/vc_column_text][\/vc_column_inner][\/vc_row_inner][\/vc_column][\/vc_row]<\/p>\n<\/div>","protected":false},"excerpt":{"rendered":"<p>[vc_row equal_height=&#8221;yes&#8221; css=&#8221;.vc_custom_1538996173231{background-color: #e9e9e9 !important;}&#8221;][vc_column][vc_column_text] Lenguas y niveles del Marco Europeo Com\u00fan de Referencia que puedes aprender con Rosetta Stone NOVEDAD! Con tu matr\u00edcula, podr\u00e1s acceder a todas las lenguas y niveles, \u00a1sin l\u00edmite! [\/vc_column_text][vc_row_inner][vc_column_inner][vc_single_image source=&#8221;external_link&#8221; alignment=&#8221;center&#8221; custom_src=&#8221;https:\/\/www.ub.edu\/multilingua\/wp-content\/uploads\/2024\/01\/Grafic-castella-1.png&#8221;][\/vc_column_inner][\/vc_row_inner][\/vc_column][\/vc_row][vc_row equal_height=&#8221;yes&#8221; css=&#8221;.vc_custom_1538997768133{background-color: #f5f5f5 !important;}&#8221;][vc_column][vc_row_inner equal_height=&#8221;yes&#8221; content_placement=&#8221;middle&#8221;][vc_column_inner width=&#8221;2\/3&#8243;][vc_column_text] Niveles iniciales (A1, A2 y B1) M\u00e9todo de inmersi\u00f3n en [&hellip;]<\/p>\n","protected":false},"author":4,"featured_media":0,"parent":0,"menu_order":0,"comment_status":"open","ping_status":"open","template":"","meta":{"footnotes":""},"class_list":["post-2785","page","type-page","status-publish","hentry"],"_links":{"self":[{"href":"https:\/\/www.ub.edu\/multilingua\/wp-json\/wp\/v2\/pages\/2785","targetHints":{"allow":["GET"]}}],"collection":[{"href":"https:\/\/www.ub.edu\/multilingua\/wp-json\/wp\/v2\/pages"}],"about":[{"href":"https:\/\/www.ub.edu\/multilingua\/wp-json\/wp\/v2\/types\/page"}],"author":[{"embeddable":true,"href":"https:\/\/www.ub.edu\/multilingua\/wp-json\/wp\/v2\/users\/4"}],"replies":[{"embeddable":true,"href":"https:\/\/www.ub.edu\/multilingua\/wp-json\/wp\/v2\/comments?post=2785"}],"version-history":[{"count":15,"href":"https:\/\/www.ub.edu\/multilingua\/wp-json\/wp\/v2\/pages\/2785\/revisions"}],"predecessor-version":[{"id":3881,"href":"https:\/\/www.ub.edu\/multilingua\/wp-json\/wp\/v2\/pages\/2785\/revisions\/3881"}],"wp:attachment":[{"href":"https:\/\/www.ub.edu\/multilingua\/wp-json\/wp\/v2\/media?parent=2785"}],"curies":[{"name":"wp","href":"https:\/\/api.w.org\/{rel}","templated":true}]}}