{"id":2872,"date":"2021-02-15T14:36:04","date_gmt":"2021-02-15T12:36:04","guid":{"rendered":"https:\/\/www.ub.edu\/multilingua2\/?page_id=2872"},"modified":"2025-10-23T14:14:16","modified_gmt":"2025-10-23T12:14:16","slug":"recursos-de-arabe","status":"publish","type":"page","link":"https:\/\/www.ub.edu\/multilingua\/recursos-de-arabe\/","title":{"rendered":"Recursos de \u00e1rabe"},"content":{"rendered":"<p><a href=\"https:\/\/www.50languages.com\/phrasebook\/ca\/ar\/\"><b>50 languages<\/b><\/a><span style=\"font-weight: 400;\"> (<\/span><i><span style=\"font-weight: 400;\">Catal\u00e1n, Castellano, Ingl\u00e9s y otras\u00a0 lenguas<\/span><\/i><span style=\"font-weight: 400;\">)<\/span><\/p>\n<p><strong><a href=\"https:\/\/www.lingohut.com\/ca\/l69\/apr%C3%A8n-%C3%A0rab\">Lecciones gratuitas de \u00c1rabe<\/a> <\/strong><b><\/b><span style=\"font-weight: 400;\">(<i>Catal\u00e1n, Castellano, Ingl\u00e9s y otras\u00a0 lenguas<\/i>)<\/span><\/p>\n<p><a href=\"https:\/\/eiarabe.com\/category\/blog\/\"><b>Blog Escuela Internacional del \u00c1rabe<\/b><\/a><span style=\"font-weight: 400;\"> (<\/span><i><span style=\"font-weight: 400;\">Castellano<\/span><\/i><span style=\"font-weight: 400;\">)<\/span><\/p>\n<p><a href=\"https:\/\/learning.aljazeera.net\/es\"><b>Aljazeera Media Institute<\/b><\/a> <i><span style=\"font-weight: 400;\">(Ingl\u00e9s)<\/span><\/i><\/p>\n<p><a href=\"https:\/\/www.langaddict.com\/language-resources\/arabic\/levantine\/\"><b>Lang Addict<\/b><\/a><span style=\"font-weight: 400;\"> <i>(Ingl\u00e9s)<\/i><\/span><\/p>\n<p><a href=\"https:\/\/arabikey.com\/arabic-keyboard\"><b>Teclat \u00e0rab online<\/b><\/a><span style=\"font-weight: 400;\"> <i>(Ingl\u00e9s)<\/i><\/span><\/p>\n<p><a href=\"http:\/\/www.madinaharabic.com\/start_learning.html\"><b>Learn Arabic Online<\/b><\/a><span style=\"font-weight: 400;\"> <i>(Ingl\u00e9s)<\/i><\/span><\/p>\n<p><a href=\"http:\/\/www.arabic-keyboard.org\/arabic\/arabic-course.php\"><b>Arabic Lessons<\/b><\/a><b> \u00a0<\/b><b><i><span style=\"font-weight: 400;\">(Ingl\u00e9s)<\/span><\/i><\/b><\/p>\n<p><a href=\"http:\/\/www.learnarabiconline.com\/\"><b>Learn Arabic Online Now!<\/b><\/a><span style=\"font-weight: 400;\"> <i>(Ingl\u00e9s)<\/i><\/span><\/p>\n<p><a href=\"https:\/\/ririro.com\/ar\/\"><b>Ririro, contes i hist\u00f2ries<\/b><\/a><span style=\"font-weight: 400;\"> (\u00c1rabe<\/span><span style=\"font-weight: 400;\">)\u00a0<\/span><\/p>\n","protected":false},"excerpt":{"rendered":"<p>50 languages (Catal\u00e1n, Castellano, Ingl\u00e9s y otras\u00a0 lenguas) Lecciones gratuitas de \u00c1rabe (Catal\u00e1n, Castellano, Ingl\u00e9s y otras\u00a0 lenguas) Blog Escuela Internacional del \u00c1rabe (Castellano) Aljazeera Media Institute (Ingl\u00e9s) Lang Addict (Ingl\u00e9s) Teclat \u00e0rab online (Ingl\u00e9s) Learn Arabic Online (Ingl\u00e9s) Arabic Lessons \u00a0(Ingl\u00e9s) Learn Arabic Online Now! (Ingl\u00e9s) Ririro, contes i hist\u00f2ries (\u00c1rabe)\u00a0<\/p>\n","protected":false},"author":4,"featured_media":0,"parent":0,"menu_order":0,"comment_status":"closed","ping_status":"closed","template":"","meta":{"footnotes":""},"class_list":["post-2872","page","type-page","status-publish","hentry"],"_links":{"self":[{"href":"https:\/\/www.ub.edu\/multilingua\/wp-json\/wp\/v2\/pages\/2872","targetHints":{"allow":["GET"]}}],"collection":[{"href":"https:\/\/www.ub.edu\/multilingua\/wp-json\/wp\/v2\/pages"}],"about":[{"href":"https:\/\/www.ub.edu\/multilingua\/wp-json\/wp\/v2\/types\/page"}],"author":[{"embeddable":true,"href":"https:\/\/www.ub.edu\/multilingua\/wp-json\/wp\/v2\/users\/4"}],"replies":[{"embeddable":true,"href":"https:\/\/www.ub.edu\/multilingua\/wp-json\/wp\/v2\/comments?post=2872"}],"version-history":[{"count":8,"href":"https:\/\/www.ub.edu\/multilingua\/wp-json\/wp\/v2\/pages\/2872\/revisions"}],"predecessor-version":[{"id":4126,"href":"https:\/\/www.ub.edu\/multilingua\/wp-json\/wp\/v2\/pages\/2872\/revisions\/4126"}],"wp:attachment":[{"href":"https:\/\/www.ub.edu\/multilingua\/wp-json\/wp\/v2\/media?parent=2872"}],"curies":[{"name":"wp","href":"https:\/\/api.w.org\/{rel}","templated":true}]}}