{"id":2874,"date":"2021-02-15T14:36:04","date_gmt":"2021-02-15T12:36:04","guid":{"rendered":"https:\/\/www.ub.edu\/multilingua2\/?page_id=2874"},"modified":"2025-10-30T11:07:58","modified_gmt":"2025-10-30T09:07:58","slug":"arabic-resources","status":"publish","type":"page","link":"https:\/\/www.ub.edu\/multilingua\/arabic-resources\/","title":{"rendered":"Arabic Resources"},"content":{"rendered":"<p><a href=\"https:\/\/www.50languages.com\/phrasebook\/ca\/ar\/\"><strong>50 languages<\/strong><\/a> (<em>Catalan, spanish, english and other languages<\/em>)<\/p>\n<p><a href=\"https:\/\/www.lingohut.com\/ca\/l69\/apr%C3%A8n-%C3%A0rab\"><strong>Lli\u00e7ons gratu\u00eftes d&#8217;\u00e0rab<\/strong><\/a> (<em>Catalan, spanish, english and other languages<\/em>)<\/p>\n<p><a href=\"https:\/\/eiarabe.com\/category\/blog\/\"><strong>Blog Escuela Internacional del \u00c1rabe<\/strong><\/a> (<em>Spanish<\/em>)<\/p>\n<p><a href=\"https:\/\/learning.aljazeera.net\/es\"><b>Aljazeera Media Institute<\/b><\/a> (<em>English<\/em>)<\/p>\n<p><a href=\"https:\/\/www.langaddict.com\/language-resources\/arabic\/levantine\/\"><b>Lang Addict<\/b><\/a> (<em>English<\/em>)<\/p>\n<p><strong><a href=\"https:\/\/arabikey.com\/arabic-keyboard\">Arabic keyboard online<\/a><\/strong> (<em>English<\/em>)<\/p>\n<p><a href=\"http:\/\/www.madinaharabic.com\/start_learning.html\"><strong>Learn Arabic Online<\/strong><\/a> (<em>English<\/em>)<\/p>\n<p><a href=\"http:\/\/www.arabic-keyboard.org\/arabic\/arabic-course.php\"><strong>Arabic Lessons<\/strong><\/a> (<em>English<\/em>)<\/p>\n<p><a href=\"http:\/\/www.learnarabiconline.com\/\"><strong>Learn Arabic Online Now!<\/strong><\/a> (<em>English<\/em>)<\/p>\n<p><a href=\"https:\/\/ririro.com\/ar\/\"><strong>Ririro, tales and stories<\/strong><\/a> (<em>Arabic<\/em>)<\/p>\n","protected":false},"excerpt":{"rendered":"<p>50 languages (Catalan, spanish, english and other languages) Lli\u00e7ons gratu\u00eftes d&#8217;\u00e0rab (Catalan, spanish, english and other languages) Blog Escuela Internacional del \u00c1rabe (Spanish) Aljazeera Media Institute (English) Lang Addict (English) Arabic keyboard online (English) Learn Arabic Online (English) Arabic Lessons (English) Learn Arabic Online Now! (English) Ririro, tales and stories (Arabic)<\/p>\n","protected":false},"author":4,"featured_media":0,"parent":0,"menu_order":0,"comment_status":"closed","ping_status":"closed","template":"","meta":{"footnotes":""},"class_list":["post-2874","page","type-page","status-publish","hentry"],"_links":{"self":[{"href":"https:\/\/www.ub.edu\/multilingua\/wp-json\/wp\/v2\/pages\/2874","targetHints":{"allow":["GET"]}}],"collection":[{"href":"https:\/\/www.ub.edu\/multilingua\/wp-json\/wp\/v2\/pages"}],"about":[{"href":"https:\/\/www.ub.edu\/multilingua\/wp-json\/wp\/v2\/types\/page"}],"author":[{"embeddable":true,"href":"https:\/\/www.ub.edu\/multilingua\/wp-json\/wp\/v2\/users\/4"}],"replies":[{"embeddable":true,"href":"https:\/\/www.ub.edu\/multilingua\/wp-json\/wp\/v2\/comments?post=2874"}],"version-history":[{"count":9,"href":"https:\/\/www.ub.edu\/multilingua\/wp-json\/wp\/v2\/pages\/2874\/revisions"}],"predecessor-version":[{"id":4200,"href":"https:\/\/www.ub.edu\/multilingua\/wp-json\/wp\/v2\/pages\/2874\/revisions\/4200"}],"wp:attachment":[{"href":"https:\/\/www.ub.edu\/multilingua\/wp-json\/wp\/v2\/media?parent=2874"}],"curies":[{"name":"wp","href":"https:\/\/api.w.org\/{rel}","templated":true}]}}