{"id":2884,"date":"2021-02-02T12:25:26","date_gmt":"2021-02-02T10:25:26","guid":{"rendered":"https:\/\/www.ub.edu\/multilingua2\/?page_id=2884"},"modified":"2025-10-23T14:45:43","modified_gmt":"2025-10-23T12:45:43","slug":"recursos-de-espanol","status":"publish","type":"page","link":"https:\/\/www.ub.edu\/multilingua\/recursos-de-espanol\/","title":{"rendered":"Recursos de espa\u00f1ol"},"content":{"rendered":"<p><a href=\"https:\/\/aprenderespanol.org\/\"><b>Aprender espa\u00f1ol<\/b><\/a><span style=\"font-weight: 400;\"> (<\/span><i><span style=\"font-weight: 400;\">Castellano<\/span><\/i><span style=\"font-weight: 400;\">)<\/span><\/p>\n<p><a href=\"https:\/\/ririro.com\/es\/\"><b>Ririro, contes i hist\u00f2ries<\/b><\/a><span style=\"font-weight: 400;\"> (<\/span><i><span style=\"font-weight: 400;\">Castellano<\/span><\/i><span style=\"font-weight: 400;\">)<\/span><\/p>\n<p><a href=\"http:\/\/mylanguages.org\/learn_spanish.php\"><b>Learn Spanish through mylanguages<\/b><\/a><span style=\"font-weight: 400;\"> (<\/span><i><span style=\"font-weight: 400;\">Ingl\u00e9s y otras lenguas<\/span><\/i><span style=\"font-weight: 400;\">)<\/span><\/p>\n<p><a href=\"https:\/\/www.dreaming.com\/\"><b>Dreaming Spanish<\/b><\/a><span style=\"font-weight: 400;\">\u00a0 <\/span><i><span style=\"font-weight: 400;\">\u00a0(Ingl\u00e9s)<\/span><\/i><\/p>\n<p><a href=\"https:\/\/www.bbc.co.uk\/languages\/spanish\/index.shtml\"><b>BBC Languages Spanish<\/b><\/a> <i><span style=\"font-weight: 400;\">(Ingl\u00e9s)<\/span><\/i><\/p>\n<p><a href=\"https:\/\/studyspanish.com\/\"><b>Study Spanish<\/b><\/a> <i><span style=\"font-weight: 400;\">(Ingl\u00e9s)<\/span><\/i><\/p>\n<p><a href=\"https:\/\/www.spagnolo-online.de\/\"><b>Gram\u00e1tica y curso de espa\u00f1ol<\/b><\/a><span style=\"font-weight: 400;\"> (<\/span><i><span style=\"font-weight: 400;\">Italiano<\/span><\/i><span style=\"font-weight: 400;\">)<\/span><\/p>\n<p><a href=\"https:\/\/www.loecsen.com\/pt\/curso-espanhol\"><b>Curso de espanhol &#8211; Loecsen<\/b><\/a><span style=\"font-weight: 400;\"> (<\/span><i><span style=\"font-weight: 400;\">Portugu\u00e9s<\/span><\/i><span style=\"font-weight: 400;\">)<\/span><\/p>\n<p><a href=\"https:\/\/www.espagnol-cours.fr\/\"><b>Cours d&#8217;espagnol<\/b><\/a><span style=\"font-weight: 400;\"> (<\/span><i><span style=\"font-weight: 400;\">Franc\u00e9s<\/span><\/i><span style=\"font-weight: 400;\">)<\/span><\/p>\n","protected":false},"excerpt":{"rendered":"<p>Aprender espa\u00f1ol (Castellano) Ririro, contes i hist\u00f2ries (Castellano) Learn Spanish through mylanguages (Ingl\u00e9s y otras lenguas) Dreaming Spanish\u00a0 \u00a0(Ingl\u00e9s) BBC Languages Spanish (Ingl\u00e9s) Study Spanish (Ingl\u00e9s) Gram\u00e1tica y curso de espa\u00f1ol (Italiano) Curso de espanhol &#8211; Loecsen (Portugu\u00e9s) Cours d&#8217;espagnol (Franc\u00e9s)<\/p>\n","protected":false},"author":4,"featured_media":0,"parent":0,"menu_order":0,"comment_status":"closed","ping_status":"closed","template":"","meta":{"footnotes":""},"class_list":["post-2884","page","type-page","status-publish","hentry"],"_links":{"self":[{"href":"https:\/\/www.ub.edu\/multilingua\/wp-json\/wp\/v2\/pages\/2884","targetHints":{"allow":["GET"]}}],"collection":[{"href":"https:\/\/www.ub.edu\/multilingua\/wp-json\/wp\/v2\/pages"}],"about":[{"href":"https:\/\/www.ub.edu\/multilingua\/wp-json\/wp\/v2\/types\/page"}],"author":[{"embeddable":true,"href":"https:\/\/www.ub.edu\/multilingua\/wp-json\/wp\/v2\/users\/4"}],"replies":[{"embeddable":true,"href":"https:\/\/www.ub.edu\/multilingua\/wp-json\/wp\/v2\/comments?post=2884"}],"version-history":[{"count":6,"href":"https:\/\/www.ub.edu\/multilingua\/wp-json\/wp\/v2\/pages\/2884\/revisions"}],"predecessor-version":[{"id":4133,"href":"https:\/\/www.ub.edu\/multilingua\/wp-json\/wp\/v2\/pages\/2884\/revisions\/4133"}],"wp:attachment":[{"href":"https:\/\/www.ub.edu\/multilingua\/wp-json\/wp\/v2\/media?parent=2884"}],"curies":[{"name":"wp","href":"https:\/\/api.w.org\/{rel}","templated":true}]}}