{"id":2888,"date":"2021-02-15T14:43:45","date_gmt":"2021-02-15T12:43:45","guid":{"rendered":"https:\/\/www.ub.edu\/multilingua2\/?page_id=2888"},"modified":"2025-10-27T12:26:32","modified_gmt":"2025-10-27T10:26:32","slug":"recursos-de-filipino","status":"publish","type":"page","link":"https:\/\/www.ub.edu\/multilingua\/recursos-de-filipino\/","title":{"rendered":"Recursos de filipino"},"content":{"rendered":"<p><a href=\"http:\/\/www.surfacelanguages.com\/language\/Tagalog\"><strong>Learn Tagalog<\/strong><\/a>\u00a0(<em>Ingl\u00e9s<\/em>)<\/p>\n<p><a href=\"http:\/\/tagaloglang.com\/\"><strong>TagalogLang<\/strong><\/a> (<em>Ingl\u00e9s<\/em>)<\/p>\n<p><a href=\"https:\/\/www.tagalog.com\/\"><strong>Free tagalog lessons online<\/strong><\/a> (<em>Ingl\u00e9s<\/em>)<\/p>\n<p><strong><a href=\"https:\/\/www.lingohut.com\/es\/l62\/aprende-tagalo\">Lecciones de tagalo gratis<\/a><\/strong> (<em>Castellano<\/em>)<\/p>\n","protected":false},"excerpt":{"rendered":"<p>Learn Tagalog\u00a0(Ingl\u00e9s) TagalogLang (Ingl\u00e9s) Free tagalog lessons online (Ingl\u00e9s) Lecciones de tagalo gratis (Castellano)<\/p>\n","protected":false},"author":4,"featured_media":0,"parent":0,"menu_order":0,"comment_status":"closed","ping_status":"closed","template":"","meta":{"footnotes":""},"class_list":["post-2888","page","type-page","status-publish","hentry"],"_links":{"self":[{"href":"https:\/\/www.ub.edu\/multilingua\/wp-json\/wp\/v2\/pages\/2888","targetHints":{"allow":["GET"]}}],"collection":[{"href":"https:\/\/www.ub.edu\/multilingua\/wp-json\/wp\/v2\/pages"}],"about":[{"href":"https:\/\/www.ub.edu\/multilingua\/wp-json\/wp\/v2\/types\/page"}],"author":[{"embeddable":true,"href":"https:\/\/www.ub.edu\/multilingua\/wp-json\/wp\/v2\/users\/4"}],"replies":[{"embeddable":true,"href":"https:\/\/www.ub.edu\/multilingua\/wp-json\/wp\/v2\/comments?post=2888"}],"version-history":[{"count":4,"href":"https:\/\/www.ub.edu\/multilingua\/wp-json\/wp\/v2\/pages\/2888\/revisions"}],"predecessor-version":[{"id":4134,"href":"https:\/\/www.ub.edu\/multilingua\/wp-json\/wp\/v2\/pages\/2888\/revisions\/4134"}],"wp:attachment":[{"href":"https:\/\/www.ub.edu\/multilingua\/wp-json\/wp\/v2\/media?parent=2888"}],"curies":[{"name":"wp","href":"https:\/\/api.w.org\/{rel}","templated":true}]}}