{"id":2892,"date":"2021-02-02T12:25:38","date_gmt":"2021-02-02T10:25:38","guid":{"rendered":"https:\/\/www.ub.edu\/multilingua2\/?page_id=2892"},"modified":"2025-10-27T12:36:19","modified_gmt":"2025-10-27T10:36:19","slug":"recursos-de-frances-2","status":"publish","type":"page","link":"https:\/\/www.ub.edu\/multilingua\/recursos-de-frances-2\/","title":{"rendered":"Recursos de franc\u00e9s"},"content":{"rendered":"<p><a href=\"https:\/\/www.50languages.com\/phrasebook\/ca\/fr\/\"><b>50 languages<\/b><\/a><span style=\"font-weight: 400;\"> (Catal\u00e1n, castellano, ingl\u00e9s, franc\u00e9s y otras lenguas)<\/span><\/p>\n<p><a href=\"https:\/\/www.francessencillo.com\/\"><b>Franc\u00e9s sencillo<\/b><\/a> <i><span style=\"font-weight: 400;\">(Castellano)<\/span><\/i><\/p>\n<p><a href=\"https:\/\/www.aulafacil.com\/cursos\/frances-c89\"><b>Cursos de franc\u00e9s aula f\u00e1cil<\/b><\/a><span style=\"font-weight: 400;\"> (<\/span><i><span style=\"font-weight: 400;\">Castellano<\/span><\/i><span style=\"font-weight: 400;\">)<\/span><\/p>\n<p><a href=\"https:\/\/www.mots-lettres.fr\/\"><b>Mots lettres<\/b><\/a><span style=\"font-weight: 400;\"> (<\/span><i><span style=\"font-weight: 400;\">Franc\u00e9s<\/span><\/i><span style=\"font-weight: 400;\">)<\/span><\/p>\n<p><a href=\"http:\/\/www.saberfrances.com.ar\/index.html\"><b>Saber franc\u00e9s<\/b><\/a><span style=\"font-weight: 400;\"> (<\/span><i><span style=\"font-weight: 400;\">Castellano e ingl\u00e9s<\/span><\/i><span style=\"font-weight: 400;\">)<\/span><\/p>\n<p><a href=\"https:\/\/www.elearningfrench.com\/\"><b>Learning French Online for Free<\/b><\/a><span style=\"font-weight: 400;\"> (I<\/span><i><span style=\"font-weight: 400;\">ngl\u00e9s<\/span><\/i><span style=\"font-weight: 400;\">)<\/span><\/p>\n<p><a href=\"https:\/\/www.thefrenchexperiment.com\/\"><b>The French Experiment<\/b><\/a><span style=\"font-weight: 400;\"> (I<\/span><i><span style=\"font-weight: 400;\">ngl\u00e9s<\/span><\/i><span style=\"font-weight: 400;\">)<\/span><\/p>\n<p><a href=\"https:\/\/apprendre.tv5monde.com\/en\"><b>Learn French FLE for free<\/b><\/a><span style=\"font-weight: 400;\"> (I<\/span><i><span style=\"font-weight: 400;\">ngl\u00e9s<\/span><\/i><span style=\"font-weight: 400;\">)<\/span><\/p>\n<p><a href=\"http:\/\/fr.tsedryk.ca\/\"><b>Grammaire fran\u00e7aise<\/b><\/a><span style=\"font-weight: 400;\"> (<\/span><i><span style=\"font-weight: 400;\">Franc\u00e9s<\/span><\/i><span style=\"font-weight: 400;\">)<\/span><\/p>\n<p><a href=\"https:\/\/apprendre.tv5monde.com\/fr\"><b>Course et exercices pour apprendre le fran\u00e7ais en ligne gratuitement<\/b><\/a><span style=\"font-weight: 400;\"> (<\/span><i><span style=\"font-weight: 400;\">Franc\u00e9s<\/span><\/i><span style=\"font-weight: 400;\">)<\/span><\/p>\n<p><a href=\"https:\/\/ririro.com\/fr\/\"><b>Ririro, contes i hist\u00f2ries<\/b><\/a><span style=\"font-weight: 400;\"> (<\/span><i><span style=\"font-weight: 400;\">Franc\u00e9s<\/span><\/i><span style=\"font-weight: 400;\">)<\/span><\/p>\n","protected":false},"excerpt":{"rendered":"<p>50 languages (Catal\u00e1n, castellano, ingl\u00e9s, franc\u00e9s y otras lenguas) Franc\u00e9s sencillo (Castellano) Cursos de franc\u00e9s aula f\u00e1cil (Castellano) Mots lettres (Franc\u00e9s) Saber franc\u00e9s (Castellano e ingl\u00e9s) Learning French Online for Free (Ingl\u00e9s) The French Experiment (Ingl\u00e9s) Learn French FLE for free (Ingl\u00e9s) Grammaire fran\u00e7aise (Franc\u00e9s) Course et exercices pour apprendre le fran\u00e7ais en ligne gratuitement [&hellip;]<\/p>\n","protected":false},"author":4,"featured_media":0,"parent":0,"menu_order":0,"comment_status":"closed","ping_status":"closed","template":"","meta":{"footnotes":""},"class_list":["post-2892","page","type-page","status-publish","hentry"],"_links":{"self":[{"href":"https:\/\/www.ub.edu\/multilingua\/wp-json\/wp\/v2\/pages\/2892","targetHints":{"allow":["GET"]}}],"collection":[{"href":"https:\/\/www.ub.edu\/multilingua\/wp-json\/wp\/v2\/pages"}],"about":[{"href":"https:\/\/www.ub.edu\/multilingua\/wp-json\/wp\/v2\/types\/page"}],"author":[{"embeddable":true,"href":"https:\/\/www.ub.edu\/multilingua\/wp-json\/wp\/v2\/users\/4"}],"replies":[{"embeddable":true,"href":"https:\/\/www.ub.edu\/multilingua\/wp-json\/wp\/v2\/comments?post=2892"}],"version-history":[{"count":8,"href":"https:\/\/www.ub.edu\/multilingua\/wp-json\/wp\/v2\/pages\/2892\/revisions"}],"predecessor-version":[{"id":4137,"href":"https:\/\/www.ub.edu\/multilingua\/wp-json\/wp\/v2\/pages\/2892\/revisions\/4137"}],"wp:attachment":[{"href":"https:\/\/www.ub.edu\/multilingua\/wp-json\/wp\/v2\/media?parent=2892"}],"curies":[{"name":"wp","href":"https:\/\/api.w.org\/{rel}","templated":true}]}}