{"id":2896,"date":"2021-02-15T14:45:13","date_gmt":"2021-02-15T12:45:13","guid":{"rendered":"https:\/\/www.ub.edu\/multilingua2\/?page_id=2896"},"modified":"2025-10-27T12:38:09","modified_gmt":"2025-10-27T10:38:09","slug":"recursos-de-griego","status":"publish","type":"page","link":"https:\/\/www.ub.edu\/multilingua\/recursos-de-griego\/","title":{"rendered":"Recursos de griego"},"content":{"rendered":"<p><a href=\"https:\/\/www.50languages.com\/phrasebook\/ca\/el\/\"><strong>50 languages<\/strong> <\/a>(<em>Catal\u00e1n, castellano, ingl\u00e9s y otras lenguas<\/em>)<\/p>\n<p><a href=\"https:\/\/www.lingohut.com\/ca\/l68\/apr%C3%A8n-grec\"><strong>Lli\u00e7ons gratu\u00eftes de grec<\/strong><\/a> (<em>Catal\u00e1n, castellano, ingl\u00e9s y otras lenguas<\/em>)<\/p>\n<p><a href=\"http:\/\/xtec.cat\/~sgiralt\/labyrinthus\/graecia\/glossa\/alfabet.html\"><strong>Escriure i pronunciar el grec<\/strong><\/a>\u00a0(<em>Catal\u00e1n<\/em>)<\/p>\n<p><a href=\"https:\/\/blogs.ua.es\/santiago\/griego-moderno\/\"><strong>Griego moderno<\/strong><\/a> (<em>Castellano<\/em>)<\/p>\n<p><a href=\"http:\/\/www.foundalis.com\/lan\/greek.htm\"><strong>About the Greek language<\/strong><\/a>\u00a0(<em>Ingl\u00e9s<\/em>)<\/p>\n<p><a href=\"http:\/\/www.greekgrammar.eu\/\"><strong>Modern Greek Grammar Overview<\/strong><\/a>\u00a0(<em>Ingl\u00e9s<\/em>)<\/p>\n<p><a href=\"http:\/\/www.langintro.com\/greek\/\"><strong>An Introduction to Modern Greek<\/strong><\/a>\u00a0(<em>Ingl\u00e9s<\/em>)<\/p>\n","protected":false},"excerpt":{"rendered":"<p>50 languages (Catal\u00e1n, castellano, ingl\u00e9s y otras lenguas) Lli\u00e7ons gratu\u00eftes de grec (Catal\u00e1n, castellano, ingl\u00e9s y otras lenguas) Escriure i pronunciar el grec\u00a0(Catal\u00e1n) Griego moderno (Castellano) About the Greek language\u00a0(Ingl\u00e9s) Modern Greek Grammar Overview\u00a0(Ingl\u00e9s) An Introduction to Modern Greek\u00a0(Ingl\u00e9s)<\/p>\n","protected":false},"author":4,"featured_media":0,"parent":0,"menu_order":0,"comment_status":"closed","ping_status":"closed","template":"","meta":{"footnotes":""},"class_list":["post-2896","page","type-page","status-publish","hentry"],"_links":{"self":[{"href":"https:\/\/www.ub.edu\/multilingua\/wp-json\/wp\/v2\/pages\/2896","targetHints":{"allow":["GET"]}}],"collection":[{"href":"https:\/\/www.ub.edu\/multilingua\/wp-json\/wp\/v2\/pages"}],"about":[{"href":"https:\/\/www.ub.edu\/multilingua\/wp-json\/wp\/v2\/types\/page"}],"author":[{"embeddable":true,"href":"https:\/\/www.ub.edu\/multilingua\/wp-json\/wp\/v2\/users\/4"}],"replies":[{"embeddable":true,"href":"https:\/\/www.ub.edu\/multilingua\/wp-json\/wp\/v2\/comments?post=2896"}],"version-history":[{"count":4,"href":"https:\/\/www.ub.edu\/multilingua\/wp-json\/wp\/v2\/pages\/2896\/revisions"}],"predecessor-version":[{"id":4138,"href":"https:\/\/www.ub.edu\/multilingua\/wp-json\/wp\/v2\/pages\/2896\/revisions\/4138"}],"wp:attachment":[{"href":"https:\/\/www.ub.edu\/multilingua\/wp-json\/wp\/v2\/media?parent=2896"}],"curies":[{"name":"wp","href":"https:\/\/api.w.org\/{rel}","templated":true}]}}