{"id":2900,"date":"2021-02-15T14:45:43","date_gmt":"2021-02-15T12:45:43","guid":{"rendered":"https:\/\/www.ub.edu\/multilingua2\/?page_id=2900"},"modified":"2025-10-27T12:40:06","modified_gmt":"2025-10-27T10:40:06","slug":"recursos-de-hebreo","status":"publish","type":"page","link":"https:\/\/www.ub.edu\/multilingua\/recursos-de-hebreo\/","title":{"rendered":"Recursos de hebreo"},"content":{"rendered":"<p><a href=\"https:\/\/www.lingohut.com\/ca\/l79\/apr%C3%A8n-hebreu\"><strong>Lli\u00e7ons gratu\u00eftes d&#8217;hebreu<\/strong><\/a> (<em>Catal\u00e1n, castellano, ingl\u00e9s y otras lenguas<\/em>)<\/p>\n<p><a href=\"https:\/\/pollylingu.al\/he\/es\/courses\/1\"><strong>Curso de hebreo para principiantes<\/strong><\/a> (<em>Castellano<\/em>)<\/p>\n<p><a href=\"http:\/\/www.hebrew4christians.com\/Grammar\/grammar.html\"><strong>Basic Biblical Hebrew Grammar<\/strong><\/a> (<em>Ingl\u00e9s<\/em>)<\/p>\n<p><a href=\"http:\/\/mylanguages.org\/learn_hebrew.php\"><strong>Learn Hebrew<\/strong><\/a> (<em>Ingl\u00e9s<\/em>)<\/p>\n<p><a href=\"http:\/\/learnhebreweasily.blogspot.com.es\/2010\/08\/introduction.html\"><strong>Learn Hebrew Easily<\/strong><\/a> (<em>Ingl\u00e9s<\/em>)<\/p>\n<p><a href=\"http:\/\/www.makorehebrew.com\/en\"><strong>Courses for Learning Hebrew<\/strong><\/a> (<em>Ingl\u00e9s<\/em>)<\/p>\n","protected":false},"excerpt":{"rendered":"<p>Lli\u00e7ons gratu\u00eftes d&#8217;hebreu (Catal\u00e1n, castellano, ingl\u00e9s y otras lenguas) Curso de hebreo para principiantes (Castellano) Basic Biblical Hebrew Grammar (Ingl\u00e9s) Learn Hebrew (Ingl\u00e9s) Learn Hebrew Easily (Ingl\u00e9s) Courses for Learning Hebrew (Ingl\u00e9s)<\/p>\n","protected":false},"author":4,"featured_media":0,"parent":0,"menu_order":0,"comment_status":"closed","ping_status":"closed","template":"","meta":{"footnotes":""},"class_list":["post-2900","page","type-page","status-publish","hentry"],"_links":{"self":[{"href":"https:\/\/www.ub.edu\/multilingua\/wp-json\/wp\/v2\/pages\/2900","targetHints":{"allow":["GET"]}}],"collection":[{"href":"https:\/\/www.ub.edu\/multilingua\/wp-json\/wp\/v2\/pages"}],"about":[{"href":"https:\/\/www.ub.edu\/multilingua\/wp-json\/wp\/v2\/types\/page"}],"author":[{"embeddable":true,"href":"https:\/\/www.ub.edu\/multilingua\/wp-json\/wp\/v2\/users\/4"}],"replies":[{"embeddable":true,"href":"https:\/\/www.ub.edu\/multilingua\/wp-json\/wp\/v2\/comments?post=2900"}],"version-history":[{"count":4,"href":"https:\/\/www.ub.edu\/multilingua\/wp-json\/wp\/v2\/pages\/2900\/revisions"}],"predecessor-version":[{"id":4139,"href":"https:\/\/www.ub.edu\/multilingua\/wp-json\/wp\/v2\/pages\/2900\/revisions\/4139"}],"wp:attachment":[{"href":"https:\/\/www.ub.edu\/multilingua\/wp-json\/wp\/v2\/media?parent=2900"}],"curies":[{"name":"wp","href":"https:\/\/api.w.org\/{rel}","templated":true}]}}