{"id":2912,"date":"2021-02-15T15:41:13","date_gmt":"2021-02-15T13:41:13","guid":{"rendered":"https:\/\/www.ub.edu\/multilingua2\/?page_id=2912"},"modified":"2025-10-27T12:47:33","modified_gmt":"2025-10-27T10:47:33","slug":"recursos-de-irlandes","status":"publish","type":"page","link":"https:\/\/www.ub.edu\/multilingua\/recursos-de-irlandes\/","title":{"rendered":"Recursos de irland\u00e9s"},"content":{"rendered":"<p><a href=\"https:\/\/blocs.mesvilaweb.cat\/martagarciapuig\/un-tastet-de-gaelic-irlandes\/\"><strong>Un tastet de ga\u00e8lic irland\u00e8s<\/strong><\/a>\u00a0(<em>Catal\u00e1n<\/em>)<\/p>\n<p class=\"entry-title\"><a href=\"https:\/\/fertxu.wordpress.com\/curso-de-gaeilge-irlandes\/\"><strong>Curso de gaeilge (Munster)<\/strong><\/a> (<em>Castellano<\/em>)<\/p>\n<p style=\"font-weight: 400;\"><a href=\"https:\/\/innisfree1916.wordpress.com\/curso-de-irlandes\/\"><b><strong>131 lecciones de irland\u00e9s<\/strong><\/b><\/a> (<em>Castellano<\/em>)<\/p>\n<p style=\"font-weight: 400;\"><a href=\"http:\/\/www.digitaldialects.com\/Irish.htm\"><b><strong>Online games for learning Gaelic<\/strong><\/b><\/a> (<em>Ingl\u00e9s<\/em>)<\/p>\n<p style=\"font-weight: 400;\"><a href=\"http:\/\/www.gaelicmatters.com\/learn-irish-language.html\"><b><strong>Learn Irish: Tips and Suggestions to get started<\/strong><\/b><\/a> (<em>Ingl\u00e9s<\/em>)<\/p>\n","protected":false},"excerpt":{"rendered":"<p>Un tastet de ga\u00e8lic irland\u00e8s\u00a0(Catal\u00e1n) Curso de gaeilge (Munster) (Castellano) 131 lecciones de irland\u00e9s (Castellano) Online games for learning Gaelic (Ingl\u00e9s) Learn Irish: Tips and Suggestions to get started (Ingl\u00e9s)<\/p>\n","protected":false},"author":4,"featured_media":0,"parent":0,"menu_order":0,"comment_status":"closed","ping_status":"closed","template":"","meta":{"footnotes":""},"class_list":["post-2912","page","type-page","status-publish","hentry"],"_links":{"self":[{"href":"https:\/\/www.ub.edu\/multilingua\/wp-json\/wp\/v2\/pages\/2912","targetHints":{"allow":["GET"]}}],"collection":[{"href":"https:\/\/www.ub.edu\/multilingua\/wp-json\/wp\/v2\/pages"}],"about":[{"href":"https:\/\/www.ub.edu\/multilingua\/wp-json\/wp\/v2\/types\/page"}],"author":[{"embeddable":true,"href":"https:\/\/www.ub.edu\/multilingua\/wp-json\/wp\/v2\/users\/4"}],"replies":[{"embeddable":true,"href":"https:\/\/www.ub.edu\/multilingua\/wp-json\/wp\/v2\/comments?post=2912"}],"version-history":[{"count":4,"href":"https:\/\/www.ub.edu\/multilingua\/wp-json\/wp\/v2\/pages\/2912\/revisions"}],"predecessor-version":[{"id":4142,"href":"https:\/\/www.ub.edu\/multilingua\/wp-json\/wp\/v2\/pages\/2912\/revisions\/4142"}],"wp:attachment":[{"href":"https:\/\/www.ub.edu\/multilingua\/wp-json\/wp\/v2\/media?parent=2912"}],"curies":[{"name":"wp","href":"https:\/\/api.w.org\/{rel}","templated":true}]}}