{"id":2916,"date":"2021-02-02T12:25:28","date_gmt":"2021-02-02T10:25:28","guid":{"rendered":"https:\/\/www.ub.edu\/multilingua2\/?page_id=2916"},"modified":"2025-10-28T13:27:53","modified_gmt":"2025-10-28T11:27:53","slug":"recursos-de-italiano","status":"publish","type":"page","link":"https:\/\/www.ub.edu\/multilingua\/recursos-de-italiano\/","title":{"rendered":"Recursos de italiano"},"content":{"rendered":"<p><strong><a href=\"http:\/\/www.migramatica.com\/italiano\/\">Gram\u00e1tica italiana en espa\u00f1ol<\/a> <\/strong>(<em>Castellano<\/em>)<\/p>\n<p><a href=\"http:\/\/www.saberitaliano.com.ar\/\"><strong>Saber italiano<\/strong><\/a> (<em>Castellano<\/em>)<\/p>\n<p><a href=\"http:\/\/www.uvm.edu\/~cmazzoni\/3grammatica\/grammatica\/\"><strong>The Italian grammar site<\/strong><\/a> (<em>Ingl\u00e9s<\/em>)<\/p>\n<p><a href=\"http:\/\/theitalianexperiment.com\"><strong>Italian lessons, stories, reviews and birds<\/strong><\/a> (<em>Ingl\u00e9s<\/em>)<\/p>\n<p><a href=\"http:\/\/www.oneworlditaliano.com\/english\/home.htm\"><strong>Italian course<\/strong><\/a> (<em>Ingl\u00e9s<\/em>)<\/p>\n<p><a href=\"http:\/\/www.onlinelearnitalian.com\"><strong>Start learning Italian today<\/strong><\/a> (<em>Ingl\u00e9s<\/em>)<\/p>\n<p><a href=\"https:\/\/www.italian-verbs.com\/verbi-italiani.php\"><strong>Verbi Italiani<\/strong><\/a> (<em>Italiano<\/em>)<\/p>\n<p><a href=\"https:\/\/ririro.com\/it\/\"><strong>Ririro, cuentos e historias<\/strong><\/a> (<em>Italiano<\/em>)<\/p>\n<p><a href=\"http:\/\/grammaticaitaliana.net\/\"><b>Cursos d&#8217;itali\u00e0<\/b><\/a> (<em>Italiano<\/em><em>, castellano e ingl\u00e9s<\/em>)<\/p>\n","protected":false},"excerpt":{"rendered":"<p>Gram\u00e1tica italiana en espa\u00f1ol (Castellano) Saber italiano (Castellano) The Italian grammar site (Ingl\u00e9s) Italian lessons, stories, reviews and birds (Ingl\u00e9s) Italian course (Ingl\u00e9s) Start learning Italian today (Ingl\u00e9s) Verbi Italiani (Italiano) Ririro, cuentos e historias (Italiano) Cursos d&#8217;itali\u00e0 (Italiano, castellano e ingl\u00e9s)<\/p>\n","protected":false},"author":4,"featured_media":0,"parent":0,"menu_order":0,"comment_status":"closed","ping_status":"closed","template":"","meta":{"footnotes":""},"class_list":["post-2916","page","type-page","status-publish","hentry"],"_links":{"self":[{"href":"https:\/\/www.ub.edu\/multilingua\/wp-json\/wp\/v2\/pages\/2916","targetHints":{"allow":["GET"]}}],"collection":[{"href":"https:\/\/www.ub.edu\/multilingua\/wp-json\/wp\/v2\/pages"}],"about":[{"href":"https:\/\/www.ub.edu\/multilingua\/wp-json\/wp\/v2\/types\/page"}],"author":[{"embeddable":true,"href":"https:\/\/www.ub.edu\/multilingua\/wp-json\/wp\/v2\/users\/4"}],"replies":[{"embeddable":true,"href":"https:\/\/www.ub.edu\/multilingua\/wp-json\/wp\/v2\/comments?post=2916"}],"version-history":[{"count":7,"href":"https:\/\/www.ub.edu\/multilingua\/wp-json\/wp\/v2\/pages\/2916\/revisions"}],"predecessor-version":[{"id":4151,"href":"https:\/\/www.ub.edu\/multilingua\/wp-json\/wp\/v2\/pages\/2916\/revisions\/4151"}],"wp:attachment":[{"href":"https:\/\/www.ub.edu\/multilingua\/wp-json\/wp\/v2\/media?parent=2916"}],"curies":[{"name":"wp","href":"https:\/\/api.w.org\/{rel}","templated":true}]}}