{"id":2920,"date":"2021-02-15T14:48:56","date_gmt":"2021-02-15T12:48:56","guid":{"rendered":"https:\/\/www.ub.edu\/multilingua2\/?page_id=2920"},"modified":"2025-10-28T13:29:26","modified_gmt":"2025-10-28T11:29:26","slug":"recursos-de-japones-2","status":"publish","type":"page","link":"https:\/\/www.ub.edu\/multilingua\/recursos-de-japones-2\/","title":{"rendered":"Recursos de japon\u00e9s"},"content":{"rendered":"<p><a href=\"https:\/\/a1.marugotoweb.jp\/es\/\"><b>Marugoto Japanese Learning<\/b><\/a><b> \u00a0<\/b><em>(Ingl\u00e9s)<\/em><\/p>\n<p><a href=\"https:\/\/www.youtube.com\/c\/YUYUNIHONGO\"><b>Yuyu Nihongo<\/b><\/a> (<i>Castellano<\/i>)<\/p>\n<p><a href=\"http:\/\/www.guidetojapanese.org\/spanish\/index.html\"><strong>Una gu\u00eda sobre gram\u00e1tica japonesa<\/strong><\/a> (<em>Castellano<\/em>)<\/p>\n<p><a href=\"https:\/\/www.nhk.or.jp\/lesson\/spanish\/\"><strong>Hablemos en japon\u00e9s<\/strong><\/a> (<em>Castellano<\/em><em>, ingl\u00e9s y otras lenguas<\/em>)<\/p>\n<p><a href=\"http:\/\/kanjialive.com\/\"><strong>Kanji Alive<\/strong><\/a> (<em>Ingl\u00e9s<\/em>)<\/p>\n<p><a href=\"http:\/\/www.japanesepod101.com\/\"><strong>Japanese Pod 101<\/strong><\/a> (<em>Ingl\u00e9s<\/em>)<\/p>\n<p style=\"text-align: left;\" align=\"center\"><a href=\"http:\/\/thejapanesepage.com\/\"><strong>The Japanese Page<\/strong><\/a> (<em>Ingl\u00e9s<\/em>)<\/p>\n<p style=\"text-align: left;\" align=\"center\"><a href=\"http:\/\/www.jref.com\/articles\/japanese-slang.210\/\"><strong>Japanese Slang<\/strong><\/a> (<em>Ingl\u00e9s<\/em>)<\/p>\n<p style=\"text-align: left;\" align=\"center\"><a href=\"http:\/\/www.guidetojapanese.org\/learn\/\"><strong>Guide to learning Japanese<\/strong><\/a> (<em>Ingl\u00e9s<\/em>)<\/p>\n","protected":false},"excerpt":{"rendered":"<p>Marugoto Japanese Learning \u00a0(Ingl\u00e9s) Yuyu Nihongo (Castellano) Una gu\u00eda sobre gram\u00e1tica japonesa (Castellano) Hablemos en japon\u00e9s (Castellano, ingl\u00e9s y otras lenguas) Kanji Alive (Ingl\u00e9s) Japanese Pod 101 (Ingl\u00e9s) The Japanese Page (Ingl\u00e9s) Japanese Slang (Ingl\u00e9s) Guide to learning Japanese (Ingl\u00e9s)<\/p>\n","protected":false},"author":4,"featured_media":0,"parent":0,"menu_order":0,"comment_status":"closed","ping_status":"closed","template":"","meta":{"footnotes":""},"class_list":["post-2920","page","type-page","status-publish","hentry"],"_links":{"self":[{"href":"https:\/\/www.ub.edu\/multilingua\/wp-json\/wp\/v2\/pages\/2920","targetHints":{"allow":["GET"]}}],"collection":[{"href":"https:\/\/www.ub.edu\/multilingua\/wp-json\/wp\/v2\/pages"}],"about":[{"href":"https:\/\/www.ub.edu\/multilingua\/wp-json\/wp\/v2\/types\/page"}],"author":[{"embeddable":true,"href":"https:\/\/www.ub.edu\/multilingua\/wp-json\/wp\/v2\/users\/4"}],"replies":[{"embeddable":true,"href":"https:\/\/www.ub.edu\/multilingua\/wp-json\/wp\/v2\/comments?post=2920"}],"version-history":[{"count":5,"href":"https:\/\/www.ub.edu\/multilingua\/wp-json\/wp\/v2\/pages\/2920\/revisions"}],"predecessor-version":[{"id":4144,"href":"https:\/\/www.ub.edu\/multilingua\/wp-json\/wp\/v2\/pages\/2920\/revisions\/4144"}],"wp:attachment":[{"href":"https:\/\/www.ub.edu\/multilingua\/wp-json\/wp\/v2\/media?parent=2920"}],"curies":[{"name":"wp","href":"https:\/\/api.w.org\/{rel}","templated":true}]}}