{"id":2922,"date":"2021-02-15T14:48:56","date_gmt":"2021-02-15T12:48:56","guid":{"rendered":"https:\/\/www.ub.edu\/multilingua2\/?page_id=2922"},"modified":"2025-10-28T15:12:12","modified_gmt":"2025-10-28T13:12:12","slug":"japanese-resources","status":"publish","type":"page","link":"https:\/\/www.ub.edu\/multilingua\/japanese-resources\/","title":{"rendered":"Japanese resources"},"content":{"rendered":"<p><a href=\"https:\/\/a1.marugotoweb.jp\/es\/\"><b>Marugoto Japanese Learning<\/b><\/a><b>\u00a0 \u00a0<\/b>(<em>English<\/em>)<\/p>\n<p><a href=\"https:\/\/www.youtube.com\/c\/YUYUNIHONGO\"><b>Yuyu Nihongo<\/b><\/a><span style=\"font-weight: 400;\"> (<em>Spanish<\/em>)<\/span><\/p>\n<p><a href=\"http:\/\/www.guidetojapanese.org\/spanish\/index.html\"><strong>Una gu\u00eda sobre gram\u00e1tica japonesa<\/strong><\/a> (<em>Spanish<\/em>)<\/p>\n<p><a href=\"https:\/\/www.nhk.or.jp\/lesson\/spanish\/\"><strong>Hablemos en japon\u00e9s<\/strong><\/a> (<em>Spanish<\/em><em>, english and other languages<\/em>)<\/p>\n<p><a href=\"http:\/\/kanjialive.com\/\"><strong>Kanji Alive<\/strong><\/a> (<em>English<\/em>)<\/p>\n<p><a href=\"http:\/\/www.japanesepod101.com\/\"><strong>Japanese Pod 101<\/strong><\/a> (<em>English<\/em>)<\/p>\n<p style=\"text-align: left;\" align=\"center\"><a href=\"http:\/\/thejapanesepage.com\/\"><strong>The Japanese Page<\/strong><\/a> (<em>English<\/em>)<\/p>\n<p style=\"text-align: left;\" align=\"center\"><a href=\"http:\/\/www.jref.com\/articles\/japanese-slang.210\/\"><strong>Japanese Slang<\/strong><\/a> (<em>English<\/em>)<\/p>\n<p style=\"text-align: left;\" align=\"center\"><a href=\"http:\/\/www.guidetojapanese.org\/learn\/\"><strong>Guide to learning Japanese<\/strong><\/a> (<em>English<\/em>)<\/p>\n","protected":false},"excerpt":{"rendered":"<p>Marugoto Japanese Learning\u00a0 \u00a0(English) Yuyu Nihongo (Spanish) Una gu\u00eda sobre gram\u00e1tica japonesa (Spanish) Hablemos en japon\u00e9s (Spanish, english and other languages) Kanji Alive (English) Japanese Pod 101 (English) The Japanese Page (English) Japanese Slang (English) Guide to learning Japanese (English)<\/p>\n","protected":false},"author":4,"featured_media":0,"parent":0,"menu_order":0,"comment_status":"closed","ping_status":"closed","template":"","meta":{"footnotes":""},"class_list":["post-2922","page","type-page","status-publish","hentry"],"_links":{"self":[{"href":"https:\/\/www.ub.edu\/multilingua\/wp-json\/wp\/v2\/pages\/2922","targetHints":{"allow":["GET"]}}],"collection":[{"href":"https:\/\/www.ub.edu\/multilingua\/wp-json\/wp\/v2\/pages"}],"about":[{"href":"https:\/\/www.ub.edu\/multilingua\/wp-json\/wp\/v2\/types\/page"}],"author":[{"embeddable":true,"href":"https:\/\/www.ub.edu\/multilingua\/wp-json\/wp\/v2\/users\/4"}],"replies":[{"embeddable":true,"href":"https:\/\/www.ub.edu\/multilingua\/wp-json\/wp\/v2\/comments?post=2922"}],"version-history":[{"count":4,"href":"https:\/\/www.ub.edu\/multilingua\/wp-json\/wp\/v2\/pages\/2922\/revisions"}],"predecessor-version":[{"id":4183,"href":"https:\/\/www.ub.edu\/multilingua\/wp-json\/wp\/v2\/pages\/2922\/revisions\/4183"}],"wp:attachment":[{"href":"https:\/\/www.ub.edu\/multilingua\/wp-json\/wp\/v2\/media?parent=2922"}],"curies":[{"name":"wp","href":"https:\/\/api.w.org\/{rel}","templated":true}]}}