{"id":2928,"date":"2021-02-15T14:51:46","date_gmt":"2021-02-15T12:51:46","guid":{"rendered":"https:\/\/www.ub.edu\/multilingua2\/?page_id=2928"},"modified":"2025-10-28T13:51:15","modified_gmt":"2025-10-28T11:51:15","slug":"recursos-de-holandes","status":"publish","type":"page","link":"https:\/\/www.ub.edu\/multilingua\/recursos-de-holandes\/","title":{"rendered":"Recursos de neerland\u00e9s"},"content":{"rendered":"<p><a href=\"http:\/\/www.dutchgrammar.com\/es\/\"><strong>Curso de gram\u00e1tica holandesa online<\/strong><\/a> (<em>Castellano<\/em>)<\/p>\n<p><a href=\"http:\/\/www.verbix.com\/languages\/dutch.shtml\"><strong>Dutch Verb Conjugation<\/strong><\/a>\u00a0(<em>Ingl\u00e9s<\/em>)<\/p>\n<p><a href=\"https:\/\/www.learndutch.org\/\"><strong>Learn Dutch Online<\/strong><\/a> (<em>Ingl\u00e9s<\/em>)<\/p>\n<p><strong><a href=\"https:\/\/www.taalthuis.com\/\">Taalthuis: Introduction to Dutch<\/a><\/strong> (<em>Ingl\u00e9s<\/em>)<\/p>\n<p><a href=\"https:\/\/ririro.com\/nl\"><strong>Ririro, cuentos e historias<\/strong><\/a> (<em>Neerland\u00e9s<\/em>)<\/p>\n","protected":false},"excerpt":{"rendered":"<p>Curso de gram\u00e1tica holandesa online (Castellano) Dutch Verb Conjugation\u00a0(Ingl\u00e9s) Learn Dutch Online (Ingl\u00e9s) Taalthuis: Introduction to Dutch (Ingl\u00e9s) Ririro, cuentos e historias (Neerland\u00e9s)<\/p>\n","protected":false},"author":4,"featured_media":0,"parent":0,"menu_order":0,"comment_status":"closed","ping_status":"closed","template":"","meta":{"footnotes":""},"class_list":["post-2928","page","type-page","status-publish","hentry"],"_links":{"self":[{"href":"https:\/\/www.ub.edu\/multilingua\/wp-json\/wp\/v2\/pages\/2928","targetHints":{"allow":["GET"]}}],"collection":[{"href":"https:\/\/www.ub.edu\/multilingua\/wp-json\/wp\/v2\/pages"}],"about":[{"href":"https:\/\/www.ub.edu\/multilingua\/wp-json\/wp\/v2\/types\/page"}],"author":[{"embeddable":true,"href":"https:\/\/www.ub.edu\/multilingua\/wp-json\/wp\/v2\/users\/4"}],"replies":[{"embeddable":true,"href":"https:\/\/www.ub.edu\/multilingua\/wp-json\/wp\/v2\/comments?post=2928"}],"version-history":[{"count":7,"href":"https:\/\/www.ub.edu\/multilingua\/wp-json\/wp\/v2\/pages\/2928\/revisions"}],"predecessor-version":[{"id":4154,"href":"https:\/\/www.ub.edu\/multilingua\/wp-json\/wp\/v2\/pages\/2928\/revisions\/4154"}],"wp:attachment":[{"href":"https:\/\/www.ub.edu\/multilingua\/wp-json\/wp\/v2\/media?parent=2928"}],"curies":[{"name":"wp","href":"https:\/\/api.w.org\/{rel}","templated":true}]}}