{"id":2939,"date":"2021-02-15T14:53:35","date_gmt":"2021-02-15T12:53:35","guid":{"rendered":"https:\/\/www.ub.edu\/multilingua2\/?page_id=2939"},"modified":"2025-10-28T14:16:55","modified_gmt":"2025-10-28T12:16:55","slug":"recursos-de-persa-2","status":"publish","type":"page","link":"https:\/\/www.ub.edu\/multilingua\/recursos-de-persa-2\/","title":{"rendered":"Recursos de persa (fars\u00ed)"},"content":{"rendered":"<p><a href=\"https:\/\/www.lingohut.com\/es\/l74\/aprende-persa\"><b>Aprende Persa<\/b><\/a> \u00a0 (Castellano)<\/p>\n<p><a href=\"http:\/\/www.proel.org\/index.php?pagina=mundo\/indoeuro\/indoiran\/iranio\/persamod\"><b>Conceptos b\u00e1sicos de lengua persa moderna<\/b><\/a> (<i>Castellano<\/i>)<\/p>\n<p><a href=\"http:\/\/sites.la.utexas.edu\/persian_online_resources\/\"><b>Persa online: gram\u00e1tica y recursos<\/b><\/a> <em>(Ingl\u00e9s)<\/em><\/p>\n<p><a href=\"http:\/\/www.easypersian.com\/\"><b>Easy Persian<\/b><\/a> <em>(Ingl\u00e9s)<\/em><\/p>\n","protected":false},"excerpt":{"rendered":"<p>Aprende Persa \u00a0 (Castellano) Conceptos b\u00e1sicos de lengua persa moderna (Castellano) Persa online: gram\u00e1tica y recursos (Ingl\u00e9s) Easy Persian (Ingl\u00e9s)<\/p>\n","protected":false},"author":4,"featured_media":0,"parent":0,"menu_order":0,"comment_status":"closed","ping_status":"closed","template":"","meta":{"footnotes":""},"class_list":["post-2939","page","type-page","status-publish","hentry"],"_links":{"self":[{"href":"https:\/\/www.ub.edu\/multilingua\/wp-json\/wp\/v2\/pages\/2939","targetHints":{"allow":["GET"]}}],"collection":[{"href":"https:\/\/www.ub.edu\/multilingua\/wp-json\/wp\/v2\/pages"}],"about":[{"href":"https:\/\/www.ub.edu\/multilingua\/wp-json\/wp\/v2\/types\/page"}],"author":[{"embeddable":true,"href":"https:\/\/www.ub.edu\/multilingua\/wp-json\/wp\/v2\/users\/4"}],"replies":[{"embeddable":true,"href":"https:\/\/www.ub.edu\/multilingua\/wp-json\/wp\/v2\/comments?post=2939"}],"version-history":[{"count":5,"href":"https:\/\/www.ub.edu\/multilingua\/wp-json\/wp\/v2\/pages\/2939\/revisions"}],"predecessor-version":[{"id":4164,"href":"https:\/\/www.ub.edu\/multilingua\/wp-json\/wp\/v2\/pages\/2939\/revisions\/4164"}],"wp:attachment":[{"href":"https:\/\/www.ub.edu\/multilingua\/wp-json\/wp\/v2\/media?parent=2939"}],"curies":[{"name":"wp","href":"https:\/\/api.w.org\/{rel}","templated":true}]}}