{"id":2947,"date":"2021-02-15T14:54:15","date_gmt":"2021-02-15T12:54:15","guid":{"rendered":"https:\/\/www.ub.edu\/multilingua2\/?page_id=2947"},"modified":"2025-10-28T14:24:39","modified_gmt":"2025-10-28T12:24:39","slug":"recursos-de-portugues-2","status":"publish","type":"page","link":"https:\/\/www.ub.edu\/multilingua\/recursos-de-portugues-2\/","title":{"rendered":"Recursos de portugu\u00e9s"},"content":{"rendered":"<p><a href=\"https:\/\/www.youtube.com\/playlist?list=PLgXzk50PHvvXAVhFkXT8nhhHT753eeFjP\"><b>Portugu\u00e9s para principiantes<\/b><\/a> (<i>Castellano<\/i>)<\/p>\n<p><a href=\"https:\/\/www.lingohut.com\/ca\/l66\/apr%C3%A8n-portugu%C3%A8s\"><b>Lecciones gratuitas de portugu\u00e9s<\/b><\/a> (<i>Catal\u00e1n, castellano, ingl\u00e9s y otras lenguas<\/i>)<\/p>\n<p><a href=\"https:\/\/www.aulafacil.com\/cursos\/portugues\/basico-para-hispanoparlantes-t539\"><b>Portugu\u00e9s b\u00e1sico para hispanohablantes <\/b><\/a>(<i>Castellano<\/i>)<\/p>\n<p><a href=\"http:\/\/www.learningportuguese.co.uk\/\"><b>Learning Portuguese<\/b><\/a> <em>(Ingl\u00e9s)<\/em><\/p>\n<p><a href=\"http:\/\/www.learn-portuguese-with-rafa.com\/\"><b>Learn Portuguese with Rafa<\/b><\/a> <em>(Ingl\u00e9s)<\/em><\/p>\n<p><a href=\"http:\/\/www.portugues.com.br\/\"><b>O seu sitio da L\u00edngua Portuguesa<\/b><\/a> (<i>Portugu\u00e9s<\/i>)<\/p>\n<p><a href=\"https:\/\/ririro.com\/pt\/\"><b>Ririro, cuentos y historias<\/b><\/a> (<i>Portugu\u00e9s<\/i>)<\/p>\n","protected":false},"excerpt":{"rendered":"<p>Portugu\u00e9s para principiantes (Castellano) Lecciones gratuitas de portugu\u00e9s (Catal\u00e1n, castellano, ingl\u00e9s y otras lenguas) Portugu\u00e9s b\u00e1sico para hispanohablantes (Castellano) Learning Portuguese (Ingl\u00e9s) Learn Portuguese with Rafa (Ingl\u00e9s) O seu sitio da L\u00edngua Portuguesa (Portugu\u00e9s) Ririro, cuentos y historias (Portugu\u00e9s)<\/p>\n","protected":false},"author":4,"featured_media":0,"parent":0,"menu_order":0,"comment_status":"closed","ping_status":"closed","template":"","meta":{"footnotes":""},"class_list":["post-2947","page","type-page","status-publish","hentry"],"_links":{"self":[{"href":"https:\/\/www.ub.edu\/multilingua\/wp-json\/wp\/v2\/pages\/2947","targetHints":{"allow":["GET"]}}],"collection":[{"href":"https:\/\/www.ub.edu\/multilingua\/wp-json\/wp\/v2\/pages"}],"about":[{"href":"https:\/\/www.ub.edu\/multilingua\/wp-json\/wp\/v2\/types\/page"}],"author":[{"embeddable":true,"href":"https:\/\/www.ub.edu\/multilingua\/wp-json\/wp\/v2\/users\/4"}],"replies":[{"embeddable":true,"href":"https:\/\/www.ub.edu\/multilingua\/wp-json\/wp\/v2\/comments?post=2947"}],"version-history":[{"count":6,"href":"https:\/\/www.ub.edu\/multilingua\/wp-json\/wp\/v2\/pages\/2947\/revisions"}],"predecessor-version":[{"id":4166,"href":"https:\/\/www.ub.edu\/multilingua\/wp-json\/wp\/v2\/pages\/2947\/revisions\/4166"}],"wp:attachment":[{"href":"https:\/\/www.ub.edu\/multilingua\/wp-json\/wp\/v2\/media?parent=2947"}],"curies":[{"name":"wp","href":"https:\/\/api.w.org\/{rel}","templated":true}]}}