{"id":2949,"date":"2021-02-15T14:54:15","date_gmt":"2021-02-15T12:54:15","guid":{"rendered":"https:\/\/www.ub.edu\/multilingua2\/?page_id=2949"},"modified":"2025-10-29T12:46:55","modified_gmt":"2025-10-29T10:46:55","slug":"portuguese-resources","status":"publish","type":"page","link":"https:\/\/www.ub.edu\/multilingua\/portuguese-resources\/","title":{"rendered":"Portuguese resources"},"content":{"rendered":"<p><a href=\"https:\/\/www.youtube.com\/playlist?list=PLgXzk50PHvvXAVhFkXT8nhhHT753eeFjP\"><b>Portugu\u00e9s per principiants<\/b><\/a> (<em>Spanish<\/em>)<\/p>\n<p><a href=\"https:\/\/www.lingohut.com\/ca\/l66\/apr%C3%A8n-portugu%C3%A8s\"><strong>Lli\u00e7ons gratu\u00eftes de portugu\u00e8s<\/strong><\/a> (<em>Catalan, spanish, english and other languages<\/em>)<\/p>\n<p><a href=\"https:\/\/www.aulafacil.com\/cursos\/portugues\/basico-para-hispanoparlantes-t539\"><strong>Portugu\u00e9s b\u00e1sico para hispanohablantes\u00a0<\/strong><\/a>(<em>Spanish<\/em>)<\/p>\n<p><a href=\"http:\/\/www.learningportuguese.co.uk\/\"><strong>Learning Portuguese<\/strong><\/a> (<em>English<\/em>)<\/p>\n<p><a href=\"http:\/\/www.learn-portuguese-with-rafa.com\/\"><strong>Learn Portuguese with Rafa<\/strong><\/a> (<em>English<\/em>)<\/p>\n<p><a href=\"http:\/\/www.portugues.com.br\/\"><strong>O seu sitio da L\u00edngua Portuguesa<\/strong><\/a>\u00a0(<em>Portuguese<\/em>)<\/p>\n<p><a href=\"https:\/\/ririro.com\/pt\/\"><strong>Ririro, tales and stories<\/strong><\/a>\u00a0(<em>Portuguese<\/em>)<\/p>\n","protected":false},"excerpt":{"rendered":"<p>Portugu\u00e9s per principiants (Spanish) Lli\u00e7ons gratu\u00eftes de portugu\u00e8s (Catalan, spanish, english and other languages) Portugu\u00e9s b\u00e1sico para hispanohablantes\u00a0(Spanish) Learning Portuguese (English) Learn Portuguese with Rafa (English) O seu sitio da L\u00edngua Portuguesa\u00a0(Portuguese) Ririro, tales and stories\u00a0(Portuguese)<\/p>\n","protected":false},"author":4,"featured_media":0,"parent":0,"menu_order":0,"comment_status":"closed","ping_status":"closed","template":"","meta":{"footnotes":""},"class_list":["post-2949","page","type-page","status-publish","hentry"],"_links":{"self":[{"href":"https:\/\/www.ub.edu\/multilingua\/wp-json\/wp\/v2\/pages\/2949","targetHints":{"allow":["GET"]}}],"collection":[{"href":"https:\/\/www.ub.edu\/multilingua\/wp-json\/wp\/v2\/pages"}],"about":[{"href":"https:\/\/www.ub.edu\/multilingua\/wp-json\/wp\/v2\/types\/page"}],"author":[{"embeddable":true,"href":"https:\/\/www.ub.edu\/multilingua\/wp-json\/wp\/v2\/users\/4"}],"replies":[{"embeddable":true,"href":"https:\/\/www.ub.edu\/multilingua\/wp-json\/wp\/v2\/comments?post=2949"}],"version-history":[{"count":7,"href":"https:\/\/www.ub.edu\/multilingua\/wp-json\/wp\/v2\/pages\/2949\/revisions"}],"predecessor-version":[{"id":4191,"href":"https:\/\/www.ub.edu\/multilingua\/wp-json\/wp\/v2\/pages\/2949\/revisions\/4191"}],"wp:attachment":[{"href":"https:\/\/www.ub.edu\/multilingua\/wp-json\/wp\/v2\/media?parent=2949"}],"curies":[{"name":"wp","href":"https:\/\/api.w.org\/{rel}","templated":true}]}}