{"id":2951,"date":"2021-02-15T14:54:34","date_gmt":"2021-02-15T12:54:34","guid":{"rendered":"https:\/\/www.ub.edu\/multilingua2\/?page_id=2951"},"modified":"2025-10-28T14:26:47","modified_gmt":"2025-10-28T12:26:47","slug":"recursos-de-ruso","status":"publish","type":"page","link":"https:\/\/www.ub.edu\/multilingua\/recursos-de-ruso\/","title":{"rendered":"Recursos de ruso"},"content":{"rendered":"<p><a href=\"http:\/\/www.rusogratis.com\/gramatica-rusa.php\"><strong>Gram\u00e1tica rusa<\/strong><\/a> (<em>Castellano<\/em>)<\/p>\n<p style=\"text-align: left;\" align=\"center\"><a href=\"http:\/\/curso-de-ruso.com\/ruso-gratis\/\"><strong>Aprender ruso online<\/strong><\/a> (<em>Castellano<\/em>)<\/p>\n<p style=\"text-align: left;\" align=\"center\"><a href=\"https:\/\/www.karibdis.com\/ruso\/\"><strong>Karibdis: libros de idiomas<\/strong><\/a> (<em>Castellano<\/em>)<\/p>\n<p><a href=\"https:\/\/properrussian.com\/\"><strong>Proper Russian: a blog about the Russian language, literature and culture<\/strong><\/a> (<em>Ingl\u00e9s<\/em>)<\/p>\n<p><a href=\"http:\/\/ruspeach.tumblr.com\/\"><strong>Russian for foreigners<\/strong><\/a> (<em>Ingl\u00e9s<\/em>)<\/p>\n<p><a href=\"http:\/\/russiangrammar.tumblr.com\/\"><strong>A blog for learners of Russian<\/strong><\/a> (<em>Ingl\u00e9s<\/em>)<\/p>\n","protected":false},"excerpt":{"rendered":"<p>Gram\u00e1tica rusa (Castellano) Aprender ruso online (Castellano) Karibdis: libros de idiomas (Castellano) Proper Russian: a blog about the Russian language, literature and culture (Ingl\u00e9s) Russian for foreigners (Ingl\u00e9s) A blog for learners of Russian (Ingl\u00e9s)<\/p>\n","protected":false},"author":4,"featured_media":0,"parent":0,"menu_order":0,"comment_status":"closed","ping_status":"closed","template":"","meta":{"footnotes":""},"class_list":["post-2951","page","type-page","status-publish","hentry"],"_links":{"self":[{"href":"https:\/\/www.ub.edu\/multilingua\/wp-json\/wp\/v2\/pages\/2951","targetHints":{"allow":["GET"]}}],"collection":[{"href":"https:\/\/www.ub.edu\/multilingua\/wp-json\/wp\/v2\/pages"}],"about":[{"href":"https:\/\/www.ub.edu\/multilingua\/wp-json\/wp\/v2\/types\/page"}],"author":[{"embeddable":true,"href":"https:\/\/www.ub.edu\/multilingua\/wp-json\/wp\/v2\/users\/4"}],"replies":[{"embeddable":true,"href":"https:\/\/www.ub.edu\/multilingua\/wp-json\/wp\/v2\/comments?post=2951"}],"version-history":[{"count":5,"href":"https:\/\/www.ub.edu\/multilingua\/wp-json\/wp\/v2\/pages\/2951\/revisions"}],"predecessor-version":[{"id":4167,"href":"https:\/\/www.ub.edu\/multilingua\/wp-json\/wp\/v2\/pages\/2951\/revisions\/4167"}],"wp:attachment":[{"href":"https:\/\/www.ub.edu\/multilingua\/wp-json\/wp\/v2\/media?parent=2951"}],"curies":[{"name":"wp","href":"https:\/\/api.w.org\/{rel}","templated":true}]}}