{"id":2968,"date":"2021-02-15T14:56:49","date_gmt":"2021-02-15T12:56:49","guid":{"rendered":"https:\/\/www.ub.edu\/multilingua2\/?page_id=2968"},"modified":"2025-10-28T14:12:47","modified_gmt":"2025-10-28T12:12:47","slug":"recursos-de-urdu","status":"publish","type":"page","link":"https:\/\/www.ub.edu\/multilingua\/recursos-de-urdu\/","title":{"rendered":"Recursos de urd\u00fa"},"content":{"rendered":"<p><a href=\"https:\/\/www.50languages.com\/phrasebook\/ca\/ur\/\"><strong>50 languages<\/strong><\/a> (<em>Catal\u00e1n, castellano, ingl\u00e9s y otras lenguas<\/em>)<\/p>\n<p><a href=\"https:\/\/www.lingohut.com\/es\/l128\/aprende-urdu\"><strong>Lingohut<\/strong><\/a> (C<em>astellano, ingl\u00e9s y otras lenguas<\/em>)<\/p>\n<p><a href=\"https:\/\/es.forvo.com\/languages\/ur\/\"><strong>C\u00f3mo pronunciar en urd\u00fa<\/strong><\/a> (C<em>astellano<\/em>)<\/p>\n<p><strong><a href=\"http:\/\/www.goethe-verlag.com\/book2\/ES\/ESUR\/ESUR002.HTM\">Urd\u00fa para principiantes<\/a><\/strong> (C<em>astellano<\/em>)<\/p>\n<p><a href=\"http:\/\/www.omniglot.com\/writing\/urdu.htm\"><strong>Urdu alphabet<\/strong><\/a> (<em>Ingl\u00e9s<\/em>)<\/p>\n<p><a href=\"https:\/\/urduseekhiye.com\/\"><strong>Urdu Seekhiye<\/strong><\/a> (<em>Ingl\u00e9s<\/em>)<\/p>\n","protected":false},"excerpt":{"rendered":"<p>50 languages (Catal\u00e1n, castellano, ingl\u00e9s y otras lenguas) Lingohut (Castellano, ingl\u00e9s y otras lenguas) C\u00f3mo pronunciar en urd\u00fa (Castellano) Urd\u00fa para principiantes (Castellano) Urdu alphabet (Ingl\u00e9s) Urdu Seekhiye (Ingl\u00e9s)<\/p>\n","protected":false},"author":4,"featured_media":0,"parent":0,"menu_order":0,"comment_status":"closed","ping_status":"closed","template":"","meta":{"footnotes":""},"class_list":["post-2968","page","type-page","status-publish","hentry"],"_links":{"self":[{"href":"https:\/\/www.ub.edu\/multilingua\/wp-json\/wp\/v2\/pages\/2968","targetHints":{"allow":["GET"]}}],"collection":[{"href":"https:\/\/www.ub.edu\/multilingua\/wp-json\/wp\/v2\/pages"}],"about":[{"href":"https:\/\/www.ub.edu\/multilingua\/wp-json\/wp\/v2\/types\/page"}],"author":[{"embeddable":true,"href":"https:\/\/www.ub.edu\/multilingua\/wp-json\/wp\/v2\/users\/4"}],"replies":[{"embeddable":true,"href":"https:\/\/www.ub.edu\/multilingua\/wp-json\/wp\/v2\/comments?post=2968"}],"version-history":[{"count":6,"href":"https:\/\/www.ub.edu\/multilingua\/wp-json\/wp\/v2\/pages\/2968\/revisions"}],"predecessor-version":[{"id":4161,"href":"https:\/\/www.ub.edu\/multilingua\/wp-json\/wp\/v2\/pages\/2968\/revisions\/4161"}],"wp:attachment":[{"href":"https:\/\/www.ub.edu\/multilingua\/wp-json\/wp\/v2\/media?parent=2968"}],"curies":[{"name":"wp","href":"https:\/\/api.w.org\/{rel}","templated":true}]}}