{"id":2976,"date":"2021-02-15T14:57:41","date_gmt":"2021-02-15T12:57:41","guid":{"rendered":"https:\/\/www.ub.edu\/multilingua2\/?page_id=2976"},"modified":"2025-10-28T14:43:38","modified_gmt":"2025-10-28T12:43:38","slug":"recursos-de-chino","status":"publish","type":"page","link":"https:\/\/www.ub.edu\/multilingua\/recursos-de-chino\/","title":{"rendered":"Recursos de chino"},"content":{"rendered":"<p><a href=\"https:\/\/www.youtube.com\/watch?v=Qo3iO4JB1ps&amp;list=PLMnXqBVIU07ojrrFDm7mjjUa6cvBiA_9N\"><b>Curso de chino mandar\u00edn para hispanohablantes<\/b><\/a><b> <\/b>(<em>Castellano<\/em>)<\/p>\n<p><a href=\"https:\/\/chine-culture.com\/es\/chino\/cursos-de-chino-en-l%C3%ADnea.php\"><b>Cursos de chino mandar\u00edn en l\u00ednea<\/b><\/a> (<em>Castellano<\/em>)<\/p>\n<p><a href=\"https:\/\/hablochino.com\/aprende-chino-online\/\"><strong>Aprende chino online gratis<\/strong><\/a> (<em>Castellano<\/em>)<\/p>\n<p><a href=\"http:\/\/www.languageguide.org\/vocabulary\/?lang=zh&amp;target=es\"><strong>Vocabulario b\u00e1sico de chino<\/strong><\/a> (<em>Castellano<\/em>)<\/p>\n<p><a href=\"http:\/\/www.chinoesfera.com\/\"><strong>Portal de ense\u00f1anza del idioma chino y la cultura china<\/strong><\/a> (<em>Castellano<\/em>)<\/p>\n<p><a href=\"http:\/\/www.bbc.co.uk\/languages\/chinese\/\"><strong>BBC Languages: Chinese<\/strong><\/a>\u00a0(<em>Ingl\u00e9s<\/em>)<\/p>\n","protected":false},"excerpt":{"rendered":"<p>Curso de chino mandar\u00edn para hispanohablantes (Castellano) Cursos de chino mandar\u00edn en l\u00ednea (Castellano) Aprende chino online gratis (Castellano) Vocabulario b\u00e1sico de chino (Castellano) Portal de ense\u00f1anza del idioma chino y la cultura china (Castellano) BBC Languages: Chinese\u00a0(Ingl\u00e9s)<\/p>\n","protected":false},"author":4,"featured_media":0,"parent":0,"menu_order":0,"comment_status":"closed","ping_status":"closed","template":"","meta":{"footnotes":""},"class_list":["post-2976","page","type-page","status-publish","hentry"],"_links":{"self":[{"href":"https:\/\/www.ub.edu\/multilingua\/wp-json\/wp\/v2\/pages\/2976","targetHints":{"allow":["GET"]}}],"collection":[{"href":"https:\/\/www.ub.edu\/multilingua\/wp-json\/wp\/v2\/pages"}],"about":[{"href":"https:\/\/www.ub.edu\/multilingua\/wp-json\/wp\/v2\/types\/page"}],"author":[{"embeddable":true,"href":"https:\/\/www.ub.edu\/multilingua\/wp-json\/wp\/v2\/users\/4"}],"replies":[{"embeddable":true,"href":"https:\/\/www.ub.edu\/multilingua\/wp-json\/wp\/v2\/comments?post=2976"}],"version-history":[{"count":5,"href":"https:\/\/www.ub.edu\/multilingua\/wp-json\/wp\/v2\/pages\/2976\/revisions"}],"predecessor-version":[{"id":4173,"href":"https:\/\/www.ub.edu\/multilingua\/wp-json\/wp\/v2\/pages\/2976\/revisions\/4173"}],"wp:attachment":[{"href":"https:\/\/www.ub.edu\/multilingua\/wp-json\/wp\/v2\/media?parent=2976"}],"curies":[{"name":"wp","href":"https:\/\/api.w.org\/{rel}","templated":true}]}}