{"id":2977,"date":"2021-02-15T14:57:41","date_gmt":"2021-02-15T12:57:41","guid":{"rendered":"https:\/\/www.ub.edu\/multilingua2\/?page_id=2977"},"modified":"2025-10-29T13:20:25","modified_gmt":"2025-10-29T11:20:25","slug":"chinese-resources","status":"publish","type":"page","link":"https:\/\/www.ub.edu\/multilingua\/chinese-resources\/","title":{"rendered":"Chinese resources"},"content":{"rendered":"<p><a href=\"https:\/\/www.youtube.com\/watch?v=Qo3iO4JB1ps&amp;list=PLMnXqBVIU07ojrrFDm7mjjUa6cvBiA_9N\"><b>Curs de xin\u00e8s mandar\u00ed per hispanoparlants<\/b><\/a> (<em>Spanish<\/em>)<\/p>\n<p><a href=\"https:\/\/chine-culture.com\/es\/chino\/cursos-de-chino-en-l%C3%ADnea.php\"><b>Cursos de xin\u00e8s mandar\u00ed en l\u00ednia<\/b><\/a><span style=\"font-weight: 400;\"> (<em>Spanish<\/em>)<\/span><\/p>\n<p><a href=\"https:\/\/hablochino.com\/aprende-chino-online\/\"><strong>Aprende chino online gratis<\/strong><\/a> (<em>Spanish<\/em>)<\/p>\n<p><a href=\"http:\/\/www.languageguide.org\/vocabulary\/?lang=zh&amp;target=es\"><strong>Vocabulario b\u00e1sico de chino<\/strong><\/a> (<em>Spanish<\/em>)<\/p>\n<p><a href=\"http:\/\/www.chinoesfera.com\/\"><strong>Portal de ense\u00f1anza del idioma chino y la cultura china<\/strong><\/a> (<em>Spanish<\/em>)<\/p>\n<p><a href=\"http:\/\/www.bbc.co.uk\/languages\/chinese\/\"><strong>BBC Languages: Chinese<\/strong><\/a>\u00a0(<em>English<\/em>)<\/p>\n","protected":false},"excerpt":{"rendered":"<p>Curs de xin\u00e8s mandar\u00ed per hispanoparlants (Spanish) Cursos de xin\u00e8s mandar\u00ed en l\u00ednia (Spanish) Aprende chino online gratis (Spanish) Vocabulario b\u00e1sico de chino (Spanish) Portal de ense\u00f1anza del idioma chino y la cultura china (Spanish) BBC Languages: Chinese\u00a0(English)<\/p>\n","protected":false},"author":4,"featured_media":0,"parent":0,"menu_order":0,"comment_status":"closed","ping_status":"closed","template":"","meta":{"footnotes":""},"class_list":["post-2977","page","type-page","status-publish","hentry"],"_links":{"self":[{"href":"https:\/\/www.ub.edu\/multilingua\/wp-json\/wp\/v2\/pages\/2977","targetHints":{"allow":["GET"]}}],"collection":[{"href":"https:\/\/www.ub.edu\/multilingua\/wp-json\/wp\/v2\/pages"}],"about":[{"href":"https:\/\/www.ub.edu\/multilingua\/wp-json\/wp\/v2\/types\/page"}],"author":[{"embeddable":true,"href":"https:\/\/www.ub.edu\/multilingua\/wp-json\/wp\/v2\/users\/4"}],"replies":[{"embeddable":true,"href":"https:\/\/www.ub.edu\/multilingua\/wp-json\/wp\/v2\/comments?post=2977"}],"version-history":[{"count":4,"href":"https:\/\/www.ub.edu\/multilingua\/wp-json\/wp\/v2\/pages\/2977\/revisions"}],"predecessor-version":[{"id":4199,"href":"https:\/\/www.ub.edu\/multilingua\/wp-json\/wp\/v2\/pages\/2977\/revisions\/4199"}],"wp:attachment":[{"href":"https:\/\/www.ub.edu\/multilingua\/wp-json\/wp\/v2\/media?parent=2977"}],"curies":[{"name":"wp","href":"https:\/\/api.w.org\/{rel}","templated":true}]}}