{"id":834,"date":"2021-04-13T13:05:26","date_gmt":"2021-04-13T11:05:26","guid":{"rendered":"http:\/\/localhost\/?page_id=2"},"modified":"2024-01-15T14:09:32","modified_gmt":"2024-01-15T12:09:32","slug":"llengues-nivells","status":"publish","type":"page","link":"https:\/\/www.ub.edu\/multilingua\/llengues-nivells\/","title":{"rendered":"Lleng\u00fces i nivells"},"content":{"rendered":"<div class=\"wpb-content-wrapper\"><p>[vc_row equal_height=&#8221;yes&#8221; css=&#8221;.vc_custom_1538996173231{background-color: #e9e9e9 !important;}&#8221;][vc_column][vc_column_text]<\/p>\n<h2 style=\"text-align: center;\">Lleng\u00fces i nivells del Marc Europeu Com\u00fa de Refer\u00e8ncia que pots aprendre amb Rosetta Stone<\/h2>\n<p style=\"text-align: center;\"><strong>NOVETAT!<\/strong> Amb la teva matr\u00edcula, podr\u00e0s accedir a totes les lleng\u00fces i nivells, sense cap l\u00edmit!<\/p>\n<p>[\/vc_column_text][vc_row_inner][vc_column_inner][vc_single_image source=&#8221;external_link&#8221; alignment=&#8221;center&#8221; custom_src=&#8221;https:\/\/www.ub.edu\/multilingua\/wp-content\/uploads\/2024\/01\/Grafic-catala-1.png&#8221;][\/vc_column_inner][\/vc_row_inner][\/vc_column][\/vc_row][vc_row equal_height=&#8221;yes&#8221; css=&#8221;.vc_custom_1538997768133{background-color: #f5f5f5 !important;}&#8221;][vc_column][vc_row_inner equal_height=&#8221;yes&#8221; content_placement=&#8221;middle&#8221;][vc_column_inner width=&#8221;2\/3&#8243;][vc_column_text]<\/p>\n<h2>Modalitat Foundations: nivells inicials (A1, A2 i B1)<\/h2>\n<ul>\n<li><strong>M\u00e8tode d\u2019immersi\u00f3 en la llengua<\/strong>\n<ul>\n<li><strong>Activitats seq\u00fcenciades<\/strong>\u00a0per introduir nou vocabulari i gram\u00e0tica, que es basen en el contingut que vas aprenent.<\/li>\n<li><strong>Reconeixement de veu<\/strong>\u00a0en totes les activitats, que t\u2019ajudar\u00e0 a millorar la confian\u00e7a en la pronunciaci\u00f3 i la parla.<\/li>\n<\/ul>\n<\/li>\n<li><strong>Jocs i activitats per refor\u00e7ar les compet\u00e8ncies ling\u00fc\u00edstiques<\/strong>\n<ul>\n<li>Guanya en\u00a0<strong>confian\u00e7a<\/strong>\u00a0i\u00a0<strong>amplia el vocabulari apr\u00e8s<\/strong>\u00a0amb les lli\u00e7ons del programa.<\/li>\n<li>Practica la\u00a0<strong>lectura<\/strong> mitjan\u00e7ant fragments d&#8217;hist\u00f2ries adaptats per nivells.<\/li>\n<\/ul>\n<\/li>\n<li><a href=\"http:\/\/www.ub.edu\/multilingua\/wp-content\/uploads\/2015\/02\/Continguts-ScopeAndSequence-Foundations.pdf\">Continguts generals<\/a><\/li>\n<li>Continguts per nivells: <a href=\"https:\/\/www.ub.edu\/multilingua\/wp-content\/uploads\/2023\/06\/Continguts_nivell1.pdf\">Nivell1<\/a>\u00a0\u00b7 <a href=\"http:\/\/www.ub.edu\/multilingua\/wp-content\/uploads\/2015\/02\/Continguts_nivell2.pdf\">Nivell2<\/a>\u00a0\u00b7 <a href=\"http:\/\/www.ub.edu\/multilingua\/wp-content\/uploads\/2015\/02\/Continguts_nivell3.pdf\">Nivell3<\/a>\u00a0\u00b7 <a href=\"http:\/\/www.ub.edu\/multilingua\/wp-content\/uploads\/2015\/02\/Continguts_nivell4.pdf\">Nivell4<\/a> \u00b7 <a href=\"http:\/\/www.ub.edu\/multilingua\/wp-content\/uploads\/2015\/02\/Continguts_nivell5.pdf\">Nivell5<\/a><\/li>\n<\/ul>\n<p>[\/vc_column_text][\/vc_column_inner][vc_column_inner width=&#8221;1\/3&#8243;][vc_single_image image=&#8221;2040&#8243; img_size=&#8221;medium&#8221; alignment=&#8221;center&#8221; css_animation=&#8221;appear&#8221;][\/vc_column_inner][\/vc_row_inner][\/vc_column][\/vc_row][vc_row equal_height=&#8221;yes&#8221; css=&#8221;.vc_custom_1538996173231{background-color: #e9e9e9 !important;}&#8221;][vc_column][vc_row_inner equal_height=&#8221;yes&#8221; content_placement=&#8221;middle&#8221;][vc_column_inner width=&#8221;1\/3&#8243;][vc_single_image image=&#8221;2041&#8243; img_size=&#8221;medium&#8221; alignment=&#8221;center&#8221; style=&#8221;vc_box_rounded&#8221; css_animation=&#8221;appear&#8221;][\/vc_column_inner][vc_column_inner width=&#8221;2\/3&#8243;][vc_column_text]<\/p>\n<h2>Modalitat Fluency Builder: nivells avan\u00e7ats (B1, B2 i C1)<\/h2>\n<ul>\n<li><strong>Perfecciona el coneixement de la llengua<\/strong>\n<ul>\n<li>M\u00e9s de 40 tipus d\u2019activitats per a treballar totes les habilitats.<\/li>\n<li>Guanya en confian\u00e7a amb el sistema de\u00a0<strong>reconeixement de veu<\/strong>, amb avaluaci\u00f3 de la pronunciaci\u00f3.<\/li>\n<li>Podr\u00e0s escollir el\u00a0<strong>contingut d\u2019aprenentatge<\/strong>\u00a0depenent de les teves necessitats: situacions quotidianes i situacions professionals.<\/li>\n<li>Les situacions professionals inclouen continguts espec\u00edfics de <strong>medicina, economia, dret i turisme<\/strong>.<\/li>\n<\/ul>\n<\/li>\n<li>Continguts d&#8217;<a href=\"http:\/\/www.ub.edu\/multilingua\/wp-content\/uploads\/2015\/02\/Alemany.pdf\">alemany<\/a>, <a href=\"http:\/\/www.ub.edu\/multilingua\/wp-content\/uploads\/2015\/02\/Angl\u00e8s-americ\u00e0.pdf\">angl\u00e8s americ\u00e0<\/a>, <a href=\"http:\/\/www.ub.edu\/multilingua\/wp-content\/uploads\/2015\/02\/Angl\u00e8s-brit\u00e0nic.pdf\">angl\u00e8s brit\u00e0nic<\/a>, <a href=\"http:\/\/www.ub.edu\/multilingua\/wp-content\/uploads\/2015\/02\/Espanyol.pdf\">espanyol<\/a>, <a href=\"http:\/\/www.ub.edu\/multilingua\/wp-content\/uploads\/2015\/02\/Franc\u00e8s.pdf\">franc\u00e8s <\/a>i <a href=\"http:\/\/www.ub.edu\/multilingua\/wp-content\/uploads\/2015\/02\/Itali\u00e0.pdf\">itali\u00e0<\/a><\/li>\n<\/ul>\n<p>[\/vc_column_text][\/vc_column_inner][\/vc_row_inner][\/vc_column][\/vc_row]<\/p>\n<\/div>","protected":false},"excerpt":{"rendered":"<p>[vc_row equal_height=&#8221;yes&#8221; css=&#8221;.vc_custom_1538996173231{background-color: #e9e9e9 !important;}&#8221;][vc_column][vc_column_text] Lleng\u00fces i nivells del Marc Europeu Com\u00fa de Refer\u00e8ncia que pots aprendre amb Rosetta Stone NOVETAT! Amb la teva matr\u00edcula, podr\u00e0s accedir a totes les lleng\u00fces i nivells, sense cap l\u00edmit! [\/vc_column_text][vc_row_inner][vc_column_inner][vc_single_image source=&#8221;external_link&#8221; alignment=&#8221;center&#8221; custom_src=&#8221;https:\/\/www.ub.edu\/multilingua\/wp-content\/uploads\/2024\/01\/Grafic-catala-1.png&#8221;][\/vc_column_inner][\/vc_row_inner][\/vc_column][\/vc_row][vc_row equal_height=&#8221;yes&#8221; css=&#8221;.vc_custom_1538997768133{background-color: #f5f5f5 !important;}&#8221;][vc_column][vc_row_inner equal_height=&#8221;yes&#8221; content_placement=&#8221;middle&#8221;][vc_column_inner width=&#8221;2\/3&#8243;][vc_column_text] Modalitat Foundations: nivells inicials (A1, A2 i B1) [&hellip;]<\/p>\n","protected":false},"author":1,"featured_media":0,"parent":0,"menu_order":0,"comment_status":"open","ping_status":"open","template":"","meta":{"footnotes":""},"class_list":["post-834","page","type-page","status-publish","hentry"],"_links":{"self":[{"href":"https:\/\/www.ub.edu\/multilingua\/wp-json\/wp\/v2\/pages\/834","targetHints":{"allow":["GET"]}}],"collection":[{"href":"https:\/\/www.ub.edu\/multilingua\/wp-json\/wp\/v2\/pages"}],"about":[{"href":"https:\/\/www.ub.edu\/multilingua\/wp-json\/wp\/v2\/types\/page"}],"author":[{"embeddable":true,"href":"https:\/\/www.ub.edu\/multilingua\/wp-json\/wp\/v2\/users\/1"}],"replies":[{"embeddable":true,"href":"https:\/\/www.ub.edu\/multilingua\/wp-json\/wp\/v2\/comments?post=834"}],"version-history":[{"count":61,"href":"https:\/\/www.ub.edu\/multilingua\/wp-json\/wp\/v2\/pages\/834\/revisions"}],"predecessor-version":[{"id":3880,"href":"https:\/\/www.ub.edu\/multilingua\/wp-json\/wp\/v2\/pages\/834\/revisions\/3880"}],"wp:attachment":[{"href":"https:\/\/www.ub.edu\/multilingua\/wp-json\/wp\/v2\/media?parent=834"}],"curies":[{"name":"wp","href":"https:\/\/api.w.org\/{rel}","templated":true}]}}