{"id":22,"date":"2022-04-27T07:31:50","date_gmt":"2022-04-27T07:31:50","guid":{"rendered":"https:\/\/www.ub.edu\/oap\/?page_id=22"},"modified":"2026-03-13T08:21:27","modified_gmt":"2026-03-13T08:21:27","slug":"activitats","status":"publish","type":"page","link":"https:\/\/www.ub.edu\/oap\/activitats\/","title":{"rendered":"Activitats"},"content":{"rendered":"<h2>2026<\/h2>\n<h3><a href=\"https:\/\/www.ub.edu\/oap\/activitats\/workshop-on-economics-of-ageing\/\"><strong>WORKSHOP ON ECONOMICS OF AGEING<\/strong><\/a><\/h3>\n<h4><strong>April 17, 2026. Universitat de Barcelona.<\/strong><\/h4>\n<p>We are pleased to announce the Workshop on Economics of Ageing, an event dedicated to advancing research at the intersection of ageing, health economics, and health policy. The workshop aims to bring together researchers, policymakers, and practitioners to discuss the economic dimensions of ageing, including long-term care, care pathways, multimorbidity, frailty, and other related topics.<br \/>\n<a class=\"btn btn-theme-primary-outline btninfo\" href=\"https:\/\/www.ub.edu\/oap\/activitats\/workshop-on-economics-of-ageing-programme\/\">More information <i class=\"fas fa-external-link\"><\/i><\/a><br \/>\n&nbsp;<\/p>\n<h2>2025<\/h2>\n<h3 class=\"eventspage\"><a href=\"https:\/\/www.ub.edu\/oap\/wp-content\/uploads\/2025\/02\/20240212_Seminario-AV_UB_CAT.pdf\"><strong>SEMINARI T\u00c8CNIC: SOSTENIBILITAT I EXTERNALITATS DE L&#8217;ALTA VELOCITAT FERROVI\u00c0RIA A ESPANYA<\/strong><\/a><\/h3>\n<p>L\u2019Observatori d&#8217;An\u00e0lisi de Pol\u00edtiques P\u00fabliques de la Universitat de Barcelona (OAP-UB) i Marim\u00f3n Abogados es complauen a convidar-los a un seminari t\u00e8cnic sobre la sostenibilitat i les externalitats de l\u2019alta velocitat ferrovi\u00e0ria a Espanya, en el marc del Projecte de Recerca PID2022-137996NB-I00. Data: dimecres, 12 de mar\u00e7 de 2025. Lloc: Sala de Graus, Facultat de Dret, Universitat de Barcelona, Av. Diagonal 684, 08034. Barcelona.<br \/>\n&nbsp;<\/p>\n<h3 class=\"entry-title\"><a href=\"https:\/\/www.ub.edu\/oap\/activitats\/barcelona-lorraine-workshop-on-local-government-management-reform-environmental-public-services\/\"><strong>WORKSHOP BARCELONA-LORRAINE EN GOVERN LOCAL, REFORMES EN LES ADMINISTRACIONS I SERVEIS P\u00daBLICS AMBIENTALS<\/strong><\/a><\/h3>\n<p>Els proper 17 de febrer de 2025, la\u00a0<em><strong>Chaire RENEL<\/strong><\/em>\u00a0\u2013 Ressources Naturelles et Economie Locale\u00a0 de la Universitat de Lorraine i l\u2019Observatori d\u2019An\u00e0lisi i Avaluaci\u00f3 de Pol\u00edtiques P\u00fabliqeus (<em><strong>OAP<\/strong><\/em>) de la Universitat de Barcelona organitzen un workshop sobre govern local, refomes en les administracions i serveis p\u00fablics ambientals a la Sala de Recepcions de la Facultat d\u2019Economia i Empresa de la Universitat de Barcelona (Carrer John M. Keynes 1-11, Barcelona), amb el suport financer de la Chaire RENEL \u2013 Universit\u00e9 de Lorraine i del Ministeri de Ci\u00e8ncia i Innovaci\u00f3 (PID2022-138866OB-I00).<\/p>\n<hr \/>\n<p>&nbsp;<\/p>\n<h2><\/h2>\n<h2>2023<\/h2>\n<h3><strong><a href=\"https:\/\/www.ub.edu\/oap\/activitats\/causal-inference-the-mixtape-by-scott-cunningham\/\">CAUSAL INFERENCE WORKSHOP 2023: The Mixtape by Scott Cunningham<\/a><\/strong><\/h3>\n<p>The next 21 and 22 of September, the GiM research group and the Observatory on Analysis and Evaluation of Public Policies (OAP)\u00a0 will be hosting Professor Scott Cunningham, professor of economics at Baylor University (Texas) and author of &#8220;Causal Inference: The mixtape&#8221; who will be giving a 2-days workshop on causal inference. In particular, we will work on advanced methods in difference in differences and synthetic control methods.<\/p>\n<p>&nbsp;<\/p>\n<h3><strong><a href=\"https:\/\/www.ub.edu\/oap\/2023\/03\/17\/workshop-climate-transport-policies-14-april-2023-at-ub-school-of-economics\/\">Workshop Climate &amp; Transport Policies: 14 April 2023 at UB School of Economics<\/a><\/strong><\/h3>\n<p>L\u2019Observatori d\u2019An\u00e0lisi i Avaluaci\u00f3 de Pol\u00edtiques P\u00fabliques (OAP) i el Grup de Recerca en Governs i Mercats (GiM) de la Universitat de Barcelona organitzen el Workshop Climate &amp; Transport Policies el proper 14 d\u2019abril 2023 a la Sala de Recepcions de la Facultat d\u2019Economia i Empresa \u2013 Universitat de Barcelona (UB School of Economics).<\/p>\n<p>El Workshop comptar\u00e0 amb la confer\u00e8ncia de Xavier Labandeira (U. Vigo) titulada \u201cThe Spanish White Book on Tax Reform: Environmental Taxation and Transport\u201d. I amb pon\u00e8ncies per part de Juan Luis Jim\u00e9nez (U. Las Pamas de Gran Canaria), Jordi Perdiguero (U.A. Barcelona), Mattia Borsati (U. Barcelona) sobre pol\u00edtiques clim\u00e0tiques en el context posterior a la invasi\u00f3 d\u2019Ucra\u00efna, i de Xavier Fageda (U. Barcelona) i d\u2019Adrian Santonja di Fonzo (DIW) sobre la transici\u00f3 a les tecnologies baixes en carboni en el transport.<\/p>\n<p>&nbsp;<\/p>\n<h2>2022<\/h2>\n<div class=\"researcherslist\">\n<div class=\"row member\">\n<div class=\"col-md-12\">\n<h3><strong>Scientific Meeting: New challenges in the delivery of local public services.<\/strong><\/h3>\n<p>On November 11th 2022, the government and markets group and the Observatory of Analysis and Evaluation of Public Policies of the University of Barcelona, organize an international scientific meeting to deal with new challenges in the delivery of local public services. The meeting will cover recent advances in the research of local government reforms (such as intermunicipal cooperation, privatization, remunicipalization, etc.) and recent or increasing challenges local administrations must face, such cost inflation hikes, ageing and climate change. The meeting will bring together European academic experts who will share their current and future research projects with the aim of promoting a research agenda on these topics for the coming years. Venue (Sala de Recepcions). Facultat d&#8217;Economia i empresa. Universitat de Barcelona. <a href=\"https:\/\/www.ub.edu\/gim\/showroom\/\" target=\"_blank\" rel=\"noopener\">WEB<\/a><\/p>\n<\/div>\n<\/div>\n<\/div>\n<div class=\"researcherslist\">\n<div class=\"row member\">\n<div class=\"col-md-12\">\n<p><strong><span style=\"color: #444444; font-family: Montserrat, Helvetica, Arial, sans-serif; font-size: 1.375rem;\">WORKSHOP \u201cPand\u00e8mies 2020: La sostenibilitat financera i ambiental de la mobilitat a Catalunya\u201d<\/span><\/strong><br \/>\n04\/11\/2022 Facultat d\u2019economia i Empresa de la Universitat de Barcelona. Sala de Recepcions. Workshop dedicat a la presentaci\u00f3 dels resultats del projecte de recerca Pand\u00e8mies 2020, finan\u00e7at per l&#8217;AGAUR. Amb la participaci\u00f3 dels diferents grups de recerca de diferents universitats catalanes participants del projecte. M\u00e9s informaci\u00f3 a la web de l&#8217;esdeveniment.\u00a0<a href=\"https:\/\/www.ub.edu\/oap\/workshop-pandemies-2020\/\" target=\"_blank\" rel=\"noopener\"> WEB<\/a><\/p>\n<p>Organitzen: Observatori d&#8217;an\u00e0lisi i avaluaci\u00f3 de pol\u00edtiques &amp; Grup de Recerca en Governs i Mercats.<\/p>\n<\/div>\n<\/div>\n<\/div>\n<div class=\"researcherslist\">\n<div class=\"row member\">\n<div class=\"col-md-12\">\n<h3><strong>XI WORKSHOP \u201cRESEARCH IN EVALUATION OF HEALTH POLICIES AND SERVICES\u201d<\/strong><\/h3>\n<p>06\/05\/2022 Facultat d\u2019economia i Empresa de la Universitat de Barcelona<\/p>\n<p>Co-organizers: Asociaci\u00f3n Espa\u00f1ola de Economia de la Salud (EVALUAES), GiM, Observatori d\u2019an\u00e0lisi i avaluaci\u00f3 de pol\u00edtiques p\u00fabliques, Institut d\u2019Economia de Barcelona.<\/p>\n<p><a href=\"https:\/\/www.aes.es\/docs\/xi-taller-evaluaes-programa.pdf\">https:\/\/www.aes.es\/docs\/xi-taller-evaluaes-programa.pdf<\/a><\/p>\n<\/div>\n<\/div>\n<\/div>\n<p>&nbsp;<\/p>\n","protected":false},"excerpt":{"rendered":"<p>2026 WORKSHOP ON ECONOMICS OF AGEING April 17, 2026. Universitat de Barcelona. We are pleased to announce the Workshop on Economics of Ageing, an event dedicated to advancing research at the intersection of ageing, health economics, and health policy. The workshop aims to bring together researchers, policymakers, and practitioners to&#8230;<\/p>\n","protected":false},"author":1,"featured_media":0,"parent":0,"menu_order":0,"comment_status":"closed","ping_status":"closed","template":"","meta":{"footnotes":""},"class_list":["post-22","page","type-page","status-publish","hentry"],"_links":{"self":[{"href":"https:\/\/www.ub.edu\/oap\/wp-json\/wp\/v2\/pages\/22","targetHints":{"allow":["GET"]}}],"collection":[{"href":"https:\/\/www.ub.edu\/oap\/wp-json\/wp\/v2\/pages"}],"about":[{"href":"https:\/\/www.ub.edu\/oap\/wp-json\/wp\/v2\/types\/page"}],"author":[{"embeddable":true,"href":"https:\/\/www.ub.edu\/oap\/wp-json\/wp\/v2\/users\/1"}],"replies":[{"embeddable":true,"href":"https:\/\/www.ub.edu\/oap\/wp-json\/wp\/v2\/comments?post=22"}],"version-history":[{"count":42,"href":"https:\/\/www.ub.edu\/oap\/wp-json\/wp\/v2\/pages\/22\/revisions"}],"predecessor-version":[{"id":1169,"href":"https:\/\/www.ub.edu\/oap\/wp-json\/wp\/v2\/pages\/22\/revisions\/1169"}],"wp:attachment":[{"href":"https:\/\/www.ub.edu\/oap\/wp-json\/wp\/v2\/media?parent=22"}],"curies":[{"name":"wp","href":"https:\/\/api.w.org\/{rel}","templated":true}]}}