{"id":411,"date":"2023-08-30T11:09:03","date_gmt":"2023-08-30T11:09:03","guid":{"rendered":"https:\/\/www.ub.edu\/oap\/?page_id=411"},"modified":"2023-09-19T07:18:56","modified_gmt":"2023-09-19T07:18:56","slug":"causal-inference-the-mixtape-by-scott-cunningham","status":"publish","type":"page","link":"https:\/\/www.ub.edu\/oap\/activitats\/causal-inference-the-mixtape-by-scott-cunningham\/","title":{"rendered":"CAUSAL INFERENCE: THE MIXTAPE by Scott Cunningham"},"content":{"rendered":"<h2 style=\"text-align: center;\"><strong><span style=\"color: #008000;\">CAUSAL INFERENCE WORKSHOP 2023: <\/span><\/strong><\/h2>\n<h2 style=\"text-align: center;\"><span style=\"color: #008000;\">The Mixtape by Scott Cunningham<\/span><\/h2>\n<h4 style=\"text-align: center;\">21-22 Setembre de 2022<\/h4>\n<h4 style=\"text-align: center;\">UB School of Economics &#8211;\u00a0Facultat d&#8217;Economia i Empresa<\/h4>\n<h4 style=\"text-align: center;\">Universitat de Barcelona<\/h4>\n<p>&nbsp;<\/p>\n<h4 style=\"text-align: center;\"><strong>Organitzadors: OAP &amp; GiM<\/strong><\/h4>\n<h4 style=\"text-align: center;\">Observatori d&#8217;An\u00e0lisi i Avaluaci\u00f3 de Pol\u00edtiques P\u00fabliques (OAP)<\/h4>\n<h4 style=\"text-align: center;\">&amp;<\/h4>\n<h4 style=\"text-align: center;\"><a href=\"https:\/\/www.ub.edu\/gim\/\" target=\"_blank\" rel=\"noopener\">Grup de Recerca en Governs i Mercats (GiM)<\/a><\/h4>\n<p>&nbsp;<\/p>\n<hr \/>\n<p><strong>PROGRAM<\/strong><\/p>\n<p>The workshop, that will be only in person, will include practicing exercises with STATA. Bring your laptop.<\/p>\n<p><i class=\"fas fa-arrow-right\"><\/i>Check the main <strong>readings: <a href=\"https:\/\/github.com\/Mixtape-Sessions\/Causal-Inference-2\/tree\/main\/Readings\" target=\"_blank\" rel=\"noopener\"><i class=\"fab fa-github\"><\/i><\/a><\/strong><\/p>\n<p>&nbsp;<\/p>\n<p><strong>Session Thursday 21\/9 &#8211; Advanced Difference-in-difference (Room: To Be Confirmed)\u00a0<\/strong><\/p>\n<p><span style=\"color: #008000;\">9:00 &#8211; 18:00<\/span><\/p>\n<ul>\n<li style=\"list-style-type: none;\">\n<ul>\n<li>Review: Potential outcomes, ATT, DiD and parallel trends.<\/li>\n<li>DiD &amp; Covariates: Covariates as correcting for parallel trends violations (Abadie 2005; Heckman, Ichimura and Todd 1997; Sant&#8217;Anna and Zhao 2020)<\/li>\n<li>DiD &amp; Differential timing: Reviewing the pathologies of two-way fixed effects with differential timing and correcting for it with new estimators (Goodman-Bacon, 2021, Callaway and Sant&#8217;Anna 2021; Sun and Abraham 2021; Borusyak, et al. 2023; Chaisemartin and D&#8217;Haultfoielle 2020).<\/li>\n<\/ul>\n<\/li>\n<\/ul>\n<p>&nbsp;<\/p>\n<p><strong>Session Friday 22\/9 &#8211; Synthetic Control (Room: To Be Confirmed)\u00a0<\/strong><\/p>\n<p><span style=\"color: #008000;\">9:00 &#8211; 13:00<\/span><\/p>\n<ul>\n<li style=\"list-style-type: none;\">\n<ul>\n<li>Non-negative weighting and interpolating with synthetic control (Abadie, et al.)<\/li>\n<li>Least negative weighting and extrapolating with synthetic control (Ben-Michael, et al.)<\/li>\n<li>Synthetic DiD (Arkhangelsky et al. 2021)<\/li>\n<\/ul>\n<\/li>\n<\/ul>\n<p>&nbsp;<\/p>\n<hr \/>\n<p>&nbsp;<\/p>\n<p>Registration required: See <a href=\"https:\/\/forms.gle\/vVYvwVN9jdnsphDKA\" target=\"_blank\" rel=\"noopener\">here<\/a> (<em>the number of spaces is limited and the Organization will prioritize\u00a0registration from profiles who might benefit more from this workshop, particularly, PhD candidates and post-docs<\/em>). The Workshop will be only in person.<\/p>\n<p>&nbsp;<\/p>\n<p style=\"text-align: center;\">Finan\u00e7ament:<\/p>\n<p><img loading=\"lazy\" decoding=\"async\" class=\"wp-image-351 alignleft\" src=\"https:\/\/www.ub.edu\/oap\/wp-content\/uploads\/2022\/11\/Generalitat-e1667664653373.jpg\" alt=\"\" width=\"268\" height=\"57\" srcset=\"https:\/\/www.ub.edu\/oap\/wp-content\/uploads\/2022\/11\/Generalitat-e1667664653373.jpg 500w, https:\/\/www.ub.edu\/oap\/wp-content\/uploads\/2022\/11\/Generalitat-e1667664653373-300x64.jpg 300w\" sizes=\"auto, (max-width: 268px) 100vw, 268px\" \/> <img loading=\"lazy\" decoding=\"async\" class=\"wp-image-294 alignleft\" src=\"https:\/\/www.ub.edu\/oap\/wp-content\/uploads\/2022\/09\/Logo-png.png\" alt=\"\" width=\"157\" height=\"54\" data-wp-editing=\"1\" srcset=\"https:\/\/www.ub.edu\/oap\/wp-content\/uploads\/2022\/09\/Logo-png.png 932w, https:\/\/www.ub.edu\/oap\/wp-content\/uploads\/2022\/09\/Logo-png-300x103.png 300w, https:\/\/www.ub.edu\/oap\/wp-content\/uploads\/2022\/09\/Logo-png-768x263.png 768w\" sizes=\"auto, (max-width: 157px) 100vw, 157px\" \/><\/p>\n","protected":false},"excerpt":{"rendered":"<p>CAUSAL INFERENCE WORKSHOP 2023: The Mixtape by Scott Cunningham 21-22 Setembre de 2022 UB School of Economics &#8211;\u00a0Facultat d&#8217;Economia i Empresa Universitat de Barcelona &nbsp; Organitzadors: OAP &amp; GiM Observatori d&#8217;An\u00e0lisi i Avaluaci\u00f3 de Pol\u00edtiques P\u00fabliques (OAP) &amp; Grup de Recerca en Governs i Mercats (GiM) &nbsp; PROGRAM The workshop,&#8230;<\/p>\n","protected":false},"author":2,"featured_media":347,"parent":22,"menu_order":0,"comment_status":"closed","ping_status":"closed","template":"","meta":{"footnotes":""},"class_list":["post-411","page","type-page","status-publish","has-post-thumbnail","hentry"],"_links":{"self":[{"href":"https:\/\/www.ub.edu\/oap\/wp-json\/wp\/v2\/pages\/411","targetHints":{"allow":["GET"]}}],"collection":[{"href":"https:\/\/www.ub.edu\/oap\/wp-json\/wp\/v2\/pages"}],"about":[{"href":"https:\/\/www.ub.edu\/oap\/wp-json\/wp\/v2\/types\/page"}],"author":[{"embeddable":true,"href":"https:\/\/www.ub.edu\/oap\/wp-json\/wp\/v2\/users\/2"}],"replies":[{"embeddable":true,"href":"https:\/\/www.ub.edu\/oap\/wp-json\/wp\/v2\/comments?post=411"}],"version-history":[{"count":39,"href":"https:\/\/www.ub.edu\/oap\/wp-json\/wp\/v2\/pages\/411\/revisions"}],"predecessor-version":[{"id":506,"href":"https:\/\/www.ub.edu\/oap\/wp-json\/wp\/v2\/pages\/411\/revisions\/506"}],"up":[{"embeddable":true,"href":"https:\/\/www.ub.edu\/oap\/wp-json\/wp\/v2\/pages\/22"}],"wp:featuredmedia":[{"embeddable":true,"href":"https:\/\/www.ub.edu\/oap\/wp-json\/wp\/v2\/media\/347"}],"wp:attachment":[{"href":"https:\/\/www.ub.edu\/oap\/wp-json\/wp\/v2\/media?parent=411"}],"curies":[{"name":"wp","href":"https:\/\/api.w.org\/{rel}","templated":true}]}}