{"id":3500,"date":"2024-07-12T15:33:14","date_gmt":"2024-07-12T15:33:14","guid":{"rendered":"https:\/\/www.ub.edu\/opensystems\/publications-2-2\/"},"modified":"2024-07-30T15:14:17","modified_gmt":"2024-07-30T15:14:17","slug":"publications","status":"publish","type":"page","link":"https:\/\/www.ub.edu\/opensystems\/es\/publications\/","title":{"rendered":"Publicaciones"},"content":{"rendered":"\n<p><strong>Peer-reviewed scientific publications<\/strong><\/p>\n\n\n\n<p><br>Paez, R., Valtchanova, M., Larroya, F., Perell\u00f3, J. (2024). Maps as design tools: Space, time and experience. In The Routledge Handbook of Cartographic Humanities (pp. 172-181). Routledge. <a href=\"https:\/\/doi.org\/10.4324\/9781003327578\">https:\/\/doi.org\/10.4324\/9781003327578<\/a><\/p>\n\n\n\n<p><br>Perell\u00f3, J., Larroya, F., Bonhoure, I., Peter, F. (2024). Citizen science for social physics: Digital tools and participation. <em>The European Physical Journal Plus<\/em> <strong>139<\/strong>, 572. <a href=\"https:\/\/doi.org\/10.1140\/epjp\/s13360-024-05336-3\">https:\/\/doi.org\/10.1140\/epjp\/s13360-024-05336-3<\/a><\/p>\n\n\n\n<p><br>Bonhoure, I., Cigarini, A., Vicens, J., Mitats, B., Perell\u00f3, J. (2023). Reformulating computational social science with citizen social science: the case of a community-based mental health care research. <em>Humanities and Social Sciences Communications<\/em> <strong>10<\/strong>, 81. <a href=\"https:\/\/doi.org\/10.1057\/s41599-023-01577-2\">https:\/\/doi.org\/10.1057\/s41599-023-01577-2<\/a><\/p>\n\n\n\n<p><br>Larroya, F., D\u00edaz, O., Sagarra, O., Colomer Sim\u00f3n, P., Ferr\u00e9, S., Moro, E., Perell\u00f3, J. (2023).&nbsp;Home-to-school pedestrian mobility GPS data from a citizen science experiment in the Barcelona area.&nbsp;<em>Scientific Data<\/em>&nbsp;<strong>10<\/strong>, 428. <a href=\"https:\/\/doi.org\/10.1038\/s41597-023-02328-3\">https:\/\/doi.org\/10.1038\/s41597-023-02328-3<\/a><\/p>\n\n\n\n<p><br>Perell\u00f3, J. (2022). New knowledge environments: On the possibility of a citizen social science. <em>M\u00e8tode Science Studies Journal<\/em> <strong>12<\/strong>, 24-31. <a href=\"https:\/\/doi.org\/10.7203\/metode.12.18136\">https:\/\/doi.org\/10.7203\/metode.12.18136<\/a><\/p>\n\n\n\n<p><br>Cigarini, A., Bonhoure, I., Vicens, J., Perell\u00f3, J. (2022). Citizen science at public libraries: Data on librarians and users perceptions of participating in a citizen science project in Catalunya, Spain. <em>Data in Brief<\/em> <strong>40<\/strong>, 107713. <a href=\"https:\/\/doi.org\/10.1016\/j.dib.2021.107713\">https:\/\/doi.org\/10.1016\/j.dib.2021.107713<\/a><\/p>\n\n\n\n<p><br>Cigarini, A., Bonhoure, I., Vicens, J., Perell\u00f3, J. (2021). Public libraries embrace citizen science: Strengths and challenges. <em>Library &amp; Information Science Research<\/em> <strong>43<\/strong>, 101090. <a href=\"https:\/\/doi.org\/10.1016\/j.lisr.2021.101090\">https:\/\/doi.org\/10.1016\/j.lisr.2021.101090<\/a><\/p>\n\n\n\n<p><br>Perell\u00f3, J., Cigarini, A., Vicens, J., Bonhoure, I., Rojas-Rueda, D., Nieuwenhuijsen, M. J., Cirach, M., Daher, C., Targa, J., Ripoll, A. (2021). Large-scale citizen science provides high-resolution nitrogen dioxide values and health impact while enhancing community knowledge and collective action. <em>Science of the Total Environment<\/em> <strong>789<\/strong>, 147750. <a href=\"https:\/\/doi.org\/10.1016\/j.scitotenv.2021.147750\">https:\/\/doi.org\/10.1016\/j.scitotenv.2021.147750<\/a><\/p>\n\n\n\n<p><br>Perell\u00f3, J., Cigarini, A., Vicens, J., Bonhoure, I., Rojas-Rueda, D., Nieuwenhuijsen, M. J., Cirach, M., Daher, C., Targa, J., Ripoll, A. (2021). Data set from large-scale citizen science provides high-resolution nitrogen dioxide values for enhancing community knowledge and collective action to related health issues. <em>Data in Brief<\/em> <strong>37<\/strong>, 107269. <a href=\"https:\/\/doi.org\/10.1016\/j.dib.2021.107269\">https:\/\/doi.org\/10.1016\/j.dib.2021.107269<\/a><\/p>\n\n\n\n<p><br>Perell\u00f3, J., Targa, J., Daher, C., Alonso, M., Francis, L., Masha-Caminals, A., Bonhoure, I., Cigarini, A., Vicens, J., Carrasco-Turigas, G. (2021). Large-scale citizen science protocol provides high-resolution nitrogen dioxide values while enhancing community knowledge and collective action. <em>MethodsX<\/em> <strong>8<\/strong>, 101475. <a href=\"https:\/\/doi.org\/10.1016\/j.mex.2021.101475\">https:\/\/doi.org\/10.1016\/j.mex.2021.101475<\/a><\/p>\n\n\n\n<p><br>Vohland, K., Land-Zandstra, A., Ceccaroni, L., Lemmens, R., Perell\u00f3, J., Ponti,&nbsp;M., Samson,&nbsp;R., Wagenknecht, K., Eds. (2021). <em>The Science of Citizen Science<\/em> (p. 529). Springer Cham. <a href=\"https:\/\/doi.org\/10.1007\/978-3-030-58278-4\">https:\/\/doi.org\/10.1007\/978-3-030-58278-4<\/a><\/p>\n\n\n\n<p><br>Vohland, K., Land-Zandstra, A., Ceccaroni, L., Lemmens, R., Perell\u00f3, J., Ponti, M., Samson, R., Wagenknecht, K. (2021). Editorial: The Science of Citizen Science Evolves<em>. <\/em>In: Vohland K. et al. (Eds). 2021. The Science of Citizen Science. Springer Cham. pp: 1-12. <a href=\"https:\/\/doi.org\/10.1007\/978-3-030-58278-4_1\">https:\/\/doi.org\/10.1007\/978-3-030-58278-4_1<\/a><\/p>\n\n\n\n<p><br>Albert, A., Bal\u00e1zs, B., Butkevi\u010dien\u0117, E., Mayer, K., Perell\u00f3, J. (2021). Citizen social science: New and established approaches to participation in social research.&nbsp;Chapter 7. In: Vohland K. et al. (Eds). 2021. The Science of Citizen Science. Springer Cham. pp: 119-138.<a href=\"https:\/\/doi. org\/10.1007\/978-3-030-58278-4\"> https:\/\/doi.org\/10.1007\/978-3-030-58278-4_7<\/a><\/p>\n\n\n\n<p><br>Senabre Hidalgo, E., Perell\u00f3, J., Becker, F., Bonhoure, I., Legris, M., Cigarini, A. (2021). Participation and co-creation in citizen science.&nbsp;Chapter 11<em>. <\/em>In: Vohland K. et al. (Eds). 2021. The Science of Citizen Science. Springer Cham. pp. 199-218. <a href=\"https:\/\/doi.org\/10.1007\/978-3-030-58278-4_11\">https:\/\/doi.org\/10.1007\/978-3-030-58278-4_11<\/a><br><\/p>\n\n\n\n<p><br>Tauginien\u0117, L., Hummer, P., Albert, A., Cigarini, A., Vohland, K. (2021). Ethical Challenges and Dynamic Informed Consent.&nbsp;Chapter 20. In: Vohland K. et al. (Eds). 2021. The Science of Citizen Science. Springer Cham. pp. 397\u2013416. <a href=\"https:\/\/doi.org\/10.1007\/978-3-030-58278-4_20\">https:\/\/doi.org\/10.1007\/978-3-030-58278-4_20<\/a><br><\/p>\n\n\n\n<p><br>Perell\u00f3, J., Klimczuk, A., Land-Zandstra, A., Vohland, K., Wagenknecht, K., Narraway, C., Lemmens, R.,  Ponti, M. (2021). Ethical Challenges and Dynamic Informed Consent.&nbsp;Chapter 26. In: Vohland K. et al. (Eds). The Science of Citizen Science. Springer Cham. pp. 517-529.<a href=\"https:\/\/doi.org\/10.1007\/978-3-030-58278-4_20\"> https:\/\/doi.org\/10.1007\/978-3-030-58278-4_26<\/a><\/p>\n\n\n\n<p><br>Sauermann, H., Vohland, K., Antoniou, V., Bal\u00e1zs, B., G\u00f6bel, C., Karatzas, K., Mooney, P., Perell\u00f3, J., Ponti, M., Samson, R. &amp; Winter, S. (2020). Citizen science and sustainability transitions. <em>Research Policy<\/em> <strong>49<\/strong>, 103978. <a href=\"https:\/\/doi.org\/10.1016\/j.respol.2020.103978\">https:\/\/doi.org\/10.1016\/j.respol.2020.103978<\/a><\/p>\n\n\n\n<p><br>Cigarini, A., Vicens, J., &amp; Perell\u00f3, J. (2020). Gender-based pairings influence cooperative expectations and behaviours. Scientific Reports <strong>10<\/strong>, 1041. <a href=\"https:\/\/doi.org\/10.1038\/s41598-020-57749-6\">https:\/\/doi.org\/10.1038\/s41598-020-57749-6<\/a><\/p>\n\n\n\n<p><br>Gresle, A.S., Cigarini, A., de la Torre Avila, L., Jimeno, I., Bagnoli, F., Dempere, H., Ribera, M., Puertas, E., Perell\u00f3, J., Pinazo, M.J. (2019) An Innovative Online Tool to Self-evaluate and Compare Participatory Research Projects Labelled as Science Shops or Citizen Science. In: El Yacoubi S., Bagnoli F., Pacini G. (eds) Internet Science. INSCI 2019. Lecture Notes in Computer Science, vol 11938. Springer, Cham. <a href=\"https:\/\/doi.org\/10.1007\/978-3-030-34770-3_5\">https:\/\/doi.org\/10.1007\/978-3-030-34770-3_5<\/a><\/p>\n\n\n\n<p><br>Cigarini, A., Vicens, J., Duch, J., S\u00e1nchez, A., &amp; Perell\u00f3, J. (2018). Quantitative account of social interactions in a mental health care ecosystem: cooperation, trust and collective action. <em>Scientific Reports<\/em> <strong>8<\/strong>, 3794. <a href=\"https:\/\/doi.org\/10.1038\/s41598-018-21900-1\">https:\/\/doi.org\/10.1038\/s41598-018-21900-1<\/a><\/p>\n\n\n\n<p><br>Vicens, J., Perell\u00f3, J., &amp; Duch, J. (2018). Citizen Social Lab: A digital platform for human behavior experimentation within a citizen science framework. <em>PloS one<\/em> <strong>13<\/strong>(12), e0207219. <a href=\"https:\/\/doi.org\/10.1371\/journal.pone.0207219\">https:\/\/doi.org\/10.1371\/journal.pone.0207219<\/a><\/p>\n\n\n\n<p><br>Senabre, E., Ferran-Ferrer, N., &amp; Perell\u00f3, J. (2018). Participatory design of citizen science experiments. Comunicar. <em>Media Education Research Journal<\/em> <strong>26<\/strong>(1), 29-38. <a href=\"https:\/\/doi.org\/10.3916\/C54-2018-03\">https:\/\/doi.org\/10.3916\/C54-2018-03 <\/a><\/p>\n\n\n\n<p><br>Vicens, J., Bueno-Guerra, N., Guti\u00e9rrez-Roig, M., Gracia-L\u00e1zaro, C., G\u00f3mez-Garde\u00f1es, J., Perell\u00f3, J., S\u00e1nchez, A., Moreno, Y. &amp; Duch, J. (2018). Resource heterogeneity leads to unjust effort distribution in climate change mitigation. <em>PloS one<\/em> <strong>13<\/strong>(10), e0204369. <a href=\"https:\/\/doi.org\/10.1371\/journal.pone.0204369\">https:\/\/doi.org\/10.1371\/journal.pone.0204369<\/a><\/p>\n\n\n\n<p><br>Perell\u00f3, J., Ferran-Ferrer, N., Ferr\u00e9, S., Pou, T., &amp; Bonhoure, I. (2017). High motivation and relevant scientific competencies through the introduction of citizen science at Secondary schools: An assessment using a rubric model. In Citizen Inquiry (pp. 150-175). Routledge. <a href=\"https:\/\/doi.org\/10.5281\/zenodo.1156535\">https:\/\/doi.org\/10.5281\/zenodo.1156535<\/a><\/p>\n\n\n\n<p><br>Brzozowy, M., Ho\u0142ownicka, K., Bzdak, J., Tornese, P., Lupia\u00f1ez-Villanueva, F., Vovk, N., S\u00e1enz de la Torre, J.J., Perell\u00f3, J., Bonhoure, I., Panou, E., Bampasidis, G., Verdis, A. Papaspirou, P., Kasoutas, M., Vlachos, I., Kokkotas, S., Moussas X. &amp; Bampasidis, G. (2017, March). Making STEM education attractive for young people by presenting key scientific challenges and their impact on our life and career perspectives. In Proceedings of the 11th International Technology, Education and Development Conference (INTED2017) (pp. 9948-9957). <a href=\"https:\/\/doi.org\/10.21125\/inted.2017.2374\">https:\/\/doi.org\/10.21125\/inted.2017.2374<\/a><\/p>\n\n\n\n<p><br>Poncela-Casasnovas, J., Guti\u00e9rrez-Roig, M., Gracia-L\u00e1zaro, C., Vicens, J., G\u00f3mez-Garde\u00f1es, J., Perell\u00f3, J., Moreno, Y., Duch, J. &amp; S\u00e1nchez, A. (2016). Humans display a reduced set of consistent behavioral phenotypes in dyadic games. <em>Science Advances<\/em> <strong>2<\/strong>(8), e1600451. <a href=\"https:\/\/doi.org\/10.1126\/sciadv.1600451\">https:\/\/doi.org\/10.1126\/sciadv.1600451<\/a><\/p>\n\n\n\n<p><br>Guti\u00e9rrez-Roig, M., Sagarra, O., Oltra, A., Palmer, J. R., Bartumeus, F., D\u00edaz-Guilera, A., &amp; Perell\u00f3, J. (2016). Active and reactive behaviour in human mobility: the influence of attraction points on pedestrians. <em>Royal Society Open Science<\/em> <strong>3<\/strong>(7), 160177. <a href=\"https:\/\/doi.org\/10.1098\/rsos.160177\">https:\/\/doi.org\/10.1098\/rsos.160177<\/a><\/p>\n\n\n\n<p><br>Sagarra, O., Guti\u00e9rrez-Roig, M., Bonhoure, I., &amp; Perell\u00f3, J. (2016). Citizen science practices for computational social science research: The conceptualization of pop-up experiments. <em>Frontiers in Physics<\/em> <strong>3<\/strong>, 93. <a href=\"https:\/\/doi.org\/10.3389\/fphy.2015.00093\">https:\/\/doi.org\/10.3389\/fphy.2015.00093<\/a><\/p>\n\n\n\n<p><br>Guti\u00e9rrez-Roig, M., Segura, C., Duch, J., &amp; Perell\u00f3, J. (2016). Market imitation and win-stay lose-shift strategies emerge as unintended patterns in market direction guesses. <em>PloS one<\/em> <strong>11<\/strong>(8), e0159078. <a href=\"https:\/\/doi.org\/10.1371\/journal.pone.0159078\">https:\/\/doi.org\/10.1371\/journal.pone.0159078<\/a><\/p>\n\n\n\n<p><br>Guti\u00e9rrez-Roig, M., Gracia-L\u00e1zaro, C., Perell\u00f3, J., Moreno, Y., &amp; S\u00e1nchez, A. (2014). Transition from reciprocal cooperation to persistent behaviour in social dilemmas at the end of adolescence. <em>Nature Communications<\/em> <strong>5<\/strong>, 4362. <a href=\"https:\/\/doi.org\/10.1038\/ncomms5362\">https:\/\/doi.org\/10.1038\/ncomms5362<\/a><\/p>\n\n\n\n<p><br>Perell\u00f3, J., Murray-Rust, D., Nowak, A., &amp; Bishop, S. R. (2012). Linking science and arts: Intimate science, shared spaces and living experiments. <em>The European Physical Journal Special Topics<\/em> <strong>214<\/strong>(1), 597-634. <a href=\"https:\/\/doi.org\/10.1140\/epjst\/e2012-01707-y\">https:\/\/doi.org\/10.1140\/epjst\/e2012-01707-y<\/a><\/p>\n","protected":false},"excerpt":{"rendered":"<p>Peer-reviewed scientific publications Paez, R., Valtchanova, M., Larroya, F., Perell\u00f3, J. (2024). Maps as design tools: Space, time and experience. In The Routledge Handbook of Cartographic Humanities (pp. 172-181). Routledge. https:\/\/doi.org\/10.4324\/9781003327578 Perell\u00f3, J., Larroya, F., Bonhoure, I., Peter, F. (2024). Citizen science for social physics: Digital tools and participation. The European Physical Journal Plus 139, [&hellip;]<\/p>\n","protected":false},"author":1,"featured_media":0,"parent":0,"menu_order":0,"comment_status":"closed","ping_status":"closed","template":"","meta":{"_acf_changed":false,"footnotes":""},"class_list":["post-3500","page","type-page","status-publish","hentry"],"acf":[],"_links":{"self":[{"href":"https:\/\/www.ub.edu\/opensystems\/es\/wp-json\/wp\/v2\/pages\/3500"}],"collection":[{"href":"https:\/\/www.ub.edu\/opensystems\/es\/wp-json\/wp\/v2\/pages"}],"about":[{"href":"https:\/\/www.ub.edu\/opensystems\/es\/wp-json\/wp\/v2\/types\/page"}],"author":[{"embeddable":true,"href":"https:\/\/www.ub.edu\/opensystems\/es\/wp-json\/wp\/v2\/users\/1"}],"replies":[{"embeddable":true,"href":"https:\/\/www.ub.edu\/opensystems\/es\/wp-json\/wp\/v2\/comments?post=3500"}],"version-history":[{"count":4,"href":"https:\/\/www.ub.edu\/opensystems\/es\/wp-json\/wp\/v2\/pages\/3500\/revisions"}],"predecessor-version":[{"id":4366,"href":"https:\/\/www.ub.edu\/opensystems\/es\/wp-json\/wp\/v2\/pages\/3500\/revisions\/4366"}],"wp:attachment":[{"href":"https:\/\/www.ub.edu\/opensystems\/es\/wp-json\/wp\/v2\/media?parent=3500"}],"curies":[{"name":"wp","href":"https:\/\/api.w.org\/{rel}","templated":true}]}}