{"id":35446,"date":"2022-01-01T10:51:20","date_gmt":"2022-01-01T10:51:20","guid":{"rendered":"https:\/\/www.ub.edu\/ossma\/derecho-informacion-relativo-datos-personales"},"modified":"2023-03-28T11:14:07","modified_gmt":"2023-03-28T11:14:07","slug":"derecho-informacion-relativo-datos-personales","status":"publish","type":"page","link":"https:\/\/www.ub.edu\/ossma\/es\/derecho-informacion-relativo-datos-personales","title":{"rendered":"Derecho de informaci\u00f3n relativo al tratamiento de datos personales"},"content":{"rendered":"\n<figure class=\"wp-block-table is-style-stripes\"><table><tbody><tr><td><strong>Responsable del tratamiento<\/strong><\/td><td>Secretar\u00eda General de la Universidad de Barcelona<br\/>Gran Via de les Corts Catalanes, 585, 08007<br\/> Barcelona <a href=\"mailto:secretaria.general@ub.edu\">secretaria.general@ub.edu<\/a><\/td><\/tr><tr><td><strong>Finalidad del tratamiento<\/strong><\/td><td>Gestionar la prevenci\u00f3n de riesgos laborales.<\/td><\/tr><tr><td><strong>Base jur\u00eddica<\/strong><\/td><td>Cumplimiento de una obligaci\u00f3n legal: Ley 31\/1995, de 8 de noviembre, de prevenci\u00f3n de riesgos laborales.<\/td><\/tr><tr><td><strong>Plazo de conservaci\u00f3n de los datos<\/strong><\/td><td>Se conservar\u00e1n durante el tiempo necesario para cumplir la finalidad por la que fueron recogidas y para determinar las posibles responsabilidades que pudieran derivarse.<\/td><\/tr><tr><td><strong>Destinatarios<\/strong><\/td><td>Los destinatarios de los datos son la propia universidad y, si los hubiere, los encargados de tratamiento. No se contempla la cesi\u00f3n de datos a terceros, salvo que sea obligaci\u00f3n legal.<\/td><\/tr><tr><td><strong>Derechos de las personas<\/strong><\/td><td>Puede acceder a sus datos, solicitar su rectificaci\u00f3n, supresi\u00f3n, oposici\u00f3n, portabilidad o limitaci\u00f3n, mediante un escrito dirigido a la Secretar\u00eda General de la Universidad de Barcelona por correo postal (Gran Via de les Corts Catalanas, 585, 08007 (Barcelona), o por correo electr\u00f3nico (<a href=\"mailto:secretaria.general@ub.edu\">secretaria.general@ub.edu<\/a>). Es necesario adjuntar una fotocopia del DNI o de otro documento v\u00e1lido que le identifique.<\/td><\/tr><tr><td><strong>Delegado de protecci\u00f3n de datos<\/strong><\/td><td>Si considera que sus derechos no se han atendido adecuadamente puede comunicarlo al delegado de protecci\u00f3n de datos de la Universidad de Barcelona por correo postal (Gran V\u00eda de las Cortes Catalanas, 585, 08007 Barcelona) o por correo electr\u00f3nico (<a href=\"mailto:protecciodedades@ub.edu\">protecciodedades@ub.edu<\/a>).<\/td><\/tr><tr><td><strong>Autoridad de control<\/strong><\/td><td>Tambi\u00e9n puede presentar una reclamaci\u00f3n ante la Autoridad Catalana de Protecci\u00f3n de Datos.<\/td><\/tr><\/tbody><\/table><\/figure>\n","protected":false},"excerpt":{"rendered":"<figure class=\"wp-block-table is-style-stripes\">\n<table>\n<tbody>\n<tr>\n<td><strong>Responsable del tratamiento<\/strong><\/td>\n<td>Secretar\u00eda General de la Universidad de Barcelona<br \/>Gran Via de les Corts Catalanes, 585, 08007<br \/> Barcelona <a href=\"mailto:secretaria.general@ub.edu\">secretaria.general@ub.edu<\/a><\/td>\n<\/tr>\n<tr>\n<td><strong>Finalidad del tratamiento<\/strong><\/td>\n<td>Gestionar la prevenci\u00f3n de riesgos laborales.<\/td>\n<\/tr>\n<tr>\n<td><strong>Base jur\u00eddica<\/strong><\/td>\n<td>Cumplimiento de una obligaci\u00f3n legal: Ley 31\/1995, de 8 de noviembre, de prevenci\u00f3n de riesgos laborales.<\/td>\n<\/tr>\n<tr>\n<td><strong>Plazo de conservaci\u00f3n de los datos<\/strong><\/td>\n<td>Se conservar\u00e1n durante el tiempo necesario para cumplir la finalidad por la que fueron recogidas y para determinar las posibles responsabilidades que pudieran derivarse.<\/td>\n<\/tr>\n<tr>\n<td><strong>Destinatarios<\/strong><\/td>\n<td>Los destinatarios de los datos son la propia universidad y, si los hubiere, los encargados de tratamiento. No se contempla la cesi\u00f3n de datos a terceros, salvo que sea obligaci\u00f3n legal.<\/td>\n<\/tr>\n<tr>\n<td><strong>Derechos de las personas<\/strong><\/td>\n<td>Puede acceder a sus datos, solicitar su rectificaci\u00f3n, supresi\u00f3n, oposici\u00f3n, portabilidad o limitaci\u00f3n, mediante un escrito dirigido a la Secretar\u00eda General de la Universidad de Barcelona por correo postal (Gran Via de les Corts Catalanas, 585, 08007 (Barcelona), o por correo electr\u00f3nico (<a href=\"mailto:secretaria.general@ub.edu\">secretaria.general@ub.edu<\/a>). Es necesario adjuntar una fotocopia del DNI o de otro documento v\u00e1lido que le identifique.<\/td>\n<\/tr>\n<tr>\n<td><strong>Delegado de protecci\u00f3n de datos<\/strong><\/td>\n<td>Si considera que sus derechos no se han atendido adecuadamente puede comunicarlo al delegado de protecci\u00f3n de datos de la Universidad de Barcelona por correo postal (Gran V\u00eda de las Cortes Catalanas, 585, 08007 Barcelona) o por correo electr\u00f3nico (<a href=\"mailto:protecciodedades@ub.edu\">protecciodedades@ub.edu<\/a>).<\/td>\n<\/tr>\n<tr>\n<td><strong>Autoridad de control<\/strong><\/td>\n<td>Tambi\u00e9n puede presentar una reclamaci\u00f3n ante la Autoridad Catalana de Protecci\u00f3n de Datos.<\/td>\n<\/tr>\n<\/tbody>\n<\/table>\n<\/figure>\n","protected":false},"author":1,"featured_media":0,"parent":0,"menu_order":0,"comment_status":"closed","ping_status":"closed","template":"","meta":{"advgb_blocks_editor_width":"","advgb_blocks_columns_visual_guide":"","footnotes":""},"class_list":["post-35446","page","type-page","status-publish"],"coauthors":[],"author_meta":{"author_link":"https:\/\/www.ub.edu\/ossma\/es\/author\/ossmau1","display_name":"OSSMA"},"relative_dates":{"created":"Publicado 4 a\u00f1os hace","modified":"Actualizado 3 a\u00f1os hace"},"absolute_dates":{"created":"Publicado el 1 de enero de 2022","modified":"Actualizado el 28 de marzo de 2023"},"absolute_dates_time":{"created":"Publicado el 1 de enero de 2022 10:51","modified":"Actualizado el 28 de marzo de 2023 11:14"},"featured_img_caption":"","featured_img":false,"series_order":"","_links":{"self":[{"href":"https:\/\/www.ub.edu\/ossma\/es\/wp-json\/wp\/v2\/pages\/35446","targetHints":{"allow":["GET"]}}],"collection":[{"href":"https:\/\/www.ub.edu\/ossma\/es\/wp-json\/wp\/v2\/pages"}],"about":[{"href":"https:\/\/www.ub.edu\/ossma\/es\/wp-json\/wp\/v2\/types\/page"}],"author":[{"embeddable":true,"href":"https:\/\/www.ub.edu\/ossma\/es\/wp-json\/wp\/v2\/users\/1"}],"replies":[{"embeddable":true,"href":"https:\/\/www.ub.edu\/ossma\/es\/wp-json\/wp\/v2\/comments?post=35446"}],"version-history":[{"count":2,"href":"https:\/\/www.ub.edu\/ossma\/es\/wp-json\/wp\/v2\/pages\/35446\/revisions"}],"predecessor-version":[{"id":46714,"href":"https:\/\/www.ub.edu\/ossma\/es\/wp-json\/wp\/v2\/pages\/35446\/revisions\/46714"}],"wp:attachment":[{"href":"https:\/\/www.ub.edu\/ossma\/es\/wp-json\/wp\/v2\/media?parent=35446"}],"curies":[{"name":"wp","href":"https:\/\/api.w.org\/{rel}","templated":true}]}}