{"id":35745,"date":"2022-01-27T10:16:48","date_gmt":"2022-01-27T10:16:48","guid":{"rendered":"https:\/\/www.ub.edu\/ossma\/atencion-social\/recursos\/personas-com-dependencia"},"modified":"2024-02-06T18:31:11","modified_gmt":"2024-02-06T18:31:11","slug":"personas-com-dependencia","status":"publish","type":"page","link":"https:\/\/www.ub.edu\/ossma\/es\/atencion-social\/recursos\/personas-com-dependencia","title":{"rendered":"Personas dependientes"},"content":{"rendered":"\n<p><a id=\"inici\" name=\"inici\"><\/a>La Unidad de Atenci\u00f3n Social prestar\u00e1 ayuda y asesoramiento a cualquier trabajador de la Universidad que, en un momento determinado, pueda encontrarse frente a una problem\u00e1tica relacionada con la Ley de la Dependencia.<\/p>\n\n<div class=\"wp-block-advgb-summary alignnone\" id=\"inici\"><div class=\"advgb-toc-header collapsed\">Apartats<\/div><ul class=\"advgb-toc alignnone\" style=\"display:none\"><li class=\"toc-level-1\"><a href=\"#la-llei-de-dependencia-a39997e3-851a-4934-b82f-c50e0ea0976d\">La ley de dependencia<\/a><\/li><li class=\"toc-level-2\"><a href=\"#qui-son-les-persones-destinataries-a2157db2-f8b9-4404-8c43-042aaea79c45\">\u00bfQui\u00e9nes son las personas destinatarias?<\/a><\/li><li class=\"toc-level-2\"><a href=\"#graus-de-dependencia-763beca1-d070-4acc-8c9b-cac095ea9fb6\">Grados de dependencia<\/a><\/li><li class=\"toc-level-2\"><a href=\"#serveis-i-prestacions-4ec7b1a8-ec77-4b07-97d2-3e8b43ae9c15\">Servicios y prestaciones<\/a><\/li><li class=\"toc-level-2\"><a href=\"#informacio-i-recollida-de-sollicituds-ee02aa53-207c-4e9b-8ee9-0d7c960bb73b\">Informaci\u00f3n y recogida de solicitudes<\/a><\/li><li class=\"toc-level-2\"><a href=\"#entrega-de-les-sollicituds-5477d3c3-d69a-4a58-8f38-83263d9858f8\">Entrega de les solicitudes<\/a><\/li><li class=\"toc-level-1\"><a href=\"#telealarma\">Telealarma i teleasistencia<\/a><\/li><li class=\"toc-level-2\"><a href=\"#a-qui-va-dirigit-e8f384a3-baed-4094-aeed-3d79e679fe3e\">\u00bfA qui\u00e9n va dirigido?<\/a><\/li><li class=\"toc-level-1\"><a href=\"#campanya-know-alzheimer-99fe03f0-f7c6-4936-b9bc-2032ad962f42\">Campa\u00f1a Know Alzheimer<\/a><\/li><li class=\"toc-level-1\"><a href=\"#publicacions\">Publicaciones<\/a><\/li><\/ul><\/div>\n\n<p><a id=\"llei\" name=\"llei\"><\/a><\/p>\n\n<h2 class=\"wp-block-heading\" id=\"la-llei-de-dependencia-a39997e3-851a-4934-b82f-c50e0ea0976d\">La ley de dependencia<\/h2>\n\n<p><strong>Ley 39\/2006, de 14 de diciembre de Promoci\u00f3n de la Autonom\u00eda Personal y Atenci\u00f3n a las personas en situaci\u00f3n de dependencia<\/strong>.<\/p>\n\n<p>La Ley de la Dependencia pretende regular las condiciones b\u00e1sicas para promocionar la autonom\u00eda personal y la protecci\u00f3n de las personas en situaci\u00f3n de dependencia.<\/p>\n\n<h3 class=\"wp-block-heading\" id=\"qui-son-les-persones-destinataries-a2157db2-f8b9-4404-8c43-042aaea79c45\">\u00bfQui\u00e9nes son las personas destinatarias?<\/h3>\n\n<ul class=\"wp-block-list\">\n<li>Quien se encuentre en una situaci\u00f3n de dependencia en algunos de los grados establecidos.<\/li>\n\n\n\n<li>Residentes en territorio espa\u00f1ol.<\/li>\n<\/ul>\n\n<h3 class=\"wp-block-heading\" id=\"graus-de-dependencia-763beca1-d070-4acc-8c9b-cac095ea9fb6\">Grados de dependencia<\/h3>\n\n<p>Se establecen tres grados de dependencia en relaci\u00f3n a la necesidad de ayuda que tiene una persona para llevar a cabo las actividades b\u00e1sicas de la vida diaria.<\/p>\n\n<ul class=\"wp-block-list\">\n<li>Grado I de dependencia moderada: cuando la persona necesita ayuda al menos una vez al d\u00eda o tiene necesidades de ayuda intermitente o limitada por su autonom\u00eda personal (de 25 a 49 puntos en el BVD).<\/li>\n\n\n\n<li>Grado II de dependencia severa: cuando la persona necesita ayuda dos o tres veces al d\u00eda, pero no requiere la presencia permanente de alguien que la cuide, o tiene necesidades de ayuda extensa para su autonom\u00eda personal (de 50 a 74 puntos en el BVD).<\/li>\n\n\n\n<li>Grado III de gran dependencia: cuando la persona necesita ayuda varias veces al d\u00eda y, debido a su p\u00e9rdida total de autonom\u00eda mental o f\u00edsica, necesita la presencia indispensable y continua de otra persona o tiene necesidad de ayuda generalizada para la su autonom\u00eda personal (igual o mayor a 75 puntos en el BVD).<\/li>\n<\/ul>\n\n<p>La valoraci\u00f3n la har\u00e1 un profesional acreditado en el domicilio o centro donde reside la persona utilizando el baremo de valoraci\u00f3n de la dependencia (BVD).<\/p>\n\n<h3 class=\"wp-block-heading\" id=\"serveis-i-prestacions-4ec7b1a8-ec77-4b07-97d2-3e8b43ae9c15\">Servicios y prestaciones<\/h3>\n\n<p>Cartera de servicios de acuerdo con las necesidades:<\/p>\n\n<ul class=\"wp-block-list\">\n<li>Servicios de prevenci\u00f3n de las situaciones de dependencia y promoci\u00f3n de la autonom\u00eda personal.<\/li>\n\n\n\n<li>Servicios de teleasistencia y ayuda a domicilio.<\/li>\n\n\n\n<li>Servicios de centro de d\u00eda y atenci\u00f3n residencial.<\/li>\n<\/ul>\n\n<p>Prestaciones econ\u00f3micas:<\/p>\n\n<ul class=\"wp-block-list\">\n<li>Para pagar a un profesional o comprar un servicio.<\/li>\n\n\n\n<li>Para el cuidado del entorno familiar y le ayuda a cuidadores no profesionales.<\/li>\n\n\n\n<li>Para asistencia personal a personas con gran dependencia.<\/li>\n<\/ul>\n\n<h3 class=\"wp-block-heading\" id=\"informacio-i-recollida-de-sollicituds-ee02aa53-207c-4e9b-8ee9-0d7c960bb73b\">Informaci\u00f3n y recogida de solicitudes<\/h3>\n\n<ul class=\"wp-block-list\">\n<li>En las oficinas de los Servicios Sociales de Atenci\u00f3n Primaria de su municipio y en su \u00e1rea b\u00e1sica de salud.<\/li>\n\n\n\n<li>A trav\u00e9s de las p\u00e1ginas web del Departamento de Trabajo, Asuntos Sociales y Familias.<\/li>\n\n\n\n<li>Si est\u00e1 ingresada en un centro, dirigi\u00e9ndose a la direcci\u00f3n o servicio de trabajo social del mismo centro.<\/li>\n<\/ul>\n\n<h3 class=\"wp-block-heading\" id=\"entrega-de-les-sollicituds-5477d3c3-d69a-4a58-8f38-83263d9858f8\">Entrega de les solicitudes<\/h3>\n\n<p>En el registro m\u00e1s cercano de su domicilio (Servicios Territoriales del Departamento de Trabajo, Asuntos Sociales y Familia, ayuntamientos, consejos comarcales y otros) o en los servicios sociales de atenci\u00f3n primaria.<\/p>\n\n<p><a rel=\"noopener noreferrer\" href=\"http:\/\/web.gencat.cat\/ca\/tramits\/tramits-temes\/Reconeixement-de-la-situacio-de-dependencia?category=761239d4-a82c-11e3-a972-000c29052e2c\" target=\"_blank\">Solicitud de reconocimiento de la situaci\u00f3n de dependencia<\/a>.<\/p>\n\n<p><a rel=\"noopener noreferrer\" href=\"http:\/\/treballiaferssocials.gencat.cat\/ca\/ambits_tematics\/persones_amb_dependencia\/\" target=\"_blank\">M\u00e9s informaci\u00f3 sobre la llei de depend\u00e8ncia<\/a>.<\/p>\n\n<h2 class=\"wp-block-heading\" id=\"telealarma\"><a id=\"telealarma\" name=\"telealarma\"><\/a>Telealarma i teleasistencia<\/h2>\n\n<p>La telealarma y la teleasistencia son servicios de soporte a la atenci\u00f3n domiciliaria que ofrecen varios centros coordinadores.<\/p>\n\n<h3 class=\"wp-block-heading\" id=\"a-qui-va-dirigit-e8f384a3-baed-4094-aeed-3d79e679fe3e\">\u00bfA qui\u00e9n va dirigido?<\/h3>\n\n<p>El servicio se dirige a personas con un nivel de autonom\u00eda limitado y con dependencia, debido a la edad o su estado f\u00edsico, con capacidad para la correcta utilizaci\u00f3n del servicio, que viven solas o con personas que no pueden atender -las de forma continuada y suficiente. Uno de los centros que ofrece este servicio es Cruz Roja, que contempla dos posibilidades. En el primer caso, va dirigido a personas que, aunque est\u00e1n bien de salud, tienen alg\u00fan tipo de discapacidad o dependencia f\u00edsica, y quieren sentirse m\u00e1s seguras y utilizan la telealarma. El segundo servicio es algo m\u00e1s amplio y se dirige a personas con problemas de salud o dependencia importantes.<\/p>\n\n<p>Aparte del aparato de alarma, cada usuario tiene asignado un voluntario que le visita de manera regular y atiende sus necesidades y, sobre todo, le hace compa\u00f1\u00eda.<strong> El usuario debe informarse en su CAP o bien en los Servicios Sociales del ayuntamiento (barrio, distrito) o consejo comarcal<\/strong>.<\/p>\n\n<p><a href=\"https:\/\/ajuntament.barcelona.cat\/personesgrans\/es\/canal\/teleassistencia\">M\u00e1s informaci\u00f3n sobre telealarma y teleasistencia.<\/a><\/p>\n\n<h2 class=\"wp-block-heading\" id=\"campanya-know-alzheimer-99fe03f0-f7c6-4936-b9bc-2032ad962f42\">Campa\u00f1a Know Alzheimer<\/h2>\n\n<p>El proyecto <a href=\"https:\/\/alzheimeruniversal.eu\/\">Know Alzheimer<\/a> es una recopilaci\u00f3n de v\u00eddeos que se han realizado conjuntamente entre el <a rel=\"noreferrer noopener\" href=\"https:\/\/treballiaferssocials.gencat.cat\/ca\/ambits_tematics\/accessibilitat\/centre-autonomia-personal-sirius\/\" target=\"_blank\">Centro por la Autonom\u00eda Personal S\u00edrius<\/a> y la <a rel=\"noreferrer noopener\" href=\"https:\/\/www.stada.es\/\" target=\"_blank\">Fundaci\u00f3n Stada<\/a>.<\/p>\n\n<p>El Alzheimer es una enfermedad evolutiva. Las personas con esta enfermedad pasan por diferentes etapas y en cada una de ellas, las dificultades con las que se encuentran la persona, su familia y sus cuidadores son diferentes.<\/p>\n\n<p>As\u00ed pues, la intenci\u00f3n de estos cuatro v\u00eddeos es dar algunas ideas y consejos de c\u00f3mo reducir estos problemas, <a href=\"https:\/\/www.ub.edu\/ossma\/es\/atencion-social\/recursos\/personas-com-dependencia\/campana-divulgacion-consejos-atencion-personas-con-alzheimer\" data-type=\"page\" data-id=\"22680\">utilizando productos de apoyo y adaptando el hogar<\/a>.<\/p>\n\n<h2 class=\"wp-block-heading\" id=\"publicacions\"><a id=\"publicacions\" name=\"publicacions\"><\/a>Publicaciones<\/h2>\n\n<p>En esta secci\u00f3n encontrar\u00e1 un cat\u00e1logo de las publicaciones editadas por el Departamento de Trabajo, Asuntos Sociales y Familias a partir del a\u00f1o 2000.<\/p>\n\n<p><a href=\"https:\/\/dixit.gencat.cat\/ca\/04recursos\/02publicacions\/publicacions_departament\/01autonomia_personal_i_atencio_a_la_dependencia\/\">M\u00e1s informaci\u00f3n sobre publicaciones.<\/a><\/p>\n","protected":false},"excerpt":{"rendered":"<p><a id=\"inici\" name=\"inici\"><\/a>La Unidad de Atenci\u00f3n Social prestar\u00e1 ayuda y asesoramiento a cualquier trabajador de la Universidad que, en un momento determinado, pueda encontrarse frente a una problem\u00e1tica relacionada con la Ley de la Dependencia.<\/p>\n","protected":false},"author":1,"featured_media":0,"parent":35222,"menu_order":0,"comment_status":"closed","ping_status":"closed","template":"","meta":{"advgb_blocks_editor_width":"","advgb_blocks_columns_visual_guide":"","footnotes":""},"class_list":["post-35745","page","type-page","status-publish"],"coauthors":[],"author_meta":{"author_link":"https:\/\/www.ub.edu\/ossma\/es\/author\/ossmau1","display_name":"OSSMA"},"relative_dates":{"created":"Publicado 4 a\u00f1os hace","modified":"Actualizado 2 a\u00f1os hace"},"absolute_dates":{"created":"Publicado el 27 de enero de 2022","modified":"Actualizado el 6 de febrero de 2024"},"absolute_dates_time":{"created":"Publicado el 27 de enero de 2022 10:16","modified":"Actualizado el 6 de febrero de 2024 18:31"},"featured_img_caption":"","featured_img":false,"series_order":"","_links":{"self":[{"href":"https:\/\/www.ub.edu\/ossma\/es\/wp-json\/wp\/v2\/pages\/35745","targetHints":{"allow":["GET"]}}],"collection":[{"href":"https:\/\/www.ub.edu\/ossma\/es\/wp-json\/wp\/v2\/pages"}],"about":[{"href":"https:\/\/www.ub.edu\/ossma\/es\/wp-json\/wp\/v2\/types\/page"}],"author":[{"embeddable":true,"href":"https:\/\/www.ub.edu\/ossma\/es\/wp-json\/wp\/v2\/users\/1"}],"replies":[{"embeddable":true,"href":"https:\/\/www.ub.edu\/ossma\/es\/wp-json\/wp\/v2\/comments?post=35745"}],"version-history":[{"count":9,"href":"https:\/\/www.ub.edu\/ossma\/es\/wp-json\/wp\/v2\/pages\/35745\/revisions"}],"predecessor-version":[{"id":56983,"href":"https:\/\/www.ub.edu\/ossma\/es\/wp-json\/wp\/v2\/pages\/35745\/revisions\/56983"}],"up":[{"embeddable":true,"href":"https:\/\/www.ub.edu\/ossma\/es\/wp-json\/wp\/v2\/pages\/35222"}],"wp:attachment":[{"href":"https:\/\/www.ub.edu\/ossma\/es\/wp-json\/wp\/v2\/media?parent=35745"}],"curies":[{"name":"wp","href":"https:\/\/api.w.org\/{rel}","templated":true}]}}