{"id":35757,"date":"2022-01-27T10:40:43","date_gmt":"2022-01-27T10:40:43","guid":{"rendered":"https:\/\/www.ub.edu\/ossma\/atencion-social\/recursos\/atencion-mujer"},"modified":"2023-02-15T09:05:18","modified_gmt":"2023-02-15T09:05:18","slug":"atencion-mujer","status":"publish","type":"page","link":"https:\/\/www.ub.edu\/ossma\/es\/atencion-social\/recursos\/atencion-mujer","title":{"rendered":"Atenci\u00f3n a la Mujer"},"content":{"rendered":"\n<p>La Unidad de Atenci\u00f3n Social prestar\u00e1 ayuda y asesoramiento a cualquier trabajador de la Universidad que, en un momento determinado, pueda necesitar algunos de estos servicios.<\/p>\n\n<div class=\"wp-block-advgb-summary alignnone\"><div class=\"advgb-toc-header collapsed\">Apartats<\/div><ul class=\"advgb-toc alignnone\" style=\"display:none\"><li class=\"toc-level-1\"><a href=\"#institut\">Instituto catal\u00e1n de la Mujer<\/a><\/li><li class=\"toc-level-2\"><a href=\"#servei-dassessorament-juridic-02587294-18cc-4f58-9708-f54cde08bbaf\">Servicio de asesoramiento jur\u00eddico<\/a><\/li><li class=\"toc-level-2\"><a href=\"#servei-datencio-psicologica-aa9b68a9-aa03-45af-93d0-7fb357e12f15\">Servicio de atenci\u00f3n psicol\u00f3gica<\/a><\/li><li class=\"toc-level-2\"><a href=\"#xarxa-del-siad-3b45fd2d-682e-4f2c-aedd-e07349274941\">Red del SIAD<\/a><\/li><li class=\"toc-level-2\"><a href=\"#linia-datencio-a-les-dones-en-situacio-de-violencia-900-900-120-a48cbec5-8ee0-4883-a459-052058e5ee98\">L\u00ednea de atenci\u00f3n a las mujeres en situaci\u00f3n de violencia 900 900 120<\/a><\/li><li class=\"toc-level-1\"><a href=\"#justicia\">Administraci\u00f3n de justicia de Catalu\u00f1a<\/a><\/li><li class=\"toc-level-2\"><a href=\"#atencio-a-la-victima-816e7cb1-acf9-47ba-bf9b-85f25e04965d\">Atenci\u00f3n a la v\u00edctima<\/a><\/li><\/ul><\/div>\n\n<h2 class=\"wp-block-heading\" id=\"institut\">Instituto catal\u00e1n de la Mujer<\/h2>\n\n<p>Las oficinas de informaci\u00f3n del Instituto Catal\u00e1n de las Mujeres ofrecen informaci\u00f3n y orientaci\u00f3n sobre servicios y recursos para las mujeres de cualquier materia, tales como salud, trabajo, vivienda, separaciones y pensiones o violencia machista. Desde estas oficinas se facilita la informaci\u00f3n o se deriva hacia las entidades y organismos responsables.<\/p>\n\n<h3 class=\"wp-block-heading\" id=\"servei-dassessorament-juridic-02587294-18cc-4f58-9708-f54cde08bbaf\">Servicio de asesoramiento jur\u00eddico<\/h3>\n\n<p>El Instituto Catal\u00e1n de las Mujeres ofrece a las mujeres un servicio presencial y gratuito de asesoramiento jur\u00eddico que asesora y orienta sobre asuntos jur\u00eddicos de inter\u00e9s para las mujeres, principalmente sobre temas de separaciones, custodias de ni\u00f1os, incumplimientos de pensiones y reg\u00edmenes de visitas, agresiones sexuales y violencia contra las mujeres.<\/p>\n\n<p>El servicio de asesoramiento jur\u00eddico inicia tambi\u00e9n los tr\u00e1mites para la obtenci\u00f3n de la justicia gratuita en todos los temas jur\u00eddicos sobre los que las mujeres necesiten obtener una defensa de sus derechos.<\/p>\n\n<h3 class=\"wp-block-heading\" id=\"servei-datencio-psicologica-aa9b68a9-aa03-45af-93d0-7fb357e12f15\">Servicio de atenci\u00f3n psicol\u00f3gica<\/h3>\n\n<p>El Instituto Catal\u00e1n de la Mujer ofrece un servicio presencial y gratuito de atenci\u00f3n psicol\u00f3gica para orientar y asesorar a las mujeres que lo necesiten, y, de forma especial, a las que pasan por situaciones de violencia. Este servicio se ofrece como respuesta puntual y de orientaci\u00f3n hacia otros recursos, si fuera necesario.<\/p>\n\n<p>Este servicio tambi\u00e9n se ofrece a trav\u00e9s de la Fiscal\u00eda del Tribunal Superior de Justicia de Catalunya a las mujeres v\u00edctimas de violencia que intervienen adem\u00e1s en un procedimiento judicial.<\/p>\n\n<p><a href=\"https:\/\/dones.gencat.cat\/ca\/institut\/on_som\/\" target=\"_blank\" rel=\"noreferrer noopener\">Para m\u00e1s informaci\u00f3n visita la p\u00e1gina siguiente<\/a>.<\/p>\n\n<h3 class=\"wp-block-heading\" id=\"xarxa-del-siad-3b45fd2d-682e-4f2c-aedd-e07349274941\">Red del SIAD<\/h3>\n\n<p>La <a rel=\"noopener noreferrer\" href=\"http:\/\/dones.gencat.cat\/ca\/ambits\/violencia_masclista\/recursos_atencio\/mapa_siad\/\" target=\"_blank\">red de servicios de informaci\u00f3n y atenci\u00f3n<\/a>, que funciona coordinadamente en todo el territorio, est\u00e1 formada por las oficinas de informaci\u00f3n del Instituto Catal\u00e1n de las Mujeres, los Servicios de informaci\u00f3n y atenci\u00f3n a las mujeres (SIAD), de titularidad municipal o comarcal, y los Servicios de Intervenci\u00f3n Especializada en violencia machista (SIE), del Departamento de Trabajo, Asuntos Sociales y Familias, son servicios que ofrecen informaci\u00f3n, atenci\u00f3n y recuperaci\u00f3n a las mujeres que se encuentran en situaciones de violencia machista ya sus hijas e hijos.<\/p>\n\n<h3 class=\"wp-block-heading\" id=\"linia-datencio-a-les-dones-en-situacio-de-violencia-900-900-120-a48cbec5-8ee0-4883-a459-052058e5ee98\">L\u00ednea de atenci\u00f3n a las mujeres en situaci\u00f3n de violencia 900 900 120<\/h3>\n\n<p>La l\u00ednea de atenci\u00f3n a las mujeres en situaci\u00f3n de violencia 900 900 120 es gratuita y confidencial, funcionando todos los d\u00edas del a\u00f1o, durante las 24 horas del d\u00eda. Se puede acceder por tel\u00e9fono y correo electr\u00f3nico, atendiendo a las demandas relacionadas con cualquier forma de situaci\u00f3n de violencia contra las mujeres.<\/p>\n\n<p><a rel=\"noopener noreferrer\" href=\"http:\/\/dones.gencat.cat\/ca\/ambits\/violencia_masclista\/recursos_atencio\/telefon_900\/\" target=\"_blank\">Para m\u00e1s informaci\u00f3n visita la p\u00e1gina siguiente<\/a>.<\/p>\n\n<h2 class=\"wp-block-heading\" id=\"justicia\"><a id=\"justicia\" name=\"justicia\"><\/a>Administraci\u00f3n de justicia de Catalu\u00f1a<\/h2>\n\n<h3 class=\"wp-block-heading\" id=\"atencio-a-la-victima-816e7cb1-acf9-47ba-bf9b-85f25e04965d\">Atenci\u00f3n a la v\u00edctima<\/h3>\n\n<ul class=\"wp-block-list\">\n<li>Informaci\u00f3n para la v\u00edctima<\/li>\n\n\n\n<li>Direcciones y tel\u00e9fonos de atenci\u00f3n a la v\u00edctima<\/li>\n\n\n\n<li>Comisar\u00edas de mozos de escuadra<\/li>\n\n\n\n<li>Oficina de Atenci\u00f3n a la v\u00edctima del delito<\/li>\n\n\n\n<li>Formulario de petici\u00f3n de asistencia jur\u00eddica gratuita<\/li>\n\n\n\n<li>Atenci\u00f3n internacional a la v\u00edctima<\/li>\n<\/ul>\n\n<p><a rel=\"noopener noreferrer\" href=\"https:\/\/seujudicial.gencat.cat\/ca\/que_cal_fer\/Soc-victima-de...\/victima-delicte\/servei-telematic-victima-delicte\/\" target=\"_blank\">Para m\u00e1s informaci\u00f3n visita la p\u00e1gina siguiente<\/a>.<\/p>\n","protected":false},"excerpt":{"rendered":"<p>La Unidad de Atenci\u00f3n Social prestar\u00e1 ayuda y asesoramiento a cualquier trabajador de la Universidad que, en un momento determinado, pueda necesitar algunos de estos servicios.<\/p>\n","protected":false},"author":1,"featured_media":29814,"parent":35222,"menu_order":0,"comment_status":"closed","ping_status":"closed","template":"","meta":{"advgb_blocks_editor_width":"","advgb_blocks_columns_visual_guide":"","footnotes":""},"class_list":["post-35757","page","type-page","status-publish","has-post-thumbnail"],"coauthors":[],"author_meta":{"author_link":"https:\/\/www.ub.edu\/ossma\/es\/author\/ossmau1","display_name":"OSSMA"},"relative_dates":{"created":"Publicado 4 a\u00f1os hace","modified":"Actualizado 3 a\u00f1os hace"},"absolute_dates":{"created":"Publicado el 27 de enero de 2022","modified":"Actualizado el 15 de febrero de 2023"},"absolute_dates_time":{"created":"Publicado el 27 de enero de 2022 10:40","modified":"Actualizado el 15 de febrero de 2023 09:05"},"featured_img_caption":"","featured_img":"https:\/\/www.ub.edu\/ossma\/wp-content\/uploads\/2021\/03\/banner-atencio-social.jpg","series_order":"","_links":{"self":[{"href":"https:\/\/www.ub.edu\/ossma\/es\/wp-json\/wp\/v2\/pages\/35757","targetHints":{"allow":["GET"]}}],"collection":[{"href":"https:\/\/www.ub.edu\/ossma\/es\/wp-json\/wp\/v2\/pages"}],"about":[{"href":"https:\/\/www.ub.edu\/ossma\/es\/wp-json\/wp\/v2\/types\/page"}],"author":[{"embeddable":true,"href":"https:\/\/www.ub.edu\/ossma\/es\/wp-json\/wp\/v2\/users\/1"}],"replies":[{"embeddable":true,"href":"https:\/\/www.ub.edu\/ossma\/es\/wp-json\/wp\/v2\/comments?post=35757"}],"version-history":[{"count":6,"href":"https:\/\/www.ub.edu\/ossma\/es\/wp-json\/wp\/v2\/pages\/35757\/revisions"}],"predecessor-version":[{"id":44932,"href":"https:\/\/www.ub.edu\/ossma\/es\/wp-json\/wp\/v2\/pages\/35757\/revisions\/44932"}],"up":[{"embeddable":true,"href":"https:\/\/www.ub.edu\/ossma\/es\/wp-json\/wp\/v2\/pages\/35222"}],"wp:featuredmedia":[{"embeddable":true,"href":"https:\/\/www.ub.edu\/ossma\/es\/wp-json\/wp\/v2\/media\/29814"}],"wp:attachment":[{"href":"https:\/\/www.ub.edu\/ossma\/es\/wp-json\/wp\/v2\/media?parent=35757"}],"curies":[{"name":"wp","href":"https:\/\/api.w.org\/{rel}","templated":true}]}}