{"id":36161,"date":"2022-02-14T17:44:30","date_gmt":"2022-02-14T17:44:30","guid":{"rendered":"https:\/\/www.ub.edu\/ossma\/medio-ambiente\/indicadores-ambientales\/espacios-verdes"},"modified":"2022-02-14T17:44:51","modified_gmt":"2022-02-14T17:44:51","slug":"espacios-verdes","status":"publish","type":"page","link":"https:\/\/www.ub.edu\/ossma\/es\/medio-ambiente\/indicadores-ambientales\/espacios-verdes","title":{"rendered":"Espacios verdes"},"content":{"rendered":"\n<h2 class=\"wp-block-heading\" id=\"descripcio\">Descripci\u00f3n<\/h2>\n\n<p>Porcentaje de superficie cubierta de vegetaci\u00f3n en las parcelas ocupadas por los edificios e instalaciones de la Universidad de Barcelona.<\/p>\n\n<figure class=\"wp-block-table is-style-stripes\"><table><thead><tr><th>Indicador<\/th><th>2003<\/th><th>2004-15<\/th><th>2016<\/th><th>Evoluci\u00f3n<\/th><\/tr><\/thead><tbody><tr><td><strong>Superficie cubierta de vegetaci\u00f3n (%)<\/strong><\/td><td>42,67<\/td><td>&#8212;<\/td><td>43,15<\/td><td><img decoding=\"async\" class=\"alignnone size-full wp-image-29985\" src=\"https:\/\/www.ub.edu\/ossma\/wp-content\/uploads\/2016\/03\/emoticon-millor.png\" alt=\"Mejor\" width=\"28\" height=\"28\"\/><\/td><\/tr><tr><td><strong>Superficie cubierta de vegetaci\u00f3n (ha)<\/strong><\/td><td>20,69<\/td><td>&#8212;<\/td><td>23,67<\/td><td><img decoding=\"async\" class=\"alignnone size-full wp-image-29985\" src=\"https:\/\/www.ub.edu\/ossma\/wp-content\/uploads\/2016\/03\/emoticon-millor.png\" alt=\"Mejor\" width=\"28\" height=\"28\"\/><\/td><\/tr><\/tbody><\/table><\/figure>\n\n<h2 class=\"wp-block-heading\" id=\"resultats\">Resultados<\/h2>\n\n<p>Aunque \u00e9ste es un indicador bastante estable, en los \u00faltimos a\u00f1os se han producido importantes variaciones en la superficie urbanizada y la cubierta de vegetaci\u00f3n en los diferentes campus.<\/p>\n\n<p>Por un lado, las facultades de Filosof\u00eda y de Geograf\u00eda e Historia se trasladaron en el a\u00f1o 2006 del edificio C\u00fapules del Campus Diagonal a un nuevo edificio del Campus de Humanidades situado en el barrio del Raval, y tambi\u00e9n se traslad\u00f3 el ense\u00f1anza de Relaciones Laborales del edificio de la calle Ortigosa, en la ubicaci\u00f3n actual situada en el Campus Diagonal. Adem\u00e1s, la UB ha seguido ampli\u00e1ndose con la incorporaci\u00f3n de nuevos espacios, como el nuevo Campus de la Alimentaci\u00f3n de Torribera y los edificios del Carme, Can Jaumandreu y Gran Via 582. Por otra parte, a lo largo de los a\u00f1os se han ido ejecutando obras de ampliaci\u00f3n y adecuaci\u00f3n de los espacios al resto de Campus, como la nueva biblioteca de Biolog\u00eda o el nuevo aulario de Bellvitge.<\/p>\n\n<p>Desde el punto de vista urban\u00edstico, en los Campus Diagonal y de Mundet la proporci\u00f3n de superficie cubierta de vegetaci\u00f3n es caracter\u00edstica de espacios libres, con mezcla de jardines y \u00e1reas residenciales, en tanto que en Torribera y otros espacios como la Finca Pedro Pons es propia zona boscosa poco urbanizada. Por la falta de superficie con vegetaci\u00f3n, el Campus de Bellvitge y el Campus Centre, que incluye el Campus de Humanidades, el de Medicina \u2013 Cl\u00ednic, y otros edificios situados en el centro de la ciudad como el edificio Sants-UB, se situar\u00edan en la franja de \u00e1reas muy urbanizadas.<\/p>\n\n<p>La perspectiva de evoluci\u00f3n de este indicador se encuentra en relaci\u00f3n directa con la previsi\u00f3n de obras en los distintos campus, de forma que se producir\u00e1 un retroceso con la construcci\u00f3n de nuevos edificios o la ampliaci\u00f3n de los existentes si no se compensa la p\u00e9rdida de zonas ocupadas por vegetaci\u00f3n con la adquisici\u00f3n de nuevos terrenos sin edificar o con medidas como el ajardinamiento de cubiertas, como se hizo en el nuevo almac\u00e9n de residuos especiales de Biolog\u00eda.<\/p>\n\n<h2 class=\"wp-block-heading\" id=\"grafica\">Gr\u00e1fica<\/h2>\n\n<figure class=\"wp-block-image alignnone size-large wp-image-680 size-full\"><img fetchpriority=\"high\" decoding=\"async\" width=\"752\" height=\"422\" src=\"https:\/\/www.ub.edu\/ossma\/wp-content\/uploads\/2016\/05\/areacoberturadelavegetacioalscampus.jpg\" alt=\"\" class=\"wp-image-32237\" srcset=\"https:\/\/www.ub.edu\/ossma\/wp-content\/uploads\/2016\/05\/areacoberturadelavegetacioalscampus.jpg 752w, https:\/\/www.ub.edu\/ossma\/wp-content\/uploads\/2016\/05\/areacoberturadelavegetacioalscampus-300x168.jpg 300w\" sizes=\"(max-width: 752px) 100vw, 752px\" \/><figcaption>Nota: En el Campus de Mundet tambi\u00e9n se ha incluido el Pabell\u00f3n de la Rep\u00fablica. El Campus Centre incluye el Campus de Humanidades, Campus de Medicina \u2013 Cl\u00ednico, edificio UB-Sants, Balmes 18 y 21, y Gran Via 582. Se ha considerado como Otros la Finca Pedro Pons, el Edificio Carme y Can Jaumandreu.<\/figcaption><\/figure>\n\n<figure class=\"wp-block-image alignnone size-large wp-image-680 size-full\"><img decoding=\"async\" width=\"745\" height=\"403\" src=\"https:\/\/www.ub.edu\/ossma\/wp-content\/uploads\/2016\/05\/evoluciodecoberuradevegetacio.jpg\" alt=\"\" class=\"wp-image-32241\" srcset=\"https:\/\/www.ub.edu\/ossma\/wp-content\/uploads\/2016\/05\/evoluciodecoberuradevegetacio.jpg 745w, https:\/\/www.ub.edu\/ossma\/wp-content\/uploads\/2016\/05\/evoluciodecoberuradevegetacio-300x162.jpg 300w\" sizes=\"(max-width: 745px) 100vw, 745px\" \/><figcaption>Nota: El incremento en los valores de vegetaci\u00f3n y \u00e1rea urbanizada en el Campus de Torribera corresponden a la nueva incorporaci\u00f3n de este Campus.<\/figcaption><\/figure>\n\n<figure class=\"wp-block-image alignnone size-large wp-image-680 size-full\"><img loading=\"lazy\" decoding=\"async\" width=\"1024\" height=\"724\" src=\"https:\/\/www.ub.edu\/ossma\/wp-content\/uploads\/2016\/05\/espaisverdsalscampusdelaub-1024x724.jpg\" alt=\"\" class=\"wp-image-32239\" srcset=\"https:\/\/www.ub.edu\/ossma\/wp-content\/uploads\/2016\/05\/espaisverdsalscampusdelaub.jpg 1024w, https:\/\/www.ub.edu\/ossma\/wp-content\/uploads\/2016\/05\/espaisverdsalscampusdelaub-300x212.jpg 300w\" sizes=\"(max-width: 1024px) 100vw, 1024px\" \/><figcaption>Evoluci\u00f3n de los espacios verdes en el Campus de Diagonal \u2013 Portal del Conocimiento (2003 \u2013 2016).<\/figcaption><\/figure>\n\n<h2 class=\"wp-block-heading\" id=\"taules-de-dades\">Tablas de datos<\/h2>\n\n<p>Superficie cubierta de vegetaci\u00f3n por campus (2016).<\/p>\n\n<figure class=\"wp-block-table is-style-stripes\"><table><tbody><tr><th>Campus<\/th><th>Superficie cubierta de vegetaci\u00f3n (m2)<\/th><th>Superficie urbanizada (m2)<\/th><th>Superficie total (m2)<\/th><th>% superficie cubierta de vegetaci\u00f3n<\/th><\/tr><tr><td>Diagonal<\/td><td>124.492<\/td><td>  171.849<\/td><td>296.341<\/td><td>  42,01<\/td><\/tr><tr><td>Mundet<\/td><td>  43.103<\/td><td>53.450<\/td><td>96.553<\/td><td>44,64<\/td><\/tr><tr><td>Centro<\/td><td>10.800<\/td><td>36.426<\/td><td>47.226<\/td><td>22,87<\/td><\/tr><tr><td>Bellvitge<\/td><td>  5.015<\/td><td>15.075<\/td><td>20.090<\/td><td>24,96<\/td><\/tr><tr><td>Torribera<\/td><td>  41.207<\/td><td>29.369<\/td><td>70.576<\/td><td>58,39<\/td><\/tr><tr><td>Otros<\/td><td>12.034<\/td><td>5.634<\/td><td>17.668<\/td><td>68,11<\/td><\/tr><tr><td><strong>TOTAL<\/strong><\/td><td><strong>236.651<\/strong><\/td><td><strong>311.803<\/strong><\/td><td><strong>548.454<\/strong><\/td><td><strong>43,15<\/strong><\/td><\/tr><\/tbody><\/table><\/figure>\n","protected":false},"excerpt":{"rendered":"<h2 class=\"wp-block-heading\" id=\"descripcio\">Descripci\u00f3n<\/h2>\n","protected":false},"author":1,"featured_media":29969,"parent":29968,"menu_order":0,"comment_status":"closed","ping_status":"closed","template":"","meta":{"advgb_blocks_editor_width":"","advgb_blocks_columns_visual_guide":"","footnotes":""},"class_list":["post-36161","page","type-page","status-publish","has-post-thumbnail"],"coauthors":[],"author_meta":{"author_link":"https:\/\/www.ub.edu\/ossma\/es\/author\/ossmau1","display_name":"OSSMA"},"relative_dates":{"created":"Publicado 4 a\u00f1os hace","modified":"Actualizado 4 a\u00f1os hace"},"absolute_dates":{"created":"Publicado el 14 de febrero de 2022","modified":"Actualizado el 14 de febrero de 2022"},"absolute_dates_time":{"created":"Publicado el 14 de febrero de 2022 17:44","modified":"Actualizado el 14 de febrero de 2022 17:44"},"featured_img_caption":"","featured_img":"https:\/\/www.ub.edu\/ossma\/wp-content\/uploads\/2021\/03\/banner-indicadors.jpg","series_order":"","_links":{"self":[{"href":"https:\/\/www.ub.edu\/ossma\/es\/wp-json\/wp\/v2\/pages\/36161","targetHints":{"allow":["GET"]}}],"collection":[{"href":"https:\/\/www.ub.edu\/ossma\/es\/wp-json\/wp\/v2\/pages"}],"about":[{"href":"https:\/\/www.ub.edu\/ossma\/es\/wp-json\/wp\/v2\/types\/page"}],"author":[{"embeddable":true,"href":"https:\/\/www.ub.edu\/ossma\/es\/wp-json\/wp\/v2\/users\/1"}],"replies":[{"embeddable":true,"href":"https:\/\/www.ub.edu\/ossma\/es\/wp-json\/wp\/v2\/comments?post=36161"}],"version-history":[{"count":2,"href":"https:\/\/www.ub.edu\/ossma\/es\/wp-json\/wp\/v2\/pages\/36161\/revisions"}],"predecessor-version":[{"id":36163,"href":"https:\/\/www.ub.edu\/ossma\/es\/wp-json\/wp\/v2\/pages\/36161\/revisions\/36163"}],"up":[{"embeddable":true,"href":"https:\/\/www.ub.edu\/ossma\/es\/wp-json\/wp\/v2\/pages\/29968"}],"wp:featuredmedia":[{"embeddable":true,"href":"https:\/\/www.ub.edu\/ossma\/es\/wp-json\/wp\/v2\/media\/29969"}],"wp:attachment":[{"href":"https:\/\/www.ub.edu\/ossma\/es\/wp-json\/wp\/v2\/media?parent=36161"}],"curies":[{"name":"wp","href":"https:\/\/api.w.org\/{rel}","templated":true}]}}