{"id":37533,"date":"2022-03-22T10:24:55","date_gmt":"2022-03-22T10:24:55","guid":{"rendered":"https:\/\/www.ub.edu\/ossma\/medio-ambiente\/movilidad\/estudios-movilidad"},"modified":"2023-04-14T08:04:57","modified_gmt":"2023-04-14T08:04:57","slug":"estudios-movilidad","status":"publish","type":"page","link":"https:\/\/www.ub.edu\/ossma\/es\/medio-ambiente\/movilidad\/estudios-movilidad","title":{"rendered":"Estudios de movilidad"},"content":{"rendered":"\n<p>Peri\u00f3dicamente, se realiza una Encuesta de movilidad a la comunidad universitaria de la UB para conocer cu\u00e1les son los medios de transporte que se utilizan habitualmente para acceder a la universidad, los motivos de la elecci\u00f3n, el tiempo medio de desplazamiento, el sitio de residencia, y otra informaci\u00f3n de inter\u00e9s que permita realizar las Diagnosis de Movilidad de los diferentes campus de la UB, para detectar deficiencias y realizar propuestas de mejora con el objetivo de conseguir una movilidad universitaria m\u00e1s sostenible.<\/p>\n\n<div class=\"wp-block-columns is-layout-flex wp-container-core-columns-is-layout-9d6595d7 wp-block-columns-is-layout-flex\">\n<div class=\"wp-block-column border-top ves-horitzontal is-layout-flow wp-block-column-is-layout-flow\">\n<div class=\"wp-block-columns are-vertically-aligned-center ombra is-layout-flex wp-container-core-columns-is-layout-9d6595d7 wp-block-columns-is-layout-flex\">\n<div class=\"wp-block-column is-vertically-aligned-center is-layout-flow wp-block-column-is-layout-flow\" style=\"flex-basis:20%\">\n<figure class=\"wp-block-image size-full\"><img fetchpriority=\"high\" decoding=\"async\" width=\"750\" height=\"500\" src=\"https:\/\/www.ub.edu\/ossma\/wp-content\/uploads\/2023\/01\/enquesta-mobilitat-2022.png\" alt=\"Diagrama con los resultados de la encuesta de mobilidad 2022\" class=\"wp-image-43989\" srcset=\"https:\/\/www.ub.edu\/ossma\/wp-content\/uploads\/2023\/01\/enquesta-mobilitat-2022.png 750w, https:\/\/www.ub.edu\/ossma\/wp-content\/uploads\/2023\/01\/enquesta-mobilitat-2022-300x200.png 300w\" sizes=\"(max-width: 750px) 100vw, 750px\" \/><\/figure>\n<\/div>\n\n\n\n<div class=\"wp-block-column is-vertically-aligned-center is-layout-flow wp-block-column-is-layout-flow\" style=\"flex-basis:60%\">\n<p><strong>Encuesta de mobilidad UB (2022)<\/strong><\/p>\n\n\n\n<p>Tercera encuesta de movilidad de la UB, realizada en 2022, en toda la comunidad universitaria de la UB.<\/p>\n<\/div>\n\n\n\n<div class=\"wp-block-column is-vertically-aligned-center is-layout-flow wp-block-column-is-layout-flow\" style=\"flex-basis:20%\">\n<p><a href=\"https:\/\/www.ub.edu\/ossma\/actualitat-medi-ambient\/resultats-enquesta-mobilitat-ub-2022\">Resumen<\/a><br\/><a href=\"https:\/\/www.ub.edu\/ossma\/wp-content\/uploads\/2023\/01\/resultats-enquesta-mobilitat-2022-ub.pdf\" target=\"_blank\" rel=\"noreferrer noopener\">Documento<\/a><\/p>\n<\/div>\n<\/div>\n<\/div>\n<\/div>\n\n<div class=\"wp-block-columns is-layout-flex wp-container-core-columns-is-layout-9d6595d7 wp-block-columns-is-layout-flex\">\n<div class=\"wp-block-column border-top ves-horitzontal is-layout-flow wp-block-column-is-layout-flow\">\n<div class=\"wp-block-columns are-vertically-aligned-center ombra is-layout-flex wp-container-core-columns-is-layout-9d6595d7 wp-block-columns-is-layout-flex\">\n<div class=\"wp-block-column is-vertically-aligned-center is-layout-flow wp-block-column-is-layout-flow\" style=\"flex-basis:20%\">\n<figure class=\"wp-block-image size-large\"><img decoding=\"async\" width=\"1024\" height=\"576\" src=\"https:\/\/www.ub.edu\/ossma\/wp-content\/uploads\/2020\/06\/zona30-campus-diagonal-1024x576.jpg\" alt=\"Calles pacificadas del Campus Diagonal.\" class=\"wp-image-18688\"\/><\/figure>\n<\/div>\n\n\n\n<div class=\"wp-block-column is-vertically-aligned-center is-layout-flow wp-block-column-is-layout-flow\" style=\"flex-basis:60%\">\n<p><strong>Diagn\u00f3stico de movilidad del Campus Diagonal Portal del Conocimiento (2018)<\/strong><\/p>\n\n\n\n<p>Tercera diagnosis de movilidad del Campus Diagonal Portal del Conocimiento, que incluye tanto el an\u00e1lisis de la oferta como el estudio de la demanda, a partir de la encuesta de movilidad del a\u00f1o 2018.<\/p>\n<\/div>\n\n\n\n<div class=\"wp-block-column is-vertically-aligned-center is-layout-flow wp-block-column-is-layout-flow\" style=\"flex-basis:20%\">\n<p><a href=\"https:\/\/www.ub.edu\/ossma\/actualitat-medi-ambient\/resultats-de-lenquesta-de-mobilitat-ub-2018-del-campus-diagonal\">Resumen<\/a><br\/><a href=\"https:\/\/www.ub.edu\/ossma\/wp-content\/uploads\/2020\/06\/Enquesta-Mobilitat-2018-Diagonal.pdf\" target=\"_blank\" rel=\"noreferrer noopener\">Documento<\/a><\/p>\n<\/div>\n<\/div>\n<\/div>\n<\/div>\n\n<div class=\"wp-block-columns is-layout-flex wp-container-core-columns-is-layout-9d6595d7 wp-block-columns-is-layout-flex\">\n<div class=\"wp-block-column border-top ves-horitzontal is-layout-flow wp-block-column-is-layout-flow\">\n<div class=\"wp-block-columns are-vertically-aligned-center ombra is-layout-flex wp-container-core-columns-is-layout-9d6595d7 wp-block-columns-is-layout-flex\">\n<div class=\"wp-block-column is-vertically-aligned-center is-layout-flow wp-block-column-is-layout-flow\" style=\"flex-basis:20%\">\n<figure class=\"wp-block-image size-large\"><img decoding=\"async\" width=\"1024\" height=\"576\" src=\"https:\/\/www.ub.edu\/ossma\/wp-content\/uploads\/2019\/04\/inforgrafiasobrelimpacteambientaldelamobilitat-1024x576.jpg\" alt=\"Impacto ambiental movilidad\" class=\"wp-image-5930\" srcset=\"https:\/\/www.ub.edu\/ossma\/wp-content\/uploads\/2019\/04\/inforgrafiasobrelimpacteambientaldelamobilitat-1024x576.jpg 1024w, https:\/\/www.ub.edu\/ossma\/wp-content\/uploads\/2019\/04\/inforgrafiasobrelimpacteambientaldelamobilitat-300x169.jpg 300w\" sizes=\"(max-width: 1024px) 100vw, 1024px\" \/><\/figure>\n<\/div>\n\n\n\n<div class=\"wp-block-column is-vertically-aligned-center is-layout-flow wp-block-column-is-layout-flow\" style=\"flex-basis:60%\">\n<p><strong>Encuesta de movilidad UB (2018)<\/strong><\/p>\n\n\n\n<p>Segunda encuesta de movilidad de la UB, realizada en 2018, a toda la comunidad universitaria de la UB.<\/p>\n<\/div>\n\n\n\n<div class=\"wp-block-column is-vertically-aligned-center is-layout-flow wp-block-column-is-layout-flow\" style=\"flex-basis:20%\">\n<p><a href=\"https:\/\/www.ub.edu\/ossma\/actualitat-medi-ambient\/resultats-enquesta-mobilitat-ub-2018\">Resumen<\/a><br\/><a href=\"https:\/\/www.ub.edu\/ossma\/wp-content\/uploads\/2018\/10\/Enquesta-Mobilitat-2018-UB-TOT.pdf\" target=\"_blank\" rel=\"noreferrer noopener\">Documento<\/a><\/p>\n<\/div>\n<\/div>\n<\/div>\n<\/div>\n\n<div class=\"wp-block-columns is-layout-flex wp-container-core-columns-is-layout-9d6595d7 wp-block-columns-is-layout-flex\">\n<div class=\"wp-block-column border-top ves-horitzontal is-layout-flow wp-block-column-is-layout-flow\">\n<div class=\"wp-block-columns are-vertically-aligned-center ombra is-layout-flex wp-container-core-columns-is-layout-9d6595d7 wp-block-columns-is-layout-flex\">\n<div class=\"wp-block-column is-vertically-aligned-center is-layout-flow wp-block-column-is-layout-flow\" style=\"flex-basis:20%\">\n<figure class=\"wp-block-image size-full\"><img loading=\"lazy\" decoding=\"async\" width=\"750\" height=\"500\" src=\"https:\/\/www.ub.edu\/ossma\/wp-content\/uploads\/2022\/03\/destacat-qualitat-viari-diagonal.jpg\" alt=\"Calidad viario Diagonal\" class=\"wp-image-37493\" srcset=\"https:\/\/www.ub.edu\/ossma\/wp-content\/uploads\/2022\/03\/destacat-qualitat-viari-diagonal.jpg 750w, https:\/\/www.ub.edu\/ossma\/wp-content\/uploads\/2022\/03\/destacat-qualitat-viari-diagonal-300x200.jpg 300w\" sizes=\"(max-width: 750px) 100vw, 750px\" \/><\/figure>\n<\/div>\n\n\n\n<div class=\"wp-block-column is-vertically-aligned-center is-layout-flow wp-block-column-is-layout-flow\" style=\"flex-basis:60%\">\n<p><strong>Calidad del viario en el Campus Diagonal Portal del Conocimiento (2016)<\/strong><\/p>\n\n\n\n<p>An\u00e1lisis del estado de los viales que dan acceso al Campus de la Diagonal \u2013 Portal del Conocimiento a partir del c\u00e1lculo de un indicador de calidad global del viario.<\/p>\n<\/div>\n\n\n\n<div class=\"wp-block-column is-vertically-aligned-center is-layout-flow wp-block-column-is-layout-flow\" style=\"flex-basis:20%\">\n<p><a href=\"https:\/\/www.ub.edu\/ossma\/actualitat-medi-ambient\/millora-la-qualitat-dels-vials-al-campus-diagonal\">Resumen<\/a><br\/><a href=\"https:\/\/www.ub.edu\/ossma\/wp-content\/uploads\/2016\/10\/qualitat-vial-diag16-tot.pdf\" target=\"_blank\" rel=\"noreferrer noopener\">Documento<\/a><\/p>\n<\/div>\n<\/div>\n<\/div>\n<\/div>\n\n<div class=\"wp-block-columns is-layout-flex wp-container-core-columns-is-layout-9d6595d7 wp-block-columns-is-layout-flex\">\n<div class=\"wp-block-column border-top ves-horitzontal is-layout-flow wp-block-column-is-layout-flow\">\n<div class=\"wp-block-columns are-vertically-aligned-center ombra is-layout-flex wp-container-core-columns-is-layout-9d6595d7 wp-block-columns-is-layout-flex\">\n<div class=\"wp-block-column is-vertically-aligned-center is-layout-flow wp-block-column-is-layout-flow\" style=\"flex-basis:20%\">\n<figure class=\"wp-block-image size-full\"><img loading=\"lazy\" decoding=\"async\" width=\"750\" height=\"500\" src=\"https:\/\/www.ub.edu\/ossma\/wp-content\/uploads\/2022\/03\/destacat-parking-interior-mundet.jpg\" alt=\"Parking interior Mundet\" class=\"wp-image-37497\" srcset=\"https:\/\/www.ub.edu\/ossma\/wp-content\/uploads\/2022\/03\/destacat-parking-interior-mundet.jpg 750w, https:\/\/www.ub.edu\/ossma\/wp-content\/uploads\/2022\/03\/destacat-parking-interior-mundet-300x200.jpg 300w\" sizes=\"(max-width: 750px) 100vw, 750px\" \/><\/figure>\n<\/div>\n\n\n\n<div class=\"wp-block-column is-vertically-aligned-center is-layout-flow wp-block-column-is-layout-flow\" style=\"flex-basis:60%\">\n<p><strong>Diagnosis de movilidad del Campus de Mundet (2013-2015)<\/strong><\/p>\n\n\n\n<p>Segunda diagnosis de movilidad del Campus de Mundet, que incluye tanto el an\u00e1lisis de la oferta como el estudio de la demanda a partir de la encuesta de movilidad del a\u00f1o 2013.<\/p>\n<\/div>\n\n\n\n<div class=\"wp-block-column is-vertically-aligned-center is-layout-flow wp-block-column-is-layout-flow\" style=\"flex-basis:20%\">\n<p><a href=\"https:\/\/www.ub.edu\/ossma\/actualitat-medi-ambient\/resultats-de-la-diagnosi-de-mobilitat-als-centres-de-la-ub-del-campus-de-mundet\">Resumen<\/a><br\/><a href=\"https:\/\/www.ub.edu\/ossma\/wp-content\/uploads\/2016\/03\/pm-mundet-diagnosi-2013-15.pdf\" target=\"_blank\" rel=\"noreferrer noopener\">Documento<\/a><\/p>\n<\/div>\n<\/div>\n<\/div>\n<\/div>\n\n<div class=\"wp-block-columns is-layout-flex wp-container-core-columns-is-layout-9d6595d7 wp-block-columns-is-layout-flex\">\n<div class=\"wp-block-column border-top ves-horitzontal is-layout-flow wp-block-column-is-layout-flow\">\n<div class=\"wp-block-columns are-vertically-aligned-center ombra is-layout-flex wp-container-core-columns-is-layout-9d6595d7 wp-block-columns-is-layout-flex\">\n<div class=\"wp-block-column is-vertically-aligned-center is-layout-flow wp-block-column-is-layout-flow\" style=\"flex-basis:20%\">\n<figure class=\"wp-block-image size-full\"><img loading=\"lazy\" decoding=\"async\" width=\"750\" height=\"500\" src=\"https:\/\/www.ub.edu\/ossma\/wp-content\/uploads\/2022\/03\/destacat-metro-bellvitge.jpg\" alt=\"Metro Bellvitge\" class=\"wp-image-37501\" srcset=\"https:\/\/www.ub.edu\/ossma\/wp-content\/uploads\/2022\/03\/destacat-metro-bellvitge.jpg 750w, https:\/\/www.ub.edu\/ossma\/wp-content\/uploads\/2022\/03\/destacat-metro-bellvitge-300x200.jpg 300w\" sizes=\"(max-width: 750px) 100vw, 750px\" \/><\/figure>\n<\/div>\n\n\n\n<div class=\"wp-block-column is-vertically-aligned-center is-layout-flow wp-block-column-is-layout-flow\" style=\"flex-basis:60%\">\n<p><strong>Diagnosis de movilidad del Campus de Bellvitge (2013-2015)<\/strong><\/p>\n\n\n\n<p><br\/>Primera diagnosis de movilidad del Campus de Ciencias de la Salud de Bellvitge, que incluye tanto el an\u00e1lisis de la oferta como el estudio de la demanda a partir de la encuesta de movilidad del a\u00f1o 2013.<\/p>\n<\/div>\n\n\n\n<div class=\"wp-block-column is-vertically-aligned-center is-layout-flow wp-block-column-is-layout-flow\" style=\"flex-basis:20%\">\n<p><a href=\"https:\/\/www.ub.edu\/ossma\/actualitat-medi-ambient\/resultats-diagnosi-mobilitat-campus-bellvitge\">Resumen<\/a><br\/><a href=\"https:\/\/www.ub.edu\/ossma\/wp-content\/uploads\/2016\/03\/pm-bellvitge-diagnosi.pdf\" target=\"_blank\" rel=\"noreferrer noopener\">Documento<\/a><\/p>\n<\/div>\n<\/div>\n<\/div>\n<\/div>\n\n<div class=\"wp-block-columns is-layout-flex wp-container-core-columns-is-layout-9d6595d7 wp-block-columns-is-layout-flex\">\n<div class=\"wp-block-column border-top ves-horitzontal is-layout-flow wp-block-column-is-layout-flow\">\n<div class=\"wp-block-columns are-vertically-aligned-center ombra is-layout-flex wp-container-core-columns-is-layout-9d6595d7 wp-block-columns-is-layout-flex\">\n<div class=\"wp-block-column is-vertically-aligned-center is-layout-flow wp-block-column-is-layout-flow\" style=\"flex-basis:20%\">\n<figure class=\"wp-block-image size-full\"><img loading=\"lazy\" decoding=\"async\" width=\"750\" height=\"500\" src=\"https:\/\/www.ub.edu\/ossma\/wp-content\/uploads\/2022\/03\/destacat-metro-universitat.jpg\" alt=\"Metro Universitat\" class=\"wp-image-37504\" srcset=\"https:\/\/www.ub.edu\/ossma\/wp-content\/uploads\/2022\/03\/destacat-metro-universitat.jpg 750w, https:\/\/www.ub.edu\/ossma\/wp-content\/uploads\/2022\/03\/destacat-metro-universitat-300x200.jpg 300w\" sizes=\"(max-width: 750px) 100vw, 750px\" \/><\/figure>\n<\/div>\n\n\n\n<div class=\"wp-block-column is-vertically-aligned-center is-layout-flow wp-block-column-is-layout-flow\" style=\"flex-basis:60%\">\n<p><strong>Diagnosis de movilidad del Campus Centro (2013-2015)<\/strong><\/p>\n\n\n\n<p>Primera diagnosis de movilidad del Campus Centre, que incluye tanto el an\u00e1lisis de la oferta como el estudio de la demanda a partir de la encuesta de movilidad del a\u00f1o 2013.<\/p>\n<\/div>\n\n\n\n<div class=\"wp-block-column is-vertically-aligned-center is-layout-flow wp-block-column-is-layout-flow\" style=\"flex-basis:20%\">\n<p><a href=\"https:\/\/www.ub.edu\/ossma\/actualitat-medi-ambient\/resultats-de-la-diagnosi-de-mobilitat-als-centres-de-la-ub-del-campus-centre\">Resumen<\/a><br\/><a href=\"https:\/\/www.ub.edu\/ossma\/wp-content\/uploads\/2016\/03\/diagnosi2014_centre_tot.pdf\" target=\"_blank\" rel=\"noreferrer noopener\">Documento<\/a><\/p>\n<\/div>\n<\/div>\n<\/div>\n<\/div>\n\n<div class=\"wp-block-columns is-layout-flex wp-container-core-columns-is-layout-9d6595d7 wp-block-columns-is-layout-flex\">\n<div class=\"wp-block-column border-top ves-horitzontal is-layout-flow wp-block-column-is-layout-flow\">\n<div class=\"wp-block-columns are-vertically-aligned-center ombra is-layout-flex wp-container-core-columns-is-layout-9d6595d7 wp-block-columns-is-layout-flex\">\n<div class=\"wp-block-column is-vertically-aligned-center is-layout-flow wp-block-column-is-layout-flow\" style=\"flex-basis:20%\">\n<figure class=\"wp-block-image size-full\"><img loading=\"lazy\" decoding=\"async\" width=\"750\" height=\"500\" src=\"https:\/\/www.ub.edu\/ossma\/wp-content\/uploads\/2022\/03\/destacat-aparcament-bicicletes-relacions-laborals.jpg\" alt=\"Aparcamiento bicicletas relaciones laborales\" class=\"wp-image-37507\" srcset=\"https:\/\/www.ub.edu\/ossma\/wp-content\/uploads\/2022\/03\/destacat-aparcament-bicicletes-relacions-laborals.jpg 750w, https:\/\/www.ub.edu\/ossma\/wp-content\/uploads\/2022\/03\/destacat-aparcament-bicicletes-relacions-laborals-300x200.jpg 300w\" sizes=\"(max-width: 750px) 100vw, 750px\" \/><\/figure>\n<\/div>\n\n\n\n<div class=\"wp-block-column is-vertically-aligned-center is-layout-flow wp-block-column-is-layout-flow\" style=\"flex-basis:60%\">\n<p><strong>Diagn\u00f3stico de movilidad del Campus Diagonal Portal del Conocimiento (2013-2014)<\/strong><\/p>\n\n\n\n<p>Segunda diagnosis de movilidad del Campus Diagonal Portal del Conocimiento, que incluye tanto el an\u00e1lisis de la oferta como el estudio de la demanda a partir de la encuesta de movilidad del a\u00f1o 2013.<\/p>\n<\/div>\n\n\n\n<div class=\"wp-block-column is-vertically-aligned-center is-layout-flow wp-block-column-is-layout-flow\" style=\"flex-basis:20%\">\n<p><a href=\"https:\/\/www.ub.edu\/ossma\/actualitat-medi-ambient\/resultats-diagnosi-mobilitat-centres-ub-campus-diagonal\">Resumen<\/a><br\/><a href=\"https:\/\/www.ub.edu\/ossma\/wp-content\/uploads\/2016\/03\/pm-diagonal-2014.pdf\" target=\"_blank\" rel=\"noreferrer noopener\">Documento<\/a><\/p>\n<\/div>\n<\/div>\n<\/div>\n<\/div>\n\n<div class=\"wp-block-columns is-layout-flex wp-container-core-columns-is-layout-9d6595d7 wp-block-columns-is-layout-flex\">\n<div class=\"wp-block-column border-top ves-horitzontal is-layout-flow wp-block-column-is-layout-flow\">\n<div class=\"wp-block-columns are-vertically-aligned-center ombra is-layout-flex wp-container-core-columns-is-layout-9d6595d7 wp-block-columns-is-layout-flex\">\n<div class=\"wp-block-column is-vertically-aligned-center is-layout-flow wp-block-column-is-layout-flow\" style=\"flex-basis:20%\">\n<figure class=\"wp-block-image size-full\"><img loading=\"lazy\" decoding=\"async\" width=\"750\" height=\"500\" src=\"https:\/\/www.ub.edu\/ossma\/wp-content\/uploads\/2022\/03\/destacat-campus-mundet.jpg\" alt=\"Campus Mundet\" class=\"wp-image-37510\" srcset=\"https:\/\/www.ub.edu\/ossma\/wp-content\/uploads\/2022\/03\/destacat-campus-mundet.jpg 750w, https:\/\/www.ub.edu\/ossma\/wp-content\/uploads\/2022\/03\/destacat-campus-mundet-300x200.jpg 300w\" sizes=\"(max-width: 750px) 100vw, 750px\" \/><\/figure>\n<\/div>\n\n\n\n<div class=\"wp-block-column is-vertically-aligned-center is-layout-flow wp-block-column-is-layout-flow\" style=\"flex-basis:60%\">\n<p><strong>Diagnosis de movilidad del Campus de Mundet (2011)<\/strong><\/p>\n\n\n\n<p>Primera diagnosis de movilidad del Campus Mundet de la UB.<\/p>\n<\/div>\n\n\n\n<div class=\"wp-block-column is-vertically-aligned-center is-layout-flow wp-block-column-is-layout-flow\" style=\"flex-basis:20%\">\n<p><a href=\"https:\/\/www.ub.edu\/ossma\/wp-content\/uploads\/2016\/03\/pm_mundet_diagnosi.pdf\" target=\"_blank\" rel=\"noreferrer noopener\">Documento<\/a><\/p>\n<\/div>\n<\/div>\n<\/div>\n<\/div>\n\n<div class=\"wp-block-columns is-layout-flex wp-container-core-columns-is-layout-9d6595d7 wp-block-columns-is-layout-flex\">\n<div class=\"wp-block-column border-top ves-horitzontal is-layout-flow wp-block-column-is-layout-flow\">\n<div class=\"wp-block-columns are-vertically-aligned-center ombra is-layout-flex wp-container-core-columns-is-layout-9d6595d7 wp-block-columns-is-layout-flex\">\n<div class=\"wp-block-column is-vertically-aligned-center is-layout-flow wp-block-column-is-layout-flow\" style=\"flex-basis:20%\">\n<figure class=\"wp-block-image size-full\"><img loading=\"lazy\" decoding=\"async\" width=\"750\" height=\"500\" src=\"https:\/\/www.ub.edu\/ossma\/wp-content\/uploads\/2022\/03\/destacat-campus-diagonal.jpg\" alt=\"Campus Diagonal\" class=\"wp-image-37514\" srcset=\"https:\/\/www.ub.edu\/ossma\/wp-content\/uploads\/2022\/03\/destacat-campus-diagonal.jpg 750w, https:\/\/www.ub.edu\/ossma\/wp-content\/uploads\/2022\/03\/destacat-campus-diagonal-300x200.jpg 300w\" sizes=\"(max-width: 750px) 100vw, 750px\" \/><\/figure>\n<\/div>\n\n\n\n<div class=\"wp-block-column is-vertically-aligned-center is-layout-flow wp-block-column-is-layout-flow\" style=\"flex-basis:60%\">\n<p><strong>Diagnosis de movilidad del Campus Diagonal Portal del Conocimiento (2010)<\/strong><\/p>\n\n\n\n<p>Primera diagnosis de movilidad realizada en la UB. El estudio se basa en un proyecto final de carrera de la licenciatura de Ciencias Ambientales, dirigido y supervisado por la Unidad de Medio Ambiente del OSSMA.<\/p>\n<\/div>\n\n\n\n<div class=\"wp-block-column is-vertically-aligned-center is-layout-flow wp-block-column-is-layout-flow\" style=\"flex-basis:20%\">\n<p><a href=\"https:\/\/www.ub.edu\/ossma\/wp-content\/uploads\/2016\/03\/pm_diagonal_diagnosi.pdf\" target=\"_blank\" rel=\"noreferrer noopener\">Documento<\/a><\/p>\n<\/div>\n<\/div>\n<\/div>\n<\/div>\n\n<div class=\"wp-block-columns is-layout-flex wp-container-core-columns-is-layout-9d6595d7 wp-block-columns-is-layout-flex\">\n<div class=\"wp-block-column border-top ves-horitzontal is-layout-flow wp-block-column-is-layout-flow\">\n<div class=\"wp-block-columns are-vertically-aligned-center ombra is-layout-flex wp-container-core-columns-is-layout-9d6595d7 wp-block-columns-is-layout-flex\">\n<div class=\"wp-block-column is-vertically-aligned-center is-layout-flow wp-block-column-is-layout-flow\" style=\"flex-basis:20%\">\n<figure class=\"wp-block-image size-full\"><img loading=\"lazy\" decoding=\"async\" width=\"750\" height=\"500\" src=\"https:\/\/www.ub.edu\/ossma\/wp-content\/uploads\/2022\/03\/destacat-geografia-historia-filosofia.jpg\" alt=\"Facultades de Geograf&#xED;a e Historia y de Filosof&#xED;a\" class=\"wp-image-37517\" srcset=\"https:\/\/www.ub.edu\/ossma\/wp-content\/uploads\/2022\/03\/destacat-geografia-historia-filosofia.jpg 750w, https:\/\/www.ub.edu\/ossma\/wp-content\/uploads\/2022\/03\/destacat-geografia-historia-filosofia-300x200.jpg 300w\" sizes=\"(max-width: 750px) 100vw, 750px\" \/><\/figure>\n<\/div>\n\n\n\n<div class=\"wp-block-column is-vertically-aligned-center is-layout-flow wp-block-column-is-layout-flow\" style=\"flex-basis:60%\">\n<p><strong>Estudio de movilidad: Facultades de Filosof\u00eda y de Geograf\u00eda e Historia de la UB: impacto del traslado del campus de Diagonal a Ciutat Vella (2006)<\/strong><\/p>\n\n\n\n<p>Estudio que analiza el impacto del traslado de las facultades de Filosof\u00eda y de Geograf\u00eda e Historia del Campus Diagonal a Ciutat Vella. Como resultado de este estudio, se llev\u00f3 a cabo una campa\u00f1a de sensibilizaci\u00f3n sobre movilidad sostenible, tanto antes como despu\u00e9s del traslado, que incluy\u00f3 la realizaci\u00f3n de la primera carrera de los transportes en la UB, en colaboraci\u00f3n con la PTP.<\/p>\n<\/div>\n\n\n\n<div class=\"wp-block-column is-vertically-aligned-center is-layout-flow wp-block-column-is-layout-flow\" style=\"flex-basis:20%\">\n<p><a href=\"https:\/\/www.ub.edu\/ossma\/wp-content\/uploads\/2016\/03\/estudi_mobilitat.pdf\" target=\"_blank\" rel=\"noreferrer noopener\">Documento<\/a><\/p>\n<\/div>\n<\/div>\n<\/div>\n<\/div>\n","protected":false},"excerpt":{"rendered":"<p>Peri\u00f3dicamente, se realiza una Encuesta de movilidad a la comunidad universitaria de la UB para conocer cu\u00e1les son los medios de transporte que se utilizan habitualmente para acceder a la universidad, los motivos de la elecci\u00f3n, el tiempo medio de desplazamiento, el sitio de residencia, y otra informaci\u00f3n de inter\u00e9s que permita realizar las Diagnosis de Movilidad de los diferentes campus de la UB, para detectar deficiencias y realizar propuestas de mejora con el objetivo de conseguir una movilidad universitaria m\u00e1s sostenible.<\/p>\n","protected":false},"author":1,"featured_media":34172,"parent":35708,"menu_order":0,"comment_status":"closed","ping_status":"closed","template":"","meta":{"advgb_blocks_editor_width":"","advgb_blocks_columns_visual_guide":"","footnotes":""},"class_list":["post-37533","page","type-page","status-publish","has-post-thumbnail"],"coauthors":[],"author_meta":{"author_link":"https:\/\/www.ub.edu\/ossma\/es\/author\/ossmau1","display_name":"OSSMA"},"relative_dates":{"created":"Publicado 4 a\u00f1os hace","modified":"Actualizado 3 a\u00f1os hace"},"absolute_dates":{"created":"Publicado el 22 de marzo de 2022","modified":"Actualizado el 14 de abril de 2023"},"absolute_dates_time":{"created":"Publicado el 22 de marzo de 2022 10:24","modified":"Actualizado el 14 de abril de 2023 08:04"},"featured_img_caption":"","featured_img":"https:\/\/www.ub.edu\/ossma\/wp-content\/uploads\/2021\/03\/banner-mobilitat.jpg","series_order":"","_links":{"self":[{"href":"https:\/\/www.ub.edu\/ossma\/es\/wp-json\/wp\/v2\/pages\/37533","targetHints":{"allow":["GET"]}}],"collection":[{"href":"https:\/\/www.ub.edu\/ossma\/es\/wp-json\/wp\/v2\/pages"}],"about":[{"href":"https:\/\/www.ub.edu\/ossma\/es\/wp-json\/wp\/v2\/types\/page"}],"author":[{"embeddable":true,"href":"https:\/\/www.ub.edu\/ossma\/es\/wp-json\/wp\/v2\/users\/1"}],"replies":[{"embeddable":true,"href":"https:\/\/www.ub.edu\/ossma\/es\/wp-json\/wp\/v2\/comments?post=37533"}],"version-history":[{"count":3,"href":"https:\/\/www.ub.edu\/ossma\/es\/wp-json\/wp\/v2\/pages\/37533\/revisions"}],"predecessor-version":[{"id":47212,"href":"https:\/\/www.ub.edu\/ossma\/es\/wp-json\/wp\/v2\/pages\/37533\/revisions\/47212"}],"up":[{"embeddable":true,"href":"https:\/\/www.ub.edu\/ossma\/es\/wp-json\/wp\/v2\/pages\/35708"}],"wp:featuredmedia":[{"embeddable":true,"href":"https:\/\/www.ub.edu\/ossma\/es\/wp-json\/wp\/v2\/media\/34172"}],"wp:attachment":[{"href":"https:\/\/www.ub.edu\/ossma\/es\/wp-json\/wp\/v2\/media?parent=37533"}],"curies":[{"name":"wp","href":"https:\/\/api.w.org\/{rel}","templated":true}]}}