{"id":38151,"date":"2022-04-21T10:20:34","date_gmt":"2022-04-21T10:20:34","guid":{"rendered":"https:\/\/www.ub.edu\/ossma\/atencion-social\/recursos\/familias"},"modified":"2024-11-12T07:50:43","modified_gmt":"2024-11-12T07:50:43","slug":"familias","status":"publish","type":"page","link":"https:\/\/www.ub.edu\/ossma\/es\/atencion-social\/recursos\/familias","title":{"rendered":"Familias"},"content":{"rendered":"\n<p><a id=\"inici\" name=\"inici\"><\/a>La Unidad de Atenci\u00f3n Social prestar\u00e1 ayuda y asesoramiento a cualquier trabajador de la Universidad que, en un momento determinado, pueda encontrarse frente a esta situaci\u00f3n.<\/p>\n\n<div class=\"wp-block-advgb-summary alignnone\" id=\"inici\"><div class=\"advgb-toc-header collapsed\">Apartats<\/div><ul class=\"advgb-toc alignnone\" style=\"display:none\"><li class=\"toc-level-1\"><a href=\"#nombroses\">Familia numerosa<\/a><\/li><li class=\"toc-level-2\"><a href=\"#tito-nombroses\">T\u00edtulo de familia numerosa<\/a><\/li><li class=\"toc-level-3\"><a href=\"#que-es-el-titol-de-familia-nombrosa-115e2e79-10ab-4819-87e4-2a89e6cb0e39\">\u00bfQu\u00e9 es el t\u00edtulo de familia numerosa?<\/a><\/li><li class=\"toc-level-3\"><a href=\"#a-qui-va-dirigit-7d8b2d81-6cbf-488d-b836-edec695ff089\">\u00bfA qui\u00e9n va dirigido?<\/a><\/li><li class=\"toc-level-3\"><a href=\"#tramitacio-d226bfe2-3863-417d-b41f-18426fb0b287\">Tramitaci\u00f3n<\/a><\/li><li class=\"toc-level-3\"><a href=\"#sollicitud-del-titol-de-familia-nombrosa-168f6b04-40cf-42ef-b5e2-9251d68481b8\">Solicitud del t\u00edtulo de familia numerosa<\/a><\/li><li class=\"toc-level-2\"><a href=\"#xarxa-nombroses\">Red de ventajas para familias numerosas<\/a><\/li><li class=\"toc-level-1\"><a href=\"#monoparental\">Familia monoparental<\/a><\/li><li class=\"toc-level-2\"><a href=\"#titol-monoparental\">T\u00edtulo de familia monoparental<\/a><\/li><li class=\"toc-level-3\"><a href=\"#que-es-el-titol-de-familia-monoparental-91c5d8e9-c801-428c-83b3-ea5a39aceeec\">\u00bfQu\u00e9 es el t\u00edtulo de familia monoparental?<\/a><\/li><li class=\"toc-level-3\"><a href=\"#a-qui-va-dirigit-40de744d-dcac-4709-868c-82b580a041ce\">\u00bfA qui\u00e9n va dirigido?<\/a><\/li><li class=\"toc-level-3\"><a href=\"#tramitacio-512582b2-5294-4ee0-87f6-ae6aa24b1ad3\">Tramitaci\u00f3n<\/a><\/li><li class=\"toc-level-2\"><a href=\"#xarxa-monoparental\">Red de ventajas para familias monoparentales<\/a><\/li><li class=\"toc-level-1\"><a href=\"#creixer\">Crecer en familia<\/a><\/li><li class=\"toc-level-2\"><a href=\"#creixer-formacio\">Formaci\u00f3n para padres y madres<\/a><\/li><li class=\"toc-level-3\"><a href=\"#que-ofereix-848b7d98-33bf-4294-87bf-4edb7312afb6\">\u00bfQu\u00e9 ofrece?<\/a><\/li><li class=\"toc-level-3\"><a href=\"#com-participar-480ba3c3-57b2-40da-866b-0e6f0f96b302\">C\u00f3mo participar<\/a><\/li><li class=\"toc-level-1\"><a href=\"#infants\">Prestaciones econ\u00f3micas para familias con ni\u00f1os<\/a><\/li><li class=\"toc-level-2\"><a href=\"#prestacions-infants\">Prestaciones econ\u00f3micas de la Generalidad de Catalu\u00f1a<\/a><\/li><li class=\"toc-level-3\"><a href=\"#a-qui-va-dirigit-0d85e5d0-b01d-478f-ba54-e39f5a174875\">\u00bfA qui\u00e9n va dirigido?<\/a><\/li><\/ul><\/div>\n\n<h2 class=\"wp-block-heading advgb-dyn-b6591afd\" id=\"nombroses\"><a id=\"avantatges\" name=\"avantatges\"><\/a>Familia numerosa<\/h2>\n\n<h3 class=\"wp-block-heading advgb-dyn-5ea7241e\" id=\"tito-nombroses\">T\u00edtulo de familia numerosa<\/h3>\n\n<h4 class=\"wp-block-heading advgb-dyn-9ae0489b\" id=\"que-es-el-titol-de-familia-nombrosa-115e2e79-10ab-4819-87e4-2a89e6cb0e39\">\u00bfQu\u00e9 es el t\u00edtulo de familia numerosa?<\/h4>\n\n<p>El t\u00edtulo de familia numerosa es un documento oficial que acredita la condici\u00f3n de familia numerosa y que reporta varios beneficios en todo el Estado. Este t\u00edtulo ser\u00e1 expedido y renovado por la Direcci\u00f3n General de Familias. El t\u00edtulo de familia numerosa da derecho a la posesi\u00f3n de un t\u00edtulo individual para cada miembro de la familia, de uso personal e intransferible, v\u00e1lido en Catalu\u00f1a y en todo el Estado, que permite disfrutar de ventajas frente a diversas instituciones, entidades y establecimientos comerciales. El t\u00edtulo individual se entrega junto con el t\u00edtulo de familia numerosa.<\/p>\n\n<h4 class=\"wp-block-heading advgb-dyn-cee6a3ce\" id=\"a-qui-va-dirigit-7d8b2d81-6cbf-488d-b836-edec695ff089\">\u00bfA qui\u00e9n va dirigido?<\/h4>\n\n<p>A las familias con una o dos personas progenitoras con tres o m\u00e1s hijos o hijas, sean o no comunes. Tambi\u00e9n se entiende por <a href=\"https:\/\/dretssocials.gencat.cat\/ca\/ambits_tematics\/families\/families_nombroses\/\" target=\"_blank\" rel=\"noreferrer noopener\">familia numerosa<\/a> otras composiciones familiares.<\/p>\n\n<h4 class=\"wp-block-heading advgb-dyn-019f459a\" id=\"tramitacio-d226bfe2-3863-417d-b41f-18426fb0b287\">Tramitaci\u00f3n<\/h4>\n\n<p>Este tr\u00e1mite se puede solicitar por Internet, excepto en el caso de las familias numerosas con hijos\/hijas mayores de veintis\u00e9is a\u00f1os con un grado de discapacidad reconocido (que actualmente s\u00f3lo pueden realizar la tramitaci\u00f3n presencialmente). Para realizar el tr\u00e1mite presencialmente en una oficina, se puede solicitar <a href=\"https:\/\/web.gencat.cat\/ca\/tramits\/tramits-temes\/Targeta-acreditativa-de-la-discapacitat?category=7614d1e8-a82c-11e3-a972-000c29052e2c\" target=\"_blank\" rel=\"noreferrer noopener\">cita<\/a>.<\/p>\n\n<h4 class=\"wp-block-heading advgb-dyn-c22a395c\" id=\"sollicitud-del-titol-de-familia-nombrosa-168f6b04-40cf-42ef-b5e2-9251d68481b8\">Solicitud del t\u00edtulo de familia numerosa<\/h4>\n\n<p>Accede a la <a href=\"https:\/\/web.gencat.cat\/ca\/tramits\/tramits-temes\/Targeta-acreditativa-de-la-discapacitat?category=7614d1e8-a82c-11e3-a972-000c29052e2c\" target=\"_blank\" rel=\"noreferrer noopener\">solicitud<\/a>. <\/p>\n\n<h3 class=\"wp-block-heading advgb-dyn-2f4651b7\" id=\"xarxa-nombroses\">Red de ventajas para familias numerosas<\/h3>\n\n<p>El t\u00edtulo de familia numerosa permite acceder a una serie de ventajas y beneficios, tanto a nivel institucional, desde las diversas administraciones p\u00fablicas, como por parte de establecimientos comerciales y entidades, mediante la <a rel=\"noopener noreferrer\" href=\"http:\/\/benestar.gencat.cat\/ca\/ambits_tematics\/families\/families_nombroses\/xarxa_d_avantatges_per_a_families_nombroses\/\" target=\"_blank\">Red de ventajas para Familias Numerosas<\/a>.<\/p>\n\n<hr class=\"wp-block-separator has-css-opacity advgb-dyn-c3f4f0ad\"\/>\n\n<h2 class=\"wp-block-heading advgb-dyn-dabcec7e\" id=\"monoparental\">Familia monoparental<\/h2>\n\n<h3 class=\"wp-block-heading advgb-dyn-24ca2f98\" id=\"titol-monoparental\">T\u00edtulo de familia monoparental<\/h3>\n\n<h4 class=\"wp-block-heading advgb-dyn-5f5cb677\" id=\"que-es-el-titol-de-familia-monoparental-91c5d8e9-c801-428c-83b3-ea5a39aceeec\">\u00bfQu\u00e9 es el t\u00edtulo de familia monoparental?<\/h4>\n\n<p>El t\u00edtulo de familia monoparental es un documento oficial que acredita la condici\u00f3n de familia monoparental y que reporta varias ventajas. Este t\u00edtulo es expedido y renovado por el Departamento. El t\u00edtulo de familia monoparental da derecho a la posesi\u00f3n de un t\u00edtulo individual para cada miembro de la familia, de uso personal e intransferible, v\u00e1lido en Catalu\u00f1a, que permite gozar de determinadas ventajas. El t\u00edtulo individual se entrega junto al t\u00edtulo de familia monoparental.<\/p>\n\n<h4 class=\"wp-block-heading advgb-dyn-b248eda5\" id=\"a-qui-va-dirigit-40de744d-dcac-4709-868c-82b580a041ce\">\u00bfA qui\u00e9n va dirigido?<\/h4>\n\n<p>En las familias monoparentales, tanto de categor\u00eda especial como de categorial general. Se entiende por familia monoparental aquella familia formada por uno\/una o m\u00e1s hijos\/hijas menores de 21 a\u00f1os, o de 26 a\u00f1os si estudian, que conviven y dependen econ\u00f3micamente de una sola persona.<\/p>\n\n<h4 class=\"wp-block-heading advgb-dyn-fc21bc2c\" id=\"tramitacio-512582b2-5294-4ee0-87f6-ae6aa24b1ad3\">Tramitaci\u00f3n<\/h4>\n\n<p>Este tr\u00e1mite se puede solicitar por Internet, excepto en el caso de las familias numerosas con hijos\/hijas mayores de veintis\u00e9is a\u00f1os con un grado de discapacidad reconocido (que actualmente s\u00f3lo pueden realizar la tramitaci\u00f3n presencialmente). Para realizar el tr\u00e1mite presencialmente en una oficina, se puede solicitar cita. <\/p>\n\n<p><a rel=\"noreferrer noopener\" href=\"http:\/\/treballiaferssocials.gencat.cat\/ca\/ambits_tematics\/families\/families_monoparentals\/titol\/\" target=\"_blank\">Solicitud del t\u00edtulo de familia monoparental<\/a>. <\/p>\n\n<p><a rel=\"noreferrer noopener\" href=\"http:\/\/benestar.gencat.cat\/ca\/ambits_tematics\/families\/families_monoparentals\/\" target=\"_blank\">M\u00e1s informaci\u00f3n sobre el t\u00edtulo de familia monoparental<\/a>.<\/p>\n\n<h3 class=\"wp-block-heading advgb-dyn-0f4133d0\" id=\"xarxa-monoparental\">Red de ventajas para familias monoparentales<\/h3>\n\n<p>El t\u00edtulo de familia monoparental permite disfrutar de varios beneficios como ayudas para el acceso a la vivienda seg\u00fan el nivel de ingresos, ayuda por nacimiento, adopci\u00f3n, tutela o acogimiento sometida al nivel de ingresos de la unidad familiar, descuentos en albergues de la Red Nacional de Albergues sociales en Catalu\u00f1a, as\u00ed como descuentos ofrecidos por establecimientos o entidades colaboradoras.<\/p>\n\n<p><a href=\"http:\/\/treballiaferssocials.gencat.cat\/ca\/ambits_tematics\/families\/families_monoparentals\/avantatges_monoparental\/\" target=\"_blank\" rel=\"noreferrer noopener\">M\u00e1s informaci\u00f3n sobre la red de ventajas para familias monoparentales<\/a>.<\/p>\n\n<hr class=\"wp-block-separator has-css-opacity advgb-dyn-c3f4f0ad\"\/>\n\n<h2 class=\"wp-block-heading advgb-dyn-e4ca2bbf\" id=\"creixer\">Crecer en familia<\/h2>\n\n<h3 class=\"wp-block-heading advgb-dyn-bf2ddc35\" id=\"creixer-formacio\">Formaci\u00f3n para padres y madres<\/h3>\n\n<p>El programa Crecer en fam\u00edlia ofrece espacios de apoyo, virtuales y presenciales, a los padres y madres interesados \u200b\u200ben conocer aspectos que puedan influir de forma positiva en el cuidado, la educaci\u00f3n y el desarrollo de los hijos e hijas, invit\u00e1ndoles a reflexionar y compartir sus experiencias con otras familias.<\/p>\n\n<h4 class=\"wp-block-heading advgb-dyn-62b42a80\" id=\"que-ofereix-848b7d98-33bf-4294-87bf-4edb7312afb6\">\u00bfQu\u00e9 ofrece?<\/h4>\n\n<p>Crecer en familia es un programa formativo dirigido a orientar, reforzar y dar herramientas a las familias para desempe\u00f1ar su papel educativo de forma positiva, con el objetivo de potenciar el reconocimiento y la confianza en las propias capacidades de los progenitores. Ofrece <a href=\"http:\/\/benestar.gencat.cat\/ca\/ambits_tematics\/families\/formacio_per_a_pares_i_mares\/creixer_en_familia\/que_oferim\/\" target=\"_blank\" rel=\"noreferrer noopener\">ciclos de talleres<\/a>, que pretenden ser espacios de intercambio de experiencias entre padres y madres con hijos e hijas de edades similares, guiados por profesionales expertos en la formaci\u00f3n de familias en las que las prioridades son reflexionar sobre por qu\u00e9 educar, qu\u00e9 hacer y c\u00f3mo hacerlo.<\/p>\n\n<h4 class=\"wp-block-heading advgb-dyn-d0c8396c\" id=\"com-participar-480ba3c3-57b2-40da-866b-0e6f0f96b302\">C\u00f3mo participar<\/h4>\n\n<p>Crecer en familia ofrece dos maneras de pa<a href=\"http:\/\/benestar.gencat.cat\/ca\/ambits_tematics\/families\/formacio_per_a_pares_i_mares\/creixer_en_familia\/com_participar\/\">r<\/a>ticipaci\u00f3n a las familias: presencial, a trav\u00e9s de la asistencia a los ciclos de talleres, y mediante la web, consultando los art\u00edculos y otros recursos de inter\u00e9s.<\/p>\n\n<ul class=\"wp-block-list\">\n<li>El caf\u00e9 de las familias. El Caf\u00e9 de las familias es un espacio participativo abierto que, mediante las redes sociales, permite intercambiar experiencias, formular dudas y consultas, expresar opiniones y, en definitiva, realizar aportaciones sobre la educaci\u00f3n en familia y los talleres del programa. Este nuevo espacio virtual se organiza por territorios, a trav\u00e9s de los gestores de los talleres que se realizan en cada zona de Catalu\u00f1a.<\/li>\n\n\n\n<li>Caj\u00f3n de recursos. En este espacio las familias pueden acceder a <a href=\"http:\/\/benestar.gencat.cat\/ca\/ambits_tematics\/families\/formacio_per_a_pares_i_mares\/creixer_en_familia\/calaix_recursos\/\" target=\"_blank\" rel=\"noreferrer noopener\">listados y enlaces a recursos y herramientas de inter\u00e9s<\/a>.<\/li>\n<\/ul>\n\n<p><a href=\"http:\/\/benestar.gencat.cat\/ca\/ambits_tematics\/families\/formacio_per_a_pares_i_mares\/creixer_en_familia\" target=\"_blank\" rel=\"noreferrer noopener\">M\u00e1s informaci\u00f3n sobre Crecer en familia<\/a>.<\/p>\n\n<hr class=\"wp-block-separator has-css-opacity advgb-dyn-c3f4f0ad\"\/>\n\n<h2 class=\"wp-block-heading advgb-dyn-8cd1c253\" id=\"infants\">Prestaciones econ\u00f3micas para familias con ni\u00f1os<\/h2>\n\n<h3 class=\"wp-block-heading advgb-dyn-6a69a422\" id=\"prestacions-infants\">Prestaciones econ\u00f3micas de la Generalidad de Catalu\u00f1a<\/h3>\n\n<p>El objeto de estas prestaciones es dar apoyo econ\u00f3mico a las familias en las que haya tenido lugar el nacimiento, adopci\u00f3n, tutela o acogimiento de uno o m\u00e1s ni\u00f1os, por raz\u00f3n de la atenci\u00f3n que \u00e9stas le dedican y para prevenir situaciones de vulnerabilidad.<\/p>\n\n<h4 class=\"wp-block-heading advgb-dyn-35074f87\" id=\"a-qui-va-dirigit-0d85e5d0-b01d-478f-ba54-e39f5a174875\">\u00bfA qui\u00e9n va dirigido?<\/h4>\n\n<p>A las familias en las que haya tenido lugar un nacimiento, adopci\u00f3n, tutela o acogimiento con fecha a partir del 1 de septiembre de 2020, (incluido), siempre que no superen unos ingresos l\u00edmite.<\/p>\n\n<p><a href=\"http:\/\/web.gencat.cat\/ca\/tramits\/tramits-temes\/Ajuts-per-a-families-amb-infants?category=76531384-a82c-11e3-a972-000c29052e2c\" target=\"_blank\" rel=\"noreferrer noopener\">M\u00e1s informaci\u00f3n sobre prestaciones econ\u00f3micas de la Generalitat<\/a>.<\/p>\n","protected":false},"excerpt":{"rendered":"<p><a id=\"inici\" name=\"inici\"><\/a>La Unidad de Atenci\u00f3n Social prestar\u00e1 ayuda y asesoramiento a cualquier trabajador de la Universidad que, en un momento determinado, pueda encontrarse frente a esta situaci\u00f3n.<\/p>\n","protected":false},"author":1,"featured_media":29814,"parent":35222,"menu_order":0,"comment_status":"closed","ping_status":"closed","template":"","meta":{"advgb_blocks_editor_width":"","advgb_blocks_columns_visual_guide":"","footnotes":""},"class_list":["post-38151","page","type-page","status-publish","has-post-thumbnail"],"coauthors":[],"author_meta":{"author_link":"https:\/\/www.ub.edu\/ossma\/es\/author\/ossmau1","display_name":"OSSMA"},"relative_dates":{"created":"Publicado 4 a\u00f1os hace","modified":"Actualizado 1 a\u00f1o hace"},"absolute_dates":{"created":"Publicado el 21 de abril de 2022","modified":"Actualizado el 12 de noviembre de 2024"},"absolute_dates_time":{"created":"Publicado el 21 de abril de 2022 10:20","modified":"Actualizado el 12 de noviembre de 2024 07:50"},"featured_img_caption":"","featured_img":"https:\/\/www.ub.edu\/ossma\/wp-content\/uploads\/2021\/03\/banner-atencio-social.jpg","series_order":"","_links":{"self":[{"href":"https:\/\/www.ub.edu\/ossma\/es\/wp-json\/wp\/v2\/pages\/38151","targetHints":{"allow":["GET"]}}],"collection":[{"href":"https:\/\/www.ub.edu\/ossma\/es\/wp-json\/wp\/v2\/pages"}],"about":[{"href":"https:\/\/www.ub.edu\/ossma\/es\/wp-json\/wp\/v2\/types\/page"}],"author":[{"embeddable":true,"href":"https:\/\/www.ub.edu\/ossma\/es\/wp-json\/wp\/v2\/users\/1"}],"replies":[{"embeddable":true,"href":"https:\/\/www.ub.edu\/ossma\/es\/wp-json\/wp\/v2\/comments?post=38151"}],"version-history":[{"count":4,"href":"https:\/\/www.ub.edu\/ossma\/es\/wp-json\/wp\/v2\/pages\/38151\/revisions"}],"predecessor-version":[{"id":51983,"href":"https:\/\/www.ub.edu\/ossma\/es\/wp-json\/wp\/v2\/pages\/38151\/revisions\/51983"}],"up":[{"embeddable":true,"href":"https:\/\/www.ub.edu\/ossma\/es\/wp-json\/wp\/v2\/pages\/35222"}],"wp:featuredmedia":[{"embeddable":true,"href":"https:\/\/www.ub.edu\/ossma\/es\/wp-json\/wp\/v2\/media\/29814"}],"wp:attachment":[{"href":"https:\/\/www.ub.edu\/ossma\/es\/wp-json\/wp\/v2\/media?parent=38151"}],"curies":[{"name":"wp","href":"https:\/\/api.w.org\/{rel}","templated":true}]}}