{"id":40561,"date":"2022-08-04T08:32:12","date_gmt":"2022-08-04T08:32:12","guid":{"rendered":"https:\/\/www.ub.edu\/ossma\/seguridad-salud\/coordinacion-actividades-empresariales-cae-empresas-externas\/visitantes-empresas-menos-un-dia-actividades-bajo-riesgo"},"modified":"2024-12-20T07:40:21","modified_gmt":"2024-12-20T07:40:21","slug":"visitantes-empresas-menos-un-dia-actividades-bajo-riesgo","status":"publish","type":"page","link":"https:\/\/www.ub.edu\/ossma\/es\/seguridad-salud\/coordinacion-actividades-empresariales-cae-empresas-externas\/visitantes-empresas-menos-un-dia-actividades-bajo-riesgo","title":{"rendered":"Visitantes y empresas que acceden menos de un d\u00eda o realizan actividades de bajo riesgo"},"content":{"rendered":"\n<p class=\"atencio\">En caso de que requiera justificaci\u00f3n de inicio de coordinaci\u00f3n de actividades empresariales para poderla presentar a <a href=\"mailto:contractacio@ub.edu\">contractacio@ub.edu<\/a> debe acceder a la p\u00e1gina <a href=\"https:\/\/www.ub.edu\/ossma\/es\/seguridad-salud\/coordinacion-actividades-empresariales-cae-empresas-externas\/empresas-externas-diferente-actividad\">Coordinaci\u00f3n empresarial por empresas con diferente actividad que la UB<\/a> . <\/p>\n\n<p>En caso contrario, debes descargar las <a rel=\"noreferrer noopener\" href=\"https:\/\/www.ub.edu\/ossma\/wp-content\/uploads\/2022\/08\/normas-generales-seguridad-salud-empr-visit.pdf\" target=\"_blank\">Normas de Seguridad y Salud de la UB para visitantes o empresas que acceden menos de un d\u00eda y realizan actividades de bajo riesgo<\/a>.<\/p>\n\n<p>Recuerde que estas normas deben ser conocidas por todo el personal de su empresa que acceda a la Universidad de Barcelona, al igual que las normas de actuaci\u00f3n en caso de emergencia que encontrar\u00e1 a continuaci\u00f3n.<\/p>\n\n<p>Es necesario bajar las normas de seguridad y emergencia relativas al edificio al que se accede.<\/p>\n\n<p>Si necesitas comunicar alg\u00fan accidente, riesgo, etc. durante la actividad, podr\u00e1s hacerlo desde la p\u00e1gina \u00bb <a href=\"https:\/\/www.ub.edu\/ossma\/es\/seguridad-salud\/coordinacion-actividades-empresariales-cae-empresas-externas\/empresas-externas-documentos-necesarios-actividad\" data-type=\"page\" data-id=\"2929\">Empresas externas: documentos necesarios durante la actividad<\/a> \u00ab.<\/p>\n\n<table class=\"wp-block-advgb-table advgb-table-frontend is-style-stripes\"><thead><tr><th colspan=\"2\">Campus, facultad o edificio<\/th><th>Documento divulgativo para los trabajadores<\/th><\/tr><\/thead><tbody><tr><td colspan=\"2\">\u00c1rea de Formaci\u00f3n Complementaria<\/td><td style=\"text-align:center;vertical-align:middle\"><a href=\"https:\/\/www.ub.edu\/ossma\/wp-content\/uploads\/2022\/07\/normas-emergencia-formacion-complementaria-web.pdf\" target=\"_blank\" rel=\"noreferrer noopener\">En caso de emergencia<\/a><\/td><\/tr><tr><td colspan=\"2\">Aulario Josep Carner<\/td><td style=\"text-align:center;vertical-align:middle\"><a href=\"https:\/\/www.ub.edu\/ossma\/wp-content\/uploads\/2022\/07\/normas-emergencia-josep-carner-web.pdf\" target=\"_blank\" rel=\"noreferrer noopener\">En caso de emergencia<\/a><\/td><\/tr><tr><td colspan=\"2\">Edificio Baldiri Reixac 2 (CRAI Bibliotecas)<\/td><td style=\"text-align:center;vertical-align:middle\"><a href=\"https:\/\/www.ub.edu\/ossma\/wp-content\/uploads\/2022\/07\/normas-emergencia-baldiri-reixac-web.pdf\" target=\"_blank\" rel=\"noreferrer noopener\">En caso de emergencia<\/a><\/td><\/tr><tr><td colspan=\"2\">Edificio Baldiri Reixac 7-13 (Antiguo Relaciones Laborales, sin uso)<\/td><td style=\"text-align:center;vertical-align:middle\"><a href=\"https:\/\/www.ub.edu\/ossma\/wp-content\/uploads\/2022\/07\/normas-emergencia-antic-relaciones-laborales-web.pdf\" target=\"_blank\" rel=\"noreferrer noopener\">En caso de emergencia<\/a><\/td><\/tr><tr><td colspan=\"2\">Edificio El Carme (Badalona)<\/td><td style=\"text-align:center;vertical-align:middle\"><a href=\"https:\/\/www.ub.edu\/ossma\/wp-content\/uploads\/2022\/07\/normas-emergencia-carme-web.pdf\" target=\"_blank\" rel=\"noreferrer noopener\">En caso de emergencia<\/a><\/td><\/tr><tr><td colspan=\"2\">Edificio Hist\u00f2ric<\/td><td style=\"text-align:center;vertical-align:middle\"><a href=\"https:\/\/www.ub.edu\/ossma\/wp-content\/uploads\/2022\/07\/normas-emergencia-historic-web.pdf\" target=\"_blank\" rel=\"noreferrer noopener\">En caso de emergencia<\/a><\/td><\/tr><tr><td colspan=\"2\">Edificio Sol\u00e9 i Sabar\u00eds (CCiTUB)<\/td><td style=\"text-align:center;vertical-align:middle\"><a href=\"https:\/\/www.ub.edu\/ossma\/wp-content\/uploads\/2022\/07\/normas-emergencia-ccitub-web.pdf\" target=\"_blank\" rel=\"noreferrer noopener\">En caso de emergencia<\/a><\/td><\/tr><tr><td rowspan=\"3\">Facultad de Bellas Artes<\/td><td>Aulario Florensa<\/td><td style=\"text-align:center;vertical-align:middle\"><a href=\"https:\/\/www.ub.edu\/ossma\/wp-content\/uploads\/2022\/07\/normas-emergencia-florensa-web.pdf\" target=\"_blank\" rel=\"noreferrer noopener\">En caso de emergencia<\/a><\/td><td><\/td><\/tr><tr><td>Edificio principal, talleres y aulario antiguos Comedores<\/td><td style=\"text-align:center\"><a href=\"https:\/\/www.ub.edu\/ossma\/wp-content\/uploads\/2022\/07\/normas-emergencia-bellas-artes-web.pdf\" target=\"_blank\" rel=\"noreferrer noopener\">En caso de emergencia<\/a><\/td><\/tr><tr><td>Anexo II Parx\u00eds<\/td><td style=\"text-align:center\"><a href=\"https:\/\/www.ub.edu\/ossma\/wp-content\/uploads\/2022\/07\/normas-emergencia-parxis-web.pdf\" target=\"_blank\" rel=\"noreferrer noopener\">En caso de emergencia<\/a><\/td><\/tr><tr><td colspan=\"2\">Facultad de Biolog\u00eda<\/td><td style=\"text-align:center;vertical-align:middle\"><a href=\"https:\/\/www.ub.edu\/ossma\/wp-content\/uploads\/2022\/07\/normas-emergencia-biologia-web.pdf\" target=\"_blank\" rel=\"noreferrer noopener\">En caso de emergencia<\/a><\/td><\/tr><tr><td colspan=\"2\">Facultad de Ciencias de la tierra<\/td><td style=\"text-align:center;vertical-align:middle\"><a href=\"https:\/\/www.ub.edu\/ossma\/wp-content\/uploads\/2022\/07\/normas-emergencia-ciencias-tierra-web.pdf\" target=\"_blank\" rel=\"noreferrer noopener\">En caso de emergencia<\/a><\/td><\/tr><tr><td colspan=\"2\">Facultad de Derecho<\/td><td style=\"text-align:center;vertical-align:middle\"><a href=\"https:\/\/www.ub.edu\/ossma\/wp-content\/uploads\/2022\/07\/normas-emergencia-derecho-web.pdf\" target=\"_blank\" rel=\"noreferrer noopener\">En caso de emerg\u00e8ncia<\/a><\/td><\/tr><tr><td rowspan=\"2\">Facultad de Econom\u00eda y Empresa<\/td><td>Edificio 690<\/td><td style=\"text-align:center;vertical-align:middle\"><a href=\"https:\/\/www.ub.edu\/ossma\/wp-content\/uploads\/2022\/07\/normas-emergencia-economia-empresa-690-web.pdf\" target=\"_blank\" rel=\"noreferrer noopener\">En caso de emergencia<\/a><\/td><td><\/td><\/tr><tr><td>Edificio 696<\/td><td style=\"text-align:center\"><a href=\"https:\/\/www.ub.edu\/ossma\/wp-content\/uploads\/2022\/07\/normas-emergencia-economia-empresa-696-web.pdf\" target=\"_blank\" rel=\"noreferrer noopener\">En caso de emergencia<\/a><\/td><\/tr><tr><td rowspan=\"2\">Facultad de Educaci\u00f3n<\/td><td>Edificio Llevant<\/td><td style=\"text-align:center;vertical-align:middle\"><a href=\"https:\/\/www.ub.edu\/ossma\/wp-content\/uploads\/2022\/07\/normas-emergencia-mundet-llevant-web.pdf\" target=\"_blank\" rel=\"noreferrer noopener\">En caso de emergencia<\/a><\/td><td><\/td><\/tr><tr><td>Edificios Migdia I y Migdia II<\/td><td style=\"text-align:center\"><a href=\"https:\/\/www.ub.edu\/ossma\/wp-content\/uploads\/2022\/07\/normas-emergencia-mundet-migdia-web.pdf\" target=\"_blank\" rel=\"noreferrer noopener\">En caso de emergencia<\/a><\/td><\/tr><tr><td rowspan=\"4\">Facultad de Farmacia y Ciencias de la Alimentaci\u00f3n (Campus de Torribera)<\/td><td>Edificio Gaud\u00ed<\/td><td style=\"text-align:center;vertical-align:middle\"><a href=\"https:\/\/www.ub.edu\/ossma\/wp-content\/uploads\/2022\/07\/normas-emergencia-torribera-gaudi-web.pdf\" target=\"_blank\" rel=\"noreferrer noopener\">En caso de emergencia<\/a><\/td><td><\/td><\/tr><tr><td>Edificio La Masia<\/td><td style=\"text-align:center\"><a href=\"https:\/\/www.ub.edu\/ossma\/wp-content\/uploads\/2022\/07\/normas-emergencia-torribera-masia-web.pdf\" target=\"_blank\" rel=\"noreferrer noopener\">En caso de emergencia<\/a><\/td><\/tr><tr><td>Edificio Marina<\/td><td style=\"text-align:center\"><a href=\"https:\/\/www.ub.edu\/ossma\/wp-content\/uploads\/2022\/07\/normas-emergencia-torribera-marina-web.pdf\" target=\"_blank\" rel=\"noreferrer noopener\">En caso de emergencia<\/a><\/td><\/tr><tr><td>Edificio Verdaguer<\/td><td style=\"text-align:center\"><a href=\"https:\/\/www.ub.edu\/ossma\/wp-content\/uploads\/2022\/07\/normas-emergencia-torribera-verdaguer-web.pdf\" target=\"_blank\" rel=\"noreferrer noopener\">En caso de emergencia<\/a><\/td><\/tr><tr><td colspan=\"2\">Facultad de Farmacia y Ciencias de la alimentaci\u00f3n (Diagonal Sud)<\/td><td style=\"text-align:center;vertical-align:middle\"><a href=\"https:\/\/www.ub.edu\/ossma\/wp-content\/uploads\/2022\/07\/normas-emergencia-farmacia-web.pdf\" target=\"_blank\" rel=\"noreferrer noopener\">En caso de emergencia<\/a><\/td><\/tr><tr><td colspan=\"2\">Facultad de Filosof\u00eda y Facultad de Geograf\u00eda y Historia<\/td><td style=\"text-align:center;vertical-align:middle\"><a href=\"https:\/\/www.ub.edu\/ossma\/wp-content\/uploads\/2022\/07\/normas-emergencia-filosofia-geografia-historia-web.pdf\" target=\"_blank\" rel=\"noreferrer noopener\">En caso de emergencia<\/a><\/td><\/tr><tr><td colspan=\"2\">Facultad de F\u00edsica y Facultad de Qu\u00edmica<\/td><td style=\"text-align:center;vertical-align:middle\"><a href=\"https:\/\/www.ub.edu\/ossma\/wp-content\/uploads\/2022\/07\/normas-emergencia-fisica-quimica-web.pdf\" target=\"_blank\" rel=\"noreferrer noopener\">En caso de emergencia<\/a><\/td><\/tr><tr><td colspan=\"2\">Facultad de Informaci\u00f3n y Medios Audiovisuales (Campus Sants)<\/td><td style=\"text-align:center;vertical-align:middle\"><a href=\"https:\/\/www.ub.edu\/ossma\/wp-content\/uploads\/2022\/07\/normas-emergencia-sants-web.pdf\" target=\"_blank\" rel=\"noreferrer noopener\">En caso de emergencia<\/a><\/td><\/tr><tr><td colspan=\"2\">Facultad de Medicina y Ciencias de la Salud (Campus Cl\u00ednic)<\/td><td style=\"text-align:center;vertical-align:middle\"><a href=\"https:\/\/www.ub.edu\/ossma\/wp-content\/uploads\/2022\/07\/normas-emergencia-medicina-web.pdf\" target=\"_blank\" rel=\"noreferrer noopener\">En caso de emergencia<\/a><\/td><\/tr><tr><td colspan=\"2\">Facultad de Medicina y Ciencias de la Salud (Campus de Bellvitge)<\/td><td style=\"text-align:center;vertical-align:middle\"><a href=\"https:\/\/www.ub.edu\/ossma\/wp-content\/uploads\/2022\/07\/normas-emergencia-bellvitge-web.pdf\" target=\"_blank\" rel=\"noreferrer noopener\">En caso de emergencia<\/a><\/td><\/tr><tr><td colspan=\"2\">Facultad de Psicolog\u00eda (Campus Mundet &#8211; Edificio Ponent)<\/td><td style=\"text-align:center;vertical-align:middle\"><a href=\"https:\/\/www.ub.edu\/ossma\/wp-content\/uploads\/2022\/07\/normas-emergencia-mundet-ponent-web.pdf\" target=\"_blank\" rel=\"noreferrer noopener\">En caso de emergencia<\/a><\/td><\/tr><tr><td colspan=\"2\">Pavell\u00f3n Rosa<\/td><td style=\"text-align:center;vertical-align:middle\"><a href=\"https:\/\/www.ub.edu\/ossma\/wp-content\/uploads\/2022\/07\/normas-emergencia-pavello-rosa-web.pdf\" target=\"_blank\" rel=\"noreferrer noopener\">En caso de emergencia<\/a><\/td><\/tr><tr><td colspan=\"2\">Servicio de Deportes<\/td><td style=\"text-align:center;vertical-align:middle\"><a href=\"https:\/\/www.ub.edu\/ossma\/wp-content\/uploads\/2022\/07\/normas-emergencia-deportes-web.pdf\" target=\"_blank\" rel=\"noreferrer noopener\">En caso de emergencia<\/a><\/td><\/tr><\/tbody><\/table>\n","protected":false},"excerpt":{"rendered":"<p class=\"atencio\">En caso de que requiera justificaci\u00f3n de inicio de coordinaci\u00f3n de actividades empresariales para poderla presentar a <a href=\"mailto:contractacio@ub.edu\">contractacio@ub.edu<\/a> debe acceder a la p\u00e1gina <a href=\"https:\/\/www.ub.edu\/ossma\/es\/seguridad-salud\/coordinacion-actividades-empresariales-cae-empresas-externas\/empresas-externas-diferente-actividad\">Coordinaci\u00f3n empresarial por empresas con diferente actividad que la UB<\/a> . <\/p>\n","protected":false},"author":1,"featured_media":34354,"parent":35372,"menu_order":0,"comment_status":"closed","ping_status":"closed","template":"","meta":{"advgb_blocks_editor_width":"","advgb_blocks_columns_visual_guide":"","footnotes":""},"class_list":["post-40561","page","type-page","status-publish","has-post-thumbnail"],"coauthors":[],"author_meta":{"author_link":"https:\/\/www.ub.edu\/ossma\/es\/author\/ossmau1","display_name":"OSSMA"},"relative_dates":{"created":"Publicado 4 a\u00f1os hace","modified":"Actualizado 1 a\u00f1o hace"},"absolute_dates":{"created":"Publicado el 4 de agosto de 2022","modified":"Actualizado el 20 de diciembre de 2024"},"absolute_dates_time":{"created":"Publicado el 4 de agosto de 2022 08:32","modified":"Actualizado el 20 de diciembre de 2024 07:40"},"featured_img_caption":"","featured_img":"https:\/\/www.ub.edu\/ossma\/wp-content\/uploads\/2021\/04\/banner-cae.jpg","series_order":"","_links":{"self":[{"href":"https:\/\/www.ub.edu\/ossma\/es\/wp-json\/wp\/v2\/pages\/40561","targetHints":{"allow":["GET"]}}],"collection":[{"href":"https:\/\/www.ub.edu\/ossma\/es\/wp-json\/wp\/v2\/pages"}],"about":[{"href":"https:\/\/www.ub.edu\/ossma\/es\/wp-json\/wp\/v2\/types\/page"}],"author":[{"embeddable":true,"href":"https:\/\/www.ub.edu\/ossma\/es\/wp-json\/wp\/v2\/users\/1"}],"replies":[{"embeddable":true,"href":"https:\/\/www.ub.edu\/ossma\/es\/wp-json\/wp\/v2\/comments?post=40561"}],"version-history":[{"count":7,"href":"https:\/\/www.ub.edu\/ossma\/es\/wp-json\/wp\/v2\/pages\/40561\/revisions"}],"predecessor-version":[{"id":59585,"href":"https:\/\/www.ub.edu\/ossma\/es\/wp-json\/wp\/v2\/pages\/40561\/revisions\/59585"}],"up":[{"embeddable":true,"href":"https:\/\/www.ub.edu\/ossma\/es\/wp-json\/wp\/v2\/pages\/35372"}],"wp:featuredmedia":[{"embeddable":true,"href":"https:\/\/www.ub.edu\/ossma\/es\/wp-json\/wp\/v2\/media\/34354"}],"wp:attachment":[{"href":"https:\/\/www.ub.edu\/ossma\/es\/wp-json\/wp\/v2\/media?parent=40561"}],"curies":[{"name":"wp","href":"https:\/\/api.w.org\/{rel}","templated":true}]}}