{"id":43265,"date":"2022-12-05T07:22:38","date_gmt":"2022-12-05T07:22:38","guid":{"rendered":"https:\/\/www.ub.edu\/ossma\/atencion-social\/recursos\/personas-con-discapacidad\/cuestionario-personas-con-discapacidad"},"modified":"2022-12-05T07:22:51","modified_gmt":"2022-12-05T07:22:51","slug":"cuestionario-personas-con-discapacidad","status":"publish","type":"page","link":"https:\/\/www.ub.edu\/ossma\/es\/atencion-social\/recursos\/persones-amb-discapacitat\/cuestionario-personas-con-discapacidad","title":{"rendered":"Cuestionario para personas con discapacidad"},"content":{"rendered":"\n<p>Si tienes una discapacidad, y <strong>deseas comunicarlo voluntariamente a la OSSMA<\/strong>, rellena este formulario y nos pondremos en contacto para llevar a cabo un estudio de las condiciones laborales del puesto de trabajo. Seg\u00fan el art\u00edculo 25 de la Ley de Prevenci\u00f3n de Riesgos Laborales, con la implicaci\u00f3n de los diferentes servicios de la UB, se promover\u00e1n medidas de atenci\u00f3n, asesoramiento, as\u00ed como las medidas t\u00e9cnicas adecuadas.<\/p>\n\n<div class=\"wpcf7 no-js\" id=\"wpcf7-f43264-o1\" lang=\"es-ES\" dir=\"ltr\" data-wpcf7-id=\"43264\">\n<div class=\"screen-reader-response\"><p role=\"status\" aria-live=\"polite\" aria-atomic=\"true\"><\/p> <ul><\/ul><\/div>\n<form action=\"\/ossma\/es\/wp-json\/wp\/v2\/pages\/43265#wpcf7-f43264-o1\" method=\"post\" class=\"wpcf7-form init\" aria-label=\"Formulario de contacto\" novalidate=\"novalidate\" data-status=\"init\">\n<fieldset class=\"hidden-fields-container\"><input type=\"hidden\" name=\"_wpcf7\" value=\"43264\" \/><input type=\"hidden\" name=\"_wpcf7_version\" value=\"6.1.5\" \/><input type=\"hidden\" name=\"_wpcf7_locale\" value=\"es_ES\" \/><input type=\"hidden\" name=\"_wpcf7_unit_tag\" value=\"wpcf7-f43264-o1\" \/><input type=\"hidden\" name=\"_wpcf7_container_post\" value=\"0\" \/><input type=\"hidden\" name=\"_wpcf7_posted_data_hash\" value=\"\" \/><input type=\"hidden\" name=\"_wpcf7cf_hidden_group_fields\" value=\"[]\" \/><input type=\"hidden\" name=\"_wpcf7cf_hidden_groups\" value=\"[]\" \/><input type=\"hidden\" name=\"_wpcf7cf_visible_groups\" value=\"[]\" \/><input type=\"hidden\" name=\"_wpcf7cf_repeaters\" value=\"[]\" \/><input type=\"hidden\" name=\"_wpcf7cf_steps\" value=\"{}\" \/><input type=\"hidden\" name=\"_wpcf7cf_options\" value=\"{&quot;form_id&quot;:43264,&quot;conditions&quot;:[],&quot;settings&quot;:{&quot;animation&quot;:&quot;yes&quot;,&quot;animation_intime&quot;:200,&quot;animation_outtime&quot;:200,&quot;conditions_ui&quot;:&quot;normal&quot;,&quot;notice_dismissed&quot;:false,&quot;repeater_remove_button&quot;:&quot;bottom&quot;}}\" \/>\n<\/fieldset>\n<div class=\"form-two-columns\">\n\t<p><small>ELos campos con asterisco (*) son obligatorios<\/small>\n\t<\/p>\n\t<fieldset>\n\t\t<legend>Datos personales\n\t\t<\/legend>\n\t\t<p><label for=\"nom\">Nombre y apellidos*<\/label><span class=\"wpcf7-form-control-wrap\" data-name=\"nom\"><input size=\"40\" maxlength=\"400\" class=\"wpcf7-form-control wpcf7-text wpcf7-validates-as-required\" id=\"nom\" aria-required=\"true\" aria-invalid=\"false\" value=\"\" type=\"text\" name=\"nom\" \/><\/span><br \/>\n<label for=\"lloc\">Lugar de trabajo*<\/label><span class=\"wpcf7-form-control-wrap\" data-name=\"lloc\"><input size=\"40\" maxlength=\"400\" class=\"wpcf7-form-control wpcf7-text wpcf7-validates-as-required\" id=\"lloc\" aria-required=\"true\" aria-invalid=\"false\" value=\"\" type=\"text\" name=\"lloc\" \/><\/span><br \/>\n<label for=\"categoria\">Categor\u00eda laboral*<\/label><span class=\"wpcf7-form-control-wrap\" data-name=\"categoria\"><input size=\"40\" maxlength=\"400\" class=\"wpcf7-form-control wpcf7-text wpcf7-validates-as-required\" id=\"categoria\" aria-required=\"true\" aria-invalid=\"false\" value=\"\" type=\"text\" name=\"categoria\" \/><\/span><br \/>\n<label for=\"telefon\">Tel\u00e9fono del trabajo*<\/label><span class=\"wpcf7-form-control-wrap\" data-name=\"telefon\"><input size=\"40\" maxlength=\"400\" class=\"wpcf7-form-control wpcf7-tel wpcf7-validates-as-required wpcf7-text wpcf7-validates-as-tel\" id=\"telefon\" aria-required=\"true\" aria-invalid=\"false\" value=\"\" type=\"tel\" name=\"telefon\" \/><\/span><br \/>\n<label for=\"correu\">Correo electr\u00f3nico*<\/label><span class=\"wpcf7-form-control-wrap\" data-name=\"correu\"><input size=\"40\" maxlength=\"400\" class=\"wpcf7-form-control wpcf7-email wpcf7-validates-as-required wpcf7-text wpcf7-validates-as-email\" id=\"correu\" aria-required=\"true\" aria-invalid=\"false\" value=\"\" type=\"email\" name=\"correu\" \/><\/span>\n\t\t<\/p>\n\t<\/fieldset>\n\t<fieldset>\n\t\t<legend>Tipo y grado de discapacidad\n\t\t<\/legend>\n\t\t<p><label for=\"tipus\">\u00bfQu\u00e9 tipo de discapacidad tienes?<\/label><span class=\"formulari-dreta\"><span class=\"wpcf7-form-control-wrap\" data-name=\"tipus\"><span class=\"wpcf7-form-control wpcf7-checkbox\" id=\"tipus\"><span class=\"wpcf7-list-item first\"><input type=\"checkbox\" name=\"tipus[]\" value=\"F\u00edsica motora\" \/><span class=\"wpcf7-list-item-label\">F\u00edsica motora<\/span><\/span><span class=\"wpcf7-list-item\"><input type=\"checkbox\" name=\"tipus[]\" value=\"F\u00edsica no motora\" \/><span class=\"wpcf7-list-item-label\">F\u00edsica no motora<\/span><\/span><span class=\"wpcf7-list-item\"><input type=\"checkbox\" name=\"tipus[]\" value=\"Sensorial auditiva\" \/><span class=\"wpcf7-list-item-label\">Sensorial auditiva<\/span><\/span><span class=\"wpcf7-list-item\"><input type=\"checkbox\" name=\"tipus[]\" value=\"Sensorial visual\" \/><span class=\"wpcf7-list-item-label\">Sensorial visual<\/span><\/span><span class=\"wpcf7-list-item\"><input type=\"checkbox\" name=\"tipus[]\" value=\"Intelectual\" \/><span class=\"wpcf7-list-item-label\">Intelectual<\/span><\/span><span class=\"wpcf7-list-item last\"><input type=\"checkbox\" name=\"tipus[]\" value=\"Enfermedad mental\" \/><span class=\"wpcf7-list-item-label\">Enfermedad mental<\/span><\/span><\/span><\/span><\/span>\n\t\t<\/p>\n\t\t<div class=\"clear\">\n\t\t<\/div>\n\t\t<p><label for=\"icass\">\u00bfTienes el certificado de disminuci\u00f3n reconocido por el Departamento de Derechos Sociales de la Generalitat de Catalunya?<\/label><span class=\"wpcf7-form-control-wrap\" data-name=\"icass\"><span class=\"wpcf7-form-control wpcf7-radio\" id=\"icass\"><span class=\"wpcf7-list-item first\"><input type=\"radio\" name=\"icass\" value=\"S\u00ed\" checked=\"checked\" \/><span class=\"wpcf7-list-item-label\">S\u00ed<\/span><\/span><span class=\"wpcf7-list-item last\"><input type=\"radio\" name=\"icass\" value=\"No\" \/><span class=\"wpcf7-list-item-label\">No<\/span><\/span><\/span><\/span>\n\t\t<\/p>\n\t\t<p><label for=\"grau\">\u00bfQu\u00e9 grado de discapacidad tienes reconocido?<\/label><span class=\"wpcf7-form-control-wrap\" data-name=\"grau\"><input size=\"40\" maxlength=\"400\" class=\"wpcf7-form-control wpcf7-text\" id=\"grau\" aria-invalid=\"false\" value=\"\" type=\"text\" name=\"grau\" \/><\/span>\n\t\t<\/p>\n\t\t<p><label for=\"adaptat\">\u00bfTu puesto de trabajo est\u00e1 adaptado para que puedas realizar correctamente tus actividades?<\/label><span class=\"wpcf7-form-control-wrap\" data-name=\"adaptat\"><span class=\"wpcf7-form-control wpcf7-radio\" id=\"adaptat\"><span class=\"wpcf7-list-item first\"><input type=\"radio\" name=\"adaptat\" value=\"S\u00ed\" checked=\"checked\" \/><span class=\"wpcf7-list-item-label\">S\u00ed<\/span><\/span><span class=\"wpcf7-list-item last\"><input type=\"radio\" name=\"adaptat\" value=\"No\" \/><span class=\"wpcf7-list-item-label\">No<\/span><\/span><\/span><\/span>\n\t\t<\/p>\n\t\t<p><label for=\"adaptacio\">En caso de que no se haya adaptado, \u00bfqu\u00e9 adaptaciones t\u00e9cnicas y productos de soporte crees que ser\u00edan necesarios?<\/label><span class=\"wpcf7-form-control-wrap\" data-name=\"adaptacio\"><textarea cols=\"40\" rows=\"10\" maxlength=\"2000\" class=\"wpcf7-form-control wpcf7-textarea\" id=\"adaptacio\" aria-invalid=\"false\" name=\"adaptacio\"><\/textarea><\/span>\n\t\t<\/p>\n\t\t<p><label for=\"millorar\">Si tu puesto de trabajo ya dispone de adaptaciones, \u00bfcrees que podr\u00edan mejorarse? Indica c\u00f3mo<\/label><span class=\"wpcf7-form-control-wrap\" data-name=\"millorar\"><textarea cols=\"40\" rows=\"10\" maxlength=\"2000\" class=\"wpcf7-form-control wpcf7-textarea\" id=\"millorar\" aria-invalid=\"false\" name=\"millorar\"><\/textarea><\/span>\n\t\t<\/p>\n\t\t<p><label for=\"interaccio\">Crees que se produce una interacci\u00f3n correcta con respecto al trato que tienes con las personas de tu entorno laboral (dirigirse sin prejuicios, mantener el orden en la distribuci\u00f3n del espacio, evitar lenguaje no verbal, paciencia, lectura labial, etc.)?<\/label><span class=\"wpcf7-form-control-wrap\" data-name=\"interaccio\"><span class=\"wpcf7-form-control wpcf7-radio\" id=\"interaccio\"><span class=\"wpcf7-list-item first\"><input type=\"radio\" name=\"interaccio\" value=\"S\u00ed\" checked=\"checked\" \/><span class=\"wpcf7-list-item-label\">S\u00ed<\/span><\/span><span class=\"wpcf7-list-item last\"><input type=\"radio\" name=\"interaccio\" value=\"No\" \/><span class=\"wpcf7-list-item-label\">No<\/span><\/span><\/span><\/span>\n\t\t<\/p>\n\t\t<p><label for=\"millorar-inter\">\u00bfCu\u00e1les crees que podr\u00edan mejorarse y c\u00f3mo?<\/label><span class=\"wpcf7-form-control-wrap\" data-name=\"millorar-inter\"><textarea cols=\"40\" rows=\"10\" maxlength=\"2000\" class=\"wpcf7-form-control wpcf7-textarea\" id=\"millorar-inter\" aria-invalid=\"false\" name=\"millorar-inter\"><\/textarea><\/span>\n\t\t<\/p>\n\t\t<p><label for=\"actitud\">En relaci\u00f3n con tu discapacidad, \u00bfcu\u00e1l es la actitud predominante en tu entorno laboral?<\/label><span class=\"wpcf7-form-control-wrap\" data-name=\"actitud\"><span class=\"wpcf7-form-control wpcf7-checkbox\" id=\"actitud\"><span class=\"wpcf7-list-item first\"><input type=\"checkbox\" name=\"actitud[]\" value=\"Apoyo y comprensi\u00f3n de tus necesidades espec\u00edficas\" \/><span class=\"wpcf7-list-item-label\">Apoyo y comprensi\u00f3n de tus necesidades espec\u00edficas<\/span><\/span><span class=\"wpcf7-list-item\"><input type=\"checkbox\" name=\"actitud[]\" value=\"Sobreprotecci\u00f3n\" \/><span class=\"wpcf7-list-item-label\">Sobreprotecci\u00f3n<\/span><\/span><span class=\"wpcf7-list-item\"><input type=\"checkbox\" name=\"actitud[]\" value=\"Evitaci\u00f3n\" \/><span class=\"wpcf7-list-item-label\">Evitaci\u00f3n<\/span><\/span><span class=\"wpcf7-list-item last\"><input type=\"checkbox\" name=\"actitud[]\" value=\"Otras actitudes\" \/><span class=\"wpcf7-list-item-label\">Otras actitudes<\/span><\/span><\/span><\/span>\n\t\t<\/p>\n\t\t<p><label for=\"actituds-altres\">Otras actitudes:<\/label><span class=\"wpcf7-form-control-wrap\" data-name=\"actituds-altres\"><textarea cols=\"40\" rows=\"10\" maxlength=\"2000\" class=\"wpcf7-form-control wpcf7-textarea\" id=\"actituds-altres\" aria-invalid=\"false\" name=\"actituds-altres\"><\/textarea><\/span>\n\t\t<\/p>\n\t\t<p><label for=\"habilitats\">\u00bfTu trabajo se adec\u00faa a tu nivel de formaci\u00f3n y habilidades personales?<\/label><span class=\"wpcf7-form-control-wrap\" data-name=\"habilitats\"><span class=\"wpcf7-form-control wpcf7-checkbox\" id=\"habilitats\"><span class=\"wpcf7-list-item first\"><input type=\"checkbox\" name=\"habilitats[]\" value=\"Mucho\" \/><span class=\"wpcf7-list-item-label\">Mucho<\/span><\/span><span class=\"wpcf7-list-item\"><input type=\"checkbox\" name=\"habilitats[]\" value=\"Suficiente\" \/><span class=\"wpcf7-list-item-label\">Suficiente<\/span><\/span><span class=\"wpcf7-list-item\"><input type=\"checkbox\" name=\"habilitats[]\" value=\"Poco\" \/><span class=\"wpcf7-list-item-label\">Poco<\/span><\/span><span class=\"wpcf7-list-item last\"><input type=\"checkbox\" name=\"habilitats[]\" value=\"Nada\" \/><span class=\"wpcf7-list-item-label\">Nada<\/span><\/span><\/span><\/span>\n\t\t<\/p>\n\t\t<p><label for=\"integrats\">\u00bfTe sientes integrado en el trabajo?<\/label><span class=\"wpcf7-form-control-wrap\" data-name=\"integrats\"><span class=\"wpcf7-form-control wpcf7-radio\" id=\"integrats\"><span class=\"wpcf7-list-item first\"><input type=\"radio\" name=\"integrats\" value=\"S\u00ed\" checked=\"checked\" \/><span class=\"wpcf7-list-item-label\">S\u00ed<\/span><\/span><span class=\"wpcf7-list-item last\"><input type=\"radio\" name=\"integrats\" value=\"No\" \/><span class=\"wpcf7-list-item-label\">No<\/span><\/span><\/span><\/span>\n\t\t<\/p>\n\t\t<p><label for=\"observacions\">Observaciones<\/label><span class=\"wpcf7-form-control-wrap\" data-name=\"observacions\"><textarea cols=\"40\" rows=\"10\" maxlength=\"2000\" class=\"wpcf7-form-control wpcf7-textarea\" id=\"observacions\" aria-invalid=\"false\" name=\"observacions\"><\/textarea><\/span>\n\t\t<\/p>\n\t<\/fieldset>\n<\/div>\n<p><input class=\"wpcf7-form-control wpcf7-submit has-spinner\" type=\"submit\" value=\"Env\u00eda\" \/>\n<\/p>\n<p>(El formulario puede tardar unos segundos en confirmar el env\u00edo. Por favor, no lo reenv\u00edes ni recargues la p\u00e1gina.)\n<\/p><p style=\"display: none !important;\" class=\"akismet-fields-container\" data-prefix=\"_wpcf7_ak_\"><label>&#916;<textarea name=\"_wpcf7_ak_hp_textarea\" cols=\"45\" rows=\"8\" maxlength=\"100\"><\/textarea><\/label><input type=\"hidden\" id=\"ak_js_1\" name=\"_wpcf7_ak_js\" value=\"60\"\/><script>\ndocument.getElementById( \"ak_js_1\" ).setAttribute( \"value\", ( new Date() ).getTime() );\n<\/script>\n<\/p><div class=\"wpcf7-response-output\" aria-hidden=\"true\"><\/div>\n<\/form>\n<\/div>\n\n","protected":false},"excerpt":{"rendered":"<p>Si tienes una discapacidad, y <strong>deseas comunicarlo voluntariamente a la OSSMA<\/strong>, rellena este formulario y nos pondremos en contacto para llevar a cabo un estudio de las condiciones laborales del puesto de trabajo. Seg\u00fan el art\u00edculo 25 de la Ley de Prevenci\u00f3n de Riesgos Laborales, con la implicaci\u00f3n de los diferentes servicios de la UB, se promover\u00e1n medidas de atenci\u00f3n, asesoramiento, as\u00ed como las medidas t\u00e9cnicas adecuadas.<\/p>\n","protected":false},"author":1,"featured_media":29814,"parent":38549,"menu_order":0,"comment_status":"closed","ping_status":"closed","template":"","meta":{"advgb_blocks_editor_width":"","advgb_blocks_columns_visual_guide":"","footnotes":""},"class_list":["post-43265","page","type-page","status-publish","has-post-thumbnail"],"coauthors":[],"author_meta":{"author_link":"https:\/\/www.ub.edu\/ossma\/es\/author\/ossmau1","display_name":"OSSMA"},"relative_dates":{"created":"Publicado 3 a\u00f1os hace","modified":"Actualizado 3 a\u00f1os hace"},"absolute_dates":{"created":"Publicado el 5 de diciembre de 2022","modified":"Actualizado el 5 de diciembre de 2022"},"absolute_dates_time":{"created":"Publicado el 5 de diciembre de 2022 07:22","modified":"Actualizado el 5 de diciembre de 2022 07:22"},"featured_img_caption":"","featured_img":"https:\/\/www.ub.edu\/ossma\/wp-content\/uploads\/2021\/03\/banner-atencio-social.jpg","series_order":"","_links":{"self":[{"href":"https:\/\/www.ub.edu\/ossma\/es\/wp-json\/wp\/v2\/pages\/43265","targetHints":{"allow":["GET"]}}],"collection":[{"href":"https:\/\/www.ub.edu\/ossma\/es\/wp-json\/wp\/v2\/pages"}],"about":[{"href":"https:\/\/www.ub.edu\/ossma\/es\/wp-json\/wp\/v2\/types\/page"}],"author":[{"embeddable":true,"href":"https:\/\/www.ub.edu\/ossma\/es\/wp-json\/wp\/v2\/users\/1"}],"replies":[{"embeddable":true,"href":"https:\/\/www.ub.edu\/ossma\/es\/wp-json\/wp\/v2\/comments?post=43265"}],"version-history":[{"count":1,"href":"https:\/\/www.ub.edu\/ossma\/es\/wp-json\/wp\/v2\/pages\/43265\/revisions"}],"predecessor-version":[{"id":43266,"href":"https:\/\/www.ub.edu\/ossma\/es\/wp-json\/wp\/v2\/pages\/43265\/revisions\/43266"}],"up":[{"embeddable":true,"href":"https:\/\/www.ub.edu\/ossma\/es\/wp-json\/wp\/v2\/pages\/38549"}],"wp:featuredmedia":[{"embeddable":true,"href":"https:\/\/www.ub.edu\/ossma\/es\/wp-json\/wp\/v2\/media\/29814"}],"wp:attachment":[{"href":"https:\/\/www.ub.edu\/ossma\/es\/wp-json\/wp\/v2\/media?parent=43265"}],"curies":[{"name":"wp","href":"https:\/\/api.w.org\/{rel}","templated":true}]}}