{"id":43313,"date":"2022-12-12T06:59:46","date_gmt":"2022-12-12T06:59:46","guid":{"rendered":"https:\/\/www.ub.edu\/ossma\/atencion-social\/recursos\/personas-con-discapacidad\/cuestionario-personas-trabajan-personas-con-discapacidad"},"modified":"2022-12-12T07:05:20","modified_gmt":"2022-12-12T07:05:20","slug":"cuestionario-personas-trabajan-personas-con-discapacidad","status":"publish","type":"page","link":"https:\/\/www.ub.edu\/ossma\/es\/atencion-social\/recursos\/persones-amb-discapacitat\/cuestionario-personas-trabajan-personas-con-discapacidad","title":{"rendered":"Cuestionario para personas que trabajan con personas con discapacidad"},"content":{"rendered":"\n<p>Si trabajas con una persona que tiene una discapacidad y<strong>quiers comunicarlo voluntariamente a la OSSMA<\/strong>, rellena este formulario y el cuestionario y nos pondremos en contacto para llevar a cabo un estudio de las condiciones laborales del puesto de trabajo. Con la implicaci\u00f3n de los diferentes servicios de la UB, se promover\u00e1n medidas de atenci\u00f3n, asesoramiento, as\u00ed como las medidas t\u00e9cnicas adecuadas.<\/p>\n\n<div class=\"wpcf7 no-js\" id=\"wpcf7-f43310-o1\" lang=\"es-ES\" dir=\"ltr\" data-wpcf7-id=\"43310\">\n<div class=\"screen-reader-response\"><p role=\"status\" aria-live=\"polite\" aria-atomic=\"true\"><\/p> <ul><\/ul><\/div>\n<form action=\"\/ossma\/es\/wp-json\/wp\/v2\/pages\/43313#wpcf7-f43310-o1\" method=\"post\" class=\"wpcf7-form init\" aria-label=\"Formulario de contacto\" novalidate=\"novalidate\" data-status=\"init\">\n<fieldset class=\"hidden-fields-container\"><input type=\"hidden\" name=\"_wpcf7\" value=\"43310\" \/><input type=\"hidden\" name=\"_wpcf7_version\" value=\"6.1.5\" \/><input type=\"hidden\" name=\"_wpcf7_locale\" value=\"es_ES\" \/><input type=\"hidden\" name=\"_wpcf7_unit_tag\" value=\"wpcf7-f43310-o1\" \/><input type=\"hidden\" name=\"_wpcf7_container_post\" value=\"0\" \/><input type=\"hidden\" name=\"_wpcf7_posted_data_hash\" value=\"\" \/><input type=\"hidden\" name=\"_wpcf7cf_hidden_group_fields\" value=\"[]\" \/><input type=\"hidden\" name=\"_wpcf7cf_hidden_groups\" value=\"[]\" \/><input type=\"hidden\" name=\"_wpcf7cf_visible_groups\" value=\"[]\" \/><input type=\"hidden\" name=\"_wpcf7cf_repeaters\" value=\"[]\" \/><input type=\"hidden\" name=\"_wpcf7cf_steps\" value=\"{}\" \/><input type=\"hidden\" name=\"_wpcf7cf_options\" value=\"{&quot;form_id&quot;:43310,&quot;conditions&quot;:[],&quot;settings&quot;:{&quot;animation&quot;:&quot;yes&quot;,&quot;animation_intime&quot;:200,&quot;animation_outtime&quot;:200,&quot;conditions_ui&quot;:&quot;normal&quot;,&quot;notice_dismissed&quot;:false,&quot;repeater_remove_button&quot;:&quot;bottom&quot;}}\" \/>\n<\/fieldset>\n<div class=\"form-two-columns\">\n\t<p><small>Los campos con asterisco (*) son obligatorios<\/small>\n\t<\/p>\n\t<fieldset>\n\t\t<legend>Datos personales\n\t\t<\/legend>\n\t\t<p><label for=\"nom\">Nombre y apellidos*<\/label><span class=\"wpcf7-form-control-wrap\" data-name=\"nom\"><input size=\"40\" maxlength=\"400\" class=\"wpcf7-form-control wpcf7-text wpcf7-validates-as-required\" id=\"nom\" aria-required=\"true\" aria-invalid=\"false\" value=\"\" type=\"text\" name=\"nom\" \/><\/span><br \/>\n<label for=\"lloc\">Lugar de trabajo*<\/label><span class=\"wpcf7-form-control-wrap\" data-name=\"lloc\"><input size=\"40\" maxlength=\"400\" class=\"wpcf7-form-control wpcf7-text wpcf7-validates-as-required\" id=\"lloc\" aria-required=\"true\" aria-invalid=\"false\" value=\"\" type=\"text\" name=\"lloc\" \/><\/span><br \/>\n<label for=\"categoria\">Categor\u00eda laboral*<\/label><span class=\"wpcf7-form-control-wrap\" data-name=\"categoria\"><input size=\"40\" maxlength=\"400\" class=\"wpcf7-form-control wpcf7-text wpcf7-validates-as-required\" id=\"categoria\" aria-required=\"true\" aria-invalid=\"false\" value=\"\" type=\"text\" name=\"categoria\" \/><\/span><br \/>\n<label for=\"telefon\">Tel\u00e9fono del trabajo*<\/label><span class=\"wpcf7-form-control-wrap\" data-name=\"telefon\"><input size=\"40\" maxlength=\"400\" class=\"wpcf7-form-control wpcf7-tel wpcf7-validates-as-required wpcf7-text wpcf7-validates-as-tel\" id=\"telefon\" aria-required=\"true\" aria-invalid=\"false\" value=\"\" type=\"tel\" name=\"telefon\" \/><\/span><br \/>\n<label for=\"correu\">Correo electr\u00f3nico*<\/label><span class=\"wpcf7-form-control-wrap\" data-name=\"correu\"><input size=\"40\" maxlength=\"400\" class=\"wpcf7-form-control wpcf7-email wpcf7-validates-as-required wpcf7-text wpcf7-validates-as-email\" id=\"correu\" aria-required=\"true\" aria-invalid=\"false\" value=\"\" type=\"email\" name=\"correu\" \/><\/span>\n\t\t<\/p>\n\t<\/fieldset>\n\t<fieldset>\n\t\t<legend>Adaptaciones y apoyo\n\t\t<\/legend>\n\t\t<p><label for=\"suport\">Si en el entorno laboral hay integradas personas con discapacidad, \u00bfconsidera importante recibir apoyo en algunos de los siguientes aspectos?<\/label>\n\t\t<\/p>\n\t\t<div class=\"formulari-dreta\">\n\t\t\t<p><span class=\"wpcf7-form-control-wrap\" data-name=\"suport\"><span class=\"wpcf7-form-control wpcf7-checkbox\" id=\"suport\"><span class=\"wpcf7-list-item first\"><input type=\"checkbox\" name=\"suport[]\" value=\"Formaci\u00f3n para conocer las necesidades espec\u00edficas en relaci\u00f3n con el tipo de discapacidad (apoyo en los desplazamientos, como indicaciones verbales, lectura labial, etc.)\" \/><span class=\"wpcf7-list-item-label\">Formaci\u00f3n para conocer las necesidades espec\u00edficas en relaci\u00f3n con el tipo de discapacidad (apoyo en los desplazamientos, como indicaciones verbales, lectura labial, etc.)<\/span><\/span><span class=\"wpcf7-list-item\"><input type=\"checkbox\" name=\"suport[]\" value=\"Asesoramiento sobre qu\u00e9 actitudes de relaci\u00f3n deben adoptarse para evitar la sobreprotecci\u00f3n o la evitaci\u00f3n de las personas con discapacidad\" \/><span class=\"wpcf7-list-item-label\">Asesoramiento sobre qu\u00e9 actitudes de relaci\u00f3n deben adoptarse para evitar la sobreprotecci\u00f3n o la evitaci\u00f3n de las personas con discapacidad<\/span><\/span><span class=\"wpcf7-list-item last\"><input type=\"checkbox\" name=\"suport[]\" value=\"Otros aspectos\" \/><span class=\"wpcf7-list-item-label\">Otros aspectos<\/span><\/span><\/span><\/span>\n\t\t\t<\/p>\n\t\t<\/div>\n\t\t<p><label for=\"observacions\">Observaciones<br \/>\n<small>(No proporcione informaci\u00f3n privada de terceros en este apartado)<\/small><\/label><span class=\"wpcf7-form-control-wrap\" data-name=\"observacions\"><textarea cols=\"40\" rows=\"10\" maxlength=\"2000\" class=\"wpcf7-form-control wpcf7-textarea\" id=\"observacions\" aria-invalid=\"false\" name=\"observacions\"><\/textarea><\/span>\n\t\t<\/p>\n\t<\/fieldset>\n<\/div>\n<p><input class=\"wpcf7-form-control wpcf7-submit has-spinner\" type=\"submit\" value=\"Env\u00eda\" \/>\n<\/p>\n<p>(El formulario puede tardar unos segundos en confirmar el env\u00edo. Por favor, no lo reenv\u00edes ni recargues la p\u00e1gina.)\n<\/p><p style=\"display: none !important;\" class=\"akismet-fields-container\" data-prefix=\"_wpcf7_ak_\"><label>&#916;<textarea name=\"_wpcf7_ak_hp_textarea\" cols=\"45\" rows=\"8\" maxlength=\"100\"><\/textarea><\/label><input type=\"hidden\" id=\"ak_js_1\" name=\"_wpcf7_ak_js\" value=\"214\"\/><script>\ndocument.getElementById( \"ak_js_1\" ).setAttribute( \"value\", ( new Date() ).getTime() );\n<\/script>\n<\/p><div class=\"wpcf7-response-output\" aria-hidden=\"true\"><\/div>\n<\/form>\n<\/div>\n\n","protected":false},"excerpt":{"rendered":"<p>Si trabajas con una persona que tiene una discapacidad y<strong>quiers comunicarlo voluntariamente a la OSSMA<\/strong>, rellena este formulario y el cuestionario y nos pondremos en contacto para llevar a cabo un estudio de las condiciones laborales del puesto de trabajo. Con la implicaci\u00f3n de los diferentes servicios de la UB, se promover\u00e1n medidas de atenci\u00f3n, asesoramiento, as\u00ed como las medidas t\u00e9cnicas adecuadas.<\/p>\n","protected":false},"author":1,"featured_media":29814,"parent":38549,"menu_order":0,"comment_status":"closed","ping_status":"closed","template":"","meta":{"advgb_blocks_editor_width":"","advgb_blocks_columns_visual_guide":"","footnotes":""},"class_list":["post-43313","page","type-page","status-publish","has-post-thumbnail"],"coauthors":[],"author_meta":{"author_link":"https:\/\/www.ub.edu\/ossma\/es\/author\/ossmau1","display_name":"OSSMA"},"relative_dates":{"created":"Publicado 3 a\u00f1os hace","modified":"Actualizado 3 a\u00f1os hace"},"absolute_dates":{"created":"Publicado el 12 de diciembre de 2022","modified":"Actualizado el 12 de diciembre de 2022"},"absolute_dates_time":{"created":"Publicado el 12 de diciembre de 2022 06:59","modified":"Actualizado el 12 de diciembre de 2022 07:05"},"featured_img_caption":"","featured_img":"https:\/\/www.ub.edu\/ossma\/wp-content\/uploads\/2021\/03\/banner-atencio-social.jpg","series_order":"","_links":{"self":[{"href":"https:\/\/www.ub.edu\/ossma\/es\/wp-json\/wp\/v2\/pages\/43313","targetHints":{"allow":["GET"]}}],"collection":[{"href":"https:\/\/www.ub.edu\/ossma\/es\/wp-json\/wp\/v2\/pages"}],"about":[{"href":"https:\/\/www.ub.edu\/ossma\/es\/wp-json\/wp\/v2\/types\/page"}],"author":[{"embeddable":true,"href":"https:\/\/www.ub.edu\/ossma\/es\/wp-json\/wp\/v2\/users\/1"}],"replies":[{"embeddable":true,"href":"https:\/\/www.ub.edu\/ossma\/es\/wp-json\/wp\/v2\/comments?post=43313"}],"version-history":[{"count":1,"href":"https:\/\/www.ub.edu\/ossma\/es\/wp-json\/wp\/v2\/pages\/43313\/revisions"}],"predecessor-version":[{"id":43314,"href":"https:\/\/www.ub.edu\/ossma\/es\/wp-json\/wp\/v2\/pages\/43313\/revisions\/43314"}],"up":[{"embeddable":true,"href":"https:\/\/www.ub.edu\/ossma\/es\/wp-json\/wp\/v2\/pages\/38549"}],"wp:featuredmedia":[{"embeddable":true,"href":"https:\/\/www.ub.edu\/ossma\/es\/wp-json\/wp\/v2\/media\/29814"}],"wp:attachment":[{"href":"https:\/\/www.ub.edu\/ossma\/es\/wp-json\/wp\/v2\/media?parent=43313"}],"curies":[{"name":"wp","href":"https:\/\/api.w.org\/{rel}","templated":true}]}}