{"id":43318,"date":"2022-12-12T07:31:38","date_gmt":"2022-12-12T07:31:38","guid":{"rendered":"https:\/\/www.ub.edu\/ossma\/atencion-social\/enlaces-interes"},"modified":"2022-12-12T07:31:58","modified_gmt":"2022-12-12T07:31:58","slug":"enlaces-interes","status":"publish","type":"page","link":"https:\/\/www.ub.edu\/ossma\/es\/atencion-social\/enlaces-interes","title":{"rendered":"Enlaces de inter\u00e9s"},"content":{"rendered":"\n<h2 class=\"wp-block-heading\">Universidad de Barcelona<\/h2>\n\n<ul class=\"wp-block-list\">\n<li><a href=\"https:\/\/www.ub.edu\/portal\/web\/psicologia\/utc\" target=\"_blank\" rel=\"noreferrer noopener\">Unitat de Ter\u00e0pia de Conducta (UTC)<\/a>. Es un servicio cl\u00ednico de la Facultad de Psicolog\u00eda de la Universidad de Barcelona que posibilita la asistencia psicol\u00f3gica.<\/li>\n\n\n\n<li><a rel=\"noopener\" href=\"https:\/\/sites.google.com\/site\/utacub\/\" target=\"_blank\">Unitat de T\u00e8cniques Augmentatives de Comunicaci\u00f3 (UTAC)<\/a>. La UTAC es un servicio externo de la Facultad de Psicolog\u00eda de la Universidad de Barcelona. Comprende la UTAC S\u00edrius, concertada con el Departamento de Bienestar Social y Familia y la UTAC Ensenyament, concertada con el Departamento de Ense\u00f1anza de la Generalitat de Catalunya. Se dirige a personas con discapacidad motriz que requieren formas Aumentativas y Alternativas de Comunicaci\u00f3n y Tecnolog\u00edas de Apoyo y acceso al ordenador, juego adaptado y movilidad asistida.<\/li>\n<\/ul>\n\n<h2 class=\"wp-block-heading\">Instituciones y organizaciones<\/h2>\n\n<ul class=\"wp-block-list\">\n<li><a rel=\"noopener\" href=\"http:\/\/www.webacic.cat\/\" target=\"_blank\">ACIC &#8211; Asociaci\u00f3n Catalana para la Integraci\u00f3n del Ciego<\/a><\/li>\n\n\n\n<li><a href=\"https:\/\/agbellinternational.org\/informacion\/espana\/\" target=\"_blank\" rel=\"noreferrer noopener\">AG BELL &#8211; Atenci\u00f3n a la Discapacidad Auditiva<\/a><\/li>\n\n\n\n<li><a href=\"https:\/\/associacioapso.com\/\" target=\"_blank\" rel=\"noreferrer noopener\">APSO &#8211; Formaci\u00f3n en lengua de signos<\/a><\/li>\n\n\n\n<li><a rel=\"noopener\" href=\"http:\/\/www.b1b2b3.org\/ca\/\" target=\"_blank\">Associaci\u00f3 Discapacitats Visuals Catalunya<\/a><\/li>\n\n\n\n<li><a rel=\"noopener\" href=\"http:\/\/www.cermi.es\/en-US\/Pages\/Portada.aspx\" target=\"_blank\">CERMI &#8211; Comit\u00e9 Espa\u00f1ol de Representantes de Personas con Discapacidad<\/a><\/li>\n\n\n\n<li><a rel=\"noopener\" href=\"http:\/\/www.cocemfe.es\/\" target=\"_blank\">COCEMFE &#8211; Confederaci\u00f3n Espa\u00f1ola de Personas con Discapacidad F\u00edsica y Org\u00e1nica <\/a><\/li>\n\n\n\n<li><a rel=\"noreferrer noopener\" href=\"http:\/\/www20.gencat.cat\/portal\/site\/bsf\/menuitem.c7a2fef9da184241e42a63a7b0c0e1a0\/?vgnextoid=9e3725d3de5a4210VgnVCM1000008d0c1e0aRCRD&amp;vgnextchannel=9e3725d3de5a4210VgnVCM1000008d0c1e0aRCRD&amp;vgnextfmt=default\" target=\"_blank\">Departament de Treball, Afers Socials i Fam\u00edlies <\/a><\/li>\n\n\n\n<li><a href=\"https:\/\/www.dincat.cat\/\" target=\"_blank\" rel=\"noreferrer noopener\">Dincat &#8211; Plena Inclusi\u00f3n Catalu\u00f1a &#8211; Discapacidad Intelectual<\/a><\/li>\n\n\n\n<li><a href=\"https:\/\/acapps.org\/web\/\" target=\"_blank\" rel=\"noreferrer noopener\">Federaci\u00f3 ACAPPS &#8211; Federaci\u00f3n de Asociaciones Catalanas de Familias y Personas con Sordera<\/a><\/li>\n\n\n\n<li><a rel=\"noopener\" href=\"http:\/\/www.ecom.cat\/\" target=\"_blank\">Federaci\u00f3 ECOM &#8211; Movimiento asociativo integrado por organizaciones de personas con discapacidad f\u00edsica<\/a><\/li>\n\n\n\n<li><a rel=\"noopener\" href=\"http:\/\/www.fesoca.org\/\" target=\"_blank\">Federaci\u00f3 FESOCA &#8211; Federaci\u00f3n de Personas Sordas de Catalu\u00f1a <\/a><\/li>\n\n\n\n<li><a rel=\"noopener\" href=\"http:\/\/www.salutmental.org\/qui-som\/\" target=\"_blank\">Federaci\u00f3 SMC. Federaci\u00f3 Salut Mental Catalunya<\/a>. Es la antigua FECAFAMM (Federaci\u00f3n catalana de asociaciones de familiares y personas con problemas de salud mental)<\/li>\n\n\n\n<li><a rel=\"noopener\" href=\"http:\/\/www.fem.es\/\" target=\"_blank\">FEM &#8211; Fundaci\u00f3n Esclerosis M\u00faltiple<\/a><\/li>\n\n\n\n<li><a rel=\"noopener\" href=\"http:\/\/www.fundacionprevent.com\/\" target=\"_blank\">Fundaci\u00f3n Prevent<\/a>. Es una entidad sin \u00e1nimo de lucro de \u00e1mbito nacional, constituida con el objetivo de dinamizar acciones, pol\u00edticas y programas que promueven la inclusi\u00f3n social y laboral de las personas con discapacidad y la seguridad y salud laboral.<\/li>\n\n\n\n<li><a rel=\"noreferrer noopener\" href=\"https:\/\/www.fundacionuniversia.net\/es\/index.html\" target=\"_blank\">Fundaci\u00f3n Universia<\/a>. Es una entidad privada sin \u00e1nimo de lucro promovida por Universia con el objetivo de impulsar la inclusi\u00f3n laboral de las personas con discapacidad.<\/li>\n\n\n\n<li><a rel=\"noreferrer noopener\" href=\"https:\/\/www.once.es\/servicios-sociales\" target=\"_blank\">ONCE &#8211; Organizaci\u00f3n nacional de ciegos espa\u00f1oles<\/a><\/li>\n\n\n\n<li><a rel=\"noopener\" href=\"http:\/\/sid.usal.es\/default.aspx\" target=\"_blank\">SID &#8211; Servicio de Informaci\u00f3n sobre Discapacidad<\/a><\/li>\n<\/ul>\n\n<p><\/p>\n","protected":false},"excerpt":{"rendered":"<h2 class=\"wp-block-heading\">Universidad de Barcelona<\/h2>\n","protected":false},"author":1,"featured_media":29814,"parent":29813,"menu_order":30,"comment_status":"closed","ping_status":"closed","template":"page-nav.php","meta":{"advgb_blocks_editor_width":"","advgb_blocks_columns_visual_guide":"","footnotes":""},"class_list":["post-43318","page","type-page","status-publish","has-post-thumbnail"],"coauthors":[],"author_meta":{"author_link":"https:\/\/www.ub.edu\/ossma\/es\/author\/ossmau1","display_name":"OSSMA"},"relative_dates":{"created":"Publicado 3 a\u00f1os hace","modified":"Actualizado 3 a\u00f1os hace"},"absolute_dates":{"created":"Publicado el 12 de diciembre de 2022","modified":"Actualizado el 12 de diciembre de 2022"},"absolute_dates_time":{"created":"Publicado el 12 de diciembre de 2022 07:31","modified":"Actualizado el 12 de diciembre de 2022 07:31"},"featured_img_caption":"","featured_img":"https:\/\/www.ub.edu\/ossma\/wp-content\/uploads\/2021\/03\/banner-atencio-social.jpg","series_order":"","_links":{"self":[{"href":"https:\/\/www.ub.edu\/ossma\/es\/wp-json\/wp\/v2\/pages\/43318","targetHints":{"allow":["GET"]}}],"collection":[{"href":"https:\/\/www.ub.edu\/ossma\/es\/wp-json\/wp\/v2\/pages"}],"about":[{"href":"https:\/\/www.ub.edu\/ossma\/es\/wp-json\/wp\/v2\/types\/page"}],"author":[{"embeddable":true,"href":"https:\/\/www.ub.edu\/ossma\/es\/wp-json\/wp\/v2\/users\/1"}],"replies":[{"embeddable":true,"href":"https:\/\/www.ub.edu\/ossma\/es\/wp-json\/wp\/v2\/comments?post=43318"}],"version-history":[{"count":1,"href":"https:\/\/www.ub.edu\/ossma\/es\/wp-json\/wp\/v2\/pages\/43318\/revisions"}],"predecessor-version":[{"id":43319,"href":"https:\/\/www.ub.edu\/ossma\/es\/wp-json\/wp\/v2\/pages\/43318\/revisions\/43319"}],"up":[{"embeddable":true,"href":"https:\/\/www.ub.edu\/ossma\/es\/wp-json\/wp\/v2\/pages\/29813"}],"wp:featuredmedia":[{"embeddable":true,"href":"https:\/\/www.ub.edu\/ossma\/es\/wp-json\/wp\/v2\/media\/29814"}],"wp:attachment":[{"href":"https:\/\/www.ub.edu\/ossma\/es\/wp-json\/wp\/v2\/media?parent=43318"}],"curies":[{"name":"wp","href":"https:\/\/api.w.org\/{rel}","templated":true}]}}