{"id":46696,"date":"2023-03-28T10:30:53","date_gmt":"2023-03-28T10:30:53","guid":{"rendered":"https:\/\/www.ub.edu\/ossma\/atencion-social\/recursos\/vacaciones"},"modified":"2025-06-20T06:01:29","modified_gmt":"2025-06-20T06:01:29","slug":"vacaciones","status":"publish","type":"page","link":"https:\/\/www.ub.edu\/ossma\/es\/atencion-social\/recursos\/vacaciones","title":{"rendered":"Vacaciones"},"content":{"rendered":"\n<p>La Unidad de Atenci\u00f3n Social prestar\u00e1 ayuda y asesoramiento a cualquier trabajador de la Universidad que, quiera disfrutar de estas situaciones:<\/p>\n\n<div class=\"wp-block-advgb-summary alignnone\"><div class=\"advgb-toc-header collapsed\">Apartats<\/div><ul class=\"advgb-toc alignnone\" style=\"display:none\"><li class=\"toc-level-1\"><a href=\"#xanascat\">La Red Nacional de Albergues Sociales de Catalu\u00f1a (XANASCAT)<\/a><\/li><li class=\"toc-level-1\"><a href=\"#2020\">Vacaciones en Familia 2025<\/a><\/li><li class=\"toc-level-2\"><a href=\"#a-qui-va-adrecat-f1ac1510-417c-4fe2-ad5c-e3b8ddc4b4c0\">\u00bfA qui\u00e9n va dirigido?<\/a><\/li><li class=\"toc-level-1\"><a href=\"#santa\">Colonias de Semana Santa<\/a><\/li><li class=\"toc-level-2\"><a href=\"#a-qui-va-adrecat-47d2aa56-b53c-40bd-ad6a-8d2dd9176e33\">\u00bfA qui\u00e9n va dirigido?<\/a><\/li><li class=\"toc-level-2\"><a href=\"#objectius-generals-de-les-estades-c20a6cf3-e924-418f-923a-720674bd56d6\">Objetivos generales de las estancias:<\/a><\/li><li class=\"toc-level-1\"><a href=\"#estiu\">El verano es tuyo 2025<\/a><\/li><li class=\"toc-level-1\"><a href=\"#estades-per-aprendre-creixer-i-passarsho-be-803021a3-3693-45e4-8d4a-a86f5b834cce\">Estancias para aprender, crecer y pas\u00e1rselo bien<\/a><\/li><li class=\"toc-level-1\"><a href=\"#suport-a-les-families-i-joves-13440c7a-184b-4463-9a6e-93dbb89aaf4d\">Apoyo a las familias y j\u00f3venes<\/a><\/li><li class=\"toc-level-1\"><a href=\"#accessibilitat-9fd3a00b-c361-4cbf-81ad-a5eacef06f7b\">Accessibilidad<\/a><\/li><li class=\"toc-level-1\"><a href=\"#el-monitoratge-6047ef71-37c8-494e-ab40-c9a8873c497a\">La monitorizaci\u00f3n<\/a><\/li><li class=\"toc-level-1\"><a href=\"#prevencio-i-seguretat-en-les-activitats-cca1aa1f-b1a5-453d-bdd8-d39778e574ae\">Prevenci\u00f3n y seguridad en las actividades<\/a><\/li><li class=\"toc-level-1\"><a href=\"#educacio-emocional-401908bb-1c8f-49d1-8455-0453e86738c2\">Educaci\u00f3n emocional<\/a><\/li><li class=\"toc-level-1\"><a href=\"#alimentacio-i-nutricio-cf53d1fc-b079-4467-b2c2-27f28d464675\">Alimentaci\u00f3n y nutrici\u00f3n<\/a><\/li><li class=\"toc-level-1\"><a href=\"#albergs-variats-i-de-qualitat-a78246ec-0c3e-43f2-82e9-eebfeb7e965f\">Albergues variados y de calidad<\/a><\/li><\/ul><\/div>\n\n<h2 class=\"wp-block-heading\" id=\"xanascat\"><a name=\"xanascat\" id=\"xanascat\"><\/a>La Red Nacional de Albergues Sociales de Catalu\u00f1a (XANASCAT)<\/h2>\n\n<p>La Red Nacional de Albergues Sociales de Catalu\u00f1a (XANASCAT) pone a tu disposici\u00f3n 45 albergues repartidos por la costa y el interior, la monta\u00f1a y la llanura, en lugares de gran inter\u00e9s natural y cultural que muestran la atracci\u00f3n y la grandeza de lo que Catalu\u00f1a puede ofrecer a sus visitantes.<\/p>\n\n<p><a rel=\"noopener noreferrer\" href=\"http:\/\/www.xanascat.cat\/\" target=\"_blank\">Para m\u00e1s informaci\u00f3n visita la p\u00e1gina siguiente<\/a>.<\/p>\n\n<p><a rel=\"noopener noreferrer\" href=\"http:\/\/www.hihostels.com\/web\/index.es.htm\" target=\"_blank\">Red Internacional de Albergues<\/a>.<\/p>\n\n<hr class=\"wp-block-separator has-alpha-channel-opacity\"\/>\n\n<h2 class=\"wp-block-heading\" id=\"2020\"><a name=\"familia\" id=\"familia\"><\/a>Vacaciones en Familia 2025<\/h2>\n\n<h3 class=\"wp-block-heading\" id=\"a-qui-va-adrecat-f1ac1510-417c-4fe2-ad5c-e3b8ddc4b4c0\">\u00bfA qui\u00e9n va dirigido?<\/h3>\n\n<p>El programa <strong>\u2018Vacaciones en familia\u2019 <\/strong>de la <strong>Xanascat <\/strong>se dirige a todas aquellas familias con ni\u00f1os menores de dieciocho a\u00f1os que desean desconectar del d\u00eda a d\u00eda para vivir experiencias diferentes, fortalecer v\u00ednculos, aprender conjuntamente y compartir con otras familias.<\/p>\n\n<p>La 1\u00aa convocatoria se abrir\u00e1 el pr\u00f3ximo 25 de noviembre a las 12:00 h del mediod\u00eda y tendr\u00e1 dos semanas para realizar su preinscripci\u00f3n y participar en el sorteo de las plazas el d\u00eda 11 de diciembre.<\/p>\n\n<p>Puede elegir entre 26 albergues de la XANASCAT y optar a uno de los <a href=\"https:\/\/xanascat.gencat.cat\/ca\/programes\/vacances-en-familia\/primera-convocatoria-2025\">387 turnos<\/a> que se ofrecen en estancias por la Semana Santa, el puente del 1 de mayo, el puente del 9 de junio, el puente de St. Juan o cualquier fin de semana.<\/p>\n\n<p>Podr\u00e1 escapar todos los fines de semana desde el mes de enero, desconectarse durante todo el verano y tambi\u00e9n durante los puentes de Semana Santa, en el puente del 1 de mayo, puente del 9 de junio, puente de St. Juan, en el puente de la Diada y el de diciembre!<\/p>\n\n<p>Consulta los <a href=\"https:\/\/xanascat.gencat.cat\/ca\/programes\/vacances-en-familia\/convocatories\">plazos importantes<\/a> y si tienes alguna duda encontrar\u00e1s todas las respuestas en la secci\u00f3n <a href=\"https:\/\/xanascat.gencat.cat\/ca\/programes\/vacances-en-familia\/faqs\">FAQ&#8217;S<\/a> y en las <a href=\"https:\/\/xanascat.gencat.cat\/ca\/programes\/vacances-en-familia\/condicions-de-participacio\">condiciones de participaci\u00f3n<\/a> propias del programa.<\/p>\n\n<p><a href=\"https:\/\/xanascat.gencat.cat\/ca\/programes\/vacances-en-familia\" target=\"_blank\" rel=\"noreferrer noopener\">Para m\u00e1s informaci\u00f3n visita la p\u00e1gina siguiente<\/a>.<\/p>\n\n<hr class=\"wp-block-separator has-alpha-channel-opacity\"\/>\n\n<h2 class=\"wp-block-heading\" id=\"santa\"><a id=\"colonies\" name=\"colonies\"><\/a>Colonias de Semana Santa<\/h2>\n\n<h3 class=\"wp-block-heading\" id=\"a-qui-va-adrecat-47d2aa56-b53c-40bd-ad6a-8d2dd9176e33\">\u00bfA qui\u00e9n va dirigido?<\/h3>\n\n<p>El Programa Colonias de Semana Santa de la Red Nacional de Albergues Sociales de Catalu\u00f1a (XANASCAT) es una propuesta de la Agencia Catalana de la Juventud que se dirige a los chicos y chicas de 8 a 16 a\u00f1os para realizar una estancia en los albergues de la XANASCAT durante las vacaciones escolares de Semana Santa.<\/p>\n\n<h3 class=\"wp-block-heading\" id=\"objectius-generals-de-les-estades-c20a6cf3-e924-418f-923a-720674bd56d6\">Objetivos generales de las estancias:<\/h3>\n\n<ul class=\"wp-block-list\">\n<li>Dotar de contenido pedag\u00f3gico, cultural, deportivo y de convivencia el per\u00edodo vacacional de Pascua.<\/li>\n\n\n\n<li>Transmitir valores de convivencia y compa\u00f1\u00eda.<\/li>\n<\/ul>\n\n<p>Puede pedir informaci\u00f3n de lunes a viernes llamando a Central de Reservas (<strong>93 483 83 63<\/strong>) o por correo electr\u00f3nico a la direcci\u00f3n <strong>reserves.xanascat@gencat.cat<\/strong>. hasta la finalizaci\u00f3n de \u00e9stas.<\/p>\n\n<p><a rel=\"noopener noreferrer\" href=\"https:\/\/xanascat.gencat.cat\/ca\/experiencies\/a-qui-ens-dirigim\/families\" target=\"_blank\">Para m\u00e1s informaci\u00f3n visita la p\u00e1gina siguiente<\/a>.<\/p>\n\n<hr class=\"wp-block-separator has-alpha-channel-opacity\"\/>\n\n<h2 class=\"wp-block-heading\" id=\"estiu\"><a name=\"estiu\" id=\"estiu\"><\/a>El verano es tuyo 2025<\/h2>\n\n<p>El programa \u00abEl Verano es tuyo\u00bb es una propuesta de la Agencia Catalana de la Juventud (ACJ) del Departamento de Derechos Sociales de la Generalidad de Catalu\u00f1a que se dirige a los chicos y chicas de 5 a 16 a\u00f1os con el objetivo que se diviertan, aprendiendo, durante las vacaciones de verano en los albergues de la Red Joven de Albergues de Catalu\u00f1a (XANASCAT).<\/p>\n\n<p>Las estancias de \u00abEl verano es tuyo\u00bb buscan garantizar la igualdad de acceso y oportunidades de aprendizaje en el ocio educativo. Los ni\u00f1os y j\u00f3venes, sin perjuicio de su situaci\u00f3n econ\u00f3mica o social, pueden acceder al Verano es tuyo donde encuentran actividades culturales, l\u00fadicas y t\u00e9cnicas orientadas al juego y al recreo y centradas en la adquisici\u00f3n de habilidades y conocimientos por parte del ni\u00f1o y contribuyendo activamente en su desarrollo personal y social.<\/p>\n\n<h2 class=\"wp-block-heading\" id=\"estades-per-aprendre-creixer-i-passarsho-be-803021a3-3693-45e4-8d4a-a86f5b834cce\">Estancias para aprender, crecer y pas\u00e1rselo bien<\/h2>\n\n<p>El per\u00edodo de vacaciones es el per\u00edodo ideal para que los y las j\u00f3venes de Catalu\u00f1a aprendan y mejoren en la tem\u00e1tica que m\u00e1s les gusta y lo hagan de una manera divertida y en un entorno diferente al habitual.<\/p>\n\n<p>Convivir con amigos y amigas y con monitores y monitoras durante unos d\u00edas y, al mismo tiempo, fomentar el aprendizaje en diversos \u00e1mbitos: idiomas, m\u00fasica, artes esc\u00e9nicas, cine, fotograf\u00eda, deporte, naturaleza, ciencia,&#8230; \u00a1la lista es larga!<\/p>\n\n<h2 class=\"wp-block-heading\" id=\"suport-a-les-families-i-joves-13440c7a-184b-4463-9a6e-93dbb89aaf4d\">Apoyo a las familias y j\u00f3venes<\/h2>\n\n<p>Las <strong>familias numerosas, monoparentales y acogedoras<\/strong> gozan de una reducci\u00f3n equivalente al 10% de la estancia.<\/p>\n\n<p>Los y las j\u00f3venes <strong>titulares del Carnet Joven<\/strong> gozar\u00e1n de una reducci\u00f3n del 5% del total de la estancia.<\/p>\n\n<h2 class=\"wp-block-heading\" id=\"accessibilitat-9fd3a00b-c361-4cbf-81ad-a5eacef06f7b\">Accessibilidad<\/h2>\n\n<p>Sin barreras para ni\u00f1os y j\u00f3venes con diversidad funcional y necesidades educativas. Se trabaja para ofrecer soporte especial y\/o adaptaciones para facilitar a los ni\u00f1os y j\u00f3venes su participaci\u00f3n activa y de forma inclusiva en las estancias.<\/p>\n\n<h2 class=\"wp-block-heading\" id=\"el-monitoratge-6047ef71-37c8-494e-ab40-c9a8873c497a\">La monitorizaci\u00f3n<\/h2>\n\n<p>\u00a1La media de ratios en las estancias de \u201cEl Verano es tuyo!\u201d est\u00e1 por debajo de lo exigido.<\/p>\n\n<p>Se trabaja con <strong>1 monitor o monitora por cada 8 participantes<\/strong>, cuando el exigido es 1 monitor como m\u00ednimo por cada 10 participantes.<\/p>\n\n<p>De esta forma se refuerza la seguridad, los recursos educativos y la supervisi\u00f3n del d\u00eda a d\u00eda de las personas participantes.<\/p>\n\n<p>Los equipos profesionales de las estancias est\u00e1n formados por monitores y monitores y directores y directoras de ocio titulados, as\u00ed como profesionales en la especialidad correspondiente.<\/p>\n\n<h2 class=\"wp-block-heading\" id=\"prevencio-i-seguretat-en-les-activitats-cca1aa1f-b1a5-453d-bdd8-d39778e574ae\">Prevenci\u00f3n y seguridad en las actividades<\/h2>\n\n<p>Las colonias disponen de auditor\u00eda y manual de seguridad.<\/p>\n\n<p>Educamos en conductas de seguridad para mejorar h\u00e1bitos de autoprotecci\u00f3n. Pasarlo bien y no correr riesgos.<\/p>\n\n<p>La seguridad en las actividades que se realizan en las estancias de \u00abEl verano es tuyo\u00bb es un tema primordial para XANASCAT. Por este motivo, se trabaja firmemente en la mejora continua de los recursos y la implantaci\u00f3n de nuevas medidas.<\/p>\n\n<h2 class=\"wp-block-heading\" id=\"educacio-emocional-401908bb-1c8f-49d1-8455-0453e86738c2\">Educaci\u00f3n emocional<\/h2>\n\n<p>En las estancias se vela por el <strong>bienestar emocional<\/strong> de los ni\u00f1os y j\u00f3venes participantes a partir de din\u00e1micas y actividades transversales.<\/p>\n\n<p>La monitorizaci\u00f3n de las estancias recibe formaci\u00f3n continua en este campo.<\/p>\n\n<h2 class=\"wp-block-heading\" id=\"alimentacio-i-nutricio-cf53d1fc-b079-4467-b2c2-27f28d464675\">Alimentaci\u00f3n y nutrici\u00f3n<\/h2>\n\n<p>Ofrecemos dietas especiales para alergias e intolerancias alimentarias a trav\u00e9s del servicio de asesoramiento diet\u00e9tico y nutricional.<\/p>\n\n<p>Desde Xanascat se promueve la <strong>alimentaci\u00f3n saludable<\/strong>.<\/p>\n\n<h2 class=\"wp-block-heading\" id=\"albergs-variats-i-de-qualitat-a78246ec-0c3e-43f2-82e9-eebfeb7e965f\">Albergues variados y de calidad<\/h2>\n\n<p>10 albergues repartidos por todo el territorio y ubicados en lugares de gran inter\u00e9s natural y cultural en la costa, el interior, la monta\u00f1a y la llanura.<\/p>\n\n<p><a href=\"https:\/\/xanascat.gencat.cat\/ca\/programes\/lestiu-es-teu\" target=\"_blank\" rel=\"noreferrer noopener\">Para m\u00e1s informaci\u00f3n visita la p\u00e1gina siguiente<\/a>.<\/p>\n\n<p><\/p>\n","protected":false},"excerpt":{"rendered":"<p>La Unidad de Atenci\u00f3n Social prestar\u00e1 ayuda y asesoramiento a cualquier trabajador de la Universidad que, quiera disfrutar de estas situaciones:<\/p>\n","protected":false},"author":1,"featured_media":29814,"parent":35222,"menu_order":0,"comment_status":"closed","ping_status":"closed","template":"","meta":{"advgb_blocks_editor_width":"","advgb_blocks_columns_visual_guide":"","footnotes":""},"class_list":["post-46696","page","type-page","status-publish","has-post-thumbnail"],"coauthors":[],"author_meta":{"author_link":"https:\/\/www.ub.edu\/ossma\/es\/author\/ossmau1","display_name":"OSSMA"},"relative_dates":{"created":"Publicado 3 a\u00f1os hace","modified":"Actualizado 11 meses hace"},"absolute_dates":{"created":"Publicado el 28 de marzo de 2023","modified":"Actualizado el 20 de junio de 2025"},"absolute_dates_time":{"created":"Publicado el 28 de marzo de 2023 10:30","modified":"Actualizado el 20 de junio de 2025 06:01"},"featured_img_caption":"","featured_img":"https:\/\/www.ub.edu\/ossma\/wp-content\/uploads\/2021\/03\/banner-atencio-social.jpg","series_order":"","_links":{"self":[{"href":"https:\/\/www.ub.edu\/ossma\/es\/wp-json\/wp\/v2\/pages\/46696","targetHints":{"allow":["GET"]}}],"collection":[{"href":"https:\/\/www.ub.edu\/ossma\/es\/wp-json\/wp\/v2\/pages"}],"about":[{"href":"https:\/\/www.ub.edu\/ossma\/es\/wp-json\/wp\/v2\/types\/page"}],"author":[{"embeddable":true,"href":"https:\/\/www.ub.edu\/ossma\/es\/wp-json\/wp\/v2\/users\/1"}],"replies":[{"embeddable":true,"href":"https:\/\/www.ub.edu\/ossma\/es\/wp-json\/wp\/v2\/comments?post=46696"}],"version-history":[{"count":6,"href":"https:\/\/www.ub.edu\/ossma\/es\/wp-json\/wp\/v2\/pages\/46696\/revisions"}],"predecessor-version":[{"id":94442,"href":"https:\/\/www.ub.edu\/ossma\/es\/wp-json\/wp\/v2\/pages\/46696\/revisions\/94442"}],"up":[{"embeddable":true,"href":"https:\/\/www.ub.edu\/ossma\/es\/wp-json\/wp\/v2\/pages\/35222"}],"wp:featuredmedia":[{"embeddable":true,"href":"https:\/\/www.ub.edu\/ossma\/es\/wp-json\/wp\/v2\/media\/29814"}],"wp:attachment":[{"href":"https:\/\/www.ub.edu\/ossma\/es\/wp-json\/wp\/v2\/media?parent=46696"}],"curies":[{"name":"wp","href":"https:\/\/api.w.org\/{rel}","templated":true}]}}