{"id":52142,"date":"2023-11-10T07:28:49","date_gmt":"2023-11-10T07:28:49","guid":{"rendered":"https:\/\/www.ub.edu\/ossma\/seguridad-salud\/coordinacion-actividades-empresariales-cae-empresas-externas\/empresas-externas-diferente-actividad-4"},"modified":"2026-04-29T16:11:20","modified_gmt":"2026-04-29T16:11:20","slug":"empresas-externas-diferente-actividad-4","status":"publish","type":"page","link":"https:\/\/www.ub.edu\/ossma\/es\/seguridad-salud\/coordinacion-actividades-empresariales-cae-empresas-externas\/empresas-externas-diferente-actividad-4","title":{"rendered":"Empresas externas con diferente actividad que la UB (4\/4)"},"content":{"rendered":"\n<div class=\"wp-block-columns cae taronja is-layout-flex wp-container-core-columns-is-layout-9d6595d7 wp-block-columns-is-layout-flex\">\n<div class=\"wp-block-column is-layout-flow wp-block-column-is-layout-flow\" style=\"flex-basis:30%\"><\/div>\n\n\n\n<div class=\"wp-block-column is-layout-flow wp-block-column-is-layout-flow\"><div class=\"wp-block-image\">\n<figure class=\"aligncenter size-full\"><a href=\"https:\/\/www.ub.edu\/ossma\/es\/seguridad-salud\/coordinacion-actividades-empresariales-cae-empresas-externas\/empresas-externas-diferente-actividad\"><img decoding=\"async\" width=\"150\" height=\"150\" src=\"https:\/\/www.ub.edu\/ossma\/wp-content\/uploads\/2017\/12\/nombre-1.png\" alt=\"Paso 1\" class=\"wp-image-3015\" srcset=\"https:\/\/www.ub.edu\/ossma\/wp-content\/uploads\/2017\/12\/nombre-1.png 150w, https:\/\/www.ub.edu\/ossma\/wp-content\/uploads\/2017\/12\/nombre-1-100x100.png 100w\" sizes=\"(max-width: 150px) 100vw, 150px\" \/><\/a><\/figure>\n<\/div><\/div>\n\n\n\n<div class=\"wp-block-column is-layout-flow wp-block-column-is-layout-flow\"><div class=\"wp-block-image\">\n<figure class=\"aligncenter size-full\"><a href=\"https:\/\/www.ub.edu\/ossma\/es\/seguridad-salud\/coordinacion-actividades-empresariales-cae-empresas-externas\/empresas-externas-diferente-actividad-2\"><img decoding=\"async\" width=\"150\" height=\"150\" src=\"https:\/\/www.ub.edu\/ossma\/wp-content\/uploads\/2017\/12\/nombre-2.png\" alt=\"Paso 2\" class=\"wp-image-3032\" srcset=\"https:\/\/www.ub.edu\/ossma\/wp-content\/uploads\/2017\/12\/nombre-2.png 150w, https:\/\/www.ub.edu\/ossma\/wp-content\/uploads\/2017\/12\/nombre-2-100x100.png 100w\" sizes=\"(max-width: 150px) 100vw, 150px\" \/><\/a><\/figure>\n<\/div><\/div>\n\n\n\n<div class=\"wp-block-column is-layout-flow wp-block-column-is-layout-flow\"><div class=\"wp-block-image\">\n<figure class=\"aligncenter size-full\"><a href=\"https:\/\/www.ub.edu\/ossma\/es\/seguridad-salud\/coordinacion-actividades-empresariales-cae-empresas-externas\/empresas-externas-diferente-actividad-3\"><img decoding=\"async\" width=\"150\" height=\"150\" src=\"https:\/\/www.ub.edu\/ossma\/wp-content\/uploads\/2017\/12\/nombre-3.png\" alt=\"Paso 3\" class=\"wp-image-3051\" srcset=\"https:\/\/www.ub.edu\/ossma\/wp-content\/uploads\/2017\/12\/nombre-3.png 150w, https:\/\/www.ub.edu\/ossma\/wp-content\/uploads\/2017\/12\/nombre-3-100x100.png 100w\" sizes=\"(max-width: 150px) 100vw, 150px\" \/><\/a><\/figure>\n<\/div><\/div>\n\n\n\n<div class=\"wp-block-column is-layout-flow wp-block-column-is-layout-flow\"><div class=\"wp-block-image\">\n<figure class=\"aligncenter size-full\"><img loading=\"lazy\" decoding=\"async\" width=\"150\" height=\"150\" src=\"https:\/\/www.ub.edu\/ossma\/wp-content\/uploads\/2018\/01\/nombre-4-taronja.png\" alt=\"Paso 4\" class=\"wp-image-3282\" srcset=\"https:\/\/www.ub.edu\/ossma\/wp-content\/uploads\/2018\/01\/nombre-4-taronja.png 150w, https:\/\/www.ub.edu\/ossma\/wp-content\/uploads\/2018\/01\/nombre-4-taronja-100x100.png 100w\" sizes=\"(max-width: 150px) 100vw, 150px\" \/><\/figure>\n<\/div><\/div>\n\n\n\n<div class=\"wp-block-column is-layout-flow wp-block-column-is-layout-flow\" style=\"flex-basis:30%\"><\/div>\n<\/div>\n\n<p><strong>Paso 4 (\u00faltimo paso de la coordinaci\u00f3n):<\/strong> Haznos llegar la declaraci\u00f3n seg\u00fan has descargado y le\u00eddo los documentos necesarios rellenando el siguiente formulario:<\/p>\n\n<h2 class=\"wp-block-heading\">Formulario<\/h2>\n\n<div class=\"wpcf7 no-js\" id=\"wpcf7-f59139-o1\" lang=\"es-ES\" dir=\"ltr\" data-wpcf7-id=\"59139\">\n<div class=\"screen-reader-response\"><p role=\"status\" aria-live=\"polite\" aria-atomic=\"true\"><\/p> <ul><\/ul><\/div>\n<form action=\"\/ossma\/es\/wp-json\/wp\/v2\/pages\/52142#wpcf7-f59139-o1\" method=\"post\" class=\"wpcf7-form init\" aria-label=\"Formulario de contacto\" novalidate=\"novalidate\" data-status=\"init\">\n<fieldset class=\"hidden-fields-container\"><input type=\"hidden\" name=\"_wpcf7\" value=\"59139\" \/><input type=\"hidden\" name=\"_wpcf7_version\" value=\"6.1.5\" \/><input type=\"hidden\" name=\"_wpcf7_locale\" value=\"es_ES\" \/><input type=\"hidden\" name=\"_wpcf7_unit_tag\" value=\"wpcf7-f59139-o1\" \/><input type=\"hidden\" name=\"_wpcf7_container_post\" value=\"0\" \/><input type=\"hidden\" name=\"_wpcf7_posted_data_hash\" value=\"\" \/><input type=\"hidden\" name=\"_wpcf7cf_hidden_group_fields\" value=\"[]\" \/><input type=\"hidden\" name=\"_wpcf7cf_hidden_groups\" value=\"[]\" \/><input type=\"hidden\" name=\"_wpcf7cf_visible_groups\" value=\"[]\" \/><input type=\"hidden\" name=\"_wpcf7cf_repeaters\" value=\"[]\" \/><input type=\"hidden\" name=\"_wpcf7cf_steps\" value=\"{}\" \/><input type=\"hidden\" name=\"_wpcf7cf_options\" value=\"{&quot;form_id&quot;:59139,&quot;conditions&quot;:[],&quot;settings&quot;:{&quot;animation&quot;:&quot;yes&quot;,&quot;animation_intime&quot;:200,&quot;animation_outtime&quot;:200,&quot;conditions_ui&quot;:&quot;normal&quot;,&quot;notice_dismissed&quot;:false,&quot;repeater_remove_button&quot;:&quot;bottom&quot;}}\" \/>\n<\/fieldset>\n<div class=\"form-two-columns\">\n\t<p>Los campos con asterisco (*) son obligatorios.\n\t<\/p>\n\t<fieldset>\n\t\t<legend>Empresa que recibe la documentaci\u00f3n\n\t\t<\/legend>\n\t\t<p><label for=\"nom-empresa\">Nombre de la empresa*<\/label><span class=\"wpcf7-form-control-wrap\" data-name=\"nom-empresa\"><input size=\"40\" maxlength=\"400\" class=\"wpcf7-form-control wpcf7-text wpcf7-validates-as-required\" id=\"nom-empresa\" aria-required=\"true\" aria-invalid=\"false\" value=\"\" type=\"text\" name=\"nom-empresa\" \/><\/span>\n\t\t<\/p>\n\t\t<p><label for=\"persona-empresa\">Nombre y apellidos de la persona interlocutora con la UB*<\/label><span class=\"wpcf7-form-control-wrap\" data-name=\"persona-empresa\"><input size=\"40\" maxlength=\"400\" class=\"wpcf7-form-control wpcf7-text wpcf7-validates-as-required\" id=\"persona-empresa\" aria-required=\"true\" aria-invalid=\"false\" value=\"\" type=\"text\" name=\"persona-empresa\" \/><\/span>\n\t\t<\/p>\n\t\t<p><label for=\"mail-empresa\">Correo electr\u00f3nico de la persona interlocutora*<\/label><span class=\"wpcf7-form-control-wrap\" data-name=\"mail-empresa\"><input size=\"40\" maxlength=\"400\" class=\"wpcf7-form-control wpcf7-email wpcf7-validates-as-required wpcf7-text wpcf7-validates-as-email\" id=\"mail-empresa\" aria-required=\"true\" aria-invalid=\"false\" value=\"\" type=\"email\" name=\"mail-empresa\" \/><\/span>\n\t\t<\/p>\n\t<\/fieldset>\n\t<fieldset>\n\t\t<legend>Empresa que entrega la documentaci\u00f3n\n\t\t<\/legend>\n\t\t<p><b>Empresa que entrega la informaci\u00f3n:<\/b> UNIVERSITAT DE BARCELONA<br \/>\n<b>Dependencia que la representa:<\/b> Oficina de Seguridad, Salud y Medioambiente (OSSMA)\n\t\t<\/p>\n\t<\/fieldset>\n\t<fieldset>\n\t\t<legend>Documentos entregados\n\t\t<\/legend>\n\t\t<p>Marca los documentos entregados:\n\t\t<\/p>\n\t\t<p><label for=\"documents\">Normas generales*<\/label><span class=\"formulari-dreta\"><span class=\"wpcf7-form-control-wrap\" data-name=\"documents\"><span class=\"wpcf7-form-control wpcf7-checkbox wpcf7-validates-as-required\" id=\"documents\"><span class=\"wpcf7-list-item first last\"><input type=\"checkbox\" name=\"documents[]\" value=\"Normas generales de seguridad y salud para empresas externas\" \/><span class=\"wpcf7-list-item-label\">Normas generales de seguridad y salud para empresas externas<\/span><\/span><\/span><\/span><\/span>\n\t\t<\/p>\n\t\t<p><label for=\"riscos-especifics\">Riesgos espec\u00edficos de las instalaciones <small>(Clica la tecla 'Ctrl' para seleccionar m\u00e1s de una opci\u00f3n)<\/small><\/label><span class=\"wpcf7-form-control-wrap\" data-name=\"riscos-especifics\"><select class=\"wpcf7-form-control wpcf7-select\" id=\"riscos-especifics\" aria-invalid=\"false\" multiple=\"multiple\" name=\"riscos-especifics[]\"><option value=\"Normas en instalaciones radioactivas\">Normas en instalaciones radioactivas<\/option><option value=\"Normas en laboratorios biol\u00f3gicos\">Normas en laboratorios biol\u00f3gicos<\/option><option value=\"Normas en los laboratorios qu\u00edmicos y sus almacenes\">Normas en los laboratorios qu\u00edmicos y sus almacenes<\/option><option value=\"Normas en los laboratorios qu\u00edmicos y sus almacenes de gases\">Normas en los laboratorios qu\u00edmicos y sus almacenes de gases<\/option><option value=\"Normas en instalaciones con equipos de trabajo el\u00e9ctricos\">Normas en instalaciones con equipos de trabajo el\u00e9ctricos<\/option><option value=\"Normas a instalaciones con equipos de trabajo electr\u00f3nicos\">Normas a instalaciones con equipos de trabajo electr\u00f3nicos<\/option><option value=\"Normas a instalaciones con equipos de trabajo mec\u00e1nicos\">Normas a instalaciones con equipos de trabajo mec\u00e1nicos<\/option><option value=\"Normas a unidades de resonancia magn\u00e9tica nuclear\">Normas a unidades de resonancia magn\u00e9tica nuclear<\/option><\/select><\/span>\n\t\t<\/p>\n\t\t<p><label for=\"normes-evacuacio\">Normas b\u00e1sicas de actuaci\u00f3n y planos de evacuaci\u00f3n en caso de emergencia <small>(Clica la tecla 'Ctrl.' para seleccionar m\u00e1s de una opci\u00f3n)<\/small><\/label><span class=\"wpcf7-form-control-wrap\" data-name=\"normes-evacuacio\"><select class=\"wpcf7-form-control wpcf7-select\" id=\"normes-evacuacio\" aria-invalid=\"false\" multiple=\"multiple\" name=\"normes-evacuacio[]\"><option value=\"\u00c1rea de Formaci\u00f3n Complementaria\">\u00c1rea de Formaci\u00f3n Complementaria<\/option><option value=\"Aulario Josep Carner\">Aulario Josep Carner<\/option><option value=\"Edificio Baldiri Reixac 2 (CRAI Bibliotecas)\">Edificio Baldiri Reixac 2 (CRAI Bibliotecas)<\/option><option value=\"Edificio El Carme (Badalona)\">Edificio El Carme (Badalona)<\/option><option value=\"Edificio Hist\u00f3rico\">Edificio Hist\u00f3rico<\/option><option value=\"Edificio Sol\u00e9 y Sabar\u00eds (CCiTUB)\">Edificio Sol\u00e9 y Sabar\u00eds (CCiTUB)<\/option><option value=\"Facultad de Bellas Artes - Aulario Florensa\">Facultad de Bellas Artes - Aulario Florensa<\/option><option value=\"Facultad de Bellas Artes - Edificio principal, talleres y aulario antiguos Comedores\">Facultad de Bellas Artes - Edificio principal, talleres y aulario antiguos Comedores<\/option><option value=\"Facultad de Bellas Artes - Anexo II Parch\u00eds\">Facultad de Bellas Artes - Anexo II Parch\u00eds<\/option><option value=\"Facultad de Biolog\u00eda\">Facultad de Biolog\u00eda<\/option><option value=\"Facultad de Ciencias de la tierra\">Facultad de Ciencias de la tierra<\/option><option value=\"Facultad de Derecho\">Facultad de Derecho<\/option><option value=\"Facultad de Econom\u00eda y Empresa - Edificio 690\">Facultad de Econom\u00eda y Empresa - Edificio 690<\/option><option value=\"Facultad de Econom\u00eda y Empresa - Edificio 696\">Facultad de Econom\u00eda y Empresa - Edificio 696<\/option><option value=\"Facultad de Educaci\u00f3n - Edificio Levante\">Facultad de Educaci\u00f3n - Edificio Levante<\/option><option value=\"Facultad de Educaci\u00f3n - Edificios Migdia I y Migdia II\">Facultad de Educaci\u00f3n - Edificios Migdia I y Migdia II<\/option><option value=\"Facultad de Farmacia y Ciencias de la Alimentaci\u00f3n - Edificio Gaud\u00ed (Campus de Torribera)\">Facultad de Farmacia y Ciencias de la Alimentaci\u00f3n - Edificio Gaud\u00ed (Campus de Torribera)<\/option><option value=\"Facultad de Farmacia y Ciencias de la Alimentaci\u00f3n - Edificio La Masia (Campus de Torribera)\">Facultad de Farmacia y Ciencias de la Alimentaci\u00f3n - Edificio La Masia (Campus de Torribera)<\/option><option value=\"Facultad de Farmacia y Ciencias de la Alimentaci\u00f3n - Edificio Marina (Campus de Torribera)\">Facultad de Farmacia y Ciencias de la Alimentaci\u00f3n - Edificio Marina (Campus de Torribera)<\/option><option value=\"Facultad de Farmacia y Ciencias de la Alimentaci\u00f3n - Edificio Verdaguer (Campus de Torribera)\">Facultad de Farmacia y Ciencias de la Alimentaci\u00f3n - Edificio Verdaguer (Campus de Torribera)<\/option><option value=\"Facultad de Farmacia y Ciencias de la alimentaci\u00f3n (Diagonal Sur)\">Facultad de Farmacia y Ciencias de la alimentaci\u00f3n (Diagonal Sur)<\/option><option value=\"Facultad de Filosof\u00eda y Facultad de Geograf\u00eda e Historia\">Facultad de Filosof\u00eda y Facultad de Geograf\u00eda e Historia<\/option><option value=\"Facultad de F\u00edsica y Facultad de Qu\u00edmica\">Facultad de F\u00edsica y Facultad de Qu\u00edmica<\/option><option value=\"Facultad de Informaci\u00f3n y Medios Audiovisuales (Campus Sants)\">Facultad de Informaci\u00f3n y Medios Audiovisuales (Campus Sants)<\/option><option value=\"Facultad de Medicina y Ciencias de la salud (Campus Cl\u00ednic)\">Facultad de Medicina y Ciencias de la salud (Campus Cl\u00ednic)<\/option><option value=\"Facultad de Medicina y Ciencias de la salud (Campus de Bellvitge)\">Facultad de Medicina y Ciencias de la salud (Campus de Bellvitge)<\/option><option value=\"Facultad de Psicolog\u00eda (Campus Mundet - Edificio Ponente)\">Facultad de Psicolog\u00eda (Campus Mundet - Edificio Ponente)<\/option><option value=\"Pabell\u00f3n Rosa\">Pabell\u00f3n Rosa<\/option><option value=\"Servicio de Deportes\">Servicio de Deportes<\/option><\/select><\/span>\n\t\t<\/p>\n\t<\/fieldset>\n\t<fieldset>\n\t\t<legend>Documentos necesarios durante la actividad\n\t\t<\/legend>\n\t\t<p>Si necesitas comunicar alg\u00fan accidente, riesgo, etc. durante la actividad, podr\u00e1s hacerlo desde la p\u00e1gina \"<a href=\"https:\/\/www.ub.edu\/ossma\/seguretat-salut\/coordinacio-activitats-empresarials-cae\/documentacio-empreses\/empreses-externes-documents-necessaris-activitat\" target=\"_blank\">Documentos necesarios durante la actividad<\/a>\".\n\t\t<\/p>\n\t<\/fieldset>\n\t<fieldset>\n\t\t<legend>Certifico\n\t\t<\/legend>\n\t\t<ol>\n\t\t\t<li>\n\t\t\t\t<p>Que la instituci\u00f3n que represento garantiza que se conocen las normas de actuaci\u00f3n en caso de emergencia del centro y que se cumplen las normas generales de seguridad y salud en la UB, as\u00ed como todas aquellas que, de acuerdo con las directrices de las autoridades sanitarias, sean necesarias para garantizar la seguridad y la salud de los participantes, durante el desarrollo de las actividades en los edificios e instalaciones de la Universidad de Barcelona.\n\t\t\t\t<\/p>\n\t\t\t<\/li>\n\t\t\t<li>\n\t\t\t\t<p>Que la instituci\u00f3n que represento est\u00e1 en disposici\u00f3n de acreditar documentalmente en la UB toda la informaci\u00f3n facilitada en esta declaraci\u00f3n y que se compromete a actualizarla en caso de variaciones.\n\t\t\t\t<\/p>\n\t\t\t<\/li>\n\t\t\t<li>\n\t\t\t\t<p>Que toda la informaci\u00f3n tratada para la gesti\u00f3n de la coordinaci\u00f3n preventiva se tratar\u00e1 siempre respetando la legislaci\u00f3n de protecci\u00f3n de datos personales.\n\t\t\t\t<\/p>\n\t\t\t<\/li>\n\t\t<\/ol>\n\t\t<p><label for=\"signatura-representant\">Firma de la persona interlocutora de la empresa*<br \/>\n<small>(Dibuja tu firma en el recuadro)<\/small><\/label>\n\t\t<\/p>\n\t\t<div class=\"formulari-dreta\">\n\t\t\t<p><div class=\"dscf7_signature\">\n\t\t\t<div class=\"dscf7_signature_inner\">\n\t\t\t\t<canvas id=\"digital_signature-pad_signatura-representant\" name=\"signatura-representant\" class=\"digital_signature-pad\" color=\"#000000\" backcolor=\"#dddddd\" width=\"300\" height=\"200\"><\/canvas>\n\t\t\t\t<input class=\"clearButton\" type=\"button\" value=\"+\">\n\t\t\t<\/div>\n\t\t\t<span class=\"wpcf7-form-control-wrap signatura-representant\" data-name=\"signatura-representant\">\n\t\t\t\t<input class=\"wpcf7-form-control wpcf7-signature wpcf7-validates-as-required wpcf7-validates-as-signature dscf7-signature\" id=\"signatura-representant\" value=\"\" type=\"hidden\" name=\"signatura-representant\"\/>\n\t\t\t\t<input type=\"hidden\" name=\"signatura-representant-attachment\" class=\"wpcf7_input_signatura-representant_attachment\"\/>\n\t\t\t\t<input type=\"hidden\" name=\"signatura-representant-inline\" class=\"wpcf7_input_signatura-representant_inline\"\/>\n\t\t\t<\/span>\n\t\t<\/div>\n\t\t\t<\/p>\n\t\t<\/div>\n\t<\/fieldset>\n\t<p><b>Derecho de informaci\u00f3n relativo al tratamiento de datos personales<\/b><br \/>\n(1) El responsable del tratamiento de sus datos es la Secretar\u00eda General de la Universidad de Barcelona. (2) La finalidad del tratamiento es gestionar la prevenci\u00f3n de riesgos laborales. (3) Tiene derecho a acceder a sus datos, rectificarlos, suprimirlos, oponerse a su tratamiento, solicitar la portabilidad y la limitaci\u00f3n de los tratamientos, en determinadas circunstancias. (4) Puede consultar <a href=\"https:\/\/www.ub.edu\/ossma\/es\/derecho-informacion-relativo-datos-personales\">la informaci\u00f3n detallada de los tratamientos mencionados<\/a>.\n\t<\/p>\n\t<p><span class=\"wpcf7-form-control-wrap\" data-name=\"dret-informacio\"><span class=\"wpcf7-form-control wpcf7-acceptance\"><span class=\"wpcf7-list-item\"><label><input type=\"checkbox\" name=\"dret-informacio\" value=\"1\" id=\"dret-informacio\" aria-invalid=\"false\" \/><span class=\"wpcf7-list-item-label\">Declaro que he le\u00eddo el derecho de informaci\u00f3n*<\/span><\/label><\/span><\/span><\/span>\n\t<\/p>\n\t<p><input class=\"wpcf7-form-control wpcf7-submit has-spinner\" type=\"submit\" value=\"Enviar\" \/>\n\t<\/p>\n\t<p>(El formulario puede tardar unos segundos en confirmar el env\u00edo. Por favor, no lo reenv\u00edes ni recargues la p\u00e1gina)\n\t<\/p>\n<\/div><p style=\"display: none !important;\" class=\"akismet-fields-container\" data-prefix=\"_wpcf7_ak_\"><label>&#916;<textarea name=\"_wpcf7_ak_hp_textarea\" cols=\"45\" rows=\"8\" maxlength=\"100\"><\/textarea><\/label><input type=\"hidden\" id=\"ak_js_1\" name=\"_wpcf7_ak_js\" value=\"110\"\/><script>\ndocument.getElementById( \"ak_js_1\" ).setAttribute( \"value\", ( new Date() ).getTime() );\n<\/script>\n<\/p><div class=\"wpcf7-response-output\" aria-hidden=\"true\"><\/div>\n<\/form>\n<\/div>\n\n","protected":false},"excerpt":{"rendered":"<div class=\"wp-block-columns cae taronja is-layout-flex wp-container-core-columns-is-layout-9d6595d7 wp-block-columns-is-layout-flex\">\n<div class=\"wp-block-column is-layout-flow wp-block-column-is-layout-flow\" style=\"flex-basis:30%\"><\/div>\n<\/div>\n","protected":false},"author":1,"featured_media":34354,"parent":35372,"menu_order":0,"comment_status":"closed","ping_status":"closed","template":"","meta":{"advgb_blocks_editor_width":"","advgb_blocks_columns_visual_guide":"","footnotes":""},"class_list":["post-52142","page","type-page","status-publish","has-post-thumbnail"],"coauthors":[],"author_meta":{"author_link":"https:\/\/www.ub.edu\/ossma\/es\/author\/ossmau1","display_name":"OSSMA"},"relative_dates":{"created":"Publicado 2 a\u00f1os hace","modified":"Actualizado 1 semana hace"},"absolute_dates":{"created":"Publicado el 10 de noviembre de 2023","modified":"Actualizado el 29 de abril de 2026"},"absolute_dates_time":{"created":"Publicado el 10 de noviembre de 2023 07:28","modified":"Actualizado el 29 de abril de 2026 16:11"},"featured_img_caption":"","featured_img":"https:\/\/www.ub.edu\/ossma\/wp-content\/uploads\/2021\/04\/banner-cae.jpg","series_order":"","_links":{"self":[{"href":"https:\/\/www.ub.edu\/ossma\/es\/wp-json\/wp\/v2\/pages\/52142","targetHints":{"allow":["GET"]}}],"collection":[{"href":"https:\/\/www.ub.edu\/ossma\/es\/wp-json\/wp\/v2\/pages"}],"about":[{"href":"https:\/\/www.ub.edu\/ossma\/es\/wp-json\/wp\/v2\/types\/page"}],"author":[{"embeddable":true,"href":"https:\/\/www.ub.edu\/ossma\/es\/wp-json\/wp\/v2\/users\/1"}],"replies":[{"embeddable":true,"href":"https:\/\/www.ub.edu\/ossma\/es\/wp-json\/wp\/v2\/comments?post=52142"}],"version-history":[{"count":1,"href":"https:\/\/www.ub.edu\/ossma\/es\/wp-json\/wp\/v2\/pages\/52142\/revisions"}],"predecessor-version":[{"id":52143,"href":"https:\/\/www.ub.edu\/ossma\/es\/wp-json\/wp\/v2\/pages\/52142\/revisions\/52143"}],"up":[{"embeddable":true,"href":"https:\/\/www.ub.edu\/ossma\/es\/wp-json\/wp\/v2\/pages\/35372"}],"wp:featuredmedia":[{"embeddable":true,"href":"https:\/\/www.ub.edu\/ossma\/es\/wp-json\/wp\/v2\/media\/34354"}],"wp:attachment":[{"href":"https:\/\/www.ub.edu\/ossma\/es\/wp-json\/wp\/v2\/media?parent=52142"}],"curies":[{"name":"wp","href":"https:\/\/api.w.org\/{rel}","templated":true}]}}