{"id":59485,"date":"2024-03-29T13:14:59","date_gmt":"2024-03-29T13:14:59","guid":{"rendered":"https:\/\/www.ub.edu\/ossma\/medio-ambiente\/consumo-responsable\/campana-ahorro-agua"},"modified":"2025-06-27T09:50:11","modified_gmt":"2025-06-27T09:50:11","slug":"campana-ahorro-agua","status":"publish","type":"page","link":"https:\/\/www.ub.edu\/ossma\/es\/medio-ambiente\/consumo-responsable\/campana-ahorro-agua","title":{"rendered":"Ahorro de agua"},"content":{"rendered":"\n<h2 class=\"wp-block-heading\">Campa\u00f1a \u201cEl agua no cae del cielo\u201d<\/h2>\n\n<p>Entre 2021 y 2023, Barcelona y su entorno han vivido los tres a\u00f1os m\u00e1s secos desde que se dispone de registros instrumentales, provocando un episodio de sequ\u00eda sin precedentes a lo largo del siglo XX. Esta situaci\u00f3n llev\u00f3 a la aplicaci\u00f3n de una serie de medidas de reducci\u00f3n del consumo para alargar en lo posible los escasos recursos disponibles. La Universidad de Barcelona, \u200b\u200badem\u00e1s de aplicar todas las medidas que el Gobierno de la Generalidad aprob\u00f3 progresivamente en el marco del Plan especial de sequ\u00eda (Acuerdo GOV\/1\/2020), ha llevado a cabo a lo largo de los \u00faltimos 25 a\u00f1os numerosas actuaciones para reducir su consumo con las que ha alcanzado un ahorro superior al 70%. Con el objetivo de sensibilizar a la comunidad universitaria sobre la necesidad de realizar un consumo responsable del agua, la UB impulsa la campa\u00f1a de comunicaci\u00f3n y sensibilizaci\u00f3n \u00abEl agua no cae del cielo\u00bb, en l\u00ednea con la de la Agencia Catalana del Agua. En esta p\u00e1gina se encuentra toda la informaci\u00f3n y recursos de la campa\u00f1a, as\u00ed como las medidas tomadas por la UB para reducir progresivamente el consumo de agua.    <\/p>\n\n<ul class=\"wp-block-list\">\n<li><a href=\"https:\/\/sequera.gencat.cat\/ca\/estat-actual\/estat-de-les-reserves-daigua-als-embassaments\/\" target=\"_blank\" rel=\"noreferrer noopener\">Estado de las reservas de agua en los embalses<\/a> (Generalitat de Catalunya).<\/li>\n\n\n\n<li><a href=\"https:\/\/www.ub.edu\/ossma\/wp-content\/uploads\/2024\/04\/mesures-estalvi-aigua-fase-emergencia.pdf\" target=\"_blank\" rel=\"noreferrer noopener\">Resumen de medidas adoptadas en la UB durante la fase de emergencia 1<\/a>. Informe de la Unidad de Mantenimiento. <\/li>\n<\/ul>\n\n<h3 class=\"wp-block-heading\">Consejos para ahorrar agua<\/h3>\n\n<div class=\"wp-block-columns is-layout-flex wp-container-core-columns-is-layout-9d6595d7 wp-block-columns-is-layout-flex\">\n<div class=\"wp-block-column is-layout-flow wp-block-column-is-layout-flow\" style=\"flex-basis:33%\"><div class=\"wp-block-image\">\n<figure class=\"aligncenter size-large\"><img fetchpriority=\"high\" decoding=\"async\" width=\"283\" height=\"400\" src=\"https:\/\/www.ub.edu\/ossma\/wp-content\/uploads\/2024\/02\/estalvi-aigua-cartell-general-283x400.jpg\" alt=\"Cartel con indicaciones de c&#xF3;mo ahorrar agua\" class=\"wp-image-57301\" srcset=\"https:\/\/www.ub.edu\/ossma\/wp-content\/uploads\/2024\/02\/estalvi-aigua-cartell-general-283x400.jpg 283w, https:\/\/www.ub.edu\/ossma\/wp-content\/uploads\/2024\/02\/estalvi-aigua-cartell-general-354x500.jpg 354w, https:\/\/www.ub.edu\/ossma\/wp-content\/uploads\/2024\/02\/estalvi-aigua-cartell-general.jpg 707w\" sizes=\"(max-width: 283px) 100vw, 283px\" \/><figcaption class=\"wp-element-caption\"><a href=\"https:\/\/www.ub.edu\/ossma\/wp-content\/uploads\/2024\/02\/estalvi-aigua-cartell-general.pdf\" target=\"_blank\" rel=\"noreferrer noopener\">Descarga el PDF<\/a><\/figcaption><\/figure>\n<\/div><\/div>\n\n\n\n<div class=\"wp-block-column is-layout-flow wp-block-column-is-layout-flow\" style=\"flex-basis:66%\">\n<figure class=\"wp-block-embed is-type-video is-provider-youtube wp-block-embed-youtube wp-embed-aspect-16-9 wp-has-aspect-ratio\"><div class=\"wp-block-embed__wrapper\">\n<iframe title=\"L\u2019aigua no cau del cel: campanya d\u2019estalvi d\u2019aigua a la UB\" width=\"1200\" height=\"675\" src=\"https:\/\/www.youtube.com\/embed\/Wk9t9Re1bBM?feature=oembed\" frameborder=\"0\" allow=\"accelerometer; autoplay; clipboard-write; encrypted-media; gyroscope; picture-in-picture; web-share\" referrerpolicy=\"strict-origin-when-cross-origin\" allowfullscreen><\/iframe>\n<\/div><\/figure>\n<\/div>\n<\/div>\n\n<h3 class=\"wp-block-heading\">Consejos para ahorrar agua en los laboratorios<\/h3>\n\n<div class=\"wp-block-columns is-layout-flex wp-container-core-columns-is-layout-9d6595d7 wp-block-columns-is-layout-flex\">\n<div class=\"wp-block-column is-layout-flow wp-block-column-is-layout-flow\" style=\"flex-basis:33%\"><div class=\"wp-block-image\">\n<figure class=\"aligncenter size-large\"><img decoding=\"async\" width=\"283\" height=\"400\" src=\"https:\/\/www.ub.edu\/ossma\/wp-content\/uploads\/2024\/02\/estalvi-aigua-cartell-laboratoris-283x400.jpg\" alt=\"Consejos para ahorrar agua en los laboratorios\" class=\"wp-image-57298\" srcset=\"https:\/\/www.ub.edu\/ossma\/wp-content\/uploads\/2024\/02\/estalvi-aigua-cartell-laboratoris-283x400.jpg 283w, https:\/\/www.ub.edu\/ossma\/wp-content\/uploads\/2024\/02\/estalvi-aigua-cartell-laboratoris-354x500.jpg 354w, https:\/\/www.ub.edu\/ossma\/wp-content\/uploads\/2024\/02\/estalvi-aigua-cartell-laboratoris.jpg 707w\" sizes=\"(max-width: 283px) 100vw, 283px\" \/><figcaption class=\"wp-element-caption\"><a href=\"https:\/\/www.ub.edu\/ossma\/wp-content\/uploads\/2024\/02\/estalvi-aigua-cartell-laboratoris.pdf\" target=\"_blank\" rel=\"noreferrer noopener\">Descarga el PDF<\/a><\/figcaption><\/figure>\n<\/div><\/div>\n\n\n\n<div class=\"wp-block-column is-layout-flow wp-block-column-is-layout-flow\" style=\"flex-basis:66%\">\n<figure class=\"wp-block-embed is-type-video is-provider-youtube wp-block-embed-youtube wp-embed-aspect-16-9 wp-has-aspect-ratio\"><div class=\"wp-block-embed__wrapper\">\n<iframe title=\"L\u2019aigua no cau del cel: campanya d\u2019estalvi d\u2019aigua als laboratoris de la UB\" width=\"1200\" height=\"675\" src=\"https:\/\/www.youtube.com\/embed\/b6_FENuJXWc?feature=oembed\" frameborder=\"0\" allow=\"accelerometer; autoplay; clipboard-write; encrypted-media; gyroscope; picture-in-picture; web-share\" referrerpolicy=\"strict-origin-when-cross-origin\" allowfullscreen><\/iframe>\n<\/div><\/figure>\n<\/div>\n<\/div>\n\n<h3 class=\"wp-block-heading\">Consejos para ahorrar agua en las instalaciones de Deportes UB<\/h3>\n\n<div class=\"wp-block-columns is-layout-flex wp-container-core-columns-is-layout-9d6595d7 wp-block-columns-is-layout-flex\">\n<div class=\"wp-block-column is-layout-flow wp-block-column-is-layout-flow\" style=\"flex-basis:33%\"><div class=\"wp-block-image\">\n<figure class=\"aligncenter size-large\"><img decoding=\"async\" width=\"283\" height=\"400\" src=\"https:\/\/www.ub.edu\/ossma\/wp-content\/uploads\/2024\/02\/estalvi-aigua-cartell-esports-ub-283x400.jpg\" alt=\"Consejos para ahorrar agua en las dependencias de Deportes UB\" class=\"wp-image-57295\" srcset=\"https:\/\/www.ub.edu\/ossma\/wp-content\/uploads\/2024\/02\/estalvi-aigua-cartell-esports-ub-283x400.jpg 283w, https:\/\/www.ub.edu\/ossma\/wp-content\/uploads\/2024\/02\/estalvi-aigua-cartell-esports-ub-353x500.jpg 353w, https:\/\/www.ub.edu\/ossma\/wp-content\/uploads\/2024\/02\/estalvi-aigua-cartell-esports-ub.jpg 530w\" sizes=\"(max-width: 283px) 100vw, 283px\" \/><figcaption class=\"wp-element-caption\"><a href=\"https:\/\/www.ub.edu\/ossma\/wp-content\/uploads\/2024\/02\/estalvi-aigua-cartell-esports-ub.pdf\" target=\"_blank\" rel=\"noreferrer noopener\">Descarga el PDF<\/a><\/figcaption><\/figure>\n<\/div><\/div>\n\n\n\n<div class=\"wp-block-column is-layout-flow wp-block-column-is-layout-flow\" style=\"flex-basis:66%\">\n<figure class=\"wp-block-embed is-type-video is-provider-youtube wp-block-embed-youtube wp-embed-aspect-16-9 wp-has-aspect-ratio\"><div class=\"wp-block-embed__wrapper\">\n<iframe title=\"L\u2019aigua no cau del cel: campanya d\u2019estalvi d\u2019aigua a Esports UB\" width=\"1200\" height=\"675\" src=\"https:\/\/www.youtube.com\/embed\/7AnVf3AFf1Y?feature=oembed\" frameborder=\"0\" allow=\"accelerometer; autoplay; clipboard-write; encrypted-media; gyroscope; picture-in-picture; web-share\" referrerpolicy=\"strict-origin-when-cross-origin\" allowfullscreen><\/iframe>\n<\/div><\/figure>\n<\/div>\n<\/div>\n\n<h2 class=\"wp-block-heading\" id=\"noticies-relacionades-48217052-51d1-4766-98de-6ec13faf3da9\">Evoluci\u00f3n consumos<\/h2>\n\n<div class=\"wp-block-query is-layout-flow wp-block-query-is-layout-flow\"><ul class=\"columns-3 wp-block-post-template is-layout-grid wp-container-core-post-template-is-layout-2fc57c17 wp-block-post-template-is-layout-grid\"><li class=\"wp-block-post post-92549 post type-post status-publish format-standard has-post-thumbnail hentry category-actualitat-medi-ambient tag-aigua tag-comuniconsums tag-consum-responsable tag-consums24 tag-energia tag-ods12 tag-ods6 tag-ods7\">\n\n<div class=\"wp-block-group ombra is-vertical is-layout-flex wp-container-core-group-is-layout-2eb2ff60 wp-block-group-is-layout-flex\" style=\"padding-top:30px;padding-right:30px;padding-bottom:30px;padding-left:30px\"><h3 class=\"wp-block-post-title\"><a href=\"https:\/\/www.ub.edu\/ossma\/es\/actualitat-medi-ambient\/consums-2024-desembre\" target=\"_self\" >L&#8217;any 2024 la UB torna a reduir el consum d&#8217;energia i aigua<\/a><\/h3>\n\n<div class=\"wp-block-post-excerpt\"><p class=\"wp-block-post-excerpt__excerpt\">Al llarg de l&#8217;any 2024, el consum d\u2019aigua ha disminu\u00eft un 3,6\u00a0%, el d\u2019electricitat un 9,1\u00a0% i el de gas un 10,1\u00a0%.<\/p><p class=\"wp-block-post-excerpt__more-text\"><a class=\"wp-block-post-excerpt__more-link\" href=\"https:\/\/www.ub.edu\/ossma\/es\/actualitat-medi-ambient\/consums-2024-desembre\">M\u00e1s informaci\u00f3n<\/a><\/p><\/div>\n\n<div class=\"wp-block-post-date\"><time datetime=\"2025-02-17T14:19:19+00:00\">17 de febrero de 2025<\/time><\/div><\/div>\n\n<\/li><li class=\"wp-block-post post-65400 post type-post status-publish format-standard has-post-thumbnail hentry category-actualitat-medi-ambient tag-aigua tag-comuniconsums tag-consum-responsable tag-consums24 tag-energia tag-ods12 tag-ods6 tag-ods7\">\n\n<div class=\"wp-block-group ombra is-vertical is-layout-flex wp-container-core-group-is-layout-2eb2ff60 wp-block-group-is-layout-flex\" style=\"padding-top:30px;padding-right:30px;padding-bottom:30px;padding-left:30px\"><h3 class=\"wp-block-post-title\"><a href=\"https:\/\/www.ub.edu\/ossma\/es\/actualitat-medi-ambient\/consums-2024-setembre\" target=\"_self\" >Entre gener i setembre el consum d&#8217;aigua a la UB es redueix un 5%, i el d&#8217;energia prop d&#8217;un 10%<\/a><\/h3>\n\n<div class=\"wp-block-post-excerpt\"><p class=\"wp-block-post-excerpt__excerpt\">Durant els primers nou mesos de 2024, l\u2019evoluci\u00f3 del consum d\u2019energia i aigua a la UB mant\u00e9 reduccions significatives en tots els subministraments.<\/p><p class=\"wp-block-post-excerpt__more-text\"><a class=\"wp-block-post-excerpt__more-link\" href=\"https:\/\/www.ub.edu\/ossma\/es\/actualitat-medi-ambient\/consums-2024-setembre\">M\u00e1s informaci\u00f3n<\/a><\/p><\/div>\n\n<div class=\"wp-block-post-date\"><time datetime=\"2024-10-23T09:44:46+00:00\">23 de octubre de 2024<\/time><\/div><\/div>\n\n<\/li><li class=\"wp-block-post post-62682 post type-post status-publish format-standard has-post-thumbnail hentry category-actualitat-medi-ambient tag-aigua tag-comuniconsums tag-consum-responsable tag-consums24 tag-energia tag-ods12 tag-ods6 tag-ods7\">\n\n<div class=\"wp-block-group ombra is-vertical is-layout-flex wp-container-core-group-is-layout-2eb2ff60 wp-block-group-is-layout-flex\" style=\"padding-top:30px;padding-right:30px;padding-bottom:30px;padding-left:30px\"><h3 class=\"wp-block-post-title\"><a href=\"https:\/\/www.ub.edu\/ossma\/es\/actualitat-medi-ambient\/consums-2024-juny\" target=\"_self\" >Els consums d&#8217;energia i aigua a la UB segueixen a la baixa durant el primer semestre de 2024<\/a><\/h3>\n\n<div class=\"wp-block-post-excerpt\"><p class=\"wp-block-post-excerpt__excerpt\">Durant el primer semestre de 2024, el consum d\u2019aigua a la UB ha disminu\u00eft un 8,4 %, el d\u2019electricitat un 9 % i el de gas un 7,7 %, respecte al mateix per\u00edode de 2023.<\/p><p class=\"wp-block-post-excerpt__more-text\"><a class=\"wp-block-post-excerpt__more-link\" href=\"https:\/\/www.ub.edu\/ossma\/es\/actualitat-medi-ambient\/consums-2024-juny\">M\u00e1s informaci\u00f3n<\/a><\/p><\/div>\n\n<div class=\"wp-block-post-date\"><time datetime=\"2024-07-19T10:09:49+00:00\">19 de julio de 2024<\/time><\/div><\/div>\n\n<\/li><\/ul><\/div>\n\n<div class=\"wp-block-columns is-layout-flex wp-container-core-columns-is-layout-9d6595d7 wp-block-columns-is-layout-flex\">\n<div class=\"wp-block-column is-layout-flow wp-block-column-is-layout-flow\">\n<div class=\"wp-block-buttons is-content-justification-center is-layout-flex wp-container-core-buttons-is-layout-16018d1d wp-block-buttons-is-layout-flex\">\n<div class=\"wp-block-button has-custom-width wp-block-button__width-25 aligncenter\"><a class=\"wp-block-button__link has-text-align-center wp-element-button\" href=\"https:\/\/www.ub.edu\/ossma\/tag\/consums24\">Todas las noticias sobre evoluci\u00f3n de consumos<\/a><\/div>\n<\/div>\n<\/div>\n<\/div>\n\n<h2 class=\"wp-block-heading\" id=\"noticies-relacionades-48217052-51d1-4766-98de-6ec13faf3da9\">Noticias relacionadas<\/h2>\n\n<div class=\"wp-block-query is-layout-flow wp-block-query-is-layout-flow\"><ul class=\"columns-3 wp-block-post-template is-layout-grid wp-container-core-post-template-is-layout-2fc57c17 wp-block-post-template-is-layout-grid\"><li class=\"wp-block-post post-62564 post type-post status-publish format-standard has-post-thumbnail hentry category-actualitat-medi-ambient tag-aigua tag-consum-responsable tag-no-cau-del-cel tag-ods12 tag-ods6\">\n\n<div class=\"wp-block-group ombra is-vertical is-layout-flex wp-container-core-group-is-layout-2eb2ff60 wp-block-group-is-layout-flex\" style=\"padding-top:30px;padding-right:30px;padding-bottom:30px;padding-left:30px\"><h3 class=\"wp-block-post-title\"><a href=\"https:\/\/www.ub.edu\/ossma\/es\/actualitat-medi-ambient\/repte-estalvi-aigua-resultats\" target=\"_self\" >Finalitza el repte d\u2019estalvi d&#8217;aigua a la UB: resum de resultats<\/a><\/h3>\n\n<div class=\"wp-block-post-excerpt\"><p class=\"wp-block-post-excerpt__excerpt\">El repte d\u2019estalvi d&#8217;aigua a la UB ha finalitzat. En aquesta entrada us mostrem els resultats finals.<\/p><p class=\"wp-block-post-excerpt__more-text\"><a class=\"wp-block-post-excerpt__more-link\" href=\"https:\/\/www.ub.edu\/ossma\/es\/actualitat-medi-ambient\/repte-estalvi-aigua-resultats\">M\u00e1s informaci\u00f3n<\/a><\/p><\/div>\n\n<div class=\"wp-block-post-date\"><time datetime=\"2024-07-17T07:29:08+00:00\">17 de julio de 2024<\/time><\/div><\/div>\n\n<\/li><li class=\"wp-block-post post-62319 post type-post status-publish format-standard has-post-thumbnail hentry category-actualitat-medi-ambient tag-aigua tag-consum-responsable tag-ecoconsells3-0 tag-no-cau-del-cel tag-ods12 tag-ods6\">\n\n<div class=\"wp-block-group ombra is-vertical is-layout-flex wp-container-core-group-is-layout-2eb2ff60 wp-block-group-is-layout-flex\" style=\"padding-top:30px;padding-right:30px;padding-bottom:30px;padding-left:30px\"><h3 class=\"wp-block-post-title\"><a href=\"https:\/\/www.ub.edu\/ossma\/es\/actualitat-medi-ambient\/aiguaconsells\" target=\"_self\" >AiguaConsells: idees per no malbaratar aigua i adaptar-nos a l\u2019emerg\u00e8ncia clim\u00e0tica<\/a><\/h3>\n\n<div class=\"wp-block-post-excerpt\"><p class=\"wp-block-post-excerpt__excerpt\">Si voleu Ecoconsells amb idees per no malbaratar aigua, aqu\u00ed trobareu recopilats tots els AiguaConsells que hem publicat a les xarxes socials al llarg d&#8217;aquest primer trimestre.<\/p><p class=\"wp-block-post-excerpt__more-text\"><a class=\"wp-block-post-excerpt__more-link\" href=\"https:\/\/www.ub.edu\/ossma\/es\/actualitat-medi-ambient\/aiguaconsells\">M\u00e1s informaci\u00f3n<\/a><\/p><\/div>\n\n<div class=\"wp-block-post-date\"><time datetime=\"2024-07-09T11:00:43+00:00\">9 de julio de 2024<\/time><\/div><\/div>\n\n<\/li><li class=\"wp-block-post post-59259 post type-post status-publish format-standard has-post-thumbnail hentry category-actualitat-medi-ambient tag-aigua tag-consum-responsable tag-no-cau-del-cel tag-ods12 tag-ods6\">\n\n<div class=\"wp-block-group ombra is-vertical is-layout-flex wp-container-core-group-is-layout-2eb2ff60 wp-block-group-is-layout-flex\" style=\"padding-top:30px;padding-right:30px;padding-bottom:30px;padding-left:30px\"><h3 class=\"wp-block-post-title\"><a href=\"https:\/\/www.ub.edu\/ossma\/es\/actualitat-medi-ambient\/repte-estalvi-aigua\" target=\"_self\" >Nou repte d&#8217;estalvi d&#8217;aigua a la UB<\/a><\/h3>\n\n<div class=\"wp-block-post-excerpt\"><p class=\"wp-block-post-excerpt__excerpt\">Repte sobre estalvi d&#8217;aigua a la UB (edici\u00f3 2024), on podr\u00e0s aprendre nous conceptes i h\u00e0bits sostenibles, i guanyar premis!<\/p><p class=\"wp-block-post-excerpt__more-text\"><a class=\"wp-block-post-excerpt__more-link\" href=\"https:\/\/www.ub.edu\/ossma\/es\/actualitat-medi-ambient\/repte-estalvi-aigua\">M\u00e1s informaci\u00f3n<\/a><\/p><\/div>\n\n<div class=\"wp-block-post-date\"><time datetime=\"2024-04-03T08:52:54+00:00\">3 de abril de 2024<\/time><\/div><\/div>\n\n<\/li><\/ul><\/div>\n\n<hr class=\"wp-block-separator has-alpha-channel-opacity\"\/>\n\n<h2 class=\"wp-block-heading\">Qu\u00e9 hacemos en la UB<\/h2>\n\n<div class=\"wp-block-columns destacats is-layout-flex wp-container-core-columns-is-layout-9d6595d7 wp-block-columns-is-layout-flex\">\n<div class=\"wp-block-column is-layout-flow wp-block-column-is-layout-flow\">\n<figure class=\"wp-block-image size-large\"><img loading=\"lazy\" decoding=\"async\" width=\"600\" height=\"400\" src=\"https:\/\/www.ub.edu\/ossma\/wp-content\/uploads\/2024\/02\/comptador-aigua-600x400.jpg\" alt=\"Contador de agua\" class=\"wp-image-56969\" srcset=\"https:\/\/www.ub.edu\/ossma\/wp-content\/uploads\/2024\/02\/comptador-aigua-600x400.jpg 600w, https:\/\/www.ub.edu\/ossma\/wp-content\/uploads\/2024\/02\/comptador-aigua.jpg 750w\" sizes=\"(max-width: 600px) 100vw, 600px\" \/><\/figure>\n\n\n\n<p>Evoluci\u00f3n del consumo de agua<\/p>\n\n\n\n<p><a href=\"https:\/\/www.ub.edu\/ossma\/es\/medio-ambiente\/indicadores-ambientales\/consumo-agua\" data-type=\"page\" data-id=\"626\">M\u00e1s informaci\u00f3n<\/a><\/p>\n<\/div>\n\n\n\n<div class=\"wp-block-column is-layout-flow wp-block-column-is-layout-flow\">\n<figure class=\"wp-block-image size-large\"><img loading=\"lazy\" decoding=\"async\" width=\"600\" height=\"400\" src=\"https:\/\/www.ub.edu\/ossma\/wp-content\/uploads\/2024\/02\/edifici-historic-central-ub-destacat-600x400.jpg\" alt=\"Vista cenital del edificio hist&#xF3;rico de la UB\" class=\"wp-image-56965\" srcset=\"https:\/\/www.ub.edu\/ossma\/wp-content\/uploads\/2024\/02\/edifici-historic-central-ub-destacat-600x400.jpg 600w, https:\/\/www.ub.edu\/ossma\/wp-content\/uploads\/2024\/02\/edifici-historic-central-ub-destacat.jpg 750w\" sizes=\"(max-width: 600px) 100vw, 600px\" \/><\/figure>\n\n\n\n<p>Acciones por el ahorro de agua en las dependencias de la UB<\/p>\n\n\n\n<p><a href=\"https:\/\/www.ub.edu\/ossma\/wp-content\/uploads\/2024\/02\/informe-tecnic-manteniment-aigua.pdf\" target=\"_blank\" rel=\"noreferrer noopener\">M\u00e1s informaci\u00f3n<\/a><\/p>\n<\/div>\n\n\n\n<div class=\"wp-block-column is-layout-flow wp-block-column-is-layout-flow\">\n<figure class=\"wp-block-image size-large\"><img loading=\"lazy\" decoding=\"async\" width=\"600\" height=\"400\" src=\"https:\/\/www.ub.edu\/ossma\/wp-content\/uploads\/2024\/02\/destacat-fonts-aigua-ub-600x400.jpg\" alt=\"Nueva fuente de agua instalada en la UB\" class=\"wp-image-56849\" srcset=\"https:\/\/www.ub.edu\/ossma\/wp-content\/uploads\/2024\/02\/destacat-fonts-aigua-ub-600x400.jpg 600w, https:\/\/www.ub.edu\/ossma\/wp-content\/uploads\/2024\/02\/destacat-fonts-aigua-ub.jpg 750w\" sizes=\"(max-width: 600px) 100vw, 600px\" \/><\/figure>\n\n\n\n<p>Fuentes de agua<\/p>\n\n\n\n<p><a href=\"https:\/\/www.ub.edu\/ossma\/tag\/font-aigua\">M\u00e1s informaci\u00f3n<\/a><\/p>\n<\/div>\n\n\n\n<div class=\"wp-block-column is-layout-flow wp-block-column-is-layout-flow\">\n<figure class=\"wp-block-image size-full\"><img loading=\"lazy\" decoding=\"async\" width=\"750\" height=\"500\" src=\"https:\/\/www.ub.edu\/ossma\/wp-content\/uploads\/2021\/03\/destacat-punt-bici.jpg\" alt=\"Punto Bici en Deportes UB\" class=\"wp-image-24252\" srcset=\"https:\/\/www.ub.edu\/ossma\/wp-content\/uploads\/2021\/03\/destacat-punt-bici.jpg 750w, https:\/\/www.ub.edu\/ossma\/wp-content\/uploads\/2021\/03\/destacat-punt-bici-300x200.jpg 300w, https:\/\/www.ub.edu\/ossma\/wp-content\/uploads\/2021\/03\/destacat-punt-bici-272x182.jpg 272w\" sizes=\"(max-width: 750px) 100vw, 750px\" \/><\/figure>\n\n\n\n<p>Medidas de reducci\u00f3n del consumo de agua en Esports UB<\/p>\n\n\n\n<p><a href=\"https:\/\/www.ub.edu\/ossma\/wp-content\/uploads\/2024\/02\/accions-estalvi-aigua-esports-ub.pdf\" target=\"_blank\" rel=\"noreferrer noopener\">M\u00e1s informaci\u00f3n<\/a><\/p>\n<\/div>\n<\/div>\n","protected":false},"excerpt":{"rendered":"<p>La Universitat de Barcelona comen\u00e7a un <strong>nou repte d&#8217;estalvi d&#8217;aigua amb l&#8217;aplicaci\u00f3 The Planet App<\/strong>, com a complement a la <a href=\"http:\/\/www.ub.edu\/sequera\"><strong>campanya de sensibilitzaci\u00f3 \u201cL\u2019aigua no cau del cel\u201d<\/strong><\/a>,  per fer front a la situaci\u00f3 d&#8217;emerg\u00e8ncia en qu\u00e8 ens trobem.  <\/p>\n","protected":false},"author":1,"featured_media":56842,"parent":35713,"menu_order":0,"comment_status":"closed","ping_status":"closed","template":"","meta":{"advgb_blocks_editor_width":"","advgb_blocks_columns_visual_guide":"","footnotes":""},"class_list":["post-59485","page","type-page","status-publish","has-post-thumbnail"],"coauthors":[],"author_meta":{"author_link":"https:\/\/www.ub.edu\/ossma\/es\/author\/ossmau1","display_name":"OSSMA"},"relative_dates":{"created":"Publicado 2 a\u00f1os hace","modified":"Actualizado 11 meses hace"},"absolute_dates":{"created":"Publicado el 29 de marzo de 2024","modified":"Actualizado el 27 de junio de 2025"},"absolute_dates_time":{"created":"Publicado el 29 de marzo de 2024 13:14","modified":"Actualizado el 27 de junio de 2025 09:50"},"featured_img_caption":"","featured_img":"https:\/\/www.ub.edu\/ossma\/wp-content\/uploads\/2024\/02\/banner-estalvia-aigua.jpg","series_order":"","_links":{"self":[{"href":"https:\/\/www.ub.edu\/ossma\/es\/wp-json\/wp\/v2\/pages\/59485","targetHints":{"allow":["GET"]}}],"collection":[{"href":"https:\/\/www.ub.edu\/ossma\/es\/wp-json\/wp\/v2\/pages"}],"about":[{"href":"https:\/\/www.ub.edu\/ossma\/es\/wp-json\/wp\/v2\/types\/page"}],"author":[{"embeddable":true,"href":"https:\/\/www.ub.edu\/ossma\/es\/wp-json\/wp\/v2\/users\/1"}],"replies":[{"embeddable":true,"href":"https:\/\/www.ub.edu\/ossma\/es\/wp-json\/wp\/v2\/comments?post=59485"}],"version-history":[{"count":3,"href":"https:\/\/www.ub.edu\/ossma\/es\/wp-json\/wp\/v2\/pages\/59485\/revisions"}],"predecessor-version":[{"id":94489,"href":"https:\/\/www.ub.edu\/ossma\/es\/wp-json\/wp\/v2\/pages\/59485\/revisions\/94489"}],"up":[{"embeddable":true,"href":"https:\/\/www.ub.edu\/ossma\/es\/wp-json\/wp\/v2\/pages\/35713"}],"wp:featuredmedia":[{"embeddable":true,"href":"https:\/\/www.ub.edu\/ossma\/es\/wp-json\/wp\/v2\/media\/56842"}],"wp:attachment":[{"href":"https:\/\/www.ub.edu\/ossma\/es\/wp-json\/wp\/v2\/media?parent=59485"}],"curies":[{"name":"wp","href":"https:\/\/api.w.org\/{rel}","templated":true}]}}