{"id":66262,"date":"2024-11-12T09:50:55","date_gmt":"2024-11-12T09:50:55","guid":{"rendered":"https:\/\/www.ub.edu\/ossma\/atencion-social\/campanas\/calendario-ub-2025-informate-cuidate-actua-ossma-un-clic"},"modified":"2024-11-12T09:50:56","modified_gmt":"2024-11-12T09:50:56","slug":"calendario-ub-2025-informate-cuidate-actua-ossma-un-clic","status":"publish","type":"page","link":"https:\/\/www.ub.edu\/ossma\/es\/atencion-social\/campanas\/calendario-ub-2025-informate-cuidate-actua-ossma-un-clic","title":{"rendered":"Calendario UB 2025: Inf\u00f3rmate, cu\u00eddate, act\u00faa. El OSSMA en un clic"},"content":{"rendered":"\n<h1 class=\"wp-block-heading\">Calendario UB 2025: Inf\u00f3rmate, cu\u00eddate, act\u00faa. El OSSMA en un clic <\/h1>\n\n<h2 class=\"wp-block-heading\">Doce consejos para conectar con la seguridad, la salud y el medio ambiente. \u00a1Todo el mundo gana! <\/h2>\n\n<p>Desde la Oficina de Seguridad, Salud y Medio Ambiente (OSSMA) queremos compartir el calendario 2025 con toda la comunidad universitaria. Junto con los doce consejos, tambi\u00e9n le damos a conocer herramientas, documentaci\u00f3n e informaci\u00f3n que tiene a su alcance para que sus actividades sean m\u00e1s seguras, saludables y respetuosas con el medio ambiente. <\/p>\n\n<p>El calendario <strong>Inf\u00f3rmate, cu\u00eddate, act\u00faa. El OSSMA en un clic <\/strong> incluye enlaces a material adicional de inter\u00e9s para complementar los consejos y mejorar la sostenibilidad y el bienestar en el entorno de trabajo.<\/p>\n\n<p>Te acompa\u00f1amos. \u00bfNos acompa\u00f1as? <\/p>\n\n<h2 class=\"wp-block-heading\" id=\"gener\">Enero<\/h2>\n\n<div class=\"wp-block-columns is-layout-flex wp-container-core-columns-is-layout-9d6595d7 wp-block-columns-is-layout-flex\">\n<div class=\"wp-block-column is-layout-flow wp-block-column-is-layout-flow\">\n<div class=\"wp-block-columns are-vertically-aligned-center ombra is-layout-flex wp-container-core-columns-is-layout-9d6595d7 wp-block-columns-is-layout-flex\">\n<div class=\"wp-block-column is-vertically-aligned-center is-layout-flow wp-block-column-is-layout-flow\" style=\"flex-basis:25%\">\n<figure class=\"wp-block-image size-full\"><img fetchpriority=\"high\" decoding=\"async\" width=\"600\" height=\"306\" src=\"https:\/\/www.ub.edu\/ossma\/wp-content\/uploads\/2024\/10\/0-calendari-2025-il-gener.jpg\" alt=\"Una trabajadora alerta de unas cajas mal apiladas\" class=\"wp-image-65466\"\/><\/figure>\n<\/div>\n\n\n\n<div class=\"wp-block-column is-vertically-aligned-center is-layout-flow wp-block-column-is-layout-flow\" style=\"flex-basis:50%\">\n<blockquote class=\"wp-block-quote is-layout-flow wp-block-quote-is-layout-flow\">\n<p>Una situaci\u00f3n corregida hoy, es un accidente que no ocurrir\u00e1 ma\u00f1ana. Comun\u00edcate con la OSSMA. <\/p>\n<\/blockquote>\n<\/div>\n\n\n\n<div class=\"wp-block-column is-vertically-aligned-center is-layout-flow wp-block-column-is-layout-flow\" style=\"flex-basis:25%\">\n<p class=\"has-text-align-center\"><a href=\"https:\/\/www.ub.edu\/ossma\/ossma-a-la-ub\/comunicat\" data-type=\"page\" data-id=\"22665\">Comun\u00edcate<\/a><\/p>\n<\/div>\n<\/div>\n<\/div>\n<\/div>\n\n<h2 class=\"wp-block-heading\" id=\"febrer\">Febrero<\/h2>\n\n<div class=\"wp-block-columns is-layout-flex wp-container-core-columns-is-layout-9d6595d7 wp-block-columns-is-layout-flex\">\n<div class=\"wp-block-column is-layout-flow wp-block-column-is-layout-flow\">\n<div class=\"wp-block-columns are-vertically-aligned-center ombra is-layout-flex wp-container-core-columns-is-layout-9d6595d7 wp-block-columns-is-layout-flex\">\n<div class=\"wp-block-column is-vertically-aligned-center is-layout-flow wp-block-column-is-layout-flow\" style=\"flex-basis:25%\">\n<figure class=\"wp-block-image size-full\"><img decoding=\"async\" width=\"600\" height=\"306\" src=\"https:\/\/www.ub.edu\/ossma\/wp-content\/uploads\/2024\/10\/0-calendari-2025-il-febrer.jpg\" alt=\"Personal de la UB siguiendo un curso online\" class=\"wp-image-65463\"\/><\/figure>\n<\/div>\n\n\n\n<div class=\"wp-block-column is-vertically-aligned-center is-layout-flow wp-block-column-is-layout-flow\" style=\"flex-basis:50%\">\n<blockquote class=\"wp-block-quote is-layout-flow wp-block-quote-is-layout-flow\">\n<p>Recuerda que debes tener formaci\u00f3n preventiva sobre los riesgos de tu puesto de trabajo y de las actividades que desarrollas.<\/p>\n<\/blockquote>\n<\/div>\n\n\n\n<div class=\"wp-block-column is-vertically-aligned-center is-layout-flow wp-block-column-is-layout-flow\" style=\"flex-basis:25%\">\n<p class=\"has-text-align-center\"><a href=\"https:\/\/www.ub.edu\/ossma\/es\/formate\" data-type=\"page\" data-id=\"151\">F\u00f3rmate<\/a><\/p>\n<\/div>\n<\/div>\n<\/div>\n<\/div>\n\n<h2 class=\"wp-block-heading\" id=\"marc\">Marzo<\/h2>\n\n<div class=\"wp-block-columns is-layout-flex wp-container-core-columns-is-layout-9d6595d7 wp-block-columns-is-layout-flex\">\n<div class=\"wp-block-column is-layout-flow wp-block-column-is-layout-flow\">\n<div class=\"wp-block-columns are-vertically-aligned-center ombra is-layout-flex wp-container-core-columns-is-layout-9d6595d7 wp-block-columns-is-layout-flex\">\n<div class=\"wp-block-column is-vertically-aligned-center is-layout-flow wp-block-column-is-layout-flow\" style=\"flex-basis:25%\">\n<figure class=\"wp-block-image size-full\"><img decoding=\"async\" width=\"600\" height=\"306\" src=\"https:\/\/www.ub.edu\/ossma\/wp-content\/uploads\/2024\/10\/0-calendari-2025-il-marc.jpg\" alt=\"Levantando pesas en el gimnasio\" class=\"wp-image-65478\"\/><\/figure>\n<\/div>\n\n\n\n<div class=\"wp-block-column is-vertically-aligned-center is-layout-flow wp-block-column-is-layout-flow\" style=\"flex-basis:50%\">\n<blockquote class=\"wp-block-quote is-layout-flow wp-block-quote-is-layout-flow\">\n<p>Cuida tu bienestar. Un rato de ejercicio es mejor que nada. Se una persona activa y progr\u00e1mate ex\u00e1menes de salud.  <\/p>\n<\/blockquote>\n<\/div>\n\n\n\n<div class=\"wp-block-column is-vertically-aligned-center is-layout-flow wp-block-column-is-layout-flow\" style=\"flex-basis:25%\">\n<p class=\"has-text-align-center\"><a href=\"https:\/\/www.ub.edu\/ossma\/es\/seguridad-salud\/cuidate\" data-type=\"page\" data-id=\"23916\">Cu\u00eddate<\/a><\/p>\n\n\n\n<p class=\"has-text-align-center\"><a href=\"https:\/\/www.ub.edu\/ossma\/es\/seguridad-salud\/cuidate\/solicitud-examen-salud\" data-type=\"page\" data-id=\"134\">Solicitud de examen de salud<\/a><\/p>\n\n\n\n<p class=\"has-text-align-center\"><a href=\"https:\/\/www.ub.edu\/esports\/\" target=\"_blank\" rel=\"noreferrer noopener\">Deportes UB<\/a><\/p>\n\n\n\n<p class=\"has-text-align-center\"><a href=\"https:\/\/www.ub.edu\/universitatsaludable\/\" target=\"_blank\" rel=\"noreferrer noopener\">Universitat Saludable<\/a><\/p>\n<\/div>\n<\/div>\n<\/div>\n<\/div>\n\n<h2 class=\"wp-block-heading\" id=\"abril\">Abril<\/h2>\n\n<div class=\"wp-block-columns is-layout-flex wp-container-core-columns-is-layout-9d6595d7 wp-block-columns-is-layout-flex\">\n<div class=\"wp-block-column is-layout-flow wp-block-column-is-layout-flow\">\n<div class=\"wp-block-columns are-vertically-aligned-center ombra is-layout-flex wp-container-core-columns-is-layout-9d6595d7 wp-block-columns-is-layout-flex\">\n<div class=\"wp-block-column is-vertically-aligned-center is-layout-flow wp-block-column-is-layout-flow\" style=\"flex-basis:25%\">\n<figure class=\"wp-block-image size-full\"><img loading=\"lazy\" decoding=\"async\" width=\"600\" height=\"306\" src=\"https:\/\/www.ub.edu\/ossma\/wp-content\/uploads\/2024\/10\/0-calendari-2025-il-abril.jpg\" alt=\"Una docente en silla de ruedas explica f&#xED;sica a una estudiante\" class=\"wp-image-65454\"\/><\/figure>\n<\/div>\n\n\n\n<div class=\"wp-block-column is-vertically-aligned-center is-layout-flow wp-block-column-is-layout-flow\" style=\"flex-basis:50%\">\n<blockquote class=\"wp-block-quote is-layout-flow wp-block-quote-is-layout-flow\">\n<p>C\u00e9ntrate en lo que las personas pueden aportar, no en sus limitaciones.<\/p>\n<\/blockquote>\n<\/div>\n\n\n\n<div class=\"wp-block-column is-vertically-aligned-center is-layout-flow wp-block-column-is-layout-flow\" style=\"flex-basis:25%\">\n<p class=\"has-text-align-center\"><a href=\"https:\/\/www.ub.edu\/ossma\/es\/atencion-social\/recursos\/personas-con-discapacidad\" data-type=\"page\" data-id=\"1170\">Recursos para personas con discapacidad<\/a><\/p>\n\n\n\n<p class=\"has-text-align-center\"><a href=\"https:\/\/www.ub.edu\/ossma\/es\/atencion-social\/recursos\/personas-con-discapacidad#questionari-discapacitat\" data-type=\"page\" data-id=\"134\">Cuestionario para personas con discapacidad<\/a><\/p>\n\n\n\n<p class=\"has-text-align-center\"><a href=\"https:\/\/www.insst.es\/noticias-insst\/campa%c3%b1a-12-temas-12-meses\" target=\"_blank\" rel=\"noreferrer noopener\">Campa\u00f1a 12 temas 12 meses<\/a><\/p>\n<\/div>\n<\/div>\n<\/div>\n<\/div>\n\n<h2 class=\"wp-block-heading\" id=\"maig\">Mayo<\/h2>\n\n<div class=\"wp-block-columns is-layout-flex wp-container-core-columns-is-layout-9d6595d7 wp-block-columns-is-layout-flex\">\n<div class=\"wp-block-column is-layout-flow wp-block-column-is-layout-flow\">\n<div class=\"wp-block-columns are-vertically-aligned-center ombra is-layout-flex wp-container-core-columns-is-layout-9d6595d7 wp-block-columns-is-layout-flex\">\n<div class=\"wp-block-column is-vertically-aligned-center is-layout-flow wp-block-column-is-layout-flow\" style=\"flex-basis:25%\">\n<figure class=\"wp-block-image size-full\"><img loading=\"lazy\" decoding=\"async\" width=\"600\" height=\"306\" src=\"https:\/\/www.ub.edu\/ossma\/wp-content\/uploads\/2024\/10\/0-calendari-2025-il-maig.jpg\" alt=\"Personal de diferentes centros se comunica por tel&#xE9;fono\" class=\"wp-image-65475\"\/><\/figure>\n<\/div>\n\n\n\n<div class=\"wp-block-column is-vertically-aligned-center is-layout-flow wp-block-column-is-layout-flow\" style=\"flex-basis:50%\">\n<blockquote class=\"wp-block-quote is-layout-flow wp-block-quote-is-layout-flow\">\n<p>Si trabajas con personas de otras instituciones, recuerda que la coordinaci\u00f3n es importante para prevenir riesgos.<\/p>\n<\/blockquote>\n<\/div>\n\n\n\n<div class=\"wp-block-column is-vertically-aligned-center is-layout-flow wp-block-column-is-layout-flow\" style=\"flex-basis:25%\">\n<p class=\"has-text-align-center\"><a href=\"https:\/\/www.ub.edu\/ossma\/es\/seguridad-salud\/espacio-preventivo-pas-pdi-pi\/cae-ub\" data-type=\"page\" data-id=\"38365\">Coordinaci\u00f3n de actividades empresariales para personal UB<\/a><\/p>\n\n\n\n<p class=\"has-text-align-center\"><a href=\"https:\/\/www.ub.edu\/ossma\/es\/seguridad-salud\/coordinacion-actividades-empresariales-cae-empresas-externas\" data-type=\"page\" data-id=\"2600\">Coordinaci\u00f3n de actividades empresariales para empresas externas<\/a><\/p>\n<\/div>\n<\/div>\n<\/div>\n<\/div>\n\n<h2 class=\"wp-block-heading\" id=\"juny\">Junio<\/h2>\n\n<div class=\"wp-block-columns is-layout-flex wp-container-core-columns-is-layout-9d6595d7 wp-block-columns-is-layout-flex\">\n<div class=\"wp-block-column is-layout-flow wp-block-column-is-layout-flow\">\n<div class=\"wp-block-columns are-vertically-aligned-center ombra is-layout-flex wp-container-core-columns-is-layout-9d6595d7 wp-block-columns-is-layout-flex\">\n<div class=\"wp-block-column is-vertically-aligned-center is-layout-flow wp-block-column-is-layout-flow\" style=\"flex-basis:25%\">\n<figure class=\"wp-block-image size-full\"><img loading=\"lazy\" decoding=\"async\" width=\"600\" height=\"306\" src=\"https:\/\/www.ub.edu\/ossma\/wp-content\/uploads\/2024\/10\/0-calendari-2025-il-juny.jpg\" alt=\"Dudando a la hora de verter un residuo en dos bidones distintos\" class=\"wp-image-65472\"\/><\/figure>\n<\/div>\n\n\n\n<div class=\"wp-block-column is-vertically-aligned-center is-layout-flow wp-block-column-is-layout-flow\" style=\"flex-basis:50%\">\n<blockquote class=\"wp-block-quote is-layout-flow wp-block-quote-is-layout-flow\">\n<p>Si tienes dudas a la hora de gestionar un residuo, cons\u00faltanoslo.<\/p>\n<\/blockquote>\n<\/div>\n\n\n\n<div class=\"wp-block-column is-vertically-aligned-center is-layout-flow wp-block-column-is-layout-flow\" style=\"flex-basis:25%\">\n<p class=\"has-text-align-center\"><a href=\"https:\/\/www.ub.edu\/ossma\/es\/medio-ambiente\/residuos-especiales\" data-type=\"page\" data-id=\"24213\">Residuos en la oficina<\/a><\/p>\n\n\n\n<p class=\"has-text-align-center\"><a href=\"https:\/\/www.ub.edu\/ossma\/es\/medio-ambiente\/residuos-especiales\/buscador-residuos-laboratorio\" data-type=\"page\" data-id=\"9772\">Residuos en el laboratorio<\/a><\/p>\n<\/div>\n<\/div>\n<\/div>\n<\/div>\n\n<h2 class=\"wp-block-heading\" id=\"juliol\">Julio<\/h2>\n\n<div class=\"wp-block-columns is-layout-flex wp-container-core-columns-is-layout-9d6595d7 wp-block-columns-is-layout-flex\">\n<div class=\"wp-block-column is-layout-flow wp-block-column-is-layout-flow\">\n<div class=\"wp-block-columns are-vertically-aligned-center ombra is-layout-flex wp-container-core-columns-is-layout-9d6595d7 wp-block-columns-is-layout-flex\">\n<div class=\"wp-block-column is-vertically-aligned-center is-layout-flow wp-block-column-is-layout-flow\" style=\"flex-basis:25%\">\n<figure class=\"wp-block-image size-full\"><img loading=\"lazy\" decoding=\"async\" width=\"600\" height=\"306\" src=\"https:\/\/www.ub.edu\/ossma\/wp-content\/uploads\/2024\/10\/0-calendari-2025-il-juliol.jpg\" alt=\"Una trabajadora agobiada por dos sombras que, aparentemente, la increpan\" class=\"wp-image-65469\"\/><\/figure>\n<\/div>\n\n\n\n<div class=\"wp-block-column is-vertically-aligned-center is-layout-flow wp-block-column-is-layout-flow\" style=\"flex-basis:50%\">\n<blockquote class=\"wp-block-quote is-layout-flow wp-block-quote-is-layout-flow\">\n<p>\u00bfNecesitas herramientas para resolver situaciones conflictivas en el trabajo?<\/p>\n<\/blockquote>\n<\/div>\n\n\n\n<div class=\"wp-block-column is-vertically-aligned-center is-layout-flow wp-block-column-is-layout-flow\" style=\"flex-basis:25%\">\n<p class=\"has-text-align-center\"><a href=\"https:\/\/www.ub.edu\/ossma\/es\/seguridad-salud\/riesgos-psicosociales\/consejos-preventivos\" data-type=\"page\" data-id=\"45902\">Riesgos psicosociales: <\/a><br\/><a href=\"https:\/\/www.ub.edu\/ossma\/es\/seguridad-salud\/riesgos-psicosociales\/consejos-preventivos\" data-type=\"page\" data-id=\"45902\">Consejos preventivos<\/a><\/p>\n\n\n\n<p class=\"has-text-align-center\"><a href=\"https:\/\/www.ub.edu\/mediacio\" data-type=\"page\" data-id=\"9772\" target=\"_blank\" rel=\"noreferrer noopener\">Servicio de mediaci\u00f3n<\/a><\/p>\n\n\n\n<p class=\"has-text-align-center\"><a href=\"https:\/\/www.ub.edu\/portal\/web\/igualtat\/la-unitat\" target=\"_blank\" rel=\"noreferrer noopener\">Unidad de Igualdad<\/a><\/p>\n<\/div>\n<\/div>\n<\/div>\n<\/div>\n\n<h2 class=\"wp-block-heading\" id=\"agost\">Agosto<\/h2>\n\n<div class=\"wp-block-columns is-layout-flex wp-container-core-columns-is-layout-9d6595d7 wp-block-columns-is-layout-flex\">\n<div class=\"wp-block-column is-layout-flow wp-block-column-is-layout-flow\">\n<div class=\"wp-block-columns are-vertically-aligned-center ombra is-layout-flex wp-container-core-columns-is-layout-9d6595d7 wp-block-columns-is-layout-flex\">\n<div class=\"wp-block-column is-vertically-aligned-center is-layout-flow wp-block-column-is-layout-flow\" style=\"flex-basis:25%\">\n<figure class=\"wp-block-image size-full\"><img loading=\"lazy\" decoding=\"async\" width=\"600\" height=\"306\" src=\"https:\/\/www.ub.edu\/ossma\/wp-content\/uploads\/2024\/10\/0-calendari-2025-il-agost.jpg\" alt=\"De ruta, observando un paisaje monta&#xF1;oso con un r&#xED;o\" class=\"wp-image-65457\"\/><\/figure>\n<\/div>\n\n\n\n<div class=\"wp-block-column is-vertically-aligned-center is-layout-flow wp-block-column-is-layout-flow\" style=\"flex-basis:50%\">\n<blockquote class=\"wp-block-quote is-layout-flow wp-block-quote-is-layout-flow\">\n<p>Fuera de la jornada laboral, desconecta: clica <em>off<\/em> para estar <em>on<\/em>.<\/p>\n<\/blockquote>\n<\/div>\n\n\n\n<div class=\"wp-block-column is-vertically-aligned-center is-layout-flow wp-block-column-is-layout-flow\" style=\"flex-basis:25%\">\n<p class=\"has-text-align-center\"><a href=\"https:\/\/www.insst.es\/documentacion\/material-divulgativo-y-audiovisual\/carteles\/desconexion-digital-a%C3%B1o-2023\" data-type=\"page\" data-id=\"45902\" target=\"_blank\" rel=\"noreferrer noopener\">Desconexi\u00f3n Digital (INSS)<\/a><\/p>\n<\/div>\n<\/div>\n<\/div>\n<\/div>\n\n<h2 class=\"wp-block-heading\" id=\"setembre\">Septiembre<\/h2>\n\n<div class=\"wp-block-columns is-layout-flex wp-container-core-columns-is-layout-9d6595d7 wp-block-columns-is-layout-flex\">\n<div class=\"wp-block-column is-layout-flow wp-block-column-is-layout-flow\">\n<div class=\"wp-block-columns are-vertically-aligned-center ombra is-layout-flex wp-container-core-columns-is-layout-9d6595d7 wp-block-columns-is-layout-flex\">\n<div class=\"wp-block-column is-vertically-aligned-center is-layout-flow wp-block-column-is-layout-flow\" style=\"flex-basis:25%\">\n<figure class=\"wp-block-image size-full\"><img loading=\"lazy\" decoding=\"async\" width=\"600\" height=\"306\" src=\"https:\/\/www.ub.edu\/ossma\/wp-content\/uploads\/2024\/10\/0-calendari-2025-il-setembre.jpg\" alt=\"Una t&#xE9;cnica de prevenci&#xF3;n de riesgos explica a una trabajadora los riesgos trabajando en el ordenador\" class=\"wp-image-65487\"\/><\/figure>\n<\/div>\n\n\n\n<div class=\"wp-block-column is-vertically-aligned-center is-layout-flow wp-block-column-is-layout-flow\" style=\"flex-basis:50%\">\n<blockquote class=\"wp-block-quote is-layout-flow wp-block-quote-is-layout-flow\">\n<p>\u00bfNecesitas informaci\u00f3n preventiva sobre los riesgos del trabajo y de tu espacio de trabajo?<\/p>\n<\/blockquote>\n<\/div>\n\n\n\n<div class=\"wp-block-column is-vertically-aligned-center is-layout-flow wp-block-column-is-layout-flow\" style=\"flex-basis:25%\">\n<p class=\"has-text-align-center\"><a href=\"https:\/\/www.ub.edu\/ossma\/es\/seguridad-salud\/espacio-preventivo-pas-pdi-pi\/informate\" data-type=\"page\" data-id=\"9461\">Inf\u00f3rmate<\/a><\/p>\n<\/div>\n<\/div>\n<\/div>\n<\/div>\n\n<h2 class=\"wp-block-heading\" id=\"octubre\">Octubre<\/h2>\n\n<div class=\"wp-block-columns is-layout-flex wp-container-core-columns-is-layout-9d6595d7 wp-block-columns-is-layout-flex\">\n<div class=\"wp-block-column is-layout-flow wp-block-column-is-layout-flow\">\n<div class=\"wp-block-columns are-vertically-aligned-center ombra is-layout-flex wp-container-core-columns-is-layout-9d6595d7 wp-block-columns-is-layout-flex\">\n<div class=\"wp-block-column is-vertically-aligned-center is-layout-flow wp-block-column-is-layout-flow\" style=\"flex-basis:25%\">\n<figure class=\"wp-block-image size-full\"><img loading=\"lazy\" decoding=\"async\" width=\"600\" height=\"306\" src=\"https:\/\/www.ub.edu\/ossma\/wp-content\/uploads\/2024\/10\/0-calendari-2025-il-octubre.jpg\" alt=\"Una t&#xE9;cnica de laboratorio traslada muestras con un carrito\" class=\"wp-image-65484\"\/><\/figure>\n<\/div>\n\n\n\n<div class=\"wp-block-column is-vertically-aligned-center is-layout-flow wp-block-column-is-layout-flow\" style=\"flex-basis:50%\">\n<blockquote class=\"wp-block-quote is-layout-flow wp-block-quote-is-layout-flow\">\n<p>Controla los riesgos en el laboratorio: la prevenci\u00f3n es la mejor reacci\u00f3n.<\/p>\n<\/blockquote>\n<\/div>\n\n\n\n<div class=\"wp-block-column is-vertically-aligned-center is-layout-flow wp-block-column-is-layout-flow\" style=\"flex-basis:25%\">\n<p class=\"has-text-align-center\"><a href=\"https:\/\/www.ub.edu\/ossma\/es\/seguridad-salud\/espacio-preventivo-pas-pdi-pi\/informate\" data-type=\"page\" data-id=\"9461\">Inf\u00f3rmate<\/a><\/p>\n\n\n\n<p class=\"has-text-align-center\"><a href=\"https:\/\/www.insst.es\/documentacion\/material-divulgativo-y-audiovisual\/carteles\/cartel-controla-los-riesgos-quimicos-en-el-laboratorio-la-prevencion-es-la-mejor-reaccion-2023\" target=\"_blank\" rel=\"noreferrer noopener\">Controla los riesgos qu\u00edmicos en el laboratorio: la prevenci\u00f3n es la mejor reacci\u00f3n (INSS)<\/a><\/p>\n<\/div>\n<\/div>\n<\/div>\n<\/div>\n\n<h2 class=\"wp-block-heading\" id=\"novembre\">Noviembre<\/h2>\n\n<div class=\"wp-block-columns is-layout-flex wp-container-core-columns-is-layout-9d6595d7 wp-block-columns-is-layout-flex\">\n<div class=\"wp-block-column is-layout-flow wp-block-column-is-layout-flow\">\n<div class=\"wp-block-columns are-vertically-aligned-center ombra is-layout-flex wp-container-core-columns-is-layout-9d6595d7 wp-block-columns-is-layout-flex\">\n<div class=\"wp-block-column is-vertically-aligned-center is-layout-flow wp-block-column-is-layout-flow\" style=\"flex-basis:25%\">\n<figure class=\"wp-block-image size-full\"><img loading=\"lazy\" decoding=\"async\" width=\"600\" height=\"306\" src=\"https:\/\/www.ub.edu\/ossma\/wp-content\/uploads\/2024\/10\/0-calendari-2025-il-novembre.jpg\" alt=\"Personal de la UB examinando las ofertas del espacio ReUBtilitzem\" class=\"wp-image-65481\"\/><\/figure>\n<\/div>\n\n\n\n<div class=\"wp-block-column is-vertically-aligned-center is-layout-flow wp-block-column-is-layout-flow\" style=\"flex-basis:50%\">\n<blockquote class=\"wp-block-quote is-layout-flow wp-block-quote-is-layout-flow\">\n<p>Antes de comprar un producto, comprueba si est\u00e1 disponible en el espacio ReUBtilitzem.<\/p>\n<\/blockquote>\n<\/div>\n\n\n\n<div class=\"wp-block-column is-vertically-aligned-center is-layout-flow wp-block-column-is-layout-flow\" style=\"flex-basis:25%\">\n<p class=\"has-text-align-center\"><a href=\"https:\/\/www.ub.edu\/ossma\/es\/medio-ambiente\/consumo-responsable\/reubtilizamos\" data-type=\"page\" data-id=\"41049\">ReUBtilizamos<\/a><\/p>\n<\/div>\n<\/div>\n<\/div>\n<\/div>\n\n<h2 class=\"wp-block-heading\" id=\"desembre\">Diciembre<\/h2>\n\n<div class=\"wp-block-columns is-layout-flex wp-container-core-columns-is-layout-9d6595d7 wp-block-columns-is-layout-flex\">\n<div class=\"wp-block-column is-layout-flow wp-block-column-is-layout-flow\">\n<div class=\"wp-block-columns are-vertically-aligned-center ombra is-layout-flex wp-container-core-columns-is-layout-9d6595d7 wp-block-columns-is-layout-flex\">\n<div class=\"wp-block-column is-vertically-aligned-center is-layout-flow wp-block-column-is-layout-flow\" style=\"flex-basis:25%\">\n<figure class=\"wp-block-image size-full\"><img loading=\"lazy\" decoding=\"async\" width=\"600\" height=\"306\" src=\"https:\/\/www.ub.edu\/ossma\/wp-content\/uploads\/2024\/10\/0-calendari-2025-il-desembre.jpg\" alt=\"Diferentes personas acercan unas piezas de puzle que forman el s&#xED;mbolo de la prevenci&#xF3;n\" class=\"wp-image-65460\"\/><\/figure>\n<\/div>\n\n\n\n<div class=\"wp-block-column is-vertically-aligned-center is-layout-flow wp-block-column-is-layout-flow\" style=\"flex-basis:50%\">\n<blockquote class=\"wp-block-quote is-layout-flow wp-block-quote-is-layout-flow\">\n<p>Vela por tu seguridad. Entre todos lo haremos posible. <\/p>\n<\/blockquote>\n<\/div>\n\n\n\n<div class=\"wp-block-column is-vertically-aligned-center is-layout-flow wp-block-column-is-layout-flow\" style=\"flex-basis:25%\">\n<p class=\"has-text-align-center\"><a href=\"https:\/\/www.ub.edu\/ossma\/es\/seguridad-salud\/legislacion-normativas\/plan-prevencion\" data-type=\"page\" data-id=\"3481\">Plan de Prevenci\u00f3n<\/a><\/p>\n<\/div>\n<\/div>\n<\/div>\n<\/div>\n\n<p><\/p>\n","protected":false},"excerpt":{"rendered":"<h1 class=\"wp-block-heading\">Calendario UB 2025: Inf\u00f3rmate, cu\u00eddate, act\u00faa. El OSSMA en un clic <\/h1>\n","protected":false},"author":1,"featured_media":29814,"parent":35723,"menu_order":0,"comment_status":"closed","ping_status":"closed","template":"page-nav.php","meta":{"advgb_blocks_editor_width":"","advgb_blocks_columns_visual_guide":"","footnotes":""},"class_list":["post-66262","page","type-page","status-publish","has-post-thumbnail"],"coauthors":[],"author_meta":{"author_link":"https:\/\/www.ub.edu\/ossma\/es\/author\/ossmau1","display_name":"OSSMA"},"relative_dates":{"created":"Publicado 1 a\u00f1o hace","modified":"Actualizado 1 a\u00f1o hace"},"absolute_dates":{"created":"Publicado el 12 de noviembre de 2024","modified":"Actualizado el 12 de noviembre de 2024"},"absolute_dates_time":{"created":"Publicado el 12 de noviembre de 2024 09:50","modified":"Actualizado el 12 de noviembre de 2024 09:50"},"featured_img_caption":"","featured_img":"https:\/\/www.ub.edu\/ossma\/wp-content\/uploads\/2021\/03\/banner-atencio-social.jpg","series_order":"","_links":{"self":[{"href":"https:\/\/www.ub.edu\/ossma\/es\/wp-json\/wp\/v2\/pages\/66262","targetHints":{"allow":["GET"]}}],"collection":[{"href":"https:\/\/www.ub.edu\/ossma\/es\/wp-json\/wp\/v2\/pages"}],"about":[{"href":"https:\/\/www.ub.edu\/ossma\/es\/wp-json\/wp\/v2\/types\/page"}],"author":[{"embeddable":true,"href":"https:\/\/www.ub.edu\/ossma\/es\/wp-json\/wp\/v2\/users\/1"}],"replies":[{"embeddable":true,"href":"https:\/\/www.ub.edu\/ossma\/es\/wp-json\/wp\/v2\/comments?post=66262"}],"version-history":[{"count":1,"href":"https:\/\/www.ub.edu\/ossma\/es\/wp-json\/wp\/v2\/pages\/66262\/revisions"}],"predecessor-version":[{"id":66263,"href":"https:\/\/www.ub.edu\/ossma\/es\/wp-json\/wp\/v2\/pages\/66262\/revisions\/66263"}],"up":[{"embeddable":true,"href":"https:\/\/www.ub.edu\/ossma\/es\/wp-json\/wp\/v2\/pages\/35723"}],"wp:featuredmedia":[{"embeddable":true,"href":"https:\/\/www.ub.edu\/ossma\/es\/wp-json\/wp\/v2\/media\/29814"}],"wp:attachment":[{"href":"https:\/\/www.ub.edu\/ossma\/es\/wp-json\/wp\/v2\/media?parent=66262"}],"curies":[{"name":"wp","href":"https:\/\/api.w.org\/{rel}","templated":true}]}}