{"id":1186,"date":"2016-03-16T11:03:38","date_gmt":"2016-03-16T11:03:38","guid":{"rendered":"http:\/\/webfe05.fe.cpd.local\/ossma\/?page_id=1186"},"modified":"2023-10-28T16:41:47","modified_gmt":"2023-10-28T16:41:47","slug":"families","status":"publish","type":"page","link":"https:\/\/www.ub.edu\/ossma\/atencio-social\/recursos\/families","title":{"rendered":"Fam\u00edlies"},"content":{"rendered":"\n<p><a id=\"inici\" name=\"inici\"><\/a>La Unitat d\u2019Atenci\u00f3 Social prestar\u00e0 ajuda i assessorament a qualsevol treballador de la Universitat que, en un moment determinat, pugui trobar-se davant d\u2019aquesta situaci\u00f3.<\/p>\n\n\n\n<div class=\"wp-block-advgb-summary alignnone\" id=\"inici\"><div class=\"advgb-toc-header collapsed\">Apartats<\/div><ul class=\"advgb-toc alignnone\" style=\"display:none\"><li class=\"toc-level-1\"><a href=\"#nombroses\">Fam\u00edlia nombrosa<\/a><\/li><li class=\"toc-level-2\"><a href=\"#tito-nombroses\">T\u00edtol de fam\u00edlia nombrosa<\/a><\/li><li class=\"toc-level-3\"><a href=\"#que-es-el-titol-de-familia-nombrosa-115e2e79-10ab-4819-87e4-2a89e6cb0e39\">Qu\u00e8 \u00e9s el t\u00edtol de fam\u00edlia nombrosa?<\/a><\/li><li class=\"toc-level-3\"><a href=\"#a-qui-va-dirigit-7d8b2d81-6cbf-488d-b836-edec695ff089\">A qui va dirigit?<\/a><\/li><li class=\"toc-level-3\"><a href=\"#tramitacio-d226bfe2-3863-417d-b41f-18426fb0b287\">Tramitaci\u00f3<\/a><\/li><li class=\"toc-level-3\"><a href=\"#sollicitud-del-titol-de-familia-nombrosa-168f6b04-40cf-42ef-b5e2-9251d68481b8\">Sol\u00b7licitud del t\u00edtol de fam\u00edlia nombrosa<\/a><\/li><li class=\"toc-level-2\"><a href=\"#xarxa-nombroses\">Xarxa d&#8217;avantatges per a fam\u00edlies nombroses<\/a><\/li><li class=\"toc-level-1\"><a href=\"#monoparental\">Fam\u00edlia monoparental<\/a><\/li><li class=\"toc-level-2\"><a href=\"#titol-monoparental\">T\u00edtol de fam\u00edlia monoparental<\/a><\/li><li class=\"toc-level-3\"><a href=\"#que-es-el-titol-de-familia-monoparental-91c5d8e9-c801-428c-83b3-ea5a39aceeec\">Qu\u00e8 \u00e9s el t\u00edtol de fam\u00edlia monoparental?<\/a><\/li><li class=\"toc-level-3\"><a href=\"#a-qui-va-dirigit-40de744d-dcac-4709-868c-82b580a041ce\">A qui va dirigit?<\/a><\/li><li class=\"toc-level-3\"><a href=\"#tramitacio-512582b2-5294-4ee0-87f6-ae6aa24b1ad3\">Tramitaci\u00f3<\/a><\/li><li class=\"toc-level-2\"><a href=\"#xarxa-monoparental\">Xarxa d\u2019avantatges per a fam\u00edlies monoparentals<\/a><\/li><li class=\"toc-level-1\"><a href=\"#creixer\">Cr\u00e9ixer en fam\u00edlia<\/a><\/li><li class=\"toc-level-2\"><a href=\"#creixer-formacio\">Formaci\u00f3 per a pares i mares<\/a><\/li><li class=\"toc-level-3\"><a href=\"#que-ofereix-848b7d98-33bf-4294-87bf-4edb7312afb6\">Qu\u00e8 ofereix?<\/a><\/li><li class=\"toc-level-3\"><a href=\"#com-participar-480ba3c3-57b2-40da-866b-0e6f0f96b302\">Com participar<\/a><\/li><li class=\"toc-level-1\"><a href=\"#infants\">Prestacions econ\u00f2miques per a fam\u00edlies amb infants<\/a><\/li><li class=\"toc-level-2\"><a href=\"#prestacions-infants\">Prestacions econ\u00f2miques de la Generalitat de Catalunya<\/a><\/li><li class=\"toc-level-3\"><a href=\"#a-qui-va-dirigit-0d85e5d0-b01d-478f-ba54-e39f5a174875\">A qui va dirigit?<\/a><\/li><\/ul><\/div>\n\n\n\n<h2 class=\"wp-block-heading advgb-dyn-3db4c621\" id=\"nombroses\"><a id=\"avantatges\" name=\"avantatges\"><\/a>Fam\u00edlia nombrosa<\/h2>\n\n\n\n<h3 class=\"wp-block-heading advgb-dyn-8a48aea4\" id=\"tito-nombroses\">T\u00edtol de fam\u00edlia nombrosa<\/h3>\n\n\n\n<h4 class=\"wp-block-heading advgb-dyn-05081c36\" id=\"que-es-el-titol-de-familia-nombrosa-115e2e79-10ab-4819-87e4-2a89e6cb0e39\">Qu\u00e8 \u00e9s el t\u00edtol de fam\u00edlia nombrosa?<\/h4>\n\n\n\n<p>El t\u00edtol de fam\u00edlia nombrosa \u00e9s un document oficial que acredita la condici\u00f3 de fam\u00edlia nombrosa i que reporta diversos beneficis en tot l\u2019Estat. Aquest t\u00edtol \u00e9s expedit i renovat per la Direcci\u00f3 General de Fam\u00edlies. El t\u00edtol de fam\u00edlia nombrosa dona dret a la possessi\u00f3 d\u2019un t\u00edtol individual per a cada membre de la fam\u00edlia, d\u2019\u00fas personal i intransferible, v\u00e0lid a Catalunya i a tot l\u2019Estat, que permet gaudir d\u2019avantatges davant diverses institucions, entitats i establiments comercials. El t\u00edtol individual es lliura juntament amb el t\u00edtol de fam\u00edlia nombrosa.<\/p>\n\n\n\n<h4 class=\"wp-block-heading advgb-dyn-73ffaa42\" id=\"a-qui-va-dirigit-7d8b2d81-6cbf-488d-b836-edec695ff089\">A qui va dirigit?<\/h4>\n\n\n\n<p>A les fam\u00edlies amb una o dues persones progenitores amb tres o m\u00e9s fills o filles, siguin o no comuns. Tamb\u00e9 s\u2019ent\u00e9n per <a href=\"https:\/\/dretssocials.gencat.cat\/ca\/ambits_tematics\/families\/families_nombroses\/\" target=\"_blank\" rel=\"noreferrer noopener\">fam\u00edlia nombrosa <\/a>altres composicions familiars.<\/p>\n\n\n\n<h4 class=\"wp-block-heading advgb-dyn-4d2fa076\" id=\"tramitacio-d226bfe2-3863-417d-b41f-18426fb0b287\">Tramitaci\u00f3<\/h4>\n\n\n\n<p>Aquest tr\u00e0mit es pot sol\u00b7licitar per Internet, excepte en el cas de les fam\u00edlies nombroses amb fills\/filles majors de vint-i-sis anys amb un grau de discapacitat reconegut (que actualment nom\u00e9s poden fer la tramitaci\u00f3 presencialment). Per realitzar el tr\u00e0mit presencialment en una oficina, es pot demanar<a href=\"https:\/\/web.gencat.cat\/ca\/tramits\/tramits-temes\/Targeta-acreditativa-de-la-discapacitat?category=7614d1e8-a82c-11e3-a972-000c29052e2c\" target=\"_blank\" rel=\"noreferrer noopener\"> cita<\/a>.<\/p>\n\n\n\n<h4 class=\"wp-block-heading advgb-dyn-d32affc1\" id=\"sollicitud-del-titol-de-familia-nombrosa-168f6b04-40cf-42ef-b5e2-9251d68481b8\">Sol\u00b7licitud del t\u00edtol de fam\u00edlia nombrosa<\/h4>\n\n\n\n<p>Accedeix a la <a href=\"https:\/\/web.gencat.cat\/ca\/tramits\/tramits-temes\/Targeta-acreditativa-de-la-discapacitat?category=7614d1e8-a82c-11e3-a972-000c29052e2c\" target=\"_blank\" rel=\"noreferrer noopener\">sol\u00b7licitud. <\/a><\/p>\n\n\n\n<h3 class=\"wp-block-heading advgb-dyn-80f6972b\" id=\"xarxa-nombroses\">Xarxa d&#8217;avantatges per a fam\u00edlies nombroses<\/h3>\n\n\n\n<p>El t\u00edtol de fam\u00edlia nombrosa permet accedir a una s\u00e8rie d&#8217;avantatges i beneficis, tant en l&#8217;\u00e0mbit institucional des de les diverses administracions p\u00fabliques, com per part d&#8217;establiments comercials i entitats mitjan\u00e7ant la <a rel=\"noopener noreferrer\" href=\"http:\/\/benestar.gencat.cat\/ca\/ambits_tematics\/families\/families_nombroses\/xarxa_d_avantatges_per_a_families_nombroses\/\" target=\"_blank\">Xarxa d&#8217;Avantatges per a Fam\u00edlies Nombroses<\/a>.<\/p>\n\n\n\n<hr class=\"wp-block-separator has-css-opacity advgb-dyn-c3f4f0ad\"\/>\n\n\n\n<h2 class=\"wp-block-heading advgb-dyn-c9180f00\" id=\"monoparental\">Fam\u00edlia monoparental<\/h2>\n\n\n\n<h3 class=\"wp-block-heading advgb-dyn-8876cf2d\" id=\"titol-monoparental\">T\u00edtol de fam\u00edlia monoparental<\/h3>\n\n\n\n<h4 class=\"wp-block-heading advgb-dyn-e405e96b\" id=\"que-es-el-titol-de-familia-monoparental-91c5d8e9-c801-428c-83b3-ea5a39aceeec\">Qu\u00e8 \u00e9s el t\u00edtol de fam\u00edlia monoparental?<\/h4>\n\n\n\n<p>El t\u00edtol de fam\u00edlia monoparental \u00e9s un document oficial que acredita la condici\u00f3 de fam\u00edlia monoparental i que reporta diversos avantatges. Aquest t\u00edtol \u00e9s expedit i renova el Departament. El t\u00edtol de fam\u00edlia monoparental dona dret a la possessi\u00f3 d\u2019un t\u00edtol individual per a cada membre de la fam\u00edlia, d\u2019\u00fas personal i intransferible, v\u00e0lid a Catalunya, que permet gaudir de determinats avantatges. El t\u00edtol individual es lliura juntament amb el t\u00edtol de fam\u00edlia monoparental.<\/p>\n\n\n\n<h4 class=\"wp-block-heading advgb-dyn-9e937f91\" id=\"a-qui-va-dirigit-40de744d-dcac-4709-868c-82b580a041ce\">A qui va dirigit?<\/h4>\n\n\n\n<p>A les fam\u00edlies monoparentals, tant de categoria especial com de categorial general. S&#8217;ent\u00e9n per fam\u00edlia monoparental aquella fam\u00edlia formada per un\/una o m\u00e9s fills\/filles menors de vint-i-un anys, o de vint-i-sis anys si estudien, que conviuen i depenen econ\u00f2micament d&#8217;una sola persona.<\/p>\n\n\n\n<h4 class=\"wp-block-heading advgb-dyn-8e179361\" id=\"tramitacio-512582b2-5294-4ee0-87f6-ae6aa24b1ad3\">Tramitaci\u00f3<\/h4>\n\n\n\n<p>Aquest tr\u00e0mit es pot sol\u00b7licitar per Internet, excepte en el cas de les fam\u00edlies nombroses amb fills\/filles majors de vint-i-sis anys amb un grau de discapacitat reconegut (que actualment nom\u00e9s poden fer la tramitaci\u00f3 presencialment). Per realitzar el tr\u00e0mit presencialment en una oficina, es pot demanar cita. <\/p>\n\n\n\n<p><a rel=\"noreferrer noopener\" href=\"http:\/\/treballiaferssocials.gencat.cat\/ca\/ambits_tematics\/families\/families_monoparentals\/titol\/\" target=\"_blank\">Sol\u00b7licitud del t\u00edtol de fam\u00edlia monoparental<\/a>. <\/p>\n\n\n\n<p><a rel=\"noreferrer noopener\" href=\"http:\/\/benestar.gencat.cat\/ca\/ambits_tematics\/families\/families_monoparentals\/\" target=\"_blank\">M\u00e9s informaci\u00f3 sobre el t\u00edtol de fam\u00edlia monoparental<\/a>.<\/p>\n\n\n\n<h3 class=\"wp-block-heading advgb-dyn-36f24a7e\" id=\"xarxa-monoparental\">Xarxa d\u2019avantatges per a fam\u00edlies monoparentals<\/h3>\n\n\n\n<p>El t\u00edtol de fam\u00edlia monoparental permet gaudir de diversos beneficis com ajuts per a l\u2019acc\u00e9s a l\u2019habitatge segons el nivell d\u2019ingressos, ajut per naixement, adopci\u00f3, tutela o acolliment sotm\u00e8s al nivell d\u2019ingressos de la unitat familiar, descomptes en albergs de la Xarxa Nacional d\u2019Albergs socials a Catalunya, com tamb\u00e9 descomptes oferts per establiments o entitats col\u00b7laboradores.<\/p>\n\n\n\n<p><a href=\"http:\/\/treballiaferssocials.gencat.cat\/ca\/ambits_tematics\/families\/families_monoparentals\/avantatges_monoparental\/\" target=\"_blank\" rel=\"noreferrer noopener\">M\u00e9s informaci\u00f3 sobre la xarxa d\u2019avantatges per a fam\u00edlies monoparentals<\/a>.<\/p>\n\n\n\n<hr class=\"wp-block-separator has-css-opacity advgb-dyn-c3f4f0ad\"\/>\n\n\n\n<h2 class=\"wp-block-heading advgb-dyn-563cbbb6\" id=\"creixer\">Cr\u00e9ixer en fam\u00edlia<\/h2>\n\n\n\n<h3 class=\"wp-block-heading advgb-dyn-904592cf\" id=\"creixer-formacio\">Formaci\u00f3 per a pares i mares<\/h3>\n\n\n\n<p>El programa Cr\u00e9ixer en fam\u00edlia ofereix espais de suport, virtuals i presencials, als pares i mares interessats a con\u00e8ixer aspectes que puguin influir de forma positiva en la cura, l\u2019educaci\u00f3 i el desenvolupament dels fills i filles, convidant-los a reflexionar i a compartir les seves experi\u00e8ncies amb altres fam\u00edlies.<\/p>\n\n\n\n<h4 class=\"wp-block-heading advgb-dyn-a61c74f8\" id=\"que-ofereix-848b7d98-33bf-4294-87bf-4edb7312afb6\">Qu\u00e8 ofereix?<\/h4>\n\n\n\n<p>Cr\u00e9ixer en fam\u00edlia \u00e9s un programa formatiu dirigit a orientar, refor\u00e7ar i donar eines a les fam\u00edlies per exercir el seu paper educatiu de forma positiva, amb l\u2019objectiu de potenciar el reconeixement i la confian\u00e7a en les pr\u00f2pies capacitats dels progenitors. Ofereix <a href=\"http:\/\/benestar.gencat.cat\/ca\/ambits_tematics\/families\/formacio_per_a_pares_i_mares\/creixer_en_familia\/que_oferim\/\" target=\"_blank\" rel=\"noreferrer noopener\">cicles de tallers<\/a>,&nbsp;que pretenen ser espais d\u2019intercanvi d\u2019experi\u00e8ncies entre pares i mares amb fills i filles d\u2019edats similars, guiats per professionals experts en la formaci\u00f3 de fam\u00edlies en qu\u00e8 les prioritats s\u00f3n reflexionar en relaci\u00f3 amb per qu\u00e8 educar, qu\u00e8 fer i com fer-ho.<\/p>\n\n\n\n<h4 class=\"wp-block-heading advgb-dyn-8210ba76\" id=\"com-participar-480ba3c3-57b2-40da-866b-0e6f0f96b302\">Com participar<\/h4>\n\n\n\n<p>Cr\u00e9ixer en fam\u00edlia ofereix dues formes de pa<a href=\"http:\/\/benestar.gencat.cat\/ca\/ambits_tematics\/families\/formacio_per_a_pares_i_mares\/creixer_en_familia\/com_participar\/\">r<\/a>ticipaci\u00f3&nbsp;a les fam\u00edlies: presencial, a trav\u00e9s de l\u2019assist\u00e8ncia als cicles de tallers, i mitjan\u00e7ant la web, consultant els articles i altres recursos d\u2019inter\u00e8s.<\/p>\n\n\n\n<ul class=\"wp-block-list\">\n<li>El caf\u00e8 de les fam\u00edlies.&nbsp;El Caf\u00e8 de les fam\u00edlies&nbsp;\u00e9s un espai participatiu obert que, mitjan\u00e7ant les xarxes socials, permet intercanviar experi\u00e8ncies, formular dubtes i consultes, expressar opinions i, en definitiva, fer aportacions sobre l\u2019educaci\u00f3 en fam\u00edlia i els tallers del programa. Aquest nou espai virtual s\u2019organitza per territoris, a trav\u00e9s dels gestors dels tallers que es duen a terme a cada zona de Catalunya.<\/li>\n\n\n\n<li>Calaix de recursos.&nbsp;En aquest espai les fam\u00edlies poden accedir a <a href=\"http:\/\/benestar.gencat.cat\/ca\/ambits_tematics\/families\/formacio_per_a_pares_i_mares\/creixer_en_familia\/calaix_recursos\/\" target=\"_blank\" rel=\"noreferrer noopener\">llistats i enlla\u00e7os a recursos i eines d\u2019inter\u00e8s<\/a>.<\/li>\n<\/ul>\n\n\n\n<p><a href=\"http:\/\/benestar.gencat.cat\/ca\/ambits_tematics\/families\/formacio_per_a_pares_i_mares\/creixer_en_familia\" target=\"_blank\" rel=\"noreferrer noopener\">M\u00e9s informaci\u00f3 sobre Cr\u00e9ixer en fam\u00edlia<\/a>.<\/p>\n\n\n\n<hr class=\"wp-block-separator has-css-opacity advgb-dyn-c3f4f0ad\"\/>\n\n\n\n<h2 class=\"wp-block-heading advgb-dyn-e5f68841\" id=\"infants\">Prestacions econ\u00f2miques per a fam\u00edlies amb infants<\/h2>\n\n\n\n<h3 class=\"wp-block-heading advgb-dyn-31e4893e\" id=\"prestacions-infants\">Prestacions econ\u00f2miques de la Generalitat de Catalunya<\/h3>\n\n\n\n<p>L\u2019objecte d\u2019aquestes prestacions \u00e9s donar suport econ\u00f2mic a les fam\u00edlies en qu\u00e8 hagi tingut lloc el naixement, adopci\u00f3, tutela o acolliment d\u2019un o m\u00e9s infants, per ra\u00f3 de l\u2019atenci\u00f3 que aquestes hi dediquen i per tal de prevenir situacions de vulnerabilitat.<\/p>\n\n\n\n<h4 class=\"wp-block-heading advgb-dyn-42d86352\" id=\"a-qui-va-dirigit-0d85e5d0-b01d-478f-ba54-e39f5a174875\">A qui va dirigit?<\/h4>\n\n\n\n<p>A les fam\u00edlies en qu\u00e8 hagi tingut lloc un naixement, adopci\u00f3, tutela o acolliment amb data a partir de l\u20191 de setembre de 2020, (incl\u00f2s), sempre que no superin uns ingressos l\u00edmit.<\/p>\n\n\n\n<p><a href=\"http:\/\/web.gencat.cat\/ca\/tramits\/tramits-temes\/Ajuts-per-a-families-amb-infants?category=76531384-a82c-11e3-a972-000c29052e2c\" target=\"_blank\" rel=\"noreferrer noopener\">M\u00e9s informaci\u00f3 sobre prestacions econ\u00f2miques de la Generalitat<\/a>.<\/p>\n","protected":false},"excerpt":{"rendered":"<p><a id=\"inici\" name=\"inici\"><\/a>La Unitat d\u2019Atenci\u00f3 Social prestar\u00e0 ajuda i assessorament a qualsevol treballador de la Universitat que, en un moment determinat, pugui trobar-se davant d\u2019aquesta situaci\u00f3.<\/p>\n","protected":false},"author":1,"featured_media":23839,"parent":1141,"menu_order":0,"comment_status":"closed","ping_status":"closed","template":"","meta":{"advgb_blocks_editor_width":"","advgb_blocks_columns_visual_guide":"","footnotes":""},"class_list":["post-1186","page","type-page","status-publish","has-post-thumbnail"],"coauthors":[],"author_meta":{"author_link":"https:\/\/www.ub.edu\/ossma\/author\/ossmau1","display_name":"OSSMA"},"relative_dates":{"created":"Posted 10 anys ago","modified":"Updated 3 anys ago"},"absolute_dates":{"created":"Posted on 16\/03\/2016","modified":"Updated on 28\/10\/2023"},"absolute_dates_time":{"created":"Posted on 16\/03\/2016 11:03","modified":"Updated on 28\/10\/2023 16:41"},"featured_img_caption":"","featured_img":"https:\/\/www.ub.edu\/ossma\/wp-content\/uploads\/2021\/03\/banner-atencio-social.jpg","series_order":"","_links":{"self":[{"href":"https:\/\/www.ub.edu\/ossma\/wp-json\/wp\/v2\/pages\/1186","targetHints":{"allow":["GET"]}}],"collection":[{"href":"https:\/\/www.ub.edu\/ossma\/wp-json\/wp\/v2\/pages"}],"about":[{"href":"https:\/\/www.ub.edu\/ossma\/wp-json\/wp\/v2\/types\/page"}],"author":[{"embeddable":true,"href":"https:\/\/www.ub.edu\/ossma\/wp-json\/wp\/v2\/users\/1"}],"replies":[{"embeddable":true,"href":"https:\/\/www.ub.edu\/ossma\/wp-json\/wp\/v2\/comments?post=1186"}],"version-history":[{"count":29,"href":"https:\/\/www.ub.edu\/ossma\/wp-json\/wp\/v2\/pages\/1186\/revisions"}],"predecessor-version":[{"id":51453,"href":"https:\/\/www.ub.edu\/ossma\/wp-json\/wp\/v2\/pages\/1186\/revisions\/51453"}],"up":[{"embeddable":true,"href":"https:\/\/www.ub.edu\/ossma\/wp-json\/wp\/v2\/pages\/1141"}],"wp:featuredmedia":[{"embeddable":true,"href":"https:\/\/www.ub.edu\/ossma\/wp-json\/wp\/v2\/media\/23839"}],"wp:attachment":[{"href":"https:\/\/www.ub.edu\/ossma\/wp-json\/wp\/v2\/media?parent=1186"}],"curies":[{"name":"wp","href":"https:\/\/api.w.org\/{rel}","templated":true}]}}