{"id":1205,"date":"2016-03-16T11:18:58","date_gmt":"2016-03-16T11:18:58","guid":{"rendered":"http:\/\/webfe05.fe.cpd.local\/ossma\/?page_id=1205"},"modified":"2025-12-19T12:50:42","modified_gmt":"2025-12-19T12:50:42","slug":"gent-jove","status":"publish","type":"page","link":"https:\/\/www.ub.edu\/ossma\/atencio-social\/recursos\/gent-jove","title":{"rendered":"Gent jove"},"content":{"rendered":"\n<div class=\"wp-block-advgb-summary alignnone\" id=\"inici\"><div class=\"advgb-toc-header collapsed\">Apartats<\/div><ul class=\"advgb-toc alignnone\" style=\"display:none\"><li class=\"toc-level-1\"><a href=\"#carnet-jove-1412c9aa-e4ac-452e-aaf9-2833dcfa455e\">Carnet Jove<\/a><\/li><li class=\"toc-level-2\"><a href=\"#qui-pot-accedirhi-6fc29b67-3b93-4e4d-b266-d731b0785ae8\">Qui pot accedir-hi?<\/a><\/li><li class=\"toc-level-2\"><a href=\"#que-ofereix-15d62533-7169-4996-ab75-378b1e90c52b\">Qu\u00e8 ofereix?<\/a><\/li><li class=\"toc-level-2\"><a href=\"#com-obtenirlo-c0ddf43c-e814-4ae5-9d78-1f0edcb3fa4e\">Com obtenir-lo?<\/a><\/li><li class=\"toc-level-1\"><a href=\"#pack\">Pack Jove 2025<\/a><\/li><\/ul><\/div>\n\n\n\n<h2 class=\"wp-block-heading\" id=\"carnet-jove-1412c9aa-e4ac-452e-aaf9-2833dcfa455e\">Carnet Jove<\/h2>\n\n\n\n<h3 class=\"wp-block-heading\" id=\"qui-pot-accedirhi-6fc29b67-3b93-4e4d-b266-d731b0785ae8\">Qui pot accedir-hi?<\/h3>\n\n\n\n<p>Els destinataris del Carnet Jove s\u00f3n tots els joves d&#8217;entre 12 i 30 anys, ambd\u00f3s inclosos.<\/p>\n\n\n\n<p>Poden accedir-hi els joves de l&#8217;estat espanyol i de l&#8217;estranger, sempre que el sol\u00b7licitin en un dels punts d&#8217;expedici\u00f3 situats a Catalunya, tant si hi resideixen de manera permanent com si hi estan de pas. Per poder fer la petici\u00f3 del teu Carnet Jove en qualsevol oficina de \u201cCaixaBank\u201d, ser\u00e0 necessari presentar un document d&#8217;identitat.<\/p>\n\n\n\n<h3 class=\"wp-block-heading\" id=\"que-ofereix-15d62533-7169-4996-ab75-378b1e90c52b\">Qu\u00e8 ofereix?<\/h3>\n\n\n\n<p>El Carnet Jove dona dret a gaudir als seus titulars de tot un seguit de propostes i serveis, aix\u00ed com m\u00e9s de <a rel=\"noopener noreferrer\" href=\"https:\/\/www.carnetjove.cat\/ca\/descomptes\/\" target=\"_blank\">8.000 descomptes a Catalunya<\/a>, permanents i temporals, en \u00e0mbits com la cultura, el turisme i la mobilitat, la formaci\u00f3, etc. i m\u00e9s de <a rel=\"noopener noreferrer\" href=\"https:\/\/www.carnetjove.cat\/ca\/descomptes\/avantatges-a-europa\" target=\"_blank\">60.000 descomptes arreu d&#8217;Europa<\/a>.<\/p>\n\n\n\n<p>Tanmateix, en el marc d&#8217;incentivar la mobilitat cultural dels joves europeus, el Carnet et cobreix amb una <a rel=\"noopener noreferrer\" href=\"https:\/\/www.carnetjove.cat\/ca\/informacio\/asseguranca\" target=\"_blank\">asseguran\u00e7a d&#8217;assist\u00e8ncia en viatges internacional totalment de franc<\/a> (per a tots els teus viatges fora de l&#8217;estat espanyol).<\/p>\n\n\n\n<p>D&#8217;altra banda, a trav\u00e9s de diferents propostes i actuacions del <a rel=\"noopener noreferrer\" href=\"https:\/\/www.carnetjove.cat\/ca\/programa-connectat\" target=\"_blank\">Programa Connecta&#8217;t<\/a> es promouen aspectes i valors com la participaci\u00f3, la creativitat, la solidaritat, la sostenibilitat, l&#8217;europe\u00eftat, etc.<\/p>\n\n\n\n<h3 class=\"wp-block-heading\" id=\"com-obtenirlo-c0ddf43c-e814-4ae5-9d78-1f0edcb3fa4e\">Com obtenir-lo?<\/h3>\n\n\n\n<p>Per aconseguir el Carnet Jove, pots adre\u00e7ar-te a qualsevol oficina de \u201cCaixaBank\u201d. En uns 7-9 dies h\u00e0bils, depenent de la via de petici\u00f3 (oficines de \u201cCaixaBank\u201d o Internet) i de la data de sol\u00b7licitud del carnet, podr\u00e0s passar a recollir el Carnet Jove definitiu a l&#8217;oficina de CaixaBank que hagis escollit. Si ho prefereixes, i tens entre 18 i 30 anys, tamb\u00e9 pots sol\u00b7licitar-lo des d&#8217;aquest mateix web, omplint el <a rel=\"noopener noreferrer\" href=\"https:\/\/www.carnetjove.cat\/ca\/expedicio-en-linea\" target=\"_blank\">formulari en l\u00ednia<\/a>.<\/p>\n\n\n\n<p>D&#8217;altra banda, pots fer-te el Carnet Jove provisional, el qual et lliuraran al moment i que ser\u00e0 v\u00e0lid \u00fanicament a Catalunya durant trenta dies. El carnet provisional s&#8217;expedeix a l&#8217;<a rel=\"noopener noreferrer\" href=\"https:\/\/jovecat.gencat.cat\/ca\/orfes\/oficina-jove-de-calabria\/index.html\" target=\"_blank\">Oficina Jove de Cal\u00e0bria<\/a>, situada al C\/ Cal\u00e0bria,147 de Barcelona. Abans que finalitzi la validesa d&#8217;aquest carnet provisional, caldr\u00e0 que t&#8217;adrecis a una oficina de \u201cCaixaBank\u201d per sol\u00b7licitar el teu carnet definitiu.<\/p>\n\n\n\n<p>En el moment de sol\u00b7licitar el Carnet Jove (en qualsevol dels processos) cal que presentis un document d&#8217;identitat i que abonis la quota anual de 8,65\u202f\u20ac.<\/p>\n\n\n\n<p><a rel=\"noopener noreferrer\" href=\"https:\/\/www.carnetjove.cat\/ca\/informacio\/que-es-el-carnet-jove\" target=\"_blank\">Per a m\u00e9s informaci\u00f3 visiteu la p\u00e0gina seg\u00fcent<\/a>.<\/p>\n\n\n\n<h2 class=\"wp-block-heading\" id=\"pack\"><a name=\"pack\" id=\"pack\"><\/a>Pack Jove 2026<\/h2>\n\n\n\n<p>Si ets titular de Carnet Jove de la Generalitat de Catalunya, pots accedir al Pack Jove 2026 descarregant-te l\u2019APP \u201cCarnet Jove Cat\u201d, aix\u00ed, portar\u00e0s sempre els vals a sobre i els podr\u00e0s utilitzar en qualsevol moment. Si ho prefereixes, tamb\u00e9 pots registrar-te amb el teu PC i pots aconseguir els vals en PDF\u00a0(et caldr\u00e0 tenir instal\u00b7lat l&#8217;Adobe Reader), rebr\u00e0s un correu electr\u00f2nic amb l\u2019enlla\u00e7 per descarregar-los, o b\u00e9, tamb\u00e9 tens l&#8217;opci\u00f3 de guardar, imprimir o recuperar-los des de<a href=\"https:\/\/www.carnetjove.cat\/ca\/profile\/history\" target=\"_blank\" rel=\"noreferrer noopener\">l\u2019historial del teu Perfil.<\/a>\u00a0<\/p>\n\n\n\n<p><a rel=\"noreferrer noopener\" href=\"https:\/\/www.carnetjove.cat\/ca\/informacio\/com-utilitzar-el-pack-jove-virtual\" target=\"_blank\">Entra aqu\u00ed per veure com funciona el nou Pack Jove Virtual<\/a>.<\/p>\n\n\n\n<p><strong>Al Pack Jove 2026 trobar\u00e0s m\u00e9s de 150 vals de descompte d&#8217;un sol \u00fas<\/strong>, en total hi ha 72 vals 2&#215;1, 32 vals del 50% de descompte, 10 vals de gratu\u00eftat, 10 de tarifes especials i 28 tarifes redu\u00efdes. I un total de 17\u00a0vals nous!\u00a0\u00a0<\/p>\n\n\n\n<p><strong>Descarregat l&#8217;APP i<\/strong><a href=\"https:\/\/www.carnetjove.cat\/ca\/register\/decision\" target=\"_blank\" rel=\"noreferrer noopener\"> <\/a><a href=\"https:\/\/www.carnetjove.cat\/ca\/register\/decision\" target=\"_blank\" rel=\"noreferrer noopener\">registra&#8217;t ara mateix<\/a><strong> <\/strong><strong>per tenir tots els teus vals a punt, tant al teu m\u00f2bil com al web!<\/strong>\u00a0<\/p>\n\n\n\n<p><a rel=\"noreferrer noopener\" href=\"https:\/\/www.carnetjove.cat\/ca\/pack-jove-virtual\" target=\"_blank\">Per a m\u00e9s informaci\u00f3 visiteu la p\u00e0gina seg\u00fcent<\/a>.<\/p>\n\n\n\n<p><\/p>\n","protected":false},"excerpt":{"rendered":"<div class=\"wp-block-advgb-summary alignnone\" id=\"inici\">\n<div class=\"advgb-toc-header collapsed\">Apartats<\/div>\n<ul class=\"advgb-toc alignnone\" style=\"display:none\">\n<li class=\"toc-level-1\"><a href=\"#carnet-jove-1412c9aa-e4ac-452e-aaf9-2833dcfa455e\">Carnet Jove<\/a><\/li>\n<li class=\"toc-level-2\"><a href=\"#qui-pot-accedirhi-6fc29b67-3b93-4e4d-b266-d731b0785ae8\">Qui pot accedir-hi?<\/a><\/li>\n<li class=\"toc-level-2\"><a href=\"#que-ofereix-15d62533-7169-4996-ab75-378b1e90c52b\">Qu\u00e8 ofereix?<\/a><\/li>\n<li class=\"toc-level-2\"><a href=\"#com-obtenirlo-c0ddf43c-e814-4ae5-9d78-1f0edcb3fa4e\">Com obtenir-lo?<\/a><\/li>\n<li class=\"toc-level-1\"><a href=\"#pack\">Pack Jove 2025<\/a><\/li>\n<\/ul>\n<\/div>\n","protected":false},"author":1,"featured_media":23839,"parent":1141,"menu_order":0,"comment_status":"closed","ping_status":"closed","template":"","meta":{"advgb_blocks_editor_width":"","advgb_blocks_columns_visual_guide":"","footnotes":""},"class_list":["post-1205","page","type-page","status-publish","has-post-thumbnail"],"coauthors":[],"author_meta":{"author_link":"https:\/\/www.ub.edu\/ossma\/author\/ossmau1","display_name":"OSSMA"},"relative_dates":{"created":"Posted 10 anys ago","modified":"Updated 4 mesos ago"},"absolute_dates":{"created":"Posted on 16\/03\/2016","modified":"Updated on 19\/12\/2025"},"absolute_dates_time":{"created":"Posted on 16\/03\/2016 11:18","modified":"Updated on 19\/12\/2025 12:50"},"featured_img_caption":"","featured_img":"https:\/\/www.ub.edu\/ossma\/wp-content\/uploads\/2021\/03\/banner-atencio-social.jpg","series_order":"","_links":{"self":[{"href":"https:\/\/www.ub.edu\/ossma\/wp-json\/wp\/v2\/pages\/1205","targetHints":{"allow":["GET"]}}],"collection":[{"href":"https:\/\/www.ub.edu\/ossma\/wp-json\/wp\/v2\/pages"}],"about":[{"href":"https:\/\/www.ub.edu\/ossma\/wp-json\/wp\/v2\/types\/page"}],"author":[{"embeddable":true,"href":"https:\/\/www.ub.edu\/ossma\/wp-json\/wp\/v2\/users\/1"}],"replies":[{"embeddable":true,"href":"https:\/\/www.ub.edu\/ossma\/wp-json\/wp\/v2\/comments?post=1205"}],"version-history":[{"count":30,"href":"https:\/\/www.ub.edu\/ossma\/wp-json\/wp\/v2\/pages\/1205\/revisions"}],"predecessor-version":[{"id":96360,"href":"https:\/\/www.ub.edu\/ossma\/wp-json\/wp\/v2\/pages\/1205\/revisions\/96360"}],"up":[{"embeddable":true,"href":"https:\/\/www.ub.edu\/ossma\/wp-json\/wp\/v2\/pages\/1141"}],"wp:featuredmedia":[{"embeddable":true,"href":"https:\/\/www.ub.edu\/ossma\/wp-json\/wp\/v2\/media\/23839"}],"wp:attachment":[{"href":"https:\/\/www.ub.edu\/ossma\/wp-json\/wp\/v2\/media?parent=1205"}],"curies":[{"name":"wp","href":"https:\/\/api.w.org\/{rel}","templated":true}]}}