{"id":1213,"date":"2016-03-16T11:24:12","date_gmt":"2016-03-16T11:24:12","guid":{"rendered":"http:\/\/webfe05.fe.cpd.local\/ossma\/?page_id=1213"},"modified":"2024-11-21T13:38:43","modified_gmt":"2024-11-21T13:38:43","slug":"experiencia-dol","status":"publish","type":"page","link":"https:\/\/www.ub.edu\/ossma\/atencio-social\/recursos\/experiencia-dol","title":{"rendered":"Persones que estan vivint una experi\u00e8ncia de dol despr\u00e9s de la mort d\u2019un \u00e9sser estimat"},"content":{"rendered":"\n<p>La Unitat d\u2019Atenci\u00f3 Social prestar\u00e0 ajuda i assessorament a qualsevol treballador de la Universitat que, en un moment determinat, pugui trobar-se davant d\u2019una problem\u00e0tica personal o familiar relacionada amb aquesta casu\u00edstica.<\/p>\n\n\n\n<div class=\"wp-block-advgb-summary alignnone\" id=\"inici\"><div class=\"advgb-toc-header collapsed\">Apartats<\/div><ul class=\"advgb-toc alignnone\" style=\"display:none\"><li class=\"toc-level-1\"><a href=\"#suport\">Grups de suport, p\u00e8rdua i dol a Catalunya&nbsp;(Societat Espanyola i Internacional de Tanatologia)<\/a><\/li><li class=\"toc-level-1\"><a href=\"#plural\">Grups de Dol &#8220;Plural&#8221; (Barcelona)<\/a><\/li><li class=\"toc-level-2\"><a href=\"#que-es-el-grup-b2106120-30cb-482d-a382-2027dbec2e4a\">Qu\u00e8 \u00e9s el grup?<\/a><\/li><li class=\"toc-level-2\"><a href=\"#a-qui-va-dirigit-f810fe92-211e-4030-ab53-fe55ec7b6f60\">A qui va dirigit?<\/a><\/li><li class=\"toc-level-2\"><a href=\"#tipus-de-serveis-que-ofereix-cbe8a96c-5281-42e7-b8c9-43465cfba618\">Tipus de serveis que ofereix<\/a><\/li><li class=\"toc-level-2\"><a href=\"#com-podeu-contactarhi--348d76f1-a1cc-4952-a50f-0235ebb39529\">Com podeu contactar-hi ?<\/a><\/li><li class=\"toc-level-1\"><a href=\"#infermera\">Infermera virtual sobre el dol: Informaci\u00f3, consells i tutorials<\/a><\/li><li class=\"toc-level-2\"><a href=\"#que-es-4722904b-fc21-4eef-af0e-cab3060f40ce\">Qu\u00e8 \u00e9s?<\/a><\/li><li class=\"toc-level-2\"><a href=\"#contingut-2b82d951-3d2d-4143-9a2b-a13d10d8b2d7\">Contingut<\/a><\/li><li class=\"toc-level-3\"><a href=\"#informacio-practica-2fd16353-7c9f-4fce-b0c6-1b252ed1bea0\">Informaci\u00f3 pr\u00e0ctica<\/a><\/li><li class=\"toc-level-3\"><a href=\"#informacio-general-a5432f8f-df12-40d5-b34f-b2cef6429f7d\">Informaci\u00f3 general<\/a><\/li><li class=\"toc-level-3\"><a href=\"#consells-de-la-infermera-d568e6c2-ac7c-40e9-9960-6e0d420c2d9e\">Consells de la infermera<\/a><\/li><\/ul><\/div>\n\n\n\n<h2 class=\"wp-block-heading\" id=\"suport\"><a id=\"suport\" name=\"suport\"><\/a>Grups de suport, p\u00e8rdua i dol a Catalunya&nbsp;(Societat Espanyola i Internacional de Tanatologia)<\/h2>\n\n\n\n<p><a href=\"https:\/\/tanatologia.org\/grupos-de-apoyo-seit\/espana\/\" target=\"_blank\" rel=\"noreferrer noopener\">Llistat de Grups de suport a tota Espanya.<\/a><\/p>\n\n\n\n<hr class=\"wp-block-separator has-alpha-channel-opacity\"\/>\n\n\n\n<h2 class=\"wp-block-heading\" id=\"plural\">Grups de Dol &#8220;Plural&#8221; (Barcelona)<\/h2>\n\n\n\n<h3 class=\"wp-block-heading\" id=\"que-es-el-grup-b2106120-30cb-482d-a382-2027dbec2e4a\">Qu\u00e8 \u00e9s el grup?<\/h3>\n\n\n\n<p>El grup d\u2019acompanyament del Dol \u201cPlural\u201d \u00e9s la continuaci\u00f3 del grup d\u2019acompanyament del Dol &#8220;Ad L\u00e1tere&#8221; fundat l\u2019any 1996. El prop\u00f2sit del grup \u00e9s acompanyar i donar suport a persones que estan vivint un proc\u00e9s de dol per la mort d\u2019un \u00e9sser important a la seva vida.<\/p>\n\n\n\n<h3 class=\"wp-block-heading\" id=\"a-qui-va-dirigit-f810fe92-211e-4030-ab53-fe55ec7b6f60\">A qui va dirigit?<\/h3>\n\n\n\n<p>A qualsevol persona que estigui vivint una experi\u00e8ncia de dol despr\u00e9s de la mort d\u2019un \u00e9sser estimat.<\/p>\n\n\n\n<h3 class=\"wp-block-heading\" id=\"tipus-de-serveis-que-ofereix-cbe8a96c-5281-42e7-b8c9-43465cfba618\">Tipus de serveis que ofereix<\/h3>\n\n\n\n<ul class=\"wp-block-list\">\n<li>Grup d&#8217;acompanyament a persones que han perdut a un \u00e9sser estimat.<\/li>\n\n\n\n<li>Orientaci\u00f3 i suport a familiars de persones en proc\u00e9s de dol.<\/li>\n\n\n\n<li>Xerrades a centres hospitalaris i altres entitats que ho demanin.<\/li>\n<\/ul>\n\n\n\n<h3 class=\"wp-block-heading\" id=\"com-podeu-contactarhi--348d76f1-a1cc-4952-a50f-0235ebb39529\">Com podeu contactar-hi ?<\/h3>\n\n\n\n<p>Truqueu al tel\u00e8fon<strong> <b><span class=\"Apple-style-span\">639 30 27 20&nbsp;<\/span><\/b><\/strong>&nbsp;per demanar informaci\u00f3 i\/o concertar una entrevista.<\/p>\n\n\n\n<p>\u00c9s important que truqueu per poder assistir als grups.<\/p>\n\n\n\n<p><a rel=\"noopener noreferrer\" href=\"http:\/\/grupdedolplural.blogspot.com\/\" target=\"_blank\">Per a m\u00e9s informaci\u00f3 visiteu la p\u00e0gina seg\u00fcent<\/a>.<\/p>\n\n\n\n<hr class=\"wp-block-separator has-alpha-channel-opacity\"\/>\n\n\n\n<h2 class=\"wp-block-heading\" id=\"infermera\">Infermera virtual sobre el dol: Informaci\u00f3, consells i tutorials<\/h2>\n\n\n\n<h3 class=\"wp-block-heading\" id=\"que-es-4722904b-fc21-4eef-af0e-cab3060f40ce\">Qu\u00e8 \u00e9s?<\/h3>\n\n\n\n<p>Des del Col\u00b7legi Oficial d&#8217;Infermeres i Infermers de Barcelona han elaborat una guia estructurada en 3 grans apartats on podeu trobar informaci\u00f3 sobre el dol .<\/p>\n\n\n\n<h3 class=\"wp-block-heading\" id=\"contingut-2b82d951-3d2d-4143-9a2b-a13d10d8b2d7\">Contingut<\/h3>\n\n\n\n<h4 class=\"wp-block-heading\" id=\"informacio-practica-2fd16353-7c9f-4fce-b0c6-1b252ed1bea0\">Informaci\u00f3 pr\u00e0ctica<\/h4>\n\n\n\n<ul class=\"wp-block-list\">\n<li><a rel=\"noreferrer noopener\" href=\"http:\/\/www.infermeravirtual.com\/cat\/situacions_de_vida\/dol#informacio_practica-manifestacions_del_proces_de_dol\" target=\"_blank\">Manifestacions del proc\u00e9s de dol<\/a>.<\/li>\n\n\n\n<li><a rel=\"noreferrer noopener\" href=\"http:\/\/www.infermeravirtual.com\/cat\/situacions_de_vida\/dol#informacio_practica-el_dol_en_les_etapes_del_cicle_vital\" target=\"_blank\">El dol en les etapes del cicle vital<\/a>.<\/li>\n\n\n\n<li><a rel=\"noreferrer noopener\" href=\"http:\/\/www.infermeravirtual.com\/cat\/situacions_de_vida\/dol#informacio_practica-factors_i_conductes_de_proteccio_en_el_proces_de_dol\" target=\"_blank\">Factors i conductes de protecci\u00f3 en el proc\u00e9s de dol<\/a>.<\/li>\n\n\n\n<li><a rel=\"noreferrer noopener\" href=\"http:\/\/www.infermeravirtual.com\/cat\/situacions_de_vida\/dol#informacio_practica-factors_i_conductes_de_risc_en_el_proces_de_dol\" target=\"_blank\">Factors i conductes de risc en el proc\u00e9s de dol<\/a>.<\/li>\n\n\n\n<li><a href=\"http:\/\/www.infermeravirtual.com\/cat\/situacions_de_vida\/dol\/informacio_practica#maneig_del_proces_de_dol\">Maneig del proc\u00e9s de dol<\/a>.<\/li>\n\n\n\n<li><a rel=\"noreferrer noopener\" href=\"http:\/\/www.infermeravirtual.com\/cat\/situacions_de_vida\/dol#informacio_practica-pel_licules_i_dol\" target=\"_blank\">Pel\u00b7l\u00edcules i dol<\/a>.<\/li>\n<\/ul>\n\n\n\n<h4 class=\"wp-block-heading\" id=\"informacio-general-a5432f8f-df12-40d5-b34f-b2cef6429f7d\">Informaci\u00f3 general<\/h4>\n\n\n\n<ul class=\"wp-block-list\">\n<li><a rel=\"noreferrer noopener\" href=\"http:\/\/www.infermeravirtual.com\/cat\/situacions_de_vida\/dol#informacio_general-descripcio\" target=\"_blank\">Descripci\u00f3<\/a>.<\/li>\n\n\n\n<li><a rel=\"noreferrer noopener\" href=\"http:\/\/www.infermeravirtual.com\/cat\/situacions_de_vida\/dol#informacio_general-les_perdues\" target=\"_blank\">Les p\u00e8rdues<\/a>.<\/li>\n\n\n\n<li><a rel=\"noreferrer noopener\" href=\"http:\/\/www.infermeravirtual.com\/cat\/situacions_de_vida\/dol#informacio_general-el_proces_de_dol\" target=\"_blank\">El proc\u00e9s de dol<\/a>.<\/li>\n\n\n\n<li><a rel=\"noreferrer noopener\" href=\"http:\/\/www.infermeravirtual.com\/cat\/situacions_de_vida\/dol#informacio_general-tipus_de_dol\" target=\"_blank\">Tipus de dol<\/a>.<\/li>\n\n\n\n<li><a rel=\"noreferrer noopener\" href=\"http:\/\/www.infermeravirtual.com\/cat\/situacions_de_vida\/dol#informacio_general-factors_que_influeixen_en_el_dol\" target=\"_blank\">Factors que influeixen en el dol<\/a>.<\/li>\n\n\n\n<li><a rel=\"noreferrer noopener\" href=\"http:\/\/www.infermeravirtual.com\/cat\/situacions_de_vida\/dol#informacio_general-etapes_del_proces_de_dol\" target=\"_blank\">Etapes del proc\u00e9s de dol<\/a>.<\/li>\n<\/ul>\n\n\n\n<h4 class=\"wp-block-heading\" id=\"consells-de-la-infermera-d568e6c2-ac7c-40e9-9960-6e0d420c2d9e\">Consells de la infermera<\/h4>\n\n\n\n<ul class=\"wp-block-list\">\n<li><a rel=\"noreferrer noopener\" href=\"http:\/\/www.infermeravirtual.com\/cat\/situacions_de_vida\/dol#consells_de_la_infermera-respirar\" target=\"_blank\">Respirar<\/a>.<\/li>\n\n\n\n<li><a rel=\"noreferrer noopener\" href=\"http:\/\/www.infermeravirtual.com\/cat\/situacions_de_vida\/dol#consells_de_la_infermera-menjar_i_beure\" target=\"_blank\">Menjar i beure<\/a>.<\/li>\n\n\n\n<li><a rel=\"noreferrer noopener\" href=\"http:\/\/www.infermeravirtual.com\/cat\/situacions_de_vida\/dol#consells_de_la_infermera-moure_s_i_mantenir_una_postura_corporal_correcta\" target=\"_blank\">Moure&#8217;s i mantenir una postura corporal correcta<\/a>.<\/li>\n\n\n\n<li><a rel=\"noreferrer noopener\" href=\"http:\/\/www.infermeravirtual.com\/cat\/situacions_de_vida\/dol#consells_de_la_infermera-reposar_i_dormir\" target=\"_blank\">Reposar i dormir<\/a>.<\/li>\n\n\n\n<li><a rel=\"noreferrer noopener\" href=\"http:\/\/www.infermeravirtual.com\/cat\/situacions_de_vida\/dol#consells_de_la_infermera-eliminar\" target=\"_blank\">Eliminar<\/a>.<\/li>\n\n\n\n<li><a rel=\"noreferrer noopener\" href=\"http:\/\/www.infermeravirtual.com\/cat\/situacions_de_vida\/dol#consells_de_la_infermera-evitar_perills_i_prevenir_riscs\" target=\"_blank\">Evitar perills i prevenir riscs<\/a>.<\/li>\n\n\n\n<li><a rel=\"noreferrer noopener\" href=\"http:\/\/www.infermeravirtual.com\/cat\/situacions_de_vida\/dol#consells_de_la_infermera-comunicar_se_i_interaccionar_socialment\" target=\"_blank\">Comunicar-se i interaccionar socialment<\/a>.<\/li>\n\n\n\n<li><a rel=\"noreferrer noopener\" href=\"http:\/\/www.infermeravirtual.com\/cat\/situacions_de_vida\/dol#consells_de_la_infermera-treballar_i_divertir_se\" target=\"_blank\">Treballar i divertir-se<\/a>.<\/li>\n\n\n\n<li><a rel=\"noreferrer noopener\" href=\"http:\/\/www.infermeravirtual.com\/cat\/situacions_de_vida\/dol#consells_de_la_infermera-topics_i_conductes_erronies\" target=\"_blank\">T\u00f2pics i conductes err\u00f2nies<\/a>.<\/li>\n<\/ul>\n\n\n\n<p>Per a m\u00e9s informaci\u00f3 visiteu la p\u00e0gina de la <a rel=\"noreferrer noopener\" href=\"http:\/\/www.infermeravirtual.com\/cat\/situacions_de_vida\/dol\" target=\"_blank\">Infermera virtual<\/a>.<\/p>\n","protected":false},"excerpt":{"rendered":"<p>La Unitat d\u2019Atenci\u00f3 Social prestar\u00e0 ajuda i assessorament a qualsevol treballador de la Universitat que, en un moment determinat, pugui trobar-se davant d\u2019una problem\u00e0tica personal o familiar relacionada amb aquesta casu\u00edstica.<\/p>\n","protected":false},"author":1,"featured_media":23839,"parent":1141,"menu_order":0,"comment_status":"closed","ping_status":"closed","template":"","meta":{"advgb_blocks_editor_width":"","advgb_blocks_columns_visual_guide":"","footnotes":""},"class_list":["post-1213","page","type-page","status-publish","has-post-thumbnail"],"coauthors":[],"author_meta":{"author_link":"https:\/\/www.ub.edu\/ossma\/author\/ossmau1","display_name":"OSSMA"},"relative_dates":{"created":"Posted 10 anys ago","modified":"Updated 1 any ago"},"absolute_dates":{"created":"Posted on 16\/03\/2016","modified":"Updated on 21\/11\/2024"},"absolute_dates_time":{"created":"Posted on 16\/03\/2016 11:24","modified":"Updated on 21\/11\/2024 13:38"},"featured_img_caption":"","featured_img":"https:\/\/www.ub.edu\/ossma\/wp-content\/uploads\/2021\/03\/banner-atencio-social.jpg","series_order":"","_links":{"self":[{"href":"https:\/\/www.ub.edu\/ossma\/wp-json\/wp\/v2\/pages\/1213","targetHints":{"allow":["GET"]}}],"collection":[{"href":"https:\/\/www.ub.edu\/ossma\/wp-json\/wp\/v2\/pages"}],"about":[{"href":"https:\/\/www.ub.edu\/ossma\/wp-json\/wp\/v2\/types\/page"}],"author":[{"embeddable":true,"href":"https:\/\/www.ub.edu\/ossma\/wp-json\/wp\/v2\/users\/1"}],"replies":[{"embeddable":true,"href":"https:\/\/www.ub.edu\/ossma\/wp-json\/wp\/v2\/comments?post=1213"}],"version-history":[{"count":41,"href":"https:\/\/www.ub.edu\/ossma\/wp-json\/wp\/v2\/pages\/1213\/revisions"}],"predecessor-version":[{"id":66714,"href":"https:\/\/www.ub.edu\/ossma\/wp-json\/wp\/v2\/pages\/1213\/revisions\/66714"}],"up":[{"embeddable":true,"href":"https:\/\/www.ub.edu\/ossma\/wp-json\/wp\/v2\/pages\/1141"}],"wp:featuredmedia":[{"embeddable":true,"href":"https:\/\/www.ub.edu\/ossma\/wp-json\/wp\/v2\/media\/23839"}],"wp:attachment":[{"href":"https:\/\/www.ub.edu\/ossma\/wp-json\/wp\/v2\/media?parent=1213"}],"curies":[{"name":"wp","href":"https:\/\/api.w.org\/{rel}","templated":true}]}}