{"id":171,"date":"2016-02-22T10:54:56","date_gmt":"2016-02-22T10:54:56","guid":{"rendered":"http:\/\/webfe05.fe.cpd.local\/ossma\/?page_id=171"},"modified":"2022-07-05T14:32:22","modified_gmt":"2022-07-05T14:32:22","slug":"normes-internes-cssub-junta-govern","status":"publish","type":"page","link":"https:\/\/www.ub.edu\/ossma\/seguretat-salut\/legislacio-normatives\/normes-internes-cssub-junta-govern","title":{"rendered":"Normes internes aprovades pel CSSUB i Junta de Govern"},"content":{"rendered":"\n<p><a name=\"inici\"><\/a><\/p>\n\n\n\n<ul class=\"wp-block-list\"><li><a href=\"#norma1\">Norma 1<\/a>:&nbsp;Utilitzaci\u00f3 d&#8217;equips de protecci\u00f3 individual a les pr\u00e0ctiques de laboratori<\/li><li><a href=\"#norma2\">Norma 2<\/a>:&nbsp;Mesures de prevenci\u00f3 a adoptar en les pr\u00e0ctiques de camp efectuades per alumnes de la Universitat de Barcelona<\/li><li><a href=\"#norma3\">Norma 3<\/a>:&nbsp;Mesures de prevenci\u00f3 a adoptar en les visites a ind\u00fastries o altres ensenyaments efectuades per alumnes de la Universitat de Barcelona<\/li><li><a href=\"#norma4\">Norma 4<\/a>:&nbsp;Relativa a les persones externes a la Universitat de Barcelona que efectu\u00efn visites a les seves instal\u00b7lacions<\/li><li><a href=\"#norma5\">Norma 5<\/a>:&nbsp;Comunicat de riscos<\/li><li><a href=\"#norma6\">Norma 6<\/a>:&nbsp;Notificaci\u00f3 d&#8217;accidents<\/li><\/ul>\n\n\n\n<h2 class=\"wp-block-heading\"><a name=\"norma1\"><\/a>NORMA 1\/98<\/h2>\n\n\n\n<p><strong>Utilitzaci\u00f3 d&#8217;equips de protecci\u00f3 individual a les pr\u00e0ctiques de laboratori<\/strong><\/p>\n\n\n\n<p>Aprovada pel Comit\u00e8: 16\/01\/1998<\/p>\n\n\n\n<p>Aprovada per Junta de Govern: 19\/02\/1998<\/p>\n\n\n\n<p>A les pr\u00e0ctiques corresponents a qualsevol ensenyament de la Universitat de Barcelona, i en les que es manipuli qualsevol producte o material que per les seves caracter\u00edstiques de perill pugui representar un risc per a la seguretat i salut de les persones, ser\u00e0 norma d&#8217;obligat compliment, per a tot el personal i alumnes de la Universitat, la utilitzaci\u00f3, com a m\u00ednim, de bata de laboratori i d&#8217;ulleres de seguretat (ulleres que presentin protecci\u00f3 contra impactes o esquitxos frontals i perif\u00e8rics), homologades segons la normativa de la CEE relativa a equips de protecci\u00f3 individual. A aquests efectes la Universitat de Barcelona facilitar\u00e0 al seu personal els equips necessaris.<\/p>\n\n\n\n<h2 class=\"wp-block-heading\"><a name=\"norma2\"><\/a>NORMA 2\/98<\/h2>\n\n\n\n<p><strong>Mesures de prevenci\u00f3 a adoptar en les pr\u00e0ctiques de camp efectuades per alumnes de la Universitat de Barcelona<\/strong><\/p>\n\n\n\n<p>Aprovada pel Comit\u00e8: 16\/01\/1998<\/p>\n\n\n\n<p>Aprovada per Junta de Govern: 16\/04\/1998<\/p>\n\n\n\n<ol class=\"wp-block-list\"><li>La Universitat de Barcelona cobreix el risc derivat de les pr\u00e0ctiques de camp previstes en el pla docent de les seves assignatures. En el cas de pr\u00e0ctiques d&#8217;immersi\u00f3, l&#8217;estudiant ha d&#8217;estar al corrent de llic\u00e8ncia i d&#8217;asseguran\u00e7a.<\/li><li>A principi de semestre es dipositar\u00e0 a la secretaria de cada Facultat o Escola la planificaci\u00f3 de les sortides de camp de cada assignatura, amb el vistiplau del Cap d&#8217;Estudis. En aquesta planificaci\u00f3 cada sortida estar\u00e0 detallada amb el seu itinerari i les activitats que comporta. Abans de cada sortida el professor entregar\u00e0 un full on s&#8217;indicaran el professor i els estudiants que participen en cada sortida de camp. D&#8217;aquest full n&#8217;hi haur\u00e0 c\u00f2pia al Departament responsable de l&#8217;activitat i a la secretaria de la Facultat. Si hi hagu\u00e9s canvis en la planificaci\u00f3 inicial, cal notificar-ho a secretaria amb el vistiplau del Cap d&#8217;Estudis.<\/li><li>Les activitats amb un nombre d&#8217;estudiants superior a vint hauran de fer les sortides de camp amb autocar. Les excepcions hauran de ser degudament justificades. A aquelles assignatures amb un nombre d&#8217;estudiants inferior a vint, se&#8217;ls pot autoritzar l&#8217;\u00fas de vehicles propis, sempre que aquests compleixin la normativa que exigeix la llei (asseguran\u00e7a obligat\u00f2ria, ITV en regla i documentaci\u00f3 del vehicle). No s&#8217;autoritzar\u00e0 la utilitzaci\u00f3 de vehicles particulars per despla\u00e7aments que impliquin una durada de m\u00e9s de vuit hores de conducci\u00f3 per dia.<\/li><li>Si el grup d&#8217;estudiants \u00e9s nombr\u00f3s i l&#8217;activitat t\u00e9 una durada de m\u00e9s d&#8217;un dia, s&#8217;ha d&#8217;avisar a les autoritats pertinents per tal que tinguin coneixement de les activitats que es realitzen i puguin intervenir si \u00e9s necessari en cas d&#8217;accident.<\/li><li>En cap cas es permetr\u00e0 la realitzaci\u00f3 de treballs de camp que obliguin a l&#8217;alumne a estar sol. Aix\u00f2 vol dir que els grups hauran de ser com a m\u00ednim de dos alumnes. Els alumnes i professors acordaran l&#8217;hora i el lloc de trobada per quan acabi la feina del dia. En cas de faltar algun grup d&#8217;alumnes s&#8217;avisar\u00e0 a les autoritats pertinents i al deganat de la Facultat i s&#8217;iniciar\u00e0 la seva recerca.<\/li><li>En aquelles pr\u00e0ctiques que existeixi el risc de caiguda de blocs o ensulsiades (vores de cingles, pedreres, mines, etc.), l&#8217;alumne haur\u00e0 d&#8217;anar prove\u00eft de casc i de les altres mesures de seguretat que el professor cregui convenient. El professor encarregat vetllar\u00e0 perqu\u00e8 es compleixi aquesta norma.<\/li><li>En cas d&#8217;activitats que requereixin l&#8217;\u00fas d&#8217;embarcacions de la Universitat de Barcelona, el professor vetllar\u00e0 perqu\u00e8 no se sobrepassi la capacitat m\u00e0xima i se segueixin totes les mesures de seguretat aplicables (armilles, salvavides, senyals d&#8217;av\u00eds, etc.)<\/li><\/ol>\n\n\n\n<h2 class=\"wp-block-heading\"><a name=\"norma3\"><\/a>NORMA 3\/98<\/h2>\n\n\n\n<p><strong>Mesures de prevenci\u00f3 a adoptar en les visites a ind\u00fastries o altres ensenyaments efectuades per alumnes de la Universitat de Barcelona<\/strong><\/p>\n\n\n\n<p>Aprovada pel Comit\u00e8: 16\/01\/1998<\/p>\n\n\n\n<p>Aprovada per Junta de Govern: 16\/04\/1998<\/p>\n\n\n\n<ol class=\"wp-block-list\"><li>La Universitat de Barcelona cobreix el risc derivat de les visites a ind\u00fastries o centres d&#8217;ensenyament previstes en el pla docent de les assignatures.<\/li><li>A principi de semestre es dipositar\u00e0 a la secretaria de cada Facultat o Escola la planificaci\u00f3 de les visites de cada assignatura, amb el vistiplau del Cap d&#8217;Estudis. En aquesta planificaci\u00f3 cada visita estar\u00e0 detallada amb el seu itinerari i les activitats que comporta. Abans de cada sortida el professor entregar\u00e0 un full on s&#8217;indicaran el professor i els estudiants que participen en cada visita. D&#8217;aquest full n&#8217;hi haur\u00e0 c\u00f2pia al Departament responsable de l&#8217;activitat i a la secretaria de la Facultat. Si hi hagu\u00e9s canvis en la planificaci\u00f3 inicial, cal notificar-ho a secretaria amb el vistiplau del Cap d&#8217;Estudis.<\/li><li>Les visites a ind\u00fastries o altres centres no p\u00fablics requeriran l&#8217;autoritzaci\u00f3 escrita del centre objecte de la visita.<\/li><li>Els professors i els estudiants quedaran sotmesos a les normes de prevenci\u00f3 per a visitants, si la ind\u00fastria o centre de treball en t\u00e9 d&#8217;adoptades.<\/li><\/ol>\n\n\n\n<h2 class=\"wp-block-heading\"><a name=\"norma4\"><\/a>NORMA 4\/98<\/h2>\n\n\n\n<p><strong>Relativa a les persones externes a la universitat de Barcelona que efectu\u00efn visites a les seves instal\u00b7lacions<\/strong><\/p>\n\n\n\n<p>Aprovada pel Comit\u00e8: 16\/01\/1998<\/p>\n\n\n\n<p>Aprovada per Junta de Govern: 16\/04\/1998<\/p>\n\n\n\n<p>A les persones que efectu\u00efn visites guiades a instal\u00b7lacions de la Universitat de Barcelona on es manipulin subst\u00e0ncies o materials perillosos, se&#8217;ls proporcionaran equips de protecci\u00f3 individual adients (ulleres de seguretat, etc.) que hauran de portar obligat\u00f2riament durant la visita.<\/p>\n\n\n\n<h2 class=\"wp-block-heading\"><a name=\"norma5\"><\/a>NORMA 5\/98<\/h2>\n\n\n\n<p><strong>Comunicat de riscos<\/strong><\/p>\n\n\n\n<p>Aprovada pel Comit\u00e8: 17 de juny de 1998<\/p>\n\n\n\n<p>Aprovada per Junta de govern: 18 de novembre de 1998<\/p>\n\n\n\n<p>Tot el personal i alumnat de la Universitat de Barcelona est\u00e0 obligat a notificar qualsevol risc o acte insegur, que detecti a les depend\u00e8ncies de la UB, i a totes les activitats externes dutes a terme. Aquesta notificaci\u00f3 es realitzar\u00e0 mitjan\u00e7ant el procediment de comunicat de riscos establert per l&#8217;Oficina de Seguretat, Salut i Medi Ambient.<\/p>\n\n\n\n<p><a href=\"http:\/\/ub.edu\/ossma\/wp-content\/uploads\/2016\/02\/comunicat-risc.pdf\" target=\"_blank\" rel=\"noopener noreferrer\">Descarrega el comunicat&nbsp;<\/a><img decoding=\"async\" class=\"alignnone wp-image-84 size-full\" src=\"https:\/\/www.ub.edu\/ossma\/wp-content\/uploads\/2016\/02\/icona-document-pdf.png\" alt=\"Arxiu .pdf\" width=\"15\" height=\"15\"><\/p>\n\n\n\n<h2 class=\"wp-block-heading\"><a name=\"norma6\"><\/a>NORMA 6\/99<\/h2>\n\n\n\n<p><strong>Notificaci\u00f3 d&#8217;accidents<\/strong><\/p>\n\n\n\n<p>Aprovada pel Comit\u00e8: 26 de febrer de 1999<\/p>\n\n\n\n<p>Aprovada per Junta de Govern: 13 d&#8217;octubre de 1999<\/p>\n\n\n\n<p>\u00c9s obligaci\u00f3 de tot el personal i estudiants notificar qualsevol accident o incident. Aquesta obligaci\u00f3 es fa extensiva al personal de les empreses contractades.La realitzaci\u00f3 de la notificaci\u00f3 d&#8217;accidents i incidents \u00e9s imprescindible en tots els \u00e0mbits a causa del seu car\u00e0cter preventiu, i com a eina necess\u00e0ria per ala posterior an\u00e0lisi i investigaci\u00f3 dels accidents i incidents per arribar a trobar les mesures preventives i correctores adients.<\/p>\n\n\n\n<p><a href=\"http:\/\/ub.edu\/ossma\/wp-content\/uploads\/2016\/02\/notificacio-accident.pdf\" target=\"_blank\" rel=\"noopener noreferrer\">Descarrega la notificaci\u00f3&nbsp;<\/a><img decoding=\"async\" class=\"alignnone wp-image-84 size-full\" src=\"https:\/\/www.ub.edu\/ossma\/wp-content\/uploads\/2016\/02\/icona-document-pdf.png\" alt=\"Arxiu .pdf\" width=\"15\" height=\"15\"><\/p>\n","protected":false},"excerpt":{"rendered":"<p><a name=\"inici\"><\/a><\/p>\n","protected":false},"author":1,"featured_media":24633,"parent":188,"menu_order":0,"comment_status":"closed","ping_status":"closed","template":"","meta":{"advgb_blocks_editor_width":"","advgb_blocks_columns_visual_guide":"","footnotes":""},"class_list":["post-171","page","type-page","status-publish","has-post-thumbnail"],"coauthors":[],"author_meta":{"author_link":"https:\/\/www.ub.edu\/ossma\/author\/ossmau1","display_name":"OSSMA"},"relative_dates":{"created":"Posted 10 anys ago","modified":"Updated 4 anys ago"},"absolute_dates":{"created":"Posted on 22\/02\/2016","modified":"Updated on 05\/07\/2022"},"absolute_dates_time":{"created":"Posted on 22\/02\/2016 10:54","modified":"Updated on 05\/07\/2022 14:32"},"featured_img_caption":"","featured_img":"https:\/\/www.ub.edu\/ossma\/wp-content\/uploads\/2021\/03\/banner-legislacio.jpg","series_order":"","_links":{"self":[{"href":"https:\/\/www.ub.edu\/ossma\/wp-json\/wp\/v2\/pages\/171","targetHints":{"allow":["GET"]}}],"collection":[{"href":"https:\/\/www.ub.edu\/ossma\/wp-json\/wp\/v2\/pages"}],"about":[{"href":"https:\/\/www.ub.edu\/ossma\/wp-json\/wp\/v2\/types\/page"}],"author":[{"embeddable":true,"href":"https:\/\/www.ub.edu\/ossma\/wp-json\/wp\/v2\/users\/1"}],"replies":[{"embeddable":true,"href":"https:\/\/www.ub.edu\/ossma\/wp-json\/wp\/v2\/comments?post=171"}],"version-history":[{"count":7,"href":"https:\/\/www.ub.edu\/ossma\/wp-json\/wp\/v2\/pages\/171\/revisions"}],"predecessor-version":[{"id":39725,"href":"https:\/\/www.ub.edu\/ossma\/wp-json\/wp\/v2\/pages\/171\/revisions\/39725"}],"up":[{"embeddable":true,"href":"https:\/\/www.ub.edu\/ossma\/wp-json\/wp\/v2\/pages\/188"}],"wp:featuredmedia":[{"embeddable":true,"href":"https:\/\/www.ub.edu\/ossma\/wp-json\/wp\/v2\/media\/24633"}],"wp:attachment":[{"href":"https:\/\/www.ub.edu\/ossma\/wp-json\/wp\/v2\/media?parent=171"}],"curies":[{"name":"wp","href":"https:\/\/api.w.org\/{rel}","templated":true}]}}