{"id":2180,"date":"2017-03-15T12:54:25","date_gmt":"2017-03-15T12:54:25","guid":{"rendered":"https:\/\/www.ub.edu\/ossma\/?page_id=2180"},"modified":"2026-03-03T11:14:38","modified_gmt":"2026-03-03T11:14:38","slug":"pagines-web-sobre-discapacitats","status":"publish","type":"page","link":"https:\/\/www.ub.edu\/ossma\/atencio-social\/recursos\/persones-amb-discapacitat\/pagines-web-sobre-discapacitats","title":{"rendered":"P\u00e0gines web sobre discapacitats"},"content":{"rendered":"\n<ul class=\"wp-block-list\">\n<li><a rel=\"noopener noreferrer\" href=\"http:\/\/www.cermi.es\/en-US\/Pages\/Portada.aspx\" target=\"_blank\">CERMI<\/a>.&nbsp;Comit\u00e9 Espa\u00f1ol de Representantes de Personas con Discapacidad.<\/li>\n\n\n\n<li><a rel=\"noopener noreferrer\" href=\"http:\/\/www.cocemfe.es\/\" target=\"_blank\">COCEMFE<\/a>.&nbsp;Confederaci\u00f3n Espa\u00f1ola de Personas con Discapacidad F\u00edsica y Org\u00e1nica.<\/li>\n\n\n\n<li><a rel=\"noopener noreferrer\" href=\"https:\/\/www.once.es\/servicios-sociales\" target=\"_blank\">ONCE &#8211; Fundaci\u00f3 ONCE<\/a>.<\/li>\n\n\n\n<li><a href=\"https:\/\/b1b2b3.org\/\" target=\"_blank\" rel=\"noreferrer noopener\">Associaci\u00f3 Discapacitat Visual Catalunya: B1+B2+B3<\/a><\/li>\n\n\n\n<li><a rel=\"noreferrer noopener\" href=\"https:\/\/acapps.org\/web\/\" target=\"_blank\">Federaci\u00f3 ACAPPS<\/a>. <strong style=\"color: inherit; font-size: 1em;\">F<\/strong>ederaci\u00f3 d\u2019Associacions Catalanes de Fam\u00edlies i Persones amb Sordesa.<\/li>\n\n\n\n<li><a rel=\"noopener noreferrer\" href=\"http:\/\/www.fesoca.org\/\" target=\"_blank\">Federaci\u00f3 FESOCA<\/a>. Federaci\u00f3 de Persones Sordes de Catalunya.<\/li>\n\n\n\n<li><a rel=\"noreferrer noopener\" href=\"https:\/\/www.dincat.cat\/\" target=\"_blank\">Dincat &#8211; Plena Inclusi\u00f3 Catalunya &#8211; Discapacitat Intel\u00b7lectual<\/a>.<\/li>\n\n\n\n<li><a rel=\"noopener noreferrer\" href=\"https:\/\/www.somospacientes.com\/\" target=\"_blank\">Somos Pacientes<\/a>. La Comunidad de Asociaciones de Pacientes.<\/li>\n\n\n\n<li><a href=\"https:\/\/sid-inico.usal.es\/\">Servei d\u2019Informaci\u00f3 sobre Discapacitat \u2013 SID.<\/a><\/li>\n\n\n\n<li><a rel=\"noopener noreferrer\" href=\"https:\/\/sites.google.com\/site\/utacub\/\" target=\"_blank\">UTAC<\/a>. Unitat de T\u00e8cniques Augmentatives de Comunicaci\u00f3.<\/li>\n\n\n\n<li><a href=\"https:\/\/dretssocials.gencat.cat\/ca\/ambits_tematics\/persones_amb_discapacitat\/\" target=\"_blank\" rel=\"noreferrer noopener\">Departament de Drets Socials. Persones amb discapacitat.<\/a><\/li>\n\n\n\n<li><a href=\"https:\/\/dretssocials.gencat.cat\/ca\/ambits_tematics\/persones_amb_dependencia\/\">Departament de Drets Socials. Persones amb depend\u00e8ncia.<\/a><\/li>\n\n\n\n<li><a href=\"https:\/\/eureka.bibliotecadigital.gencat.cat\/bitstream\/handle\/20.500.14344\/318\/guia_atencio_discapacitat.pdf?sequence=1&amp;isAllowed=y\">Projecte UNIDISCAT<\/a>.\u00a0Universitat i Discapacitat a Catalunya.<\/li>\n<\/ul>\n\n\n\n<p><\/p>\n","protected":false},"excerpt":{"rendered":"<ul class=\"wp-block-list\">\n<li><a rel=\"noopener noreferrer\" href=\"http:\/\/www.cermi.es\/en-US\/Pages\/Portada.aspx\" target=\"_blank\">CERMI<\/a>.&nbsp;Comit\u00e9 Espa\u00f1ol de Representantes de Personas con Discapacidad.<\/li>\n<\/ul>\n","protected":false},"author":1,"featured_media":23839,"parent":1170,"menu_order":0,"comment_status":"closed","ping_status":"closed","template":"","meta":{"advgb_blocks_editor_width":"","advgb_blocks_columns_visual_guide":"","footnotes":""},"class_list":["post-2180","page","type-page","status-publish","has-post-thumbnail"],"coauthors":[],"author_meta":{"author_link":"https:\/\/www.ub.edu\/ossma\/author\/ossmau1","display_name":"OSSMA"},"relative_dates":{"created":"Posted 9 anys ago","modified":"Updated 2 mesos ago"},"absolute_dates":{"created":"Posted on 15\/03\/2017","modified":"Updated on 03\/03\/2026"},"absolute_dates_time":{"created":"Posted on 15\/03\/2017 12:54","modified":"Updated on 03\/03\/2026 11:14"},"featured_img_caption":"","featured_img":"https:\/\/www.ub.edu\/ossma\/wp-content\/uploads\/2021\/03\/banner-atencio-social.jpg","series_order":"","_links":{"self":[{"href":"https:\/\/www.ub.edu\/ossma\/wp-json\/wp\/v2\/pages\/2180","targetHints":{"allow":["GET"]}}],"collection":[{"href":"https:\/\/www.ub.edu\/ossma\/wp-json\/wp\/v2\/pages"}],"about":[{"href":"https:\/\/www.ub.edu\/ossma\/wp-json\/wp\/v2\/types\/page"}],"author":[{"embeddable":true,"href":"https:\/\/www.ub.edu\/ossma\/wp-json\/wp\/v2\/users\/1"}],"replies":[{"embeddable":true,"href":"https:\/\/www.ub.edu\/ossma\/wp-json\/wp\/v2\/comments?post=2180"}],"version-history":[{"count":25,"href":"https:\/\/www.ub.edu\/ossma\/wp-json\/wp\/v2\/pages\/2180\/revisions"}],"predecessor-version":[{"id":97783,"href":"https:\/\/www.ub.edu\/ossma\/wp-json\/wp\/v2\/pages\/2180\/revisions\/97783"}],"up":[{"embeddable":true,"href":"https:\/\/www.ub.edu\/ossma\/wp-json\/wp\/v2\/pages\/1170"}],"wp:featuredmedia":[{"embeddable":true,"href":"https:\/\/www.ub.edu\/ossma\/wp-json\/wp\/v2\/media\/23839"}],"wp:attachment":[{"href":"https:\/\/www.ub.edu\/ossma\/wp-json\/wp\/v2\/media?parent=2180"}],"curies":[{"name":"wp","href":"https:\/\/api.w.org\/{rel}","templated":true}]}}