{"id":25346,"date":"2021-04-06T08:26:25","date_gmt":"2021-04-06T08:26:25","guid":{"rendered":"https:\/\/www.ub.edu\/ossma\/?page_id=25346"},"modified":"2022-12-12T08:03:06","modified_gmt":"2022-12-12T08:03:06","slug":"avis-legal","status":"publish","type":"page","link":"https:\/\/www.ub.edu\/ossma\/avis-legal","title":{"rendered":"Av\u00eds legal"},"content":{"rendered":"\n<h2 class=\"wp-block-heading\">Informaci\u00f3 al lloc web<\/h2>\n\n\n\n<p>Som l&#8217;Oficina de Seguretat, Salut i Medi Ambient (en endavant, OSSMA) de la Universitat de Barcelona (en endavant, UB). <strong class=\"privacy-policy-tutorial\"> <\/strong>Com a eina de suport per accedir al seu lloc web, l&#8217;OSSMA disposa dels noms de domini\u202fub.edu\/ossma, del qual \u00e9s titular la UB. L\u2019\u00fas del lloc web implica acceptar les condicions que estableix aquest document.<\/p>\n\n\n\n<p>La informaci\u00f3 continguda al lloc web de l&#8217;OSSMA t\u00e9 la finalitat de donar a con\u00e8ixer l\u2019activitat i els serveis que presta. L&#8217;OSSMA treballa perqu\u00e8 la informaci\u00f3 i els serveis oferts que es difonen compleixin la necess\u00e0ria integritat, veracitat, actualitzaci\u00f3, accessibilitat i usabilitat. En aquest sentit, cal tenir present la data d\u2019actualitzaci\u00f3 indicada en cada cas. La informaci\u00f3 que es pot oferir mitjan\u00e7ant aquest lloc web no substitueix en cap cas la publicitat de les lleis, disposicions generals i actes administratius, que han de ser publicats en diaris, butlletins oficials o el sistema que la UB determini.<\/p>\n\n\n\n<p>Aquest lloc web i tots els seus continguts, incloent-hi els textos, imatges, sons, bases de dades, codis i qualsevol altre material, s\u00f3n propietat de la UB o de tercers que n\u2019hagin autoritzat l\u2019\u00fas a la instituci\u00f3. Tot aquest material est\u00e0 subjecte a la legislaci\u00f3 de la propietat intel\u00b7lectual. Els titulars respectius es reserven les accions legals oportunes per reparar els danys i perjudicis causats per qualsevol acte que vulneri els drets de propietat intel\u00b7lectual dels continguts.<\/p>\n\n\n\n<p>L&#8217;OSSMA es reserva la facultat de fer modificacions i actualitzacions del seu lloc web en qualsevol moment i sense necessitat d\u2019av\u00eds previ.<\/p>\n\n\n\n<p>En relaci\u00f3 amb les imatges de persones que apareixen al lloc web, l&#8217;OSSMA les publica respectant el dret a la imatge pr\u00f2pia. Aquestes imatges s\u2019utilitzen exclusivament amb la finalitat de compondre fitxers o v\u00eddeos gr\u00e0fics, elaborats per informar i donar a con\u00e8ixer l\u2019activitat de l&#8217;OSSMA. En cap cas es fan servir amb altres finalitats, ni se cedeixen a terceres persones sense l\u2019autoritzaci\u00f3 corresponent.<\/p>\n\n\n\n<p>La UB t\u00e9 implementades les mesures de seguretat adients per mantenir el lloc web i els seus servidors lliures de qualsevol programa malici\u00f3s. L\u2019acc\u00e9s segur al lloc web (com ara a les intranets) es fa mitjan\u00e7ant el protocol HTTPS.<\/p>\n\n\n\n<p>L&#8217;OSSMA facilita des del lloc web enlla\u00e7os als seus perfils de xarxes socials (com ara Instagram), amb l\u2019objectiu de donar a con\u00e8ixer en quines \u00e9s present. Una vegada s\u2019accedeix a qualsevol d\u2019aquestes xarxes socials l\u2019usuari est\u00e0 sotm\u00e8s a les pol\u00edtiques que cada servei tingui establertes.<\/p>\n\n\n\n<p>Qualsevol conflicte en relaci\u00f3 amb el lloc web de l&#8217;OSSMA s\u2019ha de resoldre als jutjats i tribunals de Barcelona, amb ren\u00fancia expressa a qualsevol altre fur diferent.<\/p>\n\n\n\n<h2 class=\"wp-block-heading\"><strong>Protecci\u00f3 de dades personals<\/strong><\/h2>\n\n\n\n<p>En el cas que faciliteu les dades personals, el tractament que en pot derivar est\u00e0 sotm\u00e8s a les previsions de la normativa sobre protecci\u00f3 de dades personals. S\u2019ha de tenir en compte que el lloc web de la UB no \u00e9s una font d\u2019acc\u00e9s p\u00fablic de les que preveu aquesta normativa.<\/p>\n\n\n\n<h3 class=\"wp-block-heading\">Dades recollides mitjan\u00e7ant formularis<\/h3>\n\n\n\n<ol class=\"wp-block-list\">\n<li>Al lloc web de l&#8217;OSSMA hi ha inserits diferents formularis amb els quals es poden recollir dades personals. En tots aquests formularis consten les respectives cl\u00e0usules d\u2019informaci\u00f3 sobre el tractament de les dades personals, que donen compliment al que preveu la normativa de protecci\u00f3 de dades.<\/li>\n\n\n\n<li>Quan els visitants deixen comentaris a alguna not\u00edcia de la web mitjan\u00e7ant un formulari, recollim les dades que es mostren, aix\u00ed com l&#8217;adre\u00e7a IP del visitant i la cadena de l&#8217;agent de l&#8217;usuari del navegador per ajudar a la detecci\u00f3 de missatges brossa.<br>Una cadena anonimitzada creada a partir del correu electr\u00f2nic (tamb\u00e9 anomenat un <em>hash<\/em>) pot proporcionar-se al servei Gravatar per veure si l&#8217;esteu usant. Podeu <a href=\"https:\/\/automattic.com\/privacy\/\" target=\"_blank\" rel=\"noreferrer noopener\">consultar la pol\u00edtica de privadesa del servei Gravatar<\/a>. Una vegada aprovat el comentari, la imatge del vostre perfil \u00e9s visible al p\u00fablic al context del comentari.<br>En el cas de comentaris, s\u00f3n revisats i aprovats abans de la seva publicaci\u00f3.<\/li>\n\n\n\n<li>Aix\u00ed mateix, i quan \u00e9s obligatori per la normativa de protecci\u00f3 de dades, tamb\u00e9 se sol\u00b7licita el consentiment de la persona afectada per tractar o cedir les seves dades personals. A aquests efectes s\u2019ha de tenir en compte el que s\u2019indica en cada cl\u00e0usula.<\/li>\n\n\n\n<li>En qualsevol cas, l&#8217;OSSMA nom\u00e9s tracta les dades personals dels afectats que s\u00f3n adequades, pertinents i no excessives per al compliment de les finalitats determinades, expl\u00edcites i leg\u00edtimes per a les quals s\u2019han obtingut. Aix\u00ed mateix, garanteix la seguretat de les dades personals dels usuaris del lloc web mitjan\u00e7ant l\u2019aplicaci\u00f3 de diferents tipus de mesures de seguretat de car\u00e0cter t\u00e8cnic i organitzatiu.<\/li>\n<\/ol>\n\n\n\n<h3 class=\"wp-block-heading\">Dades de transmissi\u00f3<\/h3>\n\n\n\n<p>Les dades de transmissi\u00f3 estan impl\u00edcites en l\u2019\u00fas dels protocols de comunicaci\u00f3 d\u2019Internet. Les dades generades per la navegaci\u00f3 en el lloc web de la UB nom\u00e9s es tracten amb finalitats estrictament t\u00e8cniques i pel personal subjecte al deure de confidencialitat.<\/p>\n\n\n\n<h3 class=\"wp-block-heading\">Galetes<\/h3>\n\n\n\n<p>Aquest lloc web utilitza galetes. Per a m\u00e9s informaci\u00f3, accediu al <a href=\"https:\/\/www.ub.edu\/ossma\/politica-de-galetes\/\" data-type=\"page\" data-id=\"6165\">document de pol\u00edtica de galetes<\/a>.<\/p>\n\n\n\n<h3 class=\"wp-block-heading\">Contingut incrustat d&#8217;altres llocs web<\/h3>\n\n\n\n<p>Els articles en aquesta p\u00e0gina web inclou contingut incrustat (per exemple, v\u00eddeos, imatges, articles, etc.). El contingut incrustat des d&#8217;altres p\u00e0gines web es comporta exactament de la mateixa manera com si el visitant estigu\u00e9s visitant l&#8217;altra p\u00e0gina web.<\/p>\n\n\n\n<p>Aquestes p\u00e0gines web poden recollir dades sobre v\u00f3s, fer servir galetes, incrustar seguiment addicional de terceres parts, i monitorar la interacci\u00f3 amb el contingut incrustat, incloent-hi la tra\u00e7a de la interacci\u00f3 amb el contingut incrustat si teniu un compte i heu iniciat sessi\u00f3 en aquesta p\u00e0gina web.<\/p>\n\n\n\n<h3 class=\"wp-block-heading\">Quant de temps retenim les dades<\/h3>\n\n\n\n<p>Si deixeu un comentari, el comentari i les seves dades <em>meta <\/em>es retenen indefinidament. Aix\u00f2 \u00e9s per poder recon\u00e8ixer i aprovar autom\u00e0ticament qualsevol comentari de seguiment en lloc de mantenir-los en la cua de moderaci\u00f3.<\/p>\n\n\n\n<p>Per altra informaci\u00f3 enviada mitjan\u00e7ant formularis, les dades es guarden mentre siguin necess\u00e0ries per a la gesti\u00f3 del tr\u00e0mit o incid\u00e8ncia comunicada, o per q\u00fcestions legals en casos de consentiments. <\/p>\n\n\n\n<h3 class=\"wp-block-heading\">Quins drets teniu sobre les vostres dades<\/h3>\n\n\n\n<p>Podeu demanar que esborrem qualsevol dada personal vostra que tinguem, a l&#8217;adre\u00e7a <a href=\"mailto:ossma@ub.edu\">ossma@ub.edu<\/a>. Aix\u00f2 no inclou les dades que estiguem obligats a conservar amb prop\u00f2sits administratius, legals o de seguretat.<\/p>\n\n\n\n<h2 class=\"wp-block-heading\">Accesibilitat<\/h2>\n\n\n\n<p>L&#8217;OSSMA, en el comprom\u00eds d\u2019assolir l\u2019eliminaci\u00f3 total de les barreres visuals i funcionals del lloc web, treballa per satisfer el nivell mitj\u00e0 (AA) de les directrius d\u2019accessibilitat establertes pel grup de treball WAI (Web Accessibility Initiative) del W3C (World Wide Web Consortium). Cal tenir present que el lloc web \u00e9s din\u00e0mic i, en conseq\u00fc\u00e8ncia, \u00e9s pr\u00e0cticament impossible comprovar totes i cadascuna de les p\u00e0gines web que es poden consultar en un moment determinat. En aquest sentit, si teniu cap problema en relaci\u00f3 amb l\u2019accessibilitat per navegar per alguna d\u2019aquestes p\u00e0gines web, ens ho podeu comunicar per correu electr\u00f2nic \u202f(vanesavarela@ub.edu).<\/p>\n\n\n\n<p>Respecte al disseny visual, aquest lloc web fa servir fulls d\u2019estil per al format visual de la informaci\u00f3 i nom\u00e9s s\u2019han utilitzat mides de lletra relatives, compatibles amb les opcions personals de mida de text dels navegadors. Aix\u00f2 no obstant, si el navegador que feu servir no permet l\u2019\u00fas de fulls d\u2019estil, \u00e9s possible navegar per les p\u00e0gines web sense cap mena de problema de visualitzaci\u00f3 seleccionant l\u2019opci\u00f3 de navegaci\u00f3 sense estils de p\u00e0gina.<\/p>\n","protected":false},"excerpt":{"rendered":"<h2 class=\"wp-block-heading\">Informaci\u00f3 al lloc web<\/h2>\n","protected":false},"author":1,"featured_media":0,"parent":0,"menu_order":0,"comment_status":"closed","ping_status":"closed","template":"","meta":{"advgb_blocks_editor_width":"","advgb_blocks_columns_visual_guide":"","footnotes":""},"class_list":["post-25346","page","type-page","status-publish"],"coauthors":[],"author_meta":{"author_link":"https:\/\/www.ub.edu\/ossma\/author\/ossmau1","display_name":"OSSMA"},"relative_dates":{"created":"Posted 5 anys ago","modified":"Updated 3 anys ago"},"absolute_dates":{"created":"Posted on 06\/04\/2021","modified":"Updated on 12\/12\/2022"},"absolute_dates_time":{"created":"Posted on 06\/04\/2021 8:26","modified":"Updated on 12\/12\/2022 8:03"},"featured_img_caption":"","featured_img":false,"series_order":"","_links":{"self":[{"href":"https:\/\/www.ub.edu\/ossma\/wp-json\/wp\/v2\/pages\/25346","targetHints":{"allow":["GET"]}}],"collection":[{"href":"https:\/\/www.ub.edu\/ossma\/wp-json\/wp\/v2\/pages"}],"about":[{"href":"https:\/\/www.ub.edu\/ossma\/wp-json\/wp\/v2\/types\/page"}],"author":[{"embeddable":true,"href":"https:\/\/www.ub.edu\/ossma\/wp-json\/wp\/v2\/users\/1"}],"replies":[{"embeddable":true,"href":"https:\/\/www.ub.edu\/ossma\/wp-json\/wp\/v2\/comments?post=25346"}],"version-history":[{"count":4,"href":"https:\/\/www.ub.edu\/ossma\/wp-json\/wp\/v2\/pages\/25346\/revisions"}],"predecessor-version":[{"id":43321,"href":"https:\/\/www.ub.edu\/ossma\/wp-json\/wp\/v2\/pages\/25346\/revisions\/43321"}],"wp:attachment":[{"href":"https:\/\/www.ub.edu\/ossma\/wp-json\/wp\/v2\/media?parent=25346"}],"curies":[{"name":"wp","href":"https:\/\/api.w.org\/{rel}","templated":true}]}}