{"id":2903,"date":"2017-12-11T12:10:16","date_gmt":"2017-12-11T12:10:16","guid":{"rendered":"https:\/\/www.ub.edu\/ossma\/?page_id=2903"},"modified":"2024-03-19T18:52:34","modified_gmt":"2024-03-19T18:52:34","slug":"empreses-externes-diferent-activitat-2","status":"publish","type":"page","link":"https:\/\/www.ub.edu\/ossma\/seguretat-salut\/coordinacio-activitats-empresarials-cae\/empreses-externes-diferent-activitat-2","title":{"rendered":"Empreses externes amb diferent activitat que la UB (2\/4)"},"content":{"rendered":"\n<div class=\"wp-block-columns cae taronja is-layout-flex wp-container-core-columns-is-layout-9d6595d7 wp-block-columns-is-layout-flex\">\n<div class=\"wp-block-column is-layout-flow wp-block-column-is-layout-flow\" style=\"flex-basis:30%\"><\/div>\n\n\n\n<div class=\"wp-block-column is-layout-flow wp-block-column-is-layout-flow\"><div class=\"wp-block-image\">\n<figure class=\"aligncenter size-full\"><a href=\"https:\/\/www.ub.edu\/ossma\/seguretat-salut\/coordinacio-activitats-empresarials-cae\/empreses-externes-diferent-activitat\"><img decoding=\"async\" width=\"150\" height=\"150\" src=\"https:\/\/www.ub.edu\/ossma\/wp-content\/uploads\/2017\/12\/nombre-1.png\" alt=\"Pas 1\" class=\"wp-image-3015\" srcset=\"https:\/\/www.ub.edu\/ossma\/wp-content\/uploads\/2017\/12\/nombre-1.png 150w, https:\/\/www.ub.edu\/ossma\/wp-content\/uploads\/2017\/12\/nombre-1-100x100.png 100w\" sizes=\"(max-width: 150px) 100vw, 150px\" \/><\/a><\/figure>\n<\/div><\/div>\n\n\n\n<div class=\"wp-block-column is-layout-flow wp-block-column-is-layout-flow\"><div class=\"wp-block-image\">\n<figure class=\"aligncenter size-full\"><img decoding=\"async\" width=\"150\" height=\"150\" src=\"https:\/\/www.ub.edu\/ossma\/wp-content\/uploads\/2018\/01\/nombre-2-taronja.png\" alt=\"Pas 2\" class=\"wp-image-3280\" srcset=\"https:\/\/www.ub.edu\/ossma\/wp-content\/uploads\/2018\/01\/nombre-2-taronja.png 150w, https:\/\/www.ub.edu\/ossma\/wp-content\/uploads\/2018\/01\/nombre-2-taronja-100x100.png 100w\" sizes=\"(max-width: 150px) 100vw, 150px\" \/><\/figure>\n<\/div><\/div>\n\n\n\n<div class=\"wp-block-column is-layout-flow wp-block-column-is-layout-flow\"><div class=\"wp-block-image\">\n<figure class=\"aligncenter size-full is-resized\"><a href=\"https:\/\/www.ub.edu\/ossma\/seguretat-salut\/coordinacio-activitats-empresarials-cae\/empreses-externes-diferent-activitat-3\"><img decoding=\"async\" src=\"https:\/\/www.ub.edu\/ossma\/wp-content\/uploads\/2017\/12\/nombre-3.png\" alt=\"Pas 3\" class=\"wp-image-3051\" width=\"100\" height=\"100\" srcset=\"https:\/\/www.ub.edu\/ossma\/wp-content\/uploads\/2017\/12\/nombre-3.png 150w, https:\/\/www.ub.edu\/ossma\/wp-content\/uploads\/2017\/12\/nombre-3-100x100.png 100w\" sizes=\"(max-width: 100px) 100vw, 100px\" \/><\/a><\/figure>\n<\/div><\/div>\n\n\n\n<div class=\"wp-block-column is-layout-flow wp-block-column-is-layout-flow\"><div class=\"wp-block-image\">\n<figure class=\"aligncenter size-full is-resized\"><a href=\"https:\/\/www.ub.edu\/ossma\/seguretat-salut\/coordinacio-activitats-empresarials-cae\/empreses-externes-diferent-activitat-4\"><img loading=\"lazy\" decoding=\"async\" src=\"https:\/\/www.ub.edu\/ossma\/wp-content\/uploads\/2017\/12\/nombre-4.png\" alt=\"Pas 4\" class=\"wp-image-3060\" width=\"100\" height=\"100\" srcset=\"https:\/\/www.ub.edu\/ossma\/wp-content\/uploads\/2017\/12\/nombre-4.png 150w, https:\/\/www.ub.edu\/ossma\/wp-content\/uploads\/2017\/12\/nombre-4-100x100.png 100w\" sizes=\"(max-width: 100px) 100vw, 100px\" \/><\/a><\/figure>\n<\/div><\/div>\n\n\n\n<div class=\"wp-block-column is-layout-flow wp-block-column-is-layout-flow\" style=\"flex-basis:30%\"><\/div>\n<\/div>\n\n\n\n<p class=\"has-text-align-left\"><strong>Pas 2: <\/strong>Descarrega&#8217;t el document <a rel=\"noreferrer noopener\" href=\"https:\/\/www.ub.edu\/ossma\/wp-content\/uploads\/2022\/07\/normes-generals-seguretat-salut-empr-ext-dif.pdf\" target=\"_blank\">Normes generals de seguretat i salut a la UB per a empreses externes amb diferent activitat que la UB<\/a>.<\/p>\n\n\n\n<p>De ser necessari, descarrega&#8217;t la documentaci\u00f3 espec\u00edfica de l&#8217;\u00e0rea de treball. En cas contrari passeu al seg\u00fcent pas.<\/p>\n\n\n\n<ul class=\"wp-block-list\">\n<li><a rel=\"noreferrer noopener\" href=\"https:\/\/www.ub.edu\/ossma\/wp-content\/uploads\/2017\/11\/instalacions-radioactives.pdf\" target=\"_blank\">Normes a instal\u00b7lacions radioactives<\/a>.<\/li>\n\n\n\n<li><a rel=\"noreferrer noopener\" href=\"https:\/\/www.ub.edu\/ossma\/wp-content\/uploads\/2017\/11\/laboratoris-biologics.pdf\" target=\"_blank\">Normes a laboratoris biol\u00f2gics<\/a>.<\/li>\n\n\n\n<li><a rel=\"noreferrer noopener\" href=\"https:\/\/www.ub.edu\/ossma\/wp-content\/uploads\/2017\/11\/laboratoris-quimics-i-magatzems.pdf\" target=\"_blank\">Normes als laboratoris qu\u00edmics i els seus magatzems<\/a>.<\/li>\n\n\n\n<li><a rel=\"noreferrer noopener\" href=\"https:\/\/www.ub.edu\/ossma\/wp-content\/uploads\/2017\/11\/laboratoris-quimics-i-magatzems-gasos.pdf\" target=\"_blank\">Normes als laboratoris qu\u00edmics i els seus magatzems de gasos<\/a>.<\/li>\n\n\n\n<li><a rel=\"noreferrer noopener\" href=\"https:\/\/www.ub.edu\/ossma\/wp-content\/uploads\/2017\/11\/instalacions-amb-equips-treball-electrics.pdf\" target=\"_blank\">Normes a instal\u00b7lacions amb equips de treball el\u00e8ctrics<\/a>.<\/li>\n\n\n\n<li><a rel=\"noreferrer noopener\" href=\"https:\/\/www.ub.edu\/ossma\/wp-content\/uploads\/2017\/11\/instalacions-amb-equips-electronics.pdf\" target=\"_blank\">Normes a instal\u00b7lacions amb equips de treball electr\u00f2nics<\/a>.<\/li>\n\n\n\n<li><a rel=\"noreferrer noopener\" href=\"https:\/\/www.ub.edu\/ossma\/wp-content\/uploads\/2017\/11\/instalacions-amb-equips-mecanics.pdf\" target=\"_blank\">Normes a instal\u00b7lacions amb equips de treball mec\u00e0nics<\/a>.<\/li>\n\n\n\n<li><a rel=\"noreferrer noopener\" href=\"https:\/\/www.ub.edu\/ossma\/wp-content\/uploads\/2017\/11\/unitats-ressonancia-magnetica.pdf\" target=\"_blank\">Normes a unitats de resson\u00e0ncia magn\u00e8tica nuclear<\/a>.<\/li>\n<\/ul>\n\n\n\n<div class=\"wp-block-buttons is-horizontal is-content-justification-left is-layout-flex wp-container-core-buttons-is-layout-7e5fce0a wp-block-buttons-is-layout-flex advgb-dyn-5e5a4c85\">\n<div class=\"wp-block-button advgb-dyn-0a6c37ae\"><a class=\"wp-block-button__link has-background wp-element-button\" href=\"https:\/\/www.ub.edu\/ossma\/coordinacio-activitats-empresarials-cae\/empreses-externes-diferent-activitat-3\/\" style=\"background-color:#e9954e\" rel=\"\"><img loading=\"lazy\" decoding=\"async\" width=\"15\" height=\"15\" class=\"wp-image-2992\" style=\"width: 15px;\" src=\"https:\/\/www.ub.edu\/ossma\/wp-content\/uploads\/2017\/12\/fletxa-dreta-blanc.png\" alt=\"\"> Pas 3<\/a><\/div>\n<\/div>\n","protected":false},"excerpt":{"rendered":"<div class=\"wp-block-columns cae taronja is-layout-flex wp-container-core-columns-is-layout-9d6595d7 wp-block-columns-is-layout-flex\">\n<div class=\"wp-block-column is-layout-flow wp-block-column-is-layout-flow\" style=\"flex-basis:30%\"><\/div>\n<\/div>\n","protected":false},"author":1,"featured_media":25012,"parent":2600,"menu_order":0,"comment_status":"closed","ping_status":"closed","template":"","meta":{"advgb_blocks_editor_width":"","advgb_blocks_columns_visual_guide":"","footnotes":""},"class_list":["post-2903","page","type-page","status-publish","has-post-thumbnail"],"coauthors":[],"author_meta":{"author_link":"https:\/\/www.ub.edu\/ossma\/author\/ossmau1","display_name":"OSSMA"},"relative_dates":{"created":"Posted 8 anys ago","modified":"Updated 2 anys ago"},"absolute_dates":{"created":"Posted on 11\/12\/2017","modified":"Updated on 19\/03\/2024"},"absolute_dates_time":{"created":"Posted on 11\/12\/2017 12:10","modified":"Updated on 19\/03\/2024 18:52"},"featured_img_caption":"","featured_img":"https:\/\/www.ub.edu\/ossma\/wp-content\/uploads\/2021\/04\/banner-cae.jpg","series_order":"","_links":{"self":[{"href":"https:\/\/www.ub.edu\/ossma\/wp-json\/wp\/v2\/pages\/2903","targetHints":{"allow":["GET"]}}],"collection":[{"href":"https:\/\/www.ub.edu\/ossma\/wp-json\/wp\/v2\/pages"}],"about":[{"href":"https:\/\/www.ub.edu\/ossma\/wp-json\/wp\/v2\/types\/page"}],"author":[{"embeddable":true,"href":"https:\/\/www.ub.edu\/ossma\/wp-json\/wp\/v2\/users\/1"}],"replies":[{"embeddable":true,"href":"https:\/\/www.ub.edu\/ossma\/wp-json\/wp\/v2\/comments?post=2903"}],"version-history":[{"count":57,"href":"https:\/\/www.ub.edu\/ossma\/wp-json\/wp\/v2\/pages\/2903\/revisions"}],"predecessor-version":[{"id":45080,"href":"https:\/\/www.ub.edu\/ossma\/wp-json\/wp\/v2\/pages\/2903\/revisions\/45080"}],"up":[{"embeddable":true,"href":"https:\/\/www.ub.edu\/ossma\/wp-json\/wp\/v2\/pages\/2600"}],"wp:featuredmedia":[{"embeddable":true,"href":"https:\/\/www.ub.edu\/ossma\/wp-json\/wp\/v2\/media\/25012"}],"wp:attachment":[{"href":"https:\/\/www.ub.edu\/ossma\/wp-json\/wp\/v2\/media?parent=2903"}],"curies":[{"name":"wp","href":"https:\/\/api.w.org\/{rel}","templated":true}]}}