{"id":2915,"date":"2017-12-11T12:29:18","date_gmt":"2017-12-11T12:29:18","guid":{"rendered":"https:\/\/www.ub.edu\/ossma\/?page_id=2915"},"modified":"2026-03-12T10:02:52","modified_gmt":"2026-03-12T10:02:52","slug":"empreses-externes-diferent-activitat-4","status":"publish","type":"page","link":"https:\/\/www.ub.edu\/ossma\/seguretat-salut\/coordinacio-activitats-empresarials-cae\/empreses-externes-diferent-activitat-4","title":{"rendered":"Empreses externes amb diferent activitat que la UB (4\/4)"},"content":{"rendered":"\n<div class=\"wp-block-columns cae taronja is-layout-flex wp-container-core-columns-is-layout-9d6595d7 wp-block-columns-is-layout-flex\">\n<div class=\"wp-block-column is-layout-flow wp-block-column-is-layout-flow\" style=\"flex-basis:30%\"><\/div>\n\n\n\n<div class=\"wp-block-column is-layout-flow wp-block-column-is-layout-flow\"><div class=\"wp-block-image\">\n<figure class=\"aligncenter size-full\"><a href=\"https:\/\/www.ub.edu\/ossma\/seguretat-salut\/coordinacio-activitats-empresarials-cae\/empreses-externes-diferent-activitat\"><img decoding=\"async\" width=\"150\" height=\"150\" src=\"https:\/\/www.ub.edu\/ossma\/wp-content\/uploads\/2017\/12\/nombre-1.png\" alt=\"Pas 1\" class=\"wp-image-3015\" srcset=\"https:\/\/www.ub.edu\/ossma\/wp-content\/uploads\/2017\/12\/nombre-1.png 150w, https:\/\/www.ub.edu\/ossma\/wp-content\/uploads\/2017\/12\/nombre-1-100x100.png 100w\" sizes=\"(max-width: 150px) 100vw, 150px\" \/><\/a><\/figure>\n<\/div><\/div>\n\n\n\n<div class=\"wp-block-column is-layout-flow wp-block-column-is-layout-flow\"><div class=\"wp-block-image\">\n<figure class=\"aligncenter size-full\"><a href=\"https:\/\/www.ub.edu\/ossma\/seguretat-salut\/coordinacio-activitats-empresarials-cae\/empreses-externes-diferent-activitat-2\"><img decoding=\"async\" width=\"150\" height=\"150\" src=\"https:\/\/www.ub.edu\/ossma\/wp-content\/uploads\/2017\/12\/nombre-2.png\" alt=\"Pas 2\" class=\"wp-image-3032\" srcset=\"https:\/\/www.ub.edu\/ossma\/wp-content\/uploads\/2017\/12\/nombre-2.png 150w, https:\/\/www.ub.edu\/ossma\/wp-content\/uploads\/2017\/12\/nombre-2-100x100.png 100w\" sizes=\"(max-width: 150px) 100vw, 150px\" \/><\/a><\/figure>\n<\/div><\/div>\n\n\n\n<div class=\"wp-block-column is-layout-flow wp-block-column-is-layout-flow\"><div class=\"wp-block-image\">\n<figure class=\"aligncenter size-full\"><a href=\"https:\/\/www.ub.edu\/ossma\/seguretat-salut\/coordinacio-activitats-empresarials-cae\/empreses-externes-diferent-activitat-3\"><img decoding=\"async\" width=\"150\" height=\"150\" src=\"https:\/\/www.ub.edu\/ossma\/wp-content\/uploads\/2017\/12\/nombre-3.png\" alt=\"Pas 3\" class=\"wp-image-3051\" srcset=\"https:\/\/www.ub.edu\/ossma\/wp-content\/uploads\/2017\/12\/nombre-3.png 150w, https:\/\/www.ub.edu\/ossma\/wp-content\/uploads\/2017\/12\/nombre-3-100x100.png 100w\" sizes=\"(max-width: 150px) 100vw, 150px\" \/><\/a><\/figure>\n<\/div><\/div>\n\n\n\n<div class=\"wp-block-column is-layout-flow wp-block-column-is-layout-flow\"><div class=\"wp-block-image\">\n<figure class=\"aligncenter size-full\"><img loading=\"lazy\" decoding=\"async\" width=\"150\" height=\"150\" src=\"https:\/\/www.ub.edu\/ossma\/wp-content\/uploads\/2018\/01\/nombre-4-taronja.png\" alt=\"Pas 4\" class=\"wp-image-3282\" srcset=\"https:\/\/www.ub.edu\/ossma\/wp-content\/uploads\/2018\/01\/nombre-4-taronja.png 150w, https:\/\/www.ub.edu\/ossma\/wp-content\/uploads\/2018\/01\/nombre-4-taronja-100x100.png 100w\" sizes=\"(max-width: 150px) 100vw, 150px\" \/><\/figure>\n<\/div><\/div>\n\n\n\n<div class=\"wp-block-column is-layout-flow wp-block-column-is-layout-flow\" style=\"flex-basis:30%\"><\/div>\n<\/div>\n\n\n\n<p><strong>Pas 4 (\u00faltim pas de la coordinaci\u00f3):<\/strong> Fes-nos arribar la declaraci\u00f3\u00a0segons has baixat i llegit els documents necessaris omplint el formulari seg\u00fcent:<\/p>\n\n\n\n<h2 class=\"wp-block-heading\">Formulari<\/h2>\n\n\n\n<div class=\"wpcf7 no-js\" id=\"wpcf7-f3642-o1\" lang=\"ca\" dir=\"ltr\" data-wpcf7-id=\"3642\">\n<div class=\"screen-reader-response\"><p role=\"status\" aria-live=\"polite\" aria-atomic=\"true\"><\/p> <ul><\/ul><\/div>\n<form action=\"\/ossma\/wp-json\/wp\/v2\/pages\/2915#wpcf7-f3642-o1\" method=\"post\" class=\"wpcf7-form init\" aria-label=\"Formulari de contacte\" novalidate=\"novalidate\" data-status=\"init\">\n<fieldset class=\"hidden-fields-container\"><input type=\"hidden\" name=\"_wpcf7\" value=\"3642\" \/><input type=\"hidden\" name=\"_wpcf7_version\" value=\"6.1.5\" \/><input type=\"hidden\" name=\"_wpcf7_locale\" value=\"ca\" \/><input type=\"hidden\" name=\"_wpcf7_unit_tag\" value=\"wpcf7-f3642-o1\" \/><input type=\"hidden\" name=\"_wpcf7_container_post\" value=\"0\" \/><input type=\"hidden\" name=\"_wpcf7_posted_data_hash\" value=\"\" \/><input type=\"hidden\" name=\"_wpcf7cf_hidden_group_fields\" value=\"[]\" \/><input type=\"hidden\" name=\"_wpcf7cf_hidden_groups\" value=\"[]\" \/><input type=\"hidden\" name=\"_wpcf7cf_visible_groups\" value=\"[]\" \/><input type=\"hidden\" name=\"_wpcf7cf_repeaters\" value=\"[]\" \/><input type=\"hidden\" name=\"_wpcf7cf_steps\" value=\"{}\" \/><input type=\"hidden\" name=\"_wpcf7cf_options\" value=\"{&quot;form_id&quot;:3642,&quot;conditions&quot;:[],&quot;settings&quot;:{&quot;animation&quot;:&quot;yes&quot;,&quot;animation_intime&quot;:200,&quot;animation_outtime&quot;:200,&quot;conditions_ui&quot;:&quot;normal&quot;,&quot;notice_dismissed&quot;:false}}\" \/>\n<\/fieldset>\n<div class=\"form-two-columns\">\n\t<p>Els camps amb asterisc (*) s\u00f3n obligatoris.\n\t<\/p>\n\t<fieldset>\n\t\t<legend>Empresa que rep la documentaci\u00f3\n\t\t<\/legend>\n\t\t<p><label for=\"nom-empresa\">Nom de l'empresa*<\/label><span class=\"wpcf7-form-control-wrap\" data-name=\"nom-empresa\"><input size=\"40\" maxlength=\"400\" class=\"wpcf7-form-control wpcf7-text wpcf7-validates-as-required\" id=\"nom-empresa\" aria-required=\"true\" aria-invalid=\"false\" value=\"\" type=\"text\" name=\"nom-empresa\" \/><\/span>\n\t\t<\/p>\n\t\t<p><label for=\"persona-empresa\">Nom i cognoms de la persona interlocutora amb la UB*<\/label><span class=\"wpcf7-form-control-wrap\" data-name=\"persona-empresa\"><input size=\"40\" maxlength=\"400\" class=\"wpcf7-form-control wpcf7-text wpcf7-validates-as-required\" id=\"persona-empresa\" aria-required=\"true\" aria-invalid=\"false\" value=\"\" type=\"text\" name=\"persona-empresa\" \/><\/span>\n\t\t<\/p>\n\t\t<p><label for=\"mail-empresa\">Correu electr\u00f2nic de la persona interlocutora*<\/label><span class=\"wpcf7-form-control-wrap\" data-name=\"mail-empresa\"><input size=\"40\" maxlength=\"400\" class=\"wpcf7-form-control wpcf7-email wpcf7-validates-as-required wpcf7-text wpcf7-validates-as-email\" id=\"mail-empresa\" aria-required=\"true\" aria-invalid=\"false\" value=\"\" type=\"email\" name=\"mail-empresa\" \/><\/span>\n\t\t<\/p>\n\t<\/fieldset>\n\t<fieldset>\n\t\t<legend>Empresa que lliura la documentaci\u00f3\n\t\t<\/legend>\n\t\t<p><b>Empresa que lliura la informaci\u00f3:<\/b> UNIVERSITAT DE BARCELONA<br \/>\n<b>Depend\u00e8ncia que la representa:<\/b> Oficina de Seguretat, Salut i Medi Ambient (OSSMA)\n\t\t<\/p>\n\t<\/fieldset>\n\t<fieldset>\n\t\t<legend>Documents lliurats\n\t\t<\/legend>\n\t\t<p>Marca els documents lliurats:\n\t\t<\/p>\n\t\t<p><label for=\"documents\">Normes generals*<\/label><span class=\"formulari-dreta\"><span class=\"wpcf7-form-control-wrap\" data-name=\"documents\"><span class=\"wpcf7-form-control wpcf7-checkbox wpcf7-validates-as-required\" id=\"documents\"><span class=\"wpcf7-list-item first last\"><input type=\"checkbox\" name=\"documents[]\" value=\"Normes generals de seguretat i salut per a empreses externes\" \/><span class=\"wpcf7-list-item-label\">Normes generals de seguretat i salut per a empreses externes<\/span><\/span><\/span><\/span><\/span>\n\t\t<\/p>\n\t\t<p><label for=\"riscos-especifics\">Riscos espec\u00edfics de les instal\u00b7lacions <small>(Clica la tecla 'Ctrl' per seleccionar m\u00e9s d'una opci\u00f3)<\/small><\/label><span class=\"wpcf7-form-control-wrap\" data-name=\"riscos-especifics\"><select class=\"wpcf7-form-control wpcf7-select\" id=\"riscos-especifics\" aria-invalid=\"false\" multiple=\"multiple\" name=\"riscos-especifics[]\"><option value=\"Normes a instal\u00b7lacions radioactives\">Normes a instal\u00b7lacions radioactives<\/option><option value=\"Normes a laboratoris biol\u00f2gics\">Normes a laboratoris biol\u00f2gics<\/option><option value=\"Normes als laboratoris qu\u00edmics i els seus magatzems\">Normes als laboratoris qu\u00edmics i els seus magatzems<\/option><option value=\"Normes als laboratoris qu\u00edmics i els seus magatzems de gasos\">Normes als laboratoris qu\u00edmics i els seus magatzems de gasos<\/option><option value=\"Normes a instal\u00b7lacions amb equips de treball el\u00e8ctrics\">Normes a instal\u00b7lacions amb equips de treball el\u00e8ctrics<\/option><option value=\"Normes a instal\u00b7lacions amb equips de treball electr\u00f2nics\">Normes a instal\u00b7lacions amb equips de treball electr\u00f2nics<\/option><option value=\"Normes a instal\u00b7lacions amb equips de treball mec\u00e0nics\">Normes a instal\u00b7lacions amb equips de treball mec\u00e0nics<\/option><option value=\"Normes a unitats de resson\u00e0ncia magn\u00e8tica nuclear\">Normes a unitats de resson\u00e0ncia magn\u00e8tica nuclear<\/option><\/select><\/span>\n\t\t<\/p>\n\t\t<p><label for=\"normes-evacuacio\">Normes b\u00e0siques d'actuaci\u00f3 i pl\u00e0nols d'evacuaci\u00f3 en cas d'emerg\u00e8ncia <small>(Clica la tecla 'Ctrl.' per seleccionar m\u00e9s d'una opci\u00f3)<\/small><\/label><span class=\"wpcf7-form-control-wrap\" data-name=\"normes-evacuacio\"><select class=\"wpcf7-form-control wpcf7-select\" id=\"normes-evacuacio\" aria-invalid=\"false\" multiple=\"multiple\" name=\"normes-evacuacio[]\"><option value=\"\u00c0rea de Formaci\u00f3 Complement\u00e0ria\">\u00c0rea de Formaci\u00f3 Complement\u00e0ria<\/option><option value=\"Aulari Josep Carner\">Aulari Josep Carner<\/option><option value=\"Edifici Baldiri Reixac 2 (CRAI Biblioteques)\">Edifici Baldiri Reixac 2 (CRAI Biblioteques)<\/option><option value=\"Edifici El Carme (Badalona)\">Edifici El Carme (Badalona)<\/option><option value=\"Edifici Hist\u00f2ric\">Edifici Hist\u00f2ric<\/option><option value=\"Edifici Sol\u00e9 i Sabar\u00eds (CCiTUB)\">Edifici Sol\u00e9 i Sabar\u00eds (CCiTUB)<\/option><option value=\"Facultat de Belles Arts - Aulari Florensa\">Facultat de Belles Arts - Aulari Florensa<\/option><option value=\"Facultat de Belles Arts - Edifici principal, tallers i aulari antics Menjadors\">Facultat de Belles Arts - Edifici principal, tallers i aulari antics Menjadors<\/option><option value=\"Facultat de Belles Arts - Annex II Parx\u00eds\">Facultat de Belles Arts - Annex II Parx\u00eds<\/option><option value=\"Facultat de Biologia\">Facultat de Biologia<\/option><option value=\"Facultat de Ci\u00e8ncies de la terra\">Facultat de Ci\u00e8ncies de la terra<\/option><option value=\"Facultat de Dret\">Facultat de Dret<\/option><option value=\"Facultat d&#039;Economia i Empresa - Edifici 690\">Facultat d&#039;Economia i Empresa - Edifici 690<\/option><option value=\"Facultat d&#039;Economia i Empresa - Edifici 696\">Facultat d&#039;Economia i Empresa - Edifici 696<\/option><option value=\"Facultat d&#039;Educaci\u00f3 - Edifici Llevant\">Facultat d&#039;Educaci\u00f3 - Edifici Llevant<\/option><option value=\"Facultat d&#039;Educaci\u00f3 - Edificis Migdia I i Migdia II\">Facultat d&#039;Educaci\u00f3 - Edificis Migdia I i Migdia II<\/option><option value=\"Facultat de Farm\u00e0cia i Ci\u00e8ncies de l\u2019Alimentaci\u00f3 - Edifici Gaud\u00ed (Campus de Torribera)\">Facultat de Farm\u00e0cia i Ci\u00e8ncies de l\u2019Alimentaci\u00f3 - Edifici Gaud\u00ed (Campus de Torribera)<\/option><option value=\"Facultat de Farm\u00e0cia i Ci\u00e8ncies de l\u2019Alimentaci\u00f3 - Edifici La Masia (Campus de Torribera)\">Facultat de Farm\u00e0cia i Ci\u00e8ncies de l\u2019Alimentaci\u00f3 - Edifici La Masia (Campus de Torribera)<\/option><option value=\"Facultat de Farm\u00e0cia i Ci\u00e8ncies de l\u2019Alimentaci\u00f3 - Edifici Marina (Campus de Torribera)\">Facultat de Farm\u00e0cia i Ci\u00e8ncies de l\u2019Alimentaci\u00f3 - Edifici Marina (Campus de Torribera)<\/option><option value=\"Facultat de Farm\u00e0cia i Ci\u00e8ncies de l\u2019Alimentaci\u00f3 - Edifici Verdaguer (Campus de Torribera)\">Facultat de Farm\u00e0cia i Ci\u00e8ncies de l\u2019Alimentaci\u00f3 - Edifici Verdaguer (Campus de Torribera)<\/option><option value=\"Facultat de Farm\u00e0cia i Ci\u00e8ncies de l&#039;alimentaci\u00f3 (Diagonal Sud)\">Facultat de Farm\u00e0cia i Ci\u00e8ncies de l&#039;alimentaci\u00f3 (Diagonal Sud)<\/option><option value=\"Facultat de Filosofia i Facultat de Geografia i Hist\u00f2ria\">Facultat de Filosofia i Facultat de Geografia i Hist\u00f2ria<\/option><option value=\"Facultat de F\u00edsica i Facultat de Qu\u00edmica\">Facultat de F\u00edsica i Facultat de Qu\u00edmica<\/option><option value=\"Facultat d\u2019Informaci\u00f3 i Mitjans Audiovisuals (Campus Sants)\">Facultat d\u2019Informaci\u00f3 i Mitjans Audiovisuals (Campus Sants)<\/option><option value=\"Facultat de Medicina i Ci\u00e8ncies de la salut (Campus Cl\u00ednic)\">Facultat de Medicina i Ci\u00e8ncies de la salut (Campus Cl\u00ednic)<\/option><option value=\"Facultat de Medicina i Ci\u00e8ncies de la salut (Campus de Bellvitge)\">Facultat de Medicina i Ci\u00e8ncies de la salut (Campus de Bellvitge)<\/option><option value=\"Facultat de Psicologia (Campus Mundet - Edifici Ponent)\">Facultat de Psicologia (Campus Mundet - Edifici Ponent)<\/option><option value=\"Pavell\u00f3 Rosa\">Pavell\u00f3 Rosa<\/option><option value=\"Servei d&#039;Esports\">Servei d&#039;Esports<\/option><\/select><\/span>\n\t\t<\/p>\n\t<\/fieldset>\n\t<fieldset>\n\t\t<legend>Documents necessaris durant l'activitat\n\t\t<\/legend>\n\t\t<p>Si necessites comunicar algun accident, risc, etc. durant l\u2019activitat, podr\u00e0s fer-ho des de la p\u00e0gina \"<a href=\"https:\/\/www.ub.edu\/ossma\/seguretat-salut\/coordinacio-activitats-empresarials-cae\/documentacio-empreses\/empreses-externes-documents-necessaris-activitat\" target=\"_blank\">Documents necessaris durant l'activitat<\/a>\".\n\t\t<\/p>\n\t<\/fieldset>\n\t<fieldset>\n\t\t<legend>Certifico\n\t\t<\/legend>\n\t\t<ol>\n\t\t\t<li>\n\t\t\t\t<p>Que la instituci\u00f3 que represento garanteix que es coneixen les normes d\u2019actuaci\u00f3 en cas d\u2019emerg\u00e8ncia del centre i que es compleixen les normes generals de seguretat i salut a la UB, aix\u00ed com totes aquelles que, d\u2019acord amb les directrius de les autoritats sanit\u00e0ries, siguin necess\u00e0ries per a garantir la seguretat i la salut dels participants, durant el desenvolupament de les activitats en els edificis i instal\u00b7lacions de la Universitat de Barcelona.\n\t\t\t\t<\/p>\n\t\t\t<\/li>\n\t\t\t<li>\n\t\t\t\t<p>Que la instituci\u00f3 que represento est\u00e0 en disposici\u00f3 d\u2019acreditar documentalment a la UB tota la informaci\u00f3 facilitada en aquesta declaraci\u00f3 i que es compromet a actualitzar-la en cas de variacions.\n\t\t\t\t<\/p>\n\t\t\t<\/li>\n\t\t\t<li>\n\t\t\t\t<p>Que tota la informaci\u00f3 tractada per a la gesti\u00f3 de la coordinaci\u00f3 preventiva es tractar\u00e0 sempre respectant la legislaci\u00f3 de protecci\u00f3 de dades personals.\n\t\t\t\t<\/p>\n\t\t\t<\/li>\n\t\t<\/ol>\n\t\t<p><label for=\"signatura-representant\">Signatura de la persona interlocutora de l'empresa*<br \/>\n<small>(Dibuixa la teva signatura al requadre)<\/small><\/label>\n\t\t<\/p>\n\t\t<div class=\"formulari-dreta\">\n\t\t\t<p><div class=\"dscf7_signature\">\n\t\t\t<div class=\"dscf7_signature_inner\">\n\t\t\t\t<canvas id=\"digital_signature-pad_signatura-representant\" name=\"signatura-representant\" class=\"digital_signature-pad\" color=\"#000000\" backcolor=\"#dddddd\" width=\"300\" height=\"200\"><\/canvas>\n\t\t\t\t<input class=\"clearButton\" type=\"button\" value=\"+\">\n\t\t\t<\/div>\n\t\t\t<span class=\"wpcf7-form-control-wrap signatura-representant\" data-name=\"signatura-representant\">\n\t\t\t\t<input class=\"wpcf7-form-control wpcf7-signature wpcf7-validates-as-required wpcf7-validates-as-signature dscf7-signature\" id=\"signatura-representant\" value=\"\" type=\"hidden\" name=\"signatura-representant\"\/>\n\t\t\t\t<input type=\"hidden\" name=\"signatura-representant-attachment\" class=\"wpcf7_input_signatura-representant_attachment\"\/>\n\t\t\t\t<input type=\"hidden\" name=\"signatura-representant-inline\" class=\"wpcf7_input_signatura-representant_inline\"\/>\n\t\t\t<\/span>\n\t\t<\/div>\n\t\t\t<\/p>\n\t\t<\/div>\n\t<\/fieldset>\n\t<p><b>Dret d\u2019informaci\u00f3 relatiu al tractament de dades personals<\/b><br \/>\n(1) El responsable del tractament de les vostres dades \u00e9s la Secretaria General de la Universitat de Barcelona. (2) La finalitat del tractament \u00e9s gestionar la prevenci\u00f3 de riscos laborals. (3) Teniu dret a accedir a les vostres dades, rectificar-les, suprimir-les, oposar-vos al seu tractament, sol\u00b7licitar-ne la portabilitat i la limitaci\u00f3 dels tractaments, en determinades circumst\u00e0ncies. (4) Podeu consultar <a href=\"https:\/\/www.ub.edu\/ossma\/dret-informacio-addicional\">la informaci\u00f3 detallada dels tractaments esmentats<\/a>.\n\t<\/p>\n\t<p><span class=\"wpcf7-form-control-wrap\" data-name=\"dret-informacio\"><span class=\"wpcf7-form-control wpcf7-acceptance\"><span class=\"wpcf7-list-item\"><label><input type=\"checkbox\" name=\"dret-informacio\" value=\"1\" id=\"dret-informacio\" aria-invalid=\"false\" \/><span class=\"wpcf7-list-item-label\">Declaro que he llegit el dret d\u2019informaci\u00f3*.<\/span><\/label><\/span><\/span><\/span>\n\t<\/p>\n\t<p><input class=\"wpcf7-form-control wpcf7-submit has-spinner\" type=\"submit\" value=\"Enviar\" \/>\n\t<\/p>\n\t<p>(El formulari pot trigar uns segons a confirmar l'enviament. Si us plau, no el reenvieu ni recarregueu la p\u00e0gina)\n\t<\/p>\n<\/div><p style=\"display: none !important;\" class=\"akismet-fields-container\" data-prefix=\"_wpcf7_ak_\"><label>&#916;<textarea name=\"_wpcf7_ak_hp_textarea\" cols=\"45\" rows=\"8\" maxlength=\"100\"><\/textarea><\/label><input type=\"hidden\" id=\"ak_js_1\" name=\"_wpcf7_ak_js\" value=\"174\"\/><script>\ndocument.getElementById( \"ak_js_1\" ).setAttribute( \"value\", ( new Date() ).getTime() );\n<\/script>\n<\/p><div class=\"wpcf7-response-output\" aria-hidden=\"true\"><\/div>\n<\/form>\n<\/div>\n\n","protected":false},"excerpt":{"rendered":"<div class=\"wp-block-columns cae taronja is-layout-flex wp-container-core-columns-is-layout-9d6595d7 wp-block-columns-is-layout-flex\">\n<div class=\"wp-block-column is-layout-flow wp-block-column-is-layout-flow\" style=\"flex-basis:30%\"><\/div>\n<\/div>\n","protected":false},"author":1,"featured_media":25012,"parent":2600,"menu_order":0,"comment_status":"closed","ping_status":"closed","template":"","meta":{"advgb_blocks_editor_width":"","advgb_blocks_columns_visual_guide":"","footnotes":""},"class_list":["post-2915","page","type-page","status-publish","has-post-thumbnail"],"coauthors":[],"author_meta":{"author_link":"https:\/\/www.ub.edu\/ossma\/author\/ossmau1","display_name":"OSSMA"},"relative_dates":{"created":"Posted 8 anys ago","modified":"Updated 2 mesos ago"},"absolute_dates":{"created":"Posted on 11\/12\/2017","modified":"Updated on 12\/03\/2026"},"absolute_dates_time":{"created":"Posted on 11\/12\/2017 12:29","modified":"Updated on 12\/03\/2026 10:02"},"featured_img_caption":"","featured_img":"https:\/\/www.ub.edu\/ossma\/wp-content\/uploads\/2021\/04\/banner-cae.jpg","series_order":"","_links":{"self":[{"href":"https:\/\/www.ub.edu\/ossma\/wp-json\/wp\/v2\/pages\/2915","targetHints":{"allow":["GET"]}}],"collection":[{"href":"https:\/\/www.ub.edu\/ossma\/wp-json\/wp\/v2\/pages"}],"about":[{"href":"https:\/\/www.ub.edu\/ossma\/wp-json\/wp\/v2\/types\/page"}],"author":[{"embeddable":true,"href":"https:\/\/www.ub.edu\/ossma\/wp-json\/wp\/v2\/users\/1"}],"replies":[{"embeddable":true,"href":"https:\/\/www.ub.edu\/ossma\/wp-json\/wp\/v2\/comments?post=2915"}],"version-history":[{"count":79,"href":"https:\/\/www.ub.edu\/ossma\/wp-json\/wp\/v2\/pages\/2915\/revisions"}],"predecessor-version":[{"id":40499,"href":"https:\/\/www.ub.edu\/ossma\/wp-json\/wp\/v2\/pages\/2915\/revisions\/40499"}],"up":[{"embeddable":true,"href":"https:\/\/www.ub.edu\/ossma\/wp-json\/wp\/v2\/pages\/2600"}],"wp:featuredmedia":[{"embeddable":true,"href":"https:\/\/www.ub.edu\/ossma\/wp-json\/wp\/v2\/media\/25012"}],"wp:attachment":[{"href":"https:\/\/www.ub.edu\/ossma\/wp-json\/wp\/v2\/media?parent=2915"}],"curies":[{"name":"wp","href":"https:\/\/api.w.org\/{rel}","templated":true}]}}