{"id":3258,"date":"2017-12-22T12:53:12","date_gmt":"2017-12-22T12:53:12","guid":{"rendered":"https:\/\/www.ub.edu\/ossma\/?page_id=3258"},"modified":"2022-11-21T08:50:24","modified_gmt":"2022-11-21T08:50:24","slug":"comunicat-risc","status":"publish","type":"page","link":"https:\/\/www.ub.edu\/ossma\/procediments-tramits\/comunicat-risc","title":{"rendered":"Comunicat de risc"},"content":{"rendered":"\n<p>Pots omplir i enviar el seg\u00fcent formulari o b\u00e9 <a rel=\"noopener noreferrer\" href=\"https:\/\/www.ub.edu\/ossma\/wp-content\/uploads\/2018\/01\/comunicat-risc.pdf\" target=\"_blank\">descarregar-lo en format PDF<\/a>.<\/p>\n\n\n\n<h2 class=\"wp-block-heading\">Formulari<\/h2>\n\n\n\n<div class=\"wp-block-contact-form-7-contact-form-selector\">\n<div class=\"wpcf7 no-js\" id=\"wpcf7-f3257-o1\" lang=\"ca\" dir=\"ltr\" data-wpcf7-id=\"3257\">\n<div class=\"screen-reader-response\"><p role=\"status\" aria-live=\"polite\" aria-atomic=\"true\"><\/p> <ul><\/ul><\/div>\n<form action=\"\/ossma\/wp-json\/wp\/v2\/pages\/3258#wpcf7-f3257-o1\" method=\"post\" class=\"wpcf7-form init\" aria-label=\"Formulari de contacte\" enctype=\"multipart\/form-data\" novalidate=\"novalidate\" data-status=\"init\">\n<fieldset class=\"hidden-fields-container\"><input type=\"hidden\" name=\"_wpcf7\" value=\"3257\" \/><input type=\"hidden\" name=\"_wpcf7_version\" value=\"6.1.5\" \/><input type=\"hidden\" name=\"_wpcf7_locale\" value=\"ca\" \/><input type=\"hidden\" name=\"_wpcf7_unit_tag\" value=\"wpcf7-f3257-o1\" \/><input type=\"hidden\" name=\"_wpcf7_container_post\" value=\"0\" \/><input type=\"hidden\" name=\"_wpcf7_posted_data_hash\" value=\"\" \/><input type=\"hidden\" name=\"_wpcf7cf_hidden_group_fields\" value=\"[]\" \/><input type=\"hidden\" name=\"_wpcf7cf_hidden_groups\" value=\"[]\" \/><input type=\"hidden\" name=\"_wpcf7cf_visible_groups\" value=\"[]\" \/><input type=\"hidden\" name=\"_wpcf7cf_repeaters\" value=\"[]\" \/><input type=\"hidden\" name=\"_wpcf7cf_steps\" value=\"{}\" \/><input type=\"hidden\" name=\"_wpcf7cf_options\" value=\"{&quot;form_id&quot;:3257,&quot;conditions&quot;:[{&quot;then_field&quot;:&quot;group-responsable&quot;,&quot;and_rules&quot;:[{&quot;if_field&quot;:&quot;incloure-responsable&quot;,&quot;operator&quot;:&quot;equals&quot;,&quot;if_value&quot;:&quot;S\\u00ed&quot;}]}],&quot;settings&quot;:{&quot;animation&quot;:&quot;yes&quot;,&quot;animation_intime&quot;:200,&quot;animation_outtime&quot;:200,&quot;conditions_ui&quot;:&quot;normal&quot;,&quot;notice_dismissed&quot;:false}}\" \/>\n<\/fieldset>\n<p>Els camps amb asterisc (*) s\u00f3n obligatoris.\n<\/p>\n<div class=\"form-two-columns\">\n\t<fieldset>\n\t\t<legend>Persona que comunica el risc\n\t\t<\/legend>\n\t\t<p><label for=\"nom-comunica\">Nom i cognoms*<\/label><span class=\"wpcf7-form-control-wrap\" data-name=\"nom-comunica\"><input size=\"40\" maxlength=\"400\" class=\"wpcf7-form-control wpcf7-text wpcf7-validates-as-required\" id=\"nom-comunica\" aria-required=\"true\" aria-invalid=\"false\" value=\"\" type=\"text\" name=\"nom-comunica\" \/><\/span>\n\t\t<\/p>\n\t\t<p><label for=\"nom-comunica\"> Tel\u00e8fon de contacte*<\/label><span class=\"wpcf7-form-control-wrap\" data-name=\"tel-comunica\"><input size=\"40\" maxlength=\"400\" class=\"wpcf7-form-control wpcf7-tel wpcf7-validates-as-required wpcf7-text wpcf7-validates-as-tel\" id=\"tel-comunica\" aria-required=\"true\" aria-invalid=\"false\" value=\"\" type=\"tel\" name=\"tel-comunica\" \/><\/span>\n\t\t<\/p>\n\t\t<p><label for=\"email-comunica\"> Adre\u00e7a electr\u00f2nica*<\/label><span class=\"wpcf7-form-control-wrap\" data-name=\"email-comunica\"><input size=\"40\" maxlength=\"400\" class=\"wpcf7-form-control wpcf7-email wpcf7-validates-as-required wpcf7-text wpcf7-validates-as-email\" id=\"email-comunica\" aria-required=\"true\" aria-invalid=\"false\" value=\"\" type=\"email\" name=\"email-comunica\" \/><\/span>\n\t\t<\/p>\n\t\t<p><label for=\"facultat\"> Facultat, Departament, unitat, servei on presta servei<\/label><span class=\"wpcf7-form-control-wrap\" data-name=\"facultat\"><input size=\"40\" maxlength=\"400\" class=\"wpcf7-form-control wpcf7-text\" id=\"facultat\" aria-invalid=\"false\" value=\"\" type=\"text\" name=\"facultat\" \/><\/span>\n\t\t<\/p>\n\t\t<p><label for=\"empresa\"> Empresa <\/label><span class=\"wpcf7-form-control-wrap\" data-name=\"empresa\"><input size=\"40\" maxlength=\"400\" class=\"wpcf7-form-control wpcf7-text\" id=\"empresa\" aria-invalid=\"false\" value=\"\" type=\"text\" name=\"empresa\" \/><\/span>\n\t\t<\/p>\n\t<\/fieldset>\n\t<fieldset>\n\t\t<legend>Descripci\u00f3 del risc\n\t\t<\/legend>\n\t\t<p><label for=\"lloc\"> Lloc on s'observa el risc*<\/label><span class=\"wpcf7-form-control-wrap\" data-name=\"lloc\"><input size=\"40\" maxlength=\"400\" class=\"wpcf7-form-control wpcf7-text wpcf7-validates-as-required\" id=\"lloc\" aria-required=\"true\" aria-invalid=\"false\" value=\"\" type=\"text\" name=\"lloc\" \/><\/span>\n\t\t<\/p>\n\t\t<p><label for=\"condicio-perillosa\"> Descripci\u00f3 de la condici\u00f3 perillosa o l'acte insegur que es produeix*<\/label><span class=\"wpcf7-form-control-wrap\" data-name=\"condicio-perillosa\"><textarea cols=\"40\" rows=\"10\" maxlength=\"2000\" class=\"wpcf7-form-control wpcf7-textarea wpcf7-validates-as-required\" id=\"condicion-perillosa\" aria-required=\"true\" aria-invalid=\"false\" name=\"condicio-perillosa\"><\/textarea><\/span>\n\t\t<\/p>\n\t\t<p><label for=\"file\">Podeu adjuntar qualsevol documentaci\u00f3 o fotografia que creieu oportuna<\/label>\n\t\t<\/p>\n\t\t<div class=\"formulari-dreta\">\n\t\t\t<p><span class=\"wpcf7-form-control-wrap\" data-name=\"foto1\"><input size=\"40\" class=\"wpcf7-form-control wpcf7-file\" accept=\"audio\/*,video\/*,image\/*\" aria-invalid=\"false\" type=\"file\" name=\"foto1\" \/><\/span><br \/>\n<span class=\"wpcf7-form-control-wrap\" data-name=\"foto2\"><input size=\"40\" class=\"wpcf7-form-control wpcf7-file\" accept=\"audio\/*,video\/*,image\/*\" aria-invalid=\"false\" type=\"file\" name=\"foto2\" \/><\/span><br \/>\n<span class=\"wpcf7-form-control-wrap\" data-name=\"foto3\"><input size=\"40\" class=\"wpcf7-form-control wpcf7-file\" accept=\"audio\/*,video\/*,image\/*\" aria-invalid=\"false\" type=\"file\" name=\"foto3\" \/><\/span>\n\t\t\t<\/p>\n\t\t<\/div>\n\t\t<div class=\"clear\">\n\t\t<\/div>\n\t\t<p><label for=\"tipus-risc\">Percepci\u00f3 del tipus de risc*<\/label><span class=\"wpcf7-form-control-wrap\" data-name=\"tipus-risc\"><span class=\"wpcf7-form-control wpcf7-checkbox wpcf7-validates-as-required\" id=\"tipus-risc\"><span class=\"wpcf7-list-item first\"><input type=\"checkbox\" name=\"tipus-risc[]\" value=\"Baix\" \/><span class=\"wpcf7-list-item-label\">Baix<\/span><\/span><span class=\"wpcf7-list-item\"><input type=\"checkbox\" name=\"tipus-risc[]\" value=\"Mitj\u00e0\" \/><span class=\"wpcf7-list-item-label\">Mitj\u00e0<\/span><\/span><span class=\"wpcf7-list-item\"><input type=\"checkbox\" name=\"tipus-risc[]\" value=\"Alt\" \/><span class=\"wpcf7-list-item-label\">Alt<\/span><\/span><span class=\"wpcf7-list-item last\"><input type=\"checkbox\" name=\"tipus-risc[]\" value=\"Molt alt\" \/><span class=\"wpcf7-list-item-label\">Molt alt<\/span><\/span><\/span><\/span>\n\t\t<\/p>\n\t\t<p><label for=\"mesures\"> Mesures correctores adoptades\/propostes<\/label><span class=\"wpcf7-form-control-wrap\" data-name=\"mesures\"><textarea cols=\"40\" rows=\"10\" maxlength=\"2000\" class=\"wpcf7-form-control wpcf7-textarea\" id=\"mesures\" aria-invalid=\"false\" name=\"mesures\"><\/textarea><\/span>\n\t\t<\/p>\n\t\t<p><label for=\"observacions\">Altres observacions<\/label><span class=\"wpcf7-form-control-wrap\" data-name=\"observacions\"><textarea cols=\"40\" rows=\"10\" maxlength=\"2000\" class=\"wpcf7-form-control wpcf7-textarea\" id=\"observacions\" aria-invalid=\"false\" name=\"observacions\"><\/textarea><\/span>\n\t\t<\/p>\n\t<\/fieldset>\n\t<fieldset>\n\t\t<legend>Persona responsable del lloc o activitat on s'observa el risc\n\t\t<\/legend>\n\t\t<p>Aquestes dades no s\u00f3n obligat\u00f2ries, si considereu adient incloure-les, cliqueu la casella. En aquest cas s\u2019enviar\u00e0 una c\u00f2pia del comunicat de risc a l\u2019adre\u00e7a electr\u00f2nica facilitada.\n\t\t<\/p>\n\t\t<p><label for=\"incloure-responsable\">Vull incloure les dades de la persona responsable<\/label><span class=\"wpcf7-form-control-wrap\" data-name=\"incloure-responsable\"><span class=\"wpcf7-form-control wpcf7-radio\" id=\"incloure-responsable\"><span class=\"wpcf7-list-item first\"><input type=\"radio\" name=\"incloure-responsable\" value=\"S\u00ed\" \/><span class=\"wpcf7-list-item-label\">S\u00ed<\/span><\/span><span class=\"wpcf7-list-item last\"><input type=\"radio\" name=\"incloure-responsable\" value=\"No\" \/><span class=\"wpcf7-list-item-label\">No<\/span><\/span><\/span><\/span>\n\t\t<\/p>\n\t\t<div data-id=\"group-responsable\" data-orig_data_id=\"group-responsable\" data-clear_on_hide class=\"\" data-class=\"wpcf7cf_group\">\n\t\t\t<p><label for=\"nom-responsable\">Nom i cognoms*<\/label><span class=\"wpcf7-form-control-wrap\" data-name=\"nom-responsable\"><input size=\"40\" maxlength=\"400\" class=\"wpcf7-form-control wpcf7-text wpcf7-validates-as-required\" id=\"nom-responsable\" aria-required=\"true\" aria-invalid=\"false\" value=\"\" type=\"text\" name=\"nom-responsable\" \/><\/span>\n\t\t\t<\/p>\n\t\t\t<p><label for=\"tel-responsable\"> Tel\u00e8fon de contacte<\/label><span class=\"wpcf7-form-control-wrap\" data-name=\"tel-responsable\"><input size=\"40\" maxlength=\"400\" class=\"wpcf7-form-control wpcf7-tel wpcf7-text wpcf7-validates-as-tel\" id=\"tel-responsable\" aria-invalid=\"false\" value=\"\" type=\"tel\" name=\"tel-responsable\" \/><\/span>\n\t\t\t<\/p>\n\t\t\t<p><label for=\"email-responsable\"> Adre\u00e7a electr\u00f2nica*<\/label><span class=\"wpcf7-form-control-wrap\" data-name=\"email-responsable\"><input size=\"40\" maxlength=\"400\" class=\"wpcf7-form-control wpcf7-email wpcf7-validates-as-required wpcf7-text wpcf7-validates-as-email\" id=\"email-responsable\" aria-required=\"true\" aria-invalid=\"false\" value=\"\" type=\"email\" name=\"email-responsable\" \/><\/span>\n\t\t\t<\/p>\n\t\t<\/div>\n\t<\/fieldset>\n\t<fieldset>\n\t\t<legend>Signatura\n\t\t<\/legend>\n\t\t<p><label for=\"signatura-comunica\">Signatura de la persona que comunica el risc*<br \/>\n<small>(Dibuixa la teva signatura al requadre)<\/small><\/label>\n\t\t<\/p>\n\t\t<div class=\"formulari-dreta\">\n\t\t\t<p><div class=\"dscf7_signature\">\n\t\t\t<div class=\"dscf7_signature_inner\">\n\t\t\t\t<canvas id=\"digital_signature-pad_signatura-comunica\" name=\"signatura-comunica\" class=\"digital_signature-pad\" color=\"#000000\" backcolor=\"#dddddd\" width=\"300\" height=\"200\"><\/canvas>\n\t\t\t\t<input class=\"clearButton\" type=\"button\" value=\"+\">\n\t\t\t<\/div>\n\t\t\t<span class=\"wpcf7-form-control-wrap signatura-comunica\" data-name=\"signatura-comunica\">\n\t\t\t\t<input class=\"wpcf7-form-control wpcf7-signature wpcf7-validates-as-required wpcf7-validates-as-signature dscf7-signature\" id=\"signatura-comunica\" value=\"\" type=\"hidden\" name=\"signatura-comunica\"\/>\n\t\t\t\t<input type=\"hidden\" name=\"signatura-comunica-attachment\" class=\"wpcf7_input_signatura-comunica_attachment\"\/>\n\t\t\t\t<input type=\"hidden\" name=\"signatura-comunica-inline\" class=\"wpcf7_input_signatura-comunica_inline\"\/>\n\t\t\t<\/span>\n\t\t<\/div>\n\t\t\t<\/p>\n\t\t<\/div>\n\t<\/fieldset>\n\t<p><b>Dret d\u2019informaci\u00f3 relatiu al tractament de dades personals<\/b>\n\t<\/p>\n\t<p>(1) El responsable del tractament de les vostres dades \u00e9s la Secretaria General de la Universitat de Barcelona. (2) La finalitat del tractament \u00e9s gestionar la prevenci\u00f3 de riscos laborals. (3) Teniu dret a accedir a les vostres dades, rectificar-les, suprimir-les, oposar-vos al seu tractament, sol\u00b7licitar-ne la portabilitat i la limitaci\u00f3 dels tractaments, en determinades circumst\u00e0ncies. (4) Podeu consultar la <a href=\"https:\/\/www.ub.edu\/ossma\/dret-informacio-addicional\">informaci\u00f3 detallada dels tractaments esmentats<\/a>\n\t<\/p>\n\t<p><span class=\"wpcf7-form-control-wrap\" data-name=\"dret-informacio\"><span class=\"wpcf7-form-control wpcf7-acceptance\"><span class=\"wpcf7-list-item\"><label><input type=\"checkbox\" name=\"dret-informacio\" value=\"1\" id=\"dret-informacio\" aria-invalid=\"false\" \/><span class=\"wpcf7-list-item-label\">Declaro que he llegit el dret d\u2019informaci\u00f3.<\/span><\/label><\/span><\/span><\/span>\n\t<\/p>\n<\/div>\n<p><span class=\"wpcf7-form-control-wrap\" data-name=\"campo-quiz\"><label><span class=\"wpcf7-quiz-label\">Pregunta antispam: suma 20+20<\/span> <input size=\"40\" class=\"wpcf7-form-control wpcf7-quiz\" autocomplete=\"off\" aria-required=\"true\" aria-invalid=\"false\" type=\"text\" name=\"campo-quiz\" \/><\/label><input type=\"hidden\" name=\"_wpcf7_quiz_answer_campo-quiz\" value=\"4336641897d6c7eeabcdaa193412e5ee\" \/><\/span>\n<\/p>\n<p><input class=\"wpcf7-form-control wpcf7-submit has-spinner\" type=\"submit\" value=\"Enviar\" \/>\n<\/p>\n<p>(El formulari pot trigar uns segons en confirmar l'enviament. Si us plau, no el reenvieu ni recarregueu la p\u00e0gina.)\n<\/p><p style=\"display: none !important;\" class=\"akismet-fields-container\" data-prefix=\"_wpcf7_ak_\"><label>&#916;<textarea name=\"_wpcf7_ak_hp_textarea\" cols=\"45\" rows=\"8\" maxlength=\"100\"><\/textarea><\/label><input type=\"hidden\" id=\"ak_js_1\" name=\"_wpcf7_ak_js\" value=\"61\"\/><script>document.getElementById( \"ak_js_1\" ).setAttribute( \"value\", ( new Date() ).getTime() );<\/script><\/p><div class=\"wpcf7-response-output\" aria-hidden=\"true\"><\/div>\n<\/form>\n<\/div>\n<\/div>\n\n\n\n<p><\/p>\n","protected":false},"excerpt":{"rendered":"<p>Pots omplir i enviar el seg\u00fcent formulari o b\u00e9 <a rel=\"noopener noreferrer\" href=\"https:\/\/www.ub.edu\/ossma\/wp-content\/uploads\/2018\/01\/comunicat-risc.pdf\" target=\"_blank\">descarregar-lo en format PDF<\/a>.<\/p>\n","protected":false},"author":1,"featured_media":24958,"parent":771,"menu_order":0,"comment_status":"closed","ping_status":"closed","template":"","meta":{"advgb_blocks_editor_width":"","advgb_blocks_columns_visual_guide":"","footnotes":""},"class_list":["post-3258","page","type-page","status-publish","has-post-thumbnail"],"coauthors":[],"author_meta":{"author_link":"https:\/\/www.ub.edu\/ossma\/author\/ossmau1","display_name":"OSSMA"},"relative_dates":{"created":"Posted 8 anys ago","modified":"Updated 3 anys ago"},"absolute_dates":{"created":"Posted on 22\/12\/2017","modified":"Updated on 21\/11\/2022"},"absolute_dates_time":{"created":"Posted on 22\/12\/2017 12:53","modified":"Updated on 21\/11\/2022 8:50"},"featured_img_caption":"","featured_img":"https:\/\/www.ub.edu\/ossma\/wp-content\/uploads\/2021\/04\/banner-notificacions.jpg","series_order":"","_links":{"self":[{"href":"https:\/\/www.ub.edu\/ossma\/wp-json\/wp\/v2\/pages\/3258","targetHints":{"allow":["GET"]}}],"collection":[{"href":"https:\/\/www.ub.edu\/ossma\/wp-json\/wp\/v2\/pages"}],"about":[{"href":"https:\/\/www.ub.edu\/ossma\/wp-json\/wp\/v2\/types\/page"}],"author":[{"embeddable":true,"href":"https:\/\/www.ub.edu\/ossma\/wp-json\/wp\/v2\/users\/1"}],"replies":[{"embeddable":true,"href":"https:\/\/www.ub.edu\/ossma\/wp-json\/wp\/v2\/comments?post=3258"}],"version-history":[{"count":11,"href":"https:\/\/www.ub.edu\/ossma\/wp-json\/wp\/v2\/pages\/3258\/revisions"}],"predecessor-version":[{"id":29270,"href":"https:\/\/www.ub.edu\/ossma\/wp-json\/wp\/v2\/pages\/3258\/revisions\/29270"}],"up":[{"embeddable":true,"href":"https:\/\/www.ub.edu\/ossma\/wp-json\/wp\/v2\/pages\/771"}],"wp:featuredmedia":[{"embeddable":true,"href":"https:\/\/www.ub.edu\/ossma\/wp-json\/wp\/v2\/media\/24958"}],"wp:attachment":[{"href":"https:\/\/www.ub.edu\/ossma\/wp-json\/wp\/v2\/media?parent=3258"}],"curies":[{"name":"wp","href":"https:\/\/api.w.org\/{rel}","templated":true}]}}