{"id":40066,"date":"2022-07-15T17:25:56","date_gmt":"2022-07-15T17:25:56","guid":{"rendered":"https:\/\/www.ub.edu\/ossma?page_id=40066"},"modified":"2023-01-31T07:26:55","modified_gmt":"2023-01-31T07:26:55","slug":"material-escriptori","status":"publish","type":"page","link":"https:\/\/www.ub.edu\/ossma\/medi-ambient\/consum-responsable\/que-com-comprar\/material-escriptori","title":{"rendered":"Material d&#8217;escriptori"},"content":{"rendered":"\n<p>Abans de comprar material d\u2019escriptori, consulteu els consells de l\u2019apartat altres compres, on es proposa fer-nos tres preguntes:<\/p>\n\n\n\n<ul class=\"wp-block-list\">\n<li>Realment el necessito?<\/li>\n\n\n\n<li>Quins impactes ambientals i socials acompanyen aquest producte o servei?<\/li>\n\n\n\n<li>Hi ha alguna altra alternativa al mercat m\u00e9s responsable i respectuosa amb el medi ambient?<\/li>\n<\/ul>\n\n\n\n<p>Com a criteris generals, en la compra de material d&#8217;escriptori podem seguir les seg\u00fcents pautes:<\/p>\n\n\n\n<ul class=\"wp-block-list\">\n<li>Reduir el seu consum i comprar nom\u00e9s les quantitats necess\u00e0ries.<\/li>\n\n\n\n<li>Reutilitzar internament el material, com ara carpetes, arxivadors o fundes.<\/li>\n\n\n\n<li>Si \u00e9s possible, compartir el material i aprofitar el que ja no facin servir en altres unitats administratives.<\/li>\n\n\n\n<li>En moltes ocasions, aquest tipus de productes barreja materials (metall, pl\u00e0stic, cartr\u00f3), i aix\u00f2 dificulta la seva gesti\u00f3 com a residu quan arriba al final de la vida \u00fatil. \u00c9s millor escollir els que siguin d\u2019un sol material o f\u00e0cils de desmuntar.<\/li>\n\n\n\n<li>Escollir productes fabricats amb materials reciclats.<\/li>\n\n\n\n<li>Prioritzar el material d\u2019escriptori de cartr\u00f3 per davant del de pl\u00e0stic.<\/li>\n\n\n\n<li>Seleccionar productes recarregables, com \u00e9s el cas del material d\u2019escriptura, i comprar rec\u00e0rregues quan s\u2019esgotin en comptes de tornar a comprar el material sencer nou.<\/li>\n\n\n\n<li>Si el material es pot comprar en diferents gramatges o gruixos, escollir el m\u00e9s petit, ja que cont\u00e9 menys mat\u00e8ries primeres.<\/li>\n\n\n\n<li>Seleccionar material amb etiqueta ecol\u00f2gica, com ara l\u2019etiqueta ecol\u00f2gica de la Uni\u00f3 Europea, l\u2019\u00c0ngel Blau, o les certificacions FSC i PEFC per a productes derivats de la fusta.<\/li>\n<\/ul>\n","protected":false},"excerpt":{"rendered":"<p>Abans de comprar material d\u2019escriptori, consulteu els consells de l\u2019apartat altres compres, on es proposa fer-nos tres preguntes:<\/p>\n","protected":false},"author":1,"featured_media":24282,"parent":40014,"menu_order":0,"comment_status":"closed","ping_status":"closed","template":"","meta":{"advgb_blocks_editor_width":"","advgb_blocks_columns_visual_guide":"","footnotes":""},"class_list":["post-40066","page","type-page","status-publish","has-post-thumbnail"],"coauthors":[],"author_meta":{"author_link":"https:\/\/www.ub.edu\/ossma\/author\/ossmau1","display_name":"OSSMA"},"relative_dates":{"created":"Posted 4 anys ago","modified":"Updated 3 anys ago"},"absolute_dates":{"created":"Posted on 15\/07\/2022","modified":"Updated on 31\/01\/2023"},"absolute_dates_time":{"created":"Posted on 15\/07\/2022 17:25","modified":"Updated on 31\/01\/2023 7:26"},"featured_img_caption":"","featured_img":"https:\/\/www.ub.edu\/ossma\/wp-content\/uploads\/2021\/03\/banner-consells-consum.jpg","series_order":"","_links":{"self":[{"href":"https:\/\/www.ub.edu\/ossma\/wp-json\/wp\/v2\/pages\/40066","targetHints":{"allow":["GET"]}}],"collection":[{"href":"https:\/\/www.ub.edu\/ossma\/wp-json\/wp\/v2\/pages"}],"about":[{"href":"https:\/\/www.ub.edu\/ossma\/wp-json\/wp\/v2\/types\/page"}],"author":[{"embeddable":true,"href":"https:\/\/www.ub.edu\/ossma\/wp-json\/wp\/v2\/users\/1"}],"replies":[{"embeddable":true,"href":"https:\/\/www.ub.edu\/ossma\/wp-json\/wp\/v2\/comments?post=40066"}],"version-history":[{"count":3,"href":"https:\/\/www.ub.edu\/ossma\/wp-json\/wp\/v2\/pages\/40066\/revisions"}],"predecessor-version":[{"id":44142,"href":"https:\/\/www.ub.edu\/ossma\/wp-json\/wp\/v2\/pages\/40066\/revisions\/44142"}],"up":[{"embeddable":true,"href":"https:\/\/www.ub.edu\/ossma\/wp-json\/wp\/v2\/pages\/40014"}],"wp:featuredmedia":[{"embeddable":true,"href":"https:\/\/www.ub.edu\/ossma\/wp-json\/wp\/v2\/media\/24282"}],"wp:attachment":[{"href":"https:\/\/www.ub.edu\/ossma\/wp-json\/wp\/v2\/media?parent=40066"}],"curies":[{"name":"wp","href":"https:\/\/api.w.org\/{rel}","templated":true}]}}