{"id":40095,"date":"2022-07-15T17:52:36","date_gmt":"2022-07-15T17:52:36","guid":{"rendered":"https:\/\/www.ub.edu\/ossma?page_id=40095"},"modified":"2022-07-16T12:01:33","modified_gmt":"2022-07-16T12:01:33","slug":"reactius-laboratori","status":"publish","type":"page","link":"https:\/\/www.ub.edu\/ossma\/medi-ambient\/consum-responsable\/que-com-comprar\/reactius-laboratori","title":{"rendered":"Reactius laboratori"},"content":{"rendered":"\n<div class=\"wp-block-columns is-layout-flex wp-container-core-columns-is-layout-9d6595d7 wp-block-columns-is-layout-flex\">\n<div class=\"wp-block-column is-layout-flow wp-block-column-is-layout-flow\" style=\"flex-basis:70%\">\n<p>Recordeu que heu de disposar de la fitxa de dades de seguretat dels reactius que compreu i que no heu de manipular un producte sense con\u00e8ixer la seva perillositat i les mesures preventives necess\u00e0ries per a la seva manipulaci\u00f3 segura.<\/p>\n\n\n\n<p>Compreu \u00fanicament el volum de reactiu que necessiteu per a l\u2019experimentaci\u00f3 programada. Eviteu tenir un exc\u00e9s d\u2019estoc i emmagatzemeu els reactius als armaris de seguretat adients, garantint que no es donen incompatibilitats.<\/p>\n\n\n\n<p>La manipulaci\u00f3 dels reactius qu\u00edmics s\u2019ha de fer sota vitrines d\u2019extracci\u00f3 de gasos amb conductes i sistema d\u2019extracci\u00f3 incorporat, i fer servir sempre bata de laboratori, ulleres de seguretat i cal\u00e7at tancat.<\/p>\n<\/div>\n\n\n\n<div class=\"wp-block-column is-layout-flow wp-block-column-is-layout-flow\" style=\"flex-basis:30%\">\n<figure class=\"wp-block-image size-medium\"><img fetchpriority=\"high\" decoding=\"async\" width=\"300\" height=\"212\" src=\"https:\/\/www.ub.edu\/ossma\/wp-content\/uploads\/2022\/07\/cartell-epis-laboratoris-300x212.png\" alt=\"Bata, ulleres de seguretat i botes\" class=\"wp-image-40102\" srcset=\"https:\/\/www.ub.edu\/ossma\/wp-content\/uploads\/2022\/07\/cartell-epis-laboratoris-300x212.png 300w, https:\/\/www.ub.edu\/ossma\/wp-content\/uploads\/2022\/07\/cartell-epis-laboratoris.png 600w\" sizes=\"(max-width: 300px) 100vw, 300px\" \/><\/figure>\n<\/div>\n<\/div>\n\n\n\n<p>En el seg\u00fcent enlla\u00e7 trobareu informaci\u00f3, consells i mesures preventives que us ajudaran a evitar accidents i a treballar de forma m\u00e9s segura al laboratori:<\/p>\n\n\n\n<div class=\"wp-block-columns are-vertically-aligned-center icona-dorat ombra is-layout-flex wp-container-core-columns-is-layout-9d6595d7 wp-block-columns-is-layout-flex\">\n<div class=\"wp-block-column is-vertically-aligned-center is-layout-flow wp-block-column-is-layout-flow\">\n<div class=\"wp-block-advgb-icon icon-wrapper advgb-icon-a77c3089-9788-405e-a6b1-9c3fb6334247\"><div class=\"advgb-icons\"><div class=\"advgb-icon-style-default advgb-icon-wrap advgb-item-0\"><span class=\"advgb-icon advgb-icon-colorize\"><i class=\"material-icons\">colorize<\/i><\/span><\/div><\/div><\/div>\n\n\n\n<p class=\"has-text-align-center\"><a href=\"https:\/\/www.ub.edu\/ossma\/seguretat-salut\/espai-preventiu-pas-pdi-pi\/informat\/laboratori-quimic\" data-type=\"page\" data-id=\"19952\">Laboratori qu\u00edmic<\/a><\/p>\n<\/div>\n\n\n\n<div class=\"wp-block-column is-vertically-aligned-center is-layout-flow wp-block-column-is-layout-flow\">\n<p>\u2022 Normes generals al laboratori<br>\u2022 Manipulaci\u00f3 d\u2019agents qu\u00edmics<br>\u2022 Equips de protecci\u00f3 individual<br>\u2022 Emmagatzematge de productes qu\u00edmics<br>\u2022 Gesti\u00f3 de residus<\/p>\n<\/div>\n<\/div>\n<style class=\"advgb-styles-renderer\">#advgb-icon-a77c3089-9788-405e-a6b1-9c3fb6334247 .advgb-icons, .advgb-icon-a77c3089-9788-405e-a6b1-9c3fb6334247 .advgb-icons {text-align: center;}#advgb-icon-a77c3089-9788-405e-a6b1-9c3fb6334247 .advgb-item-0 .advgb-icon, .advgb-icon-a77c3089-9788-405e-a6b1-9c3fb6334247 .advgb-item-0 .advgb-icon {display: flex;align-items:center;margin-top: 0px;margin-bottom: 0px;margin-left: 0px;margin-right: 40px;padding-top: 0;padding-bottom: 0;padding-left: 0;padding-right: 0;border-width: 0;border-style: solid;border-color: #111;border-radius: 0%;background-color: ;}#advgb-icon-a77c3089-9788-405e-a6b1-9c3fb6334247 .advgb-item-0 .advgb-icon > i, .advgb-icon-a77c3089-9788-405e-a6b1-9c3fb6334247 .advgb-item-0 .advgb-icon > i{font-size: 120px;color: #111111;}#advgb-icon-a77c3089-9788-405e-a6b1-9c3fb6334247 .advgb-item-1 .advgb-icon, .advgb-icon-a77c3089-9788-405e-a6b1-9c3fb6334247 .advgb-item-1 .advgb-icon {display: flex;align-items:center;margin-top: 0px;margin-bottom: 0px;margin-left: 0px;margin-right: 40px;padding-top: 0;padding-bottom: 0;padding-left: 0;padding-right: 0;border-width: 0;border-style: solid;border-color: #111;border-radius: 0%;background-color: ;}#advgb-icon-a77c3089-9788-405e-a6b1-9c3fb6334247 .advgb-item-1 .advgb-icon > i, .advgb-icon-a77c3089-9788-405e-a6b1-9c3fb6334247 .advgb-item-1 .advgb-icon > i{font-size: 120px;color: #111111;}#advgb-icon-a77c3089-9788-405e-a6b1-9c3fb6334247 .advgb-item-2 .advgb-icon, .advgb-icon-a77c3089-9788-405e-a6b1-9c3fb6334247 .advgb-item-2 .advgb-icon {display: flex;align-items:center;margin-top: 0px;margin-bottom: 0px;margin-left: 0px;margin-right: 40px;padding-top: 0;padding-bottom: 0;padding-left: 0;padding-right: 0;border-width: 0;border-style: solid;border-color: #111;border-radius: 0%;background-color: ;}#advgb-icon-a77c3089-9788-405e-a6b1-9c3fb6334247 .advgb-item-2 .advgb-icon > i, .advgb-icon-a77c3089-9788-405e-a6b1-9c3fb6334247 .advgb-item-2 .advgb-icon > i{font-size: 120px;color: #111111;}#advgb-icon-a77c3089-9788-405e-a6b1-9c3fb6334247 .advgb-item-3 .advgb-icon, .advgb-icon-a77c3089-9788-405e-a6b1-9c3fb6334247 .advgb-item-3 .advgb-icon {display: flex;align-items:center;margin-top: 0px;margin-bottom: 0px;margin-left: 0px;margin-right: 40px;padding-top: 0;padding-bottom: 0;padding-left: 0;padding-right: 0;border-width: 0;border-style: solid;border-color: #111;border-radius: 0%;background-color: ;}#advgb-icon-a77c3089-9788-405e-a6b1-9c3fb6334247 .advgb-item-3 .advgb-icon > i, .advgb-icon-a77c3089-9788-405e-a6b1-9c3fb6334247 .advgb-item-3 .advgb-icon > i{font-size: 120px;color: #111111;}#advgb-icon-a77c3089-9788-405e-a6b1-9c3fb6334247 .advgb-item-4 .advgb-icon, .advgb-icon-a77c3089-9788-405e-a6b1-9c3fb6334247 .advgb-item-4 .advgb-icon {display: flex;align-items:center;margin-top: 0px;margin-bottom: 0px;margin-left: 0px;margin-right: 40px;padding-top: 0;padding-bottom: 0;padding-left: 0;padding-right: 0;border-width: 0;border-style: solid;border-color: #111;border-radius: 0%;background-color: ;}#advgb-icon-a77c3089-9788-405e-a6b1-9c3fb6334247 .advgb-item-4 .advgb-icon > i, .advgb-icon-a77c3089-9788-405e-a6b1-9c3fb6334247 .advgb-item-4 .advgb-icon > i{font-size: 120px;color: #111111;}#advgb-icon-a77c3089-9788-405e-a6b1-9c3fb6334247 .advgb-item-5 .advgb-icon, .advgb-icon-a77c3089-9788-405e-a6b1-9c3fb6334247 .advgb-item-5 .advgb-icon {display: flex;align-items:center;margin-top: 0px;margin-bottom: 0px;margin-left: 0px;margin-right: 40px;padding-top: 0;padding-bottom: 0;padding-left: 0;padding-right: 0;border-width: 0;border-style: solid;border-color: #111;border-radius: 0%;background-color: ;}#advgb-icon-a77c3089-9788-405e-a6b1-9c3fb6334247 .advgb-item-5 .advgb-icon > i, .advgb-icon-a77c3089-9788-405e-a6b1-9c3fb6334247 .advgb-item-5 .advgb-icon > i{font-size: 120px;color: #111111;}#advgb-icon-a77c3089-9788-405e-a6b1-9c3fb6334247 .advgb-item-6 .advgb-icon, .advgb-icon-a77c3089-9788-405e-a6b1-9c3fb6334247 .advgb-item-6 .advgb-icon {display: flex;align-items:center;margin-top: 0px;margin-bottom: 0px;margin-left: 0px;margin-right: 40px;padding-top: 0;padding-bottom: 0;padding-left: 0;padding-right: 0;border-width: 0;border-style: solid;border-color: #111;border-radius: 0%;background-color: ;}#advgb-icon-a77c3089-9788-405e-a6b1-9c3fb6334247 .advgb-item-6 .advgb-icon > i, .advgb-icon-a77c3089-9788-405e-a6b1-9c3fb6334247 .advgb-item-6 .advgb-icon > i{font-size: 120px;color: #111111;}#advgb-icon-a77c3089-9788-405e-a6b1-9c3fb6334247 .advgb-item-7 .advgb-icon, .advgb-icon-a77c3089-9788-405e-a6b1-9c3fb6334247 .advgb-item-7 .advgb-icon {display: flex;align-items:center;margin-top: 0px;margin-bottom: 0px;margin-left: 0px;margin-right: 40px;padding-top: 0;padding-bottom: 0;padding-left: 0;padding-right: 0;border-width: 0;border-style: solid;border-color: #111;border-radius: 0%;background-color: ;}#advgb-icon-a77c3089-9788-405e-a6b1-9c3fb6334247 .advgb-item-7 .advgb-icon > i, .advgb-icon-a77c3089-9788-405e-a6b1-9c3fb6334247 .advgb-item-7 .advgb-icon > i{font-size: 120px;color: #111111;}#advgb-icon-a77c3089-9788-405e-a6b1-9c3fb6334247 .advgb-item-8 .advgb-icon, .advgb-icon-a77c3089-9788-405e-a6b1-9c3fb6334247 .advgb-item-8 .advgb-icon {display: flex;align-items:center;margin-top: 0px;margin-bottom: 0px;margin-left: 0px;margin-right: 40px;padding-top: 0;padding-bottom: 0;padding-left: 0;padding-right: 0;border-width: 0;border-style: solid;border-color: #111;border-radius: 0%;background-color: ;}#advgb-icon-a77c3089-9788-405e-a6b1-9c3fb6334247 .advgb-item-8 .advgb-icon > i, .advgb-icon-a77c3089-9788-405e-a6b1-9c3fb6334247 .advgb-item-8 .advgb-icon > i{font-size: 120px;color: #111111;}#advgb-icon-a77c3089-9788-405e-a6b1-9c3fb6334247 .advgb-item-9 .advgb-icon, .advgb-icon-a77c3089-9788-405e-a6b1-9c3fb6334247 .advgb-item-9 .advgb-icon {display: flex;align-items:center;margin-top: 0px;margin-bottom: 0px;margin-left: 0px;margin-right: 40px;padding-top: 0;padding-bottom: 0;padding-left: 0;padding-right: 0;border-width: 0;border-style: solid;border-color: #111;border-radius: 0%;background-color: ;}#advgb-icon-a77c3089-9788-405e-a6b1-9c3fb6334247 .advgb-item-9 .advgb-icon > i, .advgb-icon-a77c3089-9788-405e-a6b1-9c3fb6334247 .advgb-item-9 .advgb-icon > i{font-size: 120px;color: #111111;}#advgb-icon-a77c3089-9788-405e-a6b1-9c3fb6334247 .advgb-icons, .advgb-icon-a77c3089-9788-405e-a6b1-9c3fb6334247 .advgb-icons {text-align: center;}#advgb-icon-a77c3089-9788-405e-a6b1-9c3fb6334247 .advgb-item-0 .advgb-icon, .advgb-icon-a77c3089-9788-405e-a6b1-9c3fb6334247 .advgb-item-0 .advgb-icon {display: flex;align-items:center;margin-top: 0px;margin-bottom: 0px;margin-left: 0px;margin-right: 40px;padding-top: 0;padding-bottom: 0;padding-left: 0;padding-right: 0;border-width: 0;border-style: solid;border-color: #111;border-radius: 0%;background-color: ;}#advgb-icon-a77c3089-9788-405e-a6b1-9c3fb6334247 .advgb-item-0 .advgb-icon > i, .advgb-icon-a77c3089-9788-405e-a6b1-9c3fb6334247 .advgb-item-0 .advgb-icon > i{font-size: 120px;color: #111111;}#advgb-icon-a77c3089-9788-405e-a6b1-9c3fb6334247 .advgb-item-1 .advgb-icon, .advgb-icon-a77c3089-9788-405e-a6b1-9c3fb6334247 .advgb-item-1 .advgb-icon {display: flex;align-items:center;margin-top: 0px;margin-bottom: 0px;margin-left: 0px;margin-right: 40px;padding-top: 0;padding-bottom: 0;padding-left: 0;padding-right: 0;border-width: 0;border-style: solid;border-color: #111;border-radius: 0%;background-color: ;}#advgb-icon-a77c3089-9788-405e-a6b1-9c3fb6334247 .advgb-item-1 .advgb-icon > i, .advgb-icon-a77c3089-9788-405e-a6b1-9c3fb6334247 .advgb-item-1 .advgb-icon > i{font-size: 120px;color: #111111;}#advgb-icon-a77c3089-9788-405e-a6b1-9c3fb6334247 .advgb-item-2 .advgb-icon, .advgb-icon-a77c3089-9788-405e-a6b1-9c3fb6334247 .advgb-item-2 .advgb-icon {display: flex;align-items:center;margin-top: 0px;margin-bottom: 0px;margin-left: 0px;margin-right: 40px;padding-top: 0;padding-bottom: 0;padding-left: 0;padding-right: 0;border-width: 0;border-style: solid;border-color: #111;border-radius: 0%;background-color: ;}#advgb-icon-a77c3089-9788-405e-a6b1-9c3fb6334247 .advgb-item-2 .advgb-icon > i, .advgb-icon-a77c3089-9788-405e-a6b1-9c3fb6334247 .advgb-item-2 .advgb-icon > i{font-size: 120px;color: #111111;}#advgb-icon-a77c3089-9788-405e-a6b1-9c3fb6334247 .advgb-item-3 .advgb-icon, .advgb-icon-a77c3089-9788-405e-a6b1-9c3fb6334247 .advgb-item-3 .advgb-icon {display: flex;align-items:center;margin-top: 0px;margin-bottom: 0px;margin-left: 0px;margin-right: 40px;padding-top: 0;padding-bottom: 0;padding-left: 0;padding-right: 0;border-width: 0;border-style: solid;border-color: #111;border-radius: 0%;background-color: ;}#advgb-icon-a77c3089-9788-405e-a6b1-9c3fb6334247 .advgb-item-3 .advgb-icon > i, .advgb-icon-a77c3089-9788-405e-a6b1-9c3fb6334247 .advgb-item-3 .advgb-icon > i{font-size: 120px;color: #111111;}#advgb-icon-a77c3089-9788-405e-a6b1-9c3fb6334247 .advgb-item-4 .advgb-icon, .advgb-icon-a77c3089-9788-405e-a6b1-9c3fb6334247 .advgb-item-4 .advgb-icon {display: flex;align-items:center;margin-top: 0px;margin-bottom: 0px;margin-left: 0px;margin-right: 40px;padding-top: 0;padding-bottom: 0;padding-left: 0;padding-right: 0;border-width: 0;border-style: solid;border-color: #111;border-radius: 0%;background-color: ;}#advgb-icon-a77c3089-9788-405e-a6b1-9c3fb6334247 .advgb-item-4 .advgb-icon > i, .advgb-icon-a77c3089-9788-405e-a6b1-9c3fb6334247 .advgb-item-4 .advgb-icon > i{font-size: 120px;color: #111111;}#advgb-icon-a77c3089-9788-405e-a6b1-9c3fb6334247 .advgb-item-5 .advgb-icon, .advgb-icon-a77c3089-9788-405e-a6b1-9c3fb6334247 .advgb-item-5 .advgb-icon {display: flex;align-items:center;margin-top: 0px;margin-bottom: 0px;margin-left: 0px;margin-right: 40px;padding-top: 0;padding-bottom: 0;padding-left: 0;padding-right: 0;border-width: 0;border-style: solid;border-color: #111;border-radius: 0%;background-color: ;}#advgb-icon-a77c3089-9788-405e-a6b1-9c3fb6334247 .advgb-item-5 .advgb-icon > i, .advgb-icon-a77c3089-9788-405e-a6b1-9c3fb6334247 .advgb-item-5 .advgb-icon > i{font-size: 120px;color: #111111;}#advgb-icon-a77c3089-9788-405e-a6b1-9c3fb6334247 .advgb-item-6 .advgb-icon, .advgb-icon-a77c3089-9788-405e-a6b1-9c3fb6334247 .advgb-item-6 .advgb-icon {display: flex;align-items:center;margin-top: 0px;margin-bottom: 0px;margin-left: 0px;margin-right: 40px;padding-top: 0;padding-bottom: 0;padding-left: 0;padding-right: 0;border-width: 0;border-style: solid;border-color: #111;border-radius: 0%;background-color: ;}#advgb-icon-a77c3089-9788-405e-a6b1-9c3fb6334247 .advgb-item-6 .advgb-icon > i, .advgb-icon-a77c3089-9788-405e-a6b1-9c3fb6334247 .advgb-item-6 .advgb-icon > i{font-size: 120px;color: #111111;}#advgb-icon-a77c3089-9788-405e-a6b1-9c3fb6334247 .advgb-item-7 .advgb-icon, .advgb-icon-a77c3089-9788-405e-a6b1-9c3fb6334247 .advgb-item-7 .advgb-icon {display: flex;align-items:center;margin-top: 0px;margin-bottom: 0px;margin-left: 0px;margin-right: 40px;padding-top: 0;padding-bottom: 0;padding-left: 0;padding-right: 0;border-width: 0;border-style: solid;border-color: #111;border-radius: 0%;background-color: ;}#advgb-icon-a77c3089-9788-405e-a6b1-9c3fb6334247 .advgb-item-7 .advgb-icon > i, .advgb-icon-a77c3089-9788-405e-a6b1-9c3fb6334247 .advgb-item-7 .advgb-icon > i{font-size: 120px;color: #111111;}#advgb-icon-a77c3089-9788-405e-a6b1-9c3fb6334247 .advgb-item-8 .advgb-icon, .advgb-icon-a77c3089-9788-405e-a6b1-9c3fb6334247 .advgb-item-8 .advgb-icon {display: flex;align-items:center;margin-top: 0px;margin-bottom: 0px;margin-left: 0px;margin-right: 40px;padding-top: 0;padding-bottom: 0;padding-left: 0;padding-right: 0;border-width: 0;border-style: solid;border-color: #111;border-radius: 0%;background-color: ;}#advgb-icon-a77c3089-9788-405e-a6b1-9c3fb6334247 .advgb-item-8 .advgb-icon > i, .advgb-icon-a77c3089-9788-405e-a6b1-9c3fb6334247 .advgb-item-8 .advgb-icon > i{font-size: 120px;color: #111111;}#advgb-icon-a77c3089-9788-405e-a6b1-9c3fb6334247 .advgb-item-9 .advgb-icon, .advgb-icon-a77c3089-9788-405e-a6b1-9c3fb6334247 .advgb-item-9 .advgb-icon {display: flex;align-items:center;margin-top: 0px;margin-bottom: 0px;margin-left: 0px;margin-right: 40px;padding-top: 0;padding-bottom: 0;padding-left: 0;padding-right: 0;border-width: 0;border-style: solid;border-color: #111;border-radius: 0%;background-color: ;}#advgb-icon-a77c3089-9788-405e-a6b1-9c3fb6334247 .advgb-item-9 .advgb-icon > i, .advgb-icon-a77c3089-9788-405e-a6b1-9c3fb6334247 .advgb-item-9 .advgb-icon > i{font-size: 120px;color: #111111;}#advgb-icon-a77c3089-9788-405e-a6b1-9c3fb6334247 .advgb-icons, .advgb-icon-a77c3089-9788-405e-a6b1-9c3fb6334247 .advgb-icons {text-align: center;}#advgb-icon-a77c3089-9788-405e-a6b1-9c3fb6334247 .advgb-item-0 .advgb-icon, .advgb-icon-a77c3089-9788-405e-a6b1-9c3fb6334247 .advgb-item-0 .advgb-icon {display: flex;align-items:center;margin-top: 0px;margin-bottom: 0px;margin-left: 0px;margin-right: 40px;padding-top: 0;padding-bottom: 0;padding-left: 0;padding-right: 0;border-width: 0;border-style: solid;border-color: #111;border-radius: 0%;background-color: ;}#advgb-icon-a77c3089-9788-405e-a6b1-9c3fb6334247 .advgb-item-0 .advgb-icon > i, .advgb-icon-a77c3089-9788-405e-a6b1-9c3fb6334247 .advgb-item-0 .advgb-icon > i{font-size: 120px;color: #111111;}#advgb-icon-a77c3089-9788-405e-a6b1-9c3fb6334247 .advgb-item-1 .advgb-icon, .advgb-icon-a77c3089-9788-405e-a6b1-9c3fb6334247 .advgb-item-1 .advgb-icon {display: flex;align-items:center;margin-top: 0px;margin-bottom: 0px;margin-left: 0px;margin-right: 40px;padding-top: 0;padding-bottom: 0;padding-left: 0;padding-right: 0;border-width: 0;border-style: solid;border-color: #111;border-radius: 0%;background-color: ;}#advgb-icon-a77c3089-9788-405e-a6b1-9c3fb6334247 .advgb-item-1 .advgb-icon > i, .advgb-icon-a77c3089-9788-405e-a6b1-9c3fb6334247 .advgb-item-1 .advgb-icon > i{font-size: 120px;color: #111111;}#advgb-icon-a77c3089-9788-405e-a6b1-9c3fb6334247 .advgb-item-2 .advgb-icon, .advgb-icon-a77c3089-9788-405e-a6b1-9c3fb6334247 .advgb-item-2 .advgb-icon {display: flex;align-items:center;margin-top: 0px;margin-bottom: 0px;margin-left: 0px;margin-right: 40px;padding-top: 0;padding-bottom: 0;padding-left: 0;padding-right: 0;border-width: 0;border-style: solid;border-color: #111;border-radius: 0%;background-color: ;}#advgb-icon-a77c3089-9788-405e-a6b1-9c3fb6334247 .advgb-item-2 .advgb-icon > i, .advgb-icon-a77c3089-9788-405e-a6b1-9c3fb6334247 .advgb-item-2 .advgb-icon > i{font-size: 120px;color: #111111;}#advgb-icon-a77c3089-9788-405e-a6b1-9c3fb6334247 .advgb-item-3 .advgb-icon, .advgb-icon-a77c3089-9788-405e-a6b1-9c3fb6334247 .advgb-item-3 .advgb-icon {display: flex;align-items:center;margin-top: 0px;margin-bottom: 0px;margin-left: 0px;margin-right: 40px;padding-top: 0;padding-bottom: 0;padding-left: 0;padding-right: 0;border-width: 0;border-style: solid;border-color: #111;border-radius: 0%;background-color: ;}#advgb-icon-a77c3089-9788-405e-a6b1-9c3fb6334247 .advgb-item-3 .advgb-icon > i, .advgb-icon-a77c3089-9788-405e-a6b1-9c3fb6334247 .advgb-item-3 .advgb-icon > i{font-size: 120px;color: #111111;}#advgb-icon-a77c3089-9788-405e-a6b1-9c3fb6334247 .advgb-item-4 .advgb-icon, .advgb-icon-a77c3089-9788-405e-a6b1-9c3fb6334247 .advgb-item-4 .advgb-icon {display: flex;align-items:center;margin-top: 0px;margin-bottom: 0px;margin-left: 0px;margin-right: 40px;padding-top: 0;padding-bottom: 0;padding-left: 0;padding-right: 0;border-width: 0;border-style: solid;border-color: #111;border-radius: 0%;background-color: ;}#advgb-icon-a77c3089-9788-405e-a6b1-9c3fb6334247 .advgb-item-4 .advgb-icon > i, .advgb-icon-a77c3089-9788-405e-a6b1-9c3fb6334247 .advgb-item-4 .advgb-icon > i{font-size: 120px;color: #111111;}#advgb-icon-a77c3089-9788-405e-a6b1-9c3fb6334247 .advgb-item-5 .advgb-icon, .advgb-icon-a77c3089-9788-405e-a6b1-9c3fb6334247 .advgb-item-5 .advgb-icon {display: flex;align-items:center;margin-top: 0px;margin-bottom: 0px;margin-left: 0px;margin-right: 40px;padding-top: 0;padding-bottom: 0;padding-left: 0;padding-right: 0;border-width: 0;border-style: solid;border-color: #111;border-radius: 0%;background-color: ;}#advgb-icon-a77c3089-9788-405e-a6b1-9c3fb6334247 .advgb-item-5 .advgb-icon > i, .advgb-icon-a77c3089-9788-405e-a6b1-9c3fb6334247 .advgb-item-5 .advgb-icon > i{font-size: 120px;color: #111111;}#advgb-icon-a77c3089-9788-405e-a6b1-9c3fb6334247 .advgb-item-6 .advgb-icon, .advgb-icon-a77c3089-9788-405e-a6b1-9c3fb6334247 .advgb-item-6 .advgb-icon {display: flex;align-items:center;margin-top: 0px;margin-bottom: 0px;margin-left: 0px;margin-right: 40px;padding-top: 0;padding-bottom: 0;padding-left: 0;padding-right: 0;border-width: 0;border-style: solid;border-color: #111;border-radius: 0%;background-color: ;}#advgb-icon-a77c3089-9788-405e-a6b1-9c3fb6334247 .advgb-item-6 .advgb-icon > i, .advgb-icon-a77c3089-9788-405e-a6b1-9c3fb6334247 .advgb-item-6 .advgb-icon > i{font-size: 120px;color: #111111;}#advgb-icon-a77c3089-9788-405e-a6b1-9c3fb6334247 .advgb-item-7 .advgb-icon, .advgb-icon-a77c3089-9788-405e-a6b1-9c3fb6334247 .advgb-item-7 .advgb-icon {display: flex;align-items:center;margin-top: 0px;margin-bottom: 0px;margin-left: 0px;margin-right: 40px;padding-top: 0;padding-bottom: 0;padding-left: 0;padding-right: 0;border-width: 0;border-style: solid;border-color: #111;border-radius: 0%;background-color: ;}#advgb-icon-a77c3089-9788-405e-a6b1-9c3fb6334247 .advgb-item-7 .advgb-icon > i, .advgb-icon-a77c3089-9788-405e-a6b1-9c3fb6334247 .advgb-item-7 .advgb-icon > i{font-size: 120px;color: #111111;}#advgb-icon-a77c3089-9788-405e-a6b1-9c3fb6334247 .advgb-item-8 .advgb-icon, .advgb-icon-a77c3089-9788-405e-a6b1-9c3fb6334247 .advgb-item-8 .advgb-icon {display: flex;align-items:center;margin-top: 0px;margin-bottom: 0px;margin-left: 0px;margin-right: 40px;padding-top: 0;padding-bottom: 0;padding-left: 0;padding-right: 0;border-width: 0;border-style: solid;border-color: #111;border-radius: 0%;background-color: ;}#advgb-icon-a77c3089-9788-405e-a6b1-9c3fb6334247 .advgb-item-8 .advgb-icon > i, .advgb-icon-a77c3089-9788-405e-a6b1-9c3fb6334247 .advgb-item-8 .advgb-icon > i{font-size: 120px;color: #111111;}#advgb-icon-a77c3089-9788-405e-a6b1-9c3fb6334247 .advgb-item-9 .advgb-icon, .advgb-icon-a77c3089-9788-405e-a6b1-9c3fb6334247 .advgb-item-9 .advgb-icon {display: flex;align-items:center;margin-top: 0px;margin-bottom: 0px;margin-left: 0px;margin-right: 40px;padding-top: 0;padding-bottom: 0;padding-left: 0;padding-right: 0;border-width: 0;border-style: solid;border-color: #111;border-radius: 0%;background-color: ;}#advgb-icon-a77c3089-9788-405e-a6b1-9c3fb6334247 .advgb-item-9 .advgb-icon > i, .advgb-icon-a77c3089-9788-405e-a6b1-9c3fb6334247 .advgb-item-9 .advgb-icon > i{font-size: 120px;color: #111111;}<\/style>","protected":false},"excerpt":{"rendered":"<div class=\"wp-block-columns is-layout-flex wp-container-core-columns-is-layout-9d6595d7 wp-block-columns-is-layout-flex\">\n<div class=\"wp-block-column is-layout-flow wp-block-column-is-layout-flow\" style=\"flex-basis:70%\"><\/div>\n<\/div>\n","protected":false},"author":1,"featured_media":24282,"parent":40014,"menu_order":0,"comment_status":"closed","ping_status":"closed","template":"","meta":{"advgb_blocks_editor_width":"","advgb_blocks_columns_visual_guide":"","footnotes":""},"class_list":["post-40095","page","type-page","status-publish","has-post-thumbnail"],"coauthors":[],"author_meta":{"author_link":"https:\/\/www.ub.edu\/ossma\/author\/ossmau1","display_name":"OSSMA"},"relative_dates":{"created":"Posted 4 anys ago","modified":"Updated 4 anys ago"},"absolute_dates":{"created":"Posted on 15\/07\/2022","modified":"Updated on 16\/07\/2022"},"absolute_dates_time":{"created":"Posted on 15\/07\/2022 17:52","modified":"Updated on 16\/07\/2022 12:01"},"featured_img_caption":"","featured_img":"https:\/\/www.ub.edu\/ossma\/wp-content\/uploads\/2021\/03\/banner-consells-consum.jpg","series_order":"","_links":{"self":[{"href":"https:\/\/www.ub.edu\/ossma\/wp-json\/wp\/v2\/pages\/40095","targetHints":{"allow":["GET"]}}],"collection":[{"href":"https:\/\/www.ub.edu\/ossma\/wp-json\/wp\/v2\/pages"}],"about":[{"href":"https:\/\/www.ub.edu\/ossma\/wp-json\/wp\/v2\/types\/page"}],"author":[{"embeddable":true,"href":"https:\/\/www.ub.edu\/ossma\/wp-json\/wp\/v2\/users\/1"}],"replies":[{"embeddable":true,"href":"https:\/\/www.ub.edu\/ossma\/wp-json\/wp\/v2\/comments?post=40095"}],"version-history":[{"count":5,"href":"https:\/\/www.ub.edu\/ossma\/wp-json\/wp\/v2\/pages\/40095\/revisions"}],"predecessor-version":[{"id":40108,"href":"https:\/\/www.ub.edu\/ossma\/wp-json\/wp\/v2\/pages\/40095\/revisions\/40108"}],"up":[{"embeddable":true,"href":"https:\/\/www.ub.edu\/ossma\/wp-json\/wp\/v2\/pages\/40014"}],"wp:featuredmedia":[{"embeddable":true,"href":"https:\/\/www.ub.edu\/ossma\/wp-json\/wp\/v2\/media\/24282"}],"wp:attachment":[{"href":"https:\/\/www.ub.edu\/ossma\/wp-json\/wp\/v2\/media?parent=40095"}],"curies":[{"name":"wp","href":"https:\/\/api.w.org\/{rel}","templated":true}]}}