{"id":40109,"date":"2022-07-16T12:02:55","date_gmt":"2022-07-16T12:02:55","guid":{"rendered":"https:\/\/www.ub.edu\/ossma?page_id=40109"},"modified":"2023-01-31T08:49:08","modified_gmt":"2023-01-31T08:49:08","slug":"gasos-liquids-criogenics-installacions","status":"publish","type":"page","link":"https:\/\/www.ub.edu\/ossma\/medi-ambient\/consum-responsable\/que-com-comprar\/gasos-liquids-criogenics-installacions","title":{"rendered":"Gasos, l\u00edquids criog\u00e8nics i instal\u00b7lacions"},"content":{"rendered":"\n<div class=\"wp-block-columns are-vertically-aligned-center is-layout-flex wp-container-core-columns-is-layout-9d6595d7 wp-block-columns-is-layout-flex\">\n<div class=\"wp-block-column is-vertically-aligned-center is-layout-flow wp-block-column-is-layout-flow\" style=\"flex-basis:70%\">\n<p>Recordeu que per a la manipulaci\u00f3 de l\u00edquids criog\u00e8nics heu de fer servir bata de laboratori, ulleres o pantalla facial, cal\u00e7at tancat i guants de protecci\u00f3 espec\u00edfics.<\/p>\n\n\n\n<p>El subministrament de gasos ha de ser priorit\u00e0riament centralitzat i \u00fanicament en situacions molt concretes i sempre pr\u00e8via autoritzaci\u00f3 de la persona responsable del centre, es pot autoritzar la pres\u00e8ncia d\u2019ampolles de gasos als laboratoris. <\/p>\n\n\n\n<p>S\u2019ha d\u2019elaborar i mantenir actualitzat un inventari dels gasos que es fan servir al centre (ubicacions, punts de servei, punts de subministrament, nombre d\u2019ampolles, volum, tipus de gas, mesures de seguretat, deteccions&#8230;).<\/p>\n<\/div>\n\n\n\n<div class=\"wp-block-column is-vertically-aligned-center is-layout-flow wp-block-column-is-layout-flow\" style=\"flex-basis:30%\">\n<figure class=\"wp-block-image size-medium\"><img fetchpriority=\"high\" decoding=\"async\" width=\"300\" height=\"212\" src=\"https:\/\/www.ub.edu\/ossma\/wp-content\/uploads\/2022\/07\/cartell-epis-laboratoris-300x212.png\" alt=\"Bata, ulleres de seguretat i botes\" class=\"wp-image-40102\" srcset=\"https:\/\/www.ub.edu\/ossma\/wp-content\/uploads\/2022\/07\/cartell-epis-laboratoris-300x212.png 300w, https:\/\/www.ub.edu\/ossma\/wp-content\/uploads\/2022\/07\/cartell-epis-laboratoris.png 600w\" sizes=\"(max-width: 300px) 100vw, 300px\" \/><\/figure>\n<\/div>\n<\/div>\n\n\n\n<p>Els gasos que per les seves caracter\u00edstiques de toxicitat, perillositat o inflamabilitat requereixin disposar de sistemes de detecci\u00f3 de fuites, disposaran d\u2019aquests sistemes connectats a una centraleta que avisi al punt de control i alarma del centre, per tal que es pugui activar, en cas necessari, el pla d\u2019autoprotecci\u00f3.<\/p>\n\n\n\n<p>En el seg\u00fcent enlla\u00e7 trobareu informaci\u00f3, consells i mesures preventives que us ajudaran a evitar accidents i a treballar de forma m\u00e9s segura al laboratori:<\/p>\n\n\n\n<div class=\"wp-block-columns are-vertically-aligned-center icona-dorat ombra is-layout-flex wp-container-core-columns-is-layout-9d6595d7 wp-block-columns-is-layout-flex\">\n<div class=\"wp-block-column is-vertically-aligned-center is-layout-flow wp-block-column-is-layout-flow\">\n<div class=\"wp-block-advgb-icon icon-wrapper advgb-icon-ed90bf0a-45a7-45d8-941b-c34a284b5464\"><div class=\"advgb-icons\"><div class=\"advgb-icon-style-default advgb-icon-wrap advgb-item-0\"><span class=\"advgb-icon advgb-icon-colorize\"><i class=\"material-icons\">colorize<\/i><\/span><\/div><\/div><\/div>\n\n\n\n<p class=\"has-text-align-center\"><a href=\"https:\/\/www.ub.edu\/ossma\/seguretat-salut\/espai-preventiu-pas-pdi-pi\/informat\/laboratori-quimic\" data-type=\"page\" data-id=\"19952\">Laboratori qu\u00edmic<\/a><\/p>\n<\/div>\n\n\n\n<div class=\"wp-block-column is-vertically-aligned-center is-layout-flow wp-block-column-is-layout-flow\">\n<ul class=\"wp-block-list\">\n<li>Normes generals al laboratori<\/li>\n\n\n\n<li>Manipulaci\u00f3 d\u2019agents qu\u00edmics<\/li>\n\n\n\n<li>Equips de protecci\u00f3 individual<\/li>\n\n\n\n<li>Emmagatzematge de productes qu\u00edmics<\/li>\n\n\n\n<li>Gesti\u00f3 de residus<\/li>\n<\/ul>\n<\/div>\n<\/div>\n<style class=\"advgb-styles-renderer\">#advgb-icon-ed90bf0a-45a7-45d8-941b-c34a284b5464 .advgb-icons, .advgb-icon-ed90bf0a-45a7-45d8-941b-c34a284b5464 .advgb-icons {text-align: center;}#advgb-icon-ed90bf0a-45a7-45d8-941b-c34a284b5464 .advgb-item-0 .advgb-icon, .advgb-icon-ed90bf0a-45a7-45d8-941b-c34a284b5464 .advgb-item-0 .advgb-icon {display: flex;align-items:center;margin-top: 0px;margin-bottom: 0px;margin-left: 0px;margin-right: 40px;padding-top: 0;padding-bottom: 0;padding-left: 0;padding-right: 0;border-width: 0;border-style: solid;border-color: #111;border-radius: 0%;background-color: ;}#advgb-icon-ed90bf0a-45a7-45d8-941b-c34a284b5464 .advgb-item-0 .advgb-icon > i, .advgb-icon-ed90bf0a-45a7-45d8-941b-c34a284b5464 .advgb-item-0 .advgb-icon > i{font-size: 120px;color: #111111;}#advgb-icon-ed90bf0a-45a7-45d8-941b-c34a284b5464 .advgb-item-1 .advgb-icon, .advgb-icon-ed90bf0a-45a7-45d8-941b-c34a284b5464 .advgb-item-1 .advgb-icon {display: flex;align-items:center;margin-top: 0px;margin-bottom: 0px;margin-left: 0px;margin-right: 40px;padding-top: 0;padding-bottom: 0;padding-left: 0;padding-right: 0;border-width: 0;border-style: solid;border-color: #111;border-radius: 0%;background-color: ;}#advgb-icon-ed90bf0a-45a7-45d8-941b-c34a284b5464 .advgb-item-1 .advgb-icon > i, .advgb-icon-ed90bf0a-45a7-45d8-941b-c34a284b5464 .advgb-item-1 .advgb-icon > i{font-size: 120px;color: #111111;}#advgb-icon-ed90bf0a-45a7-45d8-941b-c34a284b5464 .advgb-item-2 .advgb-icon, .advgb-icon-ed90bf0a-45a7-45d8-941b-c34a284b5464 .advgb-item-2 .advgb-icon {display: flex;align-items:center;margin-top: 0px;margin-bottom: 0px;margin-left: 0px;margin-right: 40px;padding-top: 0;padding-bottom: 0;padding-left: 0;padding-right: 0;border-width: 0;border-style: solid;border-color: #111;border-radius: 0%;background-color: ;}#advgb-icon-ed90bf0a-45a7-45d8-941b-c34a284b5464 .advgb-item-2 .advgb-icon > i, .advgb-icon-ed90bf0a-45a7-45d8-941b-c34a284b5464 .advgb-item-2 .advgb-icon > i{font-size: 120px;color: #111111;}#advgb-icon-ed90bf0a-45a7-45d8-941b-c34a284b5464 .advgb-item-3 .advgb-icon, .advgb-icon-ed90bf0a-45a7-45d8-941b-c34a284b5464 .advgb-item-3 .advgb-icon {display: flex;align-items:center;margin-top: 0px;margin-bottom: 0px;margin-left: 0px;margin-right: 40px;padding-top: 0;padding-bottom: 0;padding-left: 0;padding-right: 0;border-width: 0;border-style: solid;border-color: #111;border-radius: 0%;background-color: ;}#advgb-icon-ed90bf0a-45a7-45d8-941b-c34a284b5464 .advgb-item-3 .advgb-icon > i, .advgb-icon-ed90bf0a-45a7-45d8-941b-c34a284b5464 .advgb-item-3 .advgb-icon > i{font-size: 120px;color: #111111;}#advgb-icon-ed90bf0a-45a7-45d8-941b-c34a284b5464 .advgb-item-4 .advgb-icon, .advgb-icon-ed90bf0a-45a7-45d8-941b-c34a284b5464 .advgb-item-4 .advgb-icon {display: flex;align-items:center;margin-top: 0px;margin-bottom: 0px;margin-left: 0px;margin-right: 40px;padding-top: 0;padding-bottom: 0;padding-left: 0;padding-right: 0;border-width: 0;border-style: solid;border-color: #111;border-radius: 0%;background-color: ;}#advgb-icon-ed90bf0a-45a7-45d8-941b-c34a284b5464 .advgb-item-4 .advgb-icon > i, .advgb-icon-ed90bf0a-45a7-45d8-941b-c34a284b5464 .advgb-item-4 .advgb-icon > i{font-size: 120px;color: #111111;}#advgb-icon-ed90bf0a-45a7-45d8-941b-c34a284b5464 .advgb-item-5 .advgb-icon, .advgb-icon-ed90bf0a-45a7-45d8-941b-c34a284b5464 .advgb-item-5 .advgb-icon {display: flex;align-items:center;margin-top: 0px;margin-bottom: 0px;margin-left: 0px;margin-right: 40px;padding-top: 0;padding-bottom: 0;padding-left: 0;padding-right: 0;border-width: 0;border-style: solid;border-color: #111;border-radius: 0%;background-color: ;}#advgb-icon-ed90bf0a-45a7-45d8-941b-c34a284b5464 .advgb-item-5 .advgb-icon > i, .advgb-icon-ed90bf0a-45a7-45d8-941b-c34a284b5464 .advgb-item-5 .advgb-icon > i{font-size: 120px;color: #111111;}#advgb-icon-ed90bf0a-45a7-45d8-941b-c34a284b5464 .advgb-item-6 .advgb-icon, .advgb-icon-ed90bf0a-45a7-45d8-941b-c34a284b5464 .advgb-item-6 .advgb-icon {display: flex;align-items:center;margin-top: 0px;margin-bottom: 0px;margin-left: 0px;margin-right: 40px;padding-top: 0;padding-bottom: 0;padding-left: 0;padding-right: 0;border-width: 0;border-style: solid;border-color: #111;border-radius: 0%;background-color: ;}#advgb-icon-ed90bf0a-45a7-45d8-941b-c34a284b5464 .advgb-item-6 .advgb-icon > i, .advgb-icon-ed90bf0a-45a7-45d8-941b-c34a284b5464 .advgb-item-6 .advgb-icon > i{font-size: 120px;color: #111111;}#advgb-icon-ed90bf0a-45a7-45d8-941b-c34a284b5464 .advgb-item-7 .advgb-icon, .advgb-icon-ed90bf0a-45a7-45d8-941b-c34a284b5464 .advgb-item-7 .advgb-icon {display: flex;align-items:center;margin-top: 0px;margin-bottom: 0px;margin-left: 0px;margin-right: 40px;padding-top: 0;padding-bottom: 0;padding-left: 0;padding-right: 0;border-width: 0;border-style: solid;border-color: #111;border-radius: 0%;background-color: ;}#advgb-icon-ed90bf0a-45a7-45d8-941b-c34a284b5464 .advgb-item-7 .advgb-icon > i, .advgb-icon-ed90bf0a-45a7-45d8-941b-c34a284b5464 .advgb-item-7 .advgb-icon > i{font-size: 120px;color: #111111;}#advgb-icon-ed90bf0a-45a7-45d8-941b-c34a284b5464 .advgb-item-8 .advgb-icon, .advgb-icon-ed90bf0a-45a7-45d8-941b-c34a284b5464 .advgb-item-8 .advgb-icon {display: flex;align-items:center;margin-top: 0px;margin-bottom: 0px;margin-left: 0px;margin-right: 40px;padding-top: 0;padding-bottom: 0;padding-left: 0;padding-right: 0;border-width: 0;border-style: solid;border-color: #111;border-radius: 0%;background-color: ;}#advgb-icon-ed90bf0a-45a7-45d8-941b-c34a284b5464 .advgb-item-8 .advgb-icon > i, .advgb-icon-ed90bf0a-45a7-45d8-941b-c34a284b5464 .advgb-item-8 .advgb-icon > i{font-size: 120px;color: #111111;}#advgb-icon-ed90bf0a-45a7-45d8-941b-c34a284b5464 .advgb-item-9 .advgb-icon, .advgb-icon-ed90bf0a-45a7-45d8-941b-c34a284b5464 .advgb-item-9 .advgb-icon {display: flex;align-items:center;margin-top: 0px;margin-bottom: 0px;margin-left: 0px;margin-right: 40px;padding-top: 0;padding-bottom: 0;padding-left: 0;padding-right: 0;border-width: 0;border-style: solid;border-color: #111;border-radius: 0%;background-color: ;}#advgb-icon-ed90bf0a-45a7-45d8-941b-c34a284b5464 .advgb-item-9 .advgb-icon > i, .advgb-icon-ed90bf0a-45a7-45d8-941b-c34a284b5464 .advgb-item-9 .advgb-icon > i{font-size: 120px;color: #111111;}#advgb-icon-ed90bf0a-45a7-45d8-941b-c34a284b5464 .advgb-icons, .advgb-icon-ed90bf0a-45a7-45d8-941b-c34a284b5464 .advgb-icons {text-align: center;}#advgb-icon-ed90bf0a-45a7-45d8-941b-c34a284b5464 .advgb-item-0 .advgb-icon, .advgb-icon-ed90bf0a-45a7-45d8-941b-c34a284b5464 .advgb-item-0 .advgb-icon {display: flex;align-items:center;margin-top: 0px;margin-bottom: 0px;margin-left: 0px;margin-right: 40px;padding-top: 0;padding-bottom: 0;padding-left: 0;padding-right: 0;border-width: 0;border-style: solid;border-color: #111;border-radius: 0%;background-color: ;}#advgb-icon-ed90bf0a-45a7-45d8-941b-c34a284b5464 .advgb-item-0 .advgb-icon > i, .advgb-icon-ed90bf0a-45a7-45d8-941b-c34a284b5464 .advgb-item-0 .advgb-icon > i{font-size: 120px;color: #111111;}#advgb-icon-ed90bf0a-45a7-45d8-941b-c34a284b5464 .advgb-item-1 .advgb-icon, .advgb-icon-ed90bf0a-45a7-45d8-941b-c34a284b5464 .advgb-item-1 .advgb-icon {display: flex;align-items:center;margin-top: 0px;margin-bottom: 0px;margin-left: 0px;margin-right: 40px;padding-top: 0;padding-bottom: 0;padding-left: 0;padding-right: 0;border-width: 0;border-style: solid;border-color: #111;border-radius: 0%;background-color: ;}#advgb-icon-ed90bf0a-45a7-45d8-941b-c34a284b5464 .advgb-item-1 .advgb-icon > i, .advgb-icon-ed90bf0a-45a7-45d8-941b-c34a284b5464 .advgb-item-1 .advgb-icon > i{font-size: 120px;color: #111111;}#advgb-icon-ed90bf0a-45a7-45d8-941b-c34a284b5464 .advgb-item-2 .advgb-icon, .advgb-icon-ed90bf0a-45a7-45d8-941b-c34a284b5464 .advgb-item-2 .advgb-icon {display: flex;align-items:center;margin-top: 0px;margin-bottom: 0px;margin-left: 0px;margin-right: 40px;padding-top: 0;padding-bottom: 0;padding-left: 0;padding-right: 0;border-width: 0;border-style: solid;border-color: #111;border-radius: 0%;background-color: ;}#advgb-icon-ed90bf0a-45a7-45d8-941b-c34a284b5464 .advgb-item-2 .advgb-icon > i, .advgb-icon-ed90bf0a-45a7-45d8-941b-c34a284b5464 .advgb-item-2 .advgb-icon > i{font-size: 120px;color: #111111;}#advgb-icon-ed90bf0a-45a7-45d8-941b-c34a284b5464 .advgb-item-3 .advgb-icon, .advgb-icon-ed90bf0a-45a7-45d8-941b-c34a284b5464 .advgb-item-3 .advgb-icon {display: flex;align-items:center;margin-top: 0px;margin-bottom: 0px;margin-left: 0px;margin-right: 40px;padding-top: 0;padding-bottom: 0;padding-left: 0;padding-right: 0;border-width: 0;border-style: solid;border-color: #111;border-radius: 0%;background-color: ;}#advgb-icon-ed90bf0a-45a7-45d8-941b-c34a284b5464 .advgb-item-3 .advgb-icon > i, .advgb-icon-ed90bf0a-45a7-45d8-941b-c34a284b5464 .advgb-item-3 .advgb-icon > i{font-size: 120px;color: #111111;}#advgb-icon-ed90bf0a-45a7-45d8-941b-c34a284b5464 .advgb-item-4 .advgb-icon, .advgb-icon-ed90bf0a-45a7-45d8-941b-c34a284b5464 .advgb-item-4 .advgb-icon {display: flex;align-items:center;margin-top: 0px;margin-bottom: 0px;margin-left: 0px;margin-right: 40px;padding-top: 0;padding-bottom: 0;padding-left: 0;padding-right: 0;border-width: 0;border-style: solid;border-color: #111;border-radius: 0%;background-color: ;}#advgb-icon-ed90bf0a-45a7-45d8-941b-c34a284b5464 .advgb-item-4 .advgb-icon > i, .advgb-icon-ed90bf0a-45a7-45d8-941b-c34a284b5464 .advgb-item-4 .advgb-icon > i{font-size: 120px;color: #111111;}#advgb-icon-ed90bf0a-45a7-45d8-941b-c34a284b5464 .advgb-item-5 .advgb-icon, .advgb-icon-ed90bf0a-45a7-45d8-941b-c34a284b5464 .advgb-item-5 .advgb-icon {display: flex;align-items:center;margin-top: 0px;margin-bottom: 0px;margin-left: 0px;margin-right: 40px;padding-top: 0;padding-bottom: 0;padding-left: 0;padding-right: 0;border-width: 0;border-style: solid;border-color: #111;border-radius: 0%;background-color: ;}#advgb-icon-ed90bf0a-45a7-45d8-941b-c34a284b5464 .advgb-item-5 .advgb-icon > i, .advgb-icon-ed90bf0a-45a7-45d8-941b-c34a284b5464 .advgb-item-5 .advgb-icon > i{font-size: 120px;color: #111111;}#advgb-icon-ed90bf0a-45a7-45d8-941b-c34a284b5464 .advgb-item-6 .advgb-icon, .advgb-icon-ed90bf0a-45a7-45d8-941b-c34a284b5464 .advgb-item-6 .advgb-icon {display: flex;align-items:center;margin-top: 0px;margin-bottom: 0px;margin-left: 0px;margin-right: 40px;padding-top: 0;padding-bottom: 0;padding-left: 0;padding-right: 0;border-width: 0;border-style: solid;border-color: #111;border-radius: 0%;background-color: ;}#advgb-icon-ed90bf0a-45a7-45d8-941b-c34a284b5464 .advgb-item-6 .advgb-icon > i, .advgb-icon-ed90bf0a-45a7-45d8-941b-c34a284b5464 .advgb-item-6 .advgb-icon > i{font-size: 120px;color: #111111;}#advgb-icon-ed90bf0a-45a7-45d8-941b-c34a284b5464 .advgb-item-7 .advgb-icon, .advgb-icon-ed90bf0a-45a7-45d8-941b-c34a284b5464 .advgb-item-7 .advgb-icon {display: flex;align-items:center;margin-top: 0px;margin-bottom: 0px;margin-left: 0px;margin-right: 40px;padding-top: 0;padding-bottom: 0;padding-left: 0;padding-right: 0;border-width: 0;border-style: solid;border-color: #111;border-radius: 0%;background-color: ;}#advgb-icon-ed90bf0a-45a7-45d8-941b-c34a284b5464 .advgb-item-7 .advgb-icon > i, .advgb-icon-ed90bf0a-45a7-45d8-941b-c34a284b5464 .advgb-item-7 .advgb-icon > i{font-size: 120px;color: #111111;}#advgb-icon-ed90bf0a-45a7-45d8-941b-c34a284b5464 .advgb-item-8 .advgb-icon, .advgb-icon-ed90bf0a-45a7-45d8-941b-c34a284b5464 .advgb-item-8 .advgb-icon {display: flex;align-items:center;margin-top: 0px;margin-bottom: 0px;margin-left: 0px;margin-right: 40px;padding-top: 0;padding-bottom: 0;padding-left: 0;padding-right: 0;border-width: 0;border-style: solid;border-color: #111;border-radius: 0%;background-color: ;}#advgb-icon-ed90bf0a-45a7-45d8-941b-c34a284b5464 .advgb-item-8 .advgb-icon > i, .advgb-icon-ed90bf0a-45a7-45d8-941b-c34a284b5464 .advgb-item-8 .advgb-icon > i{font-size: 120px;color: #111111;}#advgb-icon-ed90bf0a-45a7-45d8-941b-c34a284b5464 .advgb-item-9 .advgb-icon, .advgb-icon-ed90bf0a-45a7-45d8-941b-c34a284b5464 .advgb-item-9 .advgb-icon {display: flex;align-items:center;margin-top: 0px;margin-bottom: 0px;margin-left: 0px;margin-right: 40px;padding-top: 0;padding-bottom: 0;padding-left: 0;padding-right: 0;border-width: 0;border-style: solid;border-color: #111;border-radius: 0%;background-color: ;}#advgb-icon-ed90bf0a-45a7-45d8-941b-c34a284b5464 .advgb-item-9 .advgb-icon > i, .advgb-icon-ed90bf0a-45a7-45d8-941b-c34a284b5464 .advgb-item-9 .advgb-icon > i{font-size: 120px;color: #111111;}#advgb-icon-ed90bf0a-45a7-45d8-941b-c34a284b5464 .advgb-icons, .advgb-icon-ed90bf0a-45a7-45d8-941b-c34a284b5464 .advgb-icons {text-align: center;}#advgb-icon-ed90bf0a-45a7-45d8-941b-c34a284b5464 .advgb-item-0 .advgb-icon, .advgb-icon-ed90bf0a-45a7-45d8-941b-c34a284b5464 .advgb-item-0 .advgb-icon {display: flex;align-items:center;margin-top: 0px;margin-bottom: 0px;margin-left: 0px;margin-right: 40px;padding-top: 0;padding-bottom: 0;padding-left: 0;padding-right: 0;border-width: 0;border-style: solid;border-color: #111;border-radius: 0%;background-color: ;}#advgb-icon-ed90bf0a-45a7-45d8-941b-c34a284b5464 .advgb-item-0 .advgb-icon > i, .advgb-icon-ed90bf0a-45a7-45d8-941b-c34a284b5464 .advgb-item-0 .advgb-icon > i{font-size: 120px;color: #111111;}#advgb-icon-ed90bf0a-45a7-45d8-941b-c34a284b5464 .advgb-item-1 .advgb-icon, .advgb-icon-ed90bf0a-45a7-45d8-941b-c34a284b5464 .advgb-item-1 .advgb-icon {display: flex;align-items:center;margin-top: 0px;margin-bottom: 0px;margin-left: 0px;margin-right: 40px;padding-top: 0;padding-bottom: 0;padding-left: 0;padding-right: 0;border-width: 0;border-style: solid;border-color: #111;border-radius: 0%;background-color: ;}#advgb-icon-ed90bf0a-45a7-45d8-941b-c34a284b5464 .advgb-item-1 .advgb-icon > i, .advgb-icon-ed90bf0a-45a7-45d8-941b-c34a284b5464 .advgb-item-1 .advgb-icon > i{font-size: 120px;color: #111111;}#advgb-icon-ed90bf0a-45a7-45d8-941b-c34a284b5464 .advgb-item-2 .advgb-icon, .advgb-icon-ed90bf0a-45a7-45d8-941b-c34a284b5464 .advgb-item-2 .advgb-icon {display: flex;align-items:center;margin-top: 0px;margin-bottom: 0px;margin-left: 0px;margin-right: 40px;padding-top: 0;padding-bottom: 0;padding-left: 0;padding-right: 0;border-width: 0;border-style: solid;border-color: #111;border-radius: 0%;background-color: ;}#advgb-icon-ed90bf0a-45a7-45d8-941b-c34a284b5464 .advgb-item-2 .advgb-icon > i, .advgb-icon-ed90bf0a-45a7-45d8-941b-c34a284b5464 .advgb-item-2 .advgb-icon > i{font-size: 120px;color: #111111;}#advgb-icon-ed90bf0a-45a7-45d8-941b-c34a284b5464 .advgb-item-3 .advgb-icon, .advgb-icon-ed90bf0a-45a7-45d8-941b-c34a284b5464 .advgb-item-3 .advgb-icon {display: flex;align-items:center;margin-top: 0px;margin-bottom: 0px;margin-left: 0px;margin-right: 40px;padding-top: 0;padding-bottom: 0;padding-left: 0;padding-right: 0;border-width: 0;border-style: solid;border-color: #111;border-radius: 0%;background-color: ;}#advgb-icon-ed90bf0a-45a7-45d8-941b-c34a284b5464 .advgb-item-3 .advgb-icon > i, .advgb-icon-ed90bf0a-45a7-45d8-941b-c34a284b5464 .advgb-item-3 .advgb-icon > i{font-size: 120px;color: #111111;}#advgb-icon-ed90bf0a-45a7-45d8-941b-c34a284b5464 .advgb-item-4 .advgb-icon, .advgb-icon-ed90bf0a-45a7-45d8-941b-c34a284b5464 .advgb-item-4 .advgb-icon {display: flex;align-items:center;margin-top: 0px;margin-bottom: 0px;margin-left: 0px;margin-right: 40px;padding-top: 0;padding-bottom: 0;padding-left: 0;padding-right: 0;border-width: 0;border-style: solid;border-color: #111;border-radius: 0%;background-color: ;}#advgb-icon-ed90bf0a-45a7-45d8-941b-c34a284b5464 .advgb-item-4 .advgb-icon > i, .advgb-icon-ed90bf0a-45a7-45d8-941b-c34a284b5464 .advgb-item-4 .advgb-icon > i{font-size: 120px;color: #111111;}#advgb-icon-ed90bf0a-45a7-45d8-941b-c34a284b5464 .advgb-item-5 .advgb-icon, .advgb-icon-ed90bf0a-45a7-45d8-941b-c34a284b5464 .advgb-item-5 .advgb-icon {display: flex;align-items:center;margin-top: 0px;margin-bottom: 0px;margin-left: 0px;margin-right: 40px;padding-top: 0;padding-bottom: 0;padding-left: 0;padding-right: 0;border-width: 0;border-style: solid;border-color: #111;border-radius: 0%;background-color: ;}#advgb-icon-ed90bf0a-45a7-45d8-941b-c34a284b5464 .advgb-item-5 .advgb-icon > i, .advgb-icon-ed90bf0a-45a7-45d8-941b-c34a284b5464 .advgb-item-5 .advgb-icon > i{font-size: 120px;color: #111111;}#advgb-icon-ed90bf0a-45a7-45d8-941b-c34a284b5464 .advgb-item-6 .advgb-icon, .advgb-icon-ed90bf0a-45a7-45d8-941b-c34a284b5464 .advgb-item-6 .advgb-icon {display: flex;align-items:center;margin-top: 0px;margin-bottom: 0px;margin-left: 0px;margin-right: 40px;padding-top: 0;padding-bottom: 0;padding-left: 0;padding-right: 0;border-width: 0;border-style: solid;border-color: #111;border-radius: 0%;background-color: ;}#advgb-icon-ed90bf0a-45a7-45d8-941b-c34a284b5464 .advgb-item-6 .advgb-icon > i, .advgb-icon-ed90bf0a-45a7-45d8-941b-c34a284b5464 .advgb-item-6 .advgb-icon > i{font-size: 120px;color: #111111;}#advgb-icon-ed90bf0a-45a7-45d8-941b-c34a284b5464 .advgb-item-7 .advgb-icon, .advgb-icon-ed90bf0a-45a7-45d8-941b-c34a284b5464 .advgb-item-7 .advgb-icon {display: flex;align-items:center;margin-top: 0px;margin-bottom: 0px;margin-left: 0px;margin-right: 40px;padding-top: 0;padding-bottom: 0;padding-left: 0;padding-right: 0;border-width: 0;border-style: solid;border-color: #111;border-radius: 0%;background-color: ;}#advgb-icon-ed90bf0a-45a7-45d8-941b-c34a284b5464 .advgb-item-7 .advgb-icon > i, .advgb-icon-ed90bf0a-45a7-45d8-941b-c34a284b5464 .advgb-item-7 .advgb-icon > i{font-size: 120px;color: #111111;}#advgb-icon-ed90bf0a-45a7-45d8-941b-c34a284b5464 .advgb-item-8 .advgb-icon, .advgb-icon-ed90bf0a-45a7-45d8-941b-c34a284b5464 .advgb-item-8 .advgb-icon {display: flex;align-items:center;margin-top: 0px;margin-bottom: 0px;margin-left: 0px;margin-right: 40px;padding-top: 0;padding-bottom: 0;padding-left: 0;padding-right: 0;border-width: 0;border-style: solid;border-color: #111;border-radius: 0%;background-color: ;}#advgb-icon-ed90bf0a-45a7-45d8-941b-c34a284b5464 .advgb-item-8 .advgb-icon > i, .advgb-icon-ed90bf0a-45a7-45d8-941b-c34a284b5464 .advgb-item-8 .advgb-icon > i{font-size: 120px;color: #111111;}#advgb-icon-ed90bf0a-45a7-45d8-941b-c34a284b5464 .advgb-item-9 .advgb-icon, .advgb-icon-ed90bf0a-45a7-45d8-941b-c34a284b5464 .advgb-item-9 .advgb-icon {display: flex;align-items:center;margin-top: 0px;margin-bottom: 0px;margin-left: 0px;margin-right: 40px;padding-top: 0;padding-bottom: 0;padding-left: 0;padding-right: 0;border-width: 0;border-style: solid;border-color: #111;border-radius: 0%;background-color: ;}#advgb-icon-ed90bf0a-45a7-45d8-941b-c34a284b5464 .advgb-item-9 .advgb-icon > i, .advgb-icon-ed90bf0a-45a7-45d8-941b-c34a284b5464 .advgb-item-9 .advgb-icon > i{font-size: 120px;color: #111111;}<\/style>","protected":false},"excerpt":{"rendered":"<div class=\"wp-block-columns are-vertically-aligned-center is-layout-flex wp-container-core-columns-is-layout-9d6595d7 wp-block-columns-is-layout-flex\">\n<div class=\"wp-block-column is-vertically-aligned-center is-layout-flow wp-block-column-is-layout-flow\" style=\"flex-basis:70%\"><\/div>\n<\/div>\n","protected":false},"author":1,"featured_media":24282,"parent":40014,"menu_order":0,"comment_status":"closed","ping_status":"closed","template":"","meta":{"advgb_blocks_editor_width":"","advgb_blocks_columns_visual_guide":"","footnotes":""},"class_list":["post-40109","page","type-page","status-publish","has-post-thumbnail"],"coauthors":[],"author_meta":{"author_link":"https:\/\/www.ub.edu\/ossma\/author\/ossmau1","display_name":"OSSMA"},"relative_dates":{"created":"Posted 4 anys ago","modified":"Updated 3 anys ago"},"absolute_dates":{"created":"Posted on 16\/07\/2022","modified":"Updated on 31\/01\/2023"},"absolute_dates_time":{"created":"Posted on 16\/07\/2022 12:02","modified":"Updated on 31\/01\/2023 8:49"},"featured_img_caption":"","featured_img":"https:\/\/www.ub.edu\/ossma\/wp-content\/uploads\/2021\/03\/banner-consells-consum.jpg","series_order":"","_links":{"self":[{"href":"https:\/\/www.ub.edu\/ossma\/wp-json\/wp\/v2\/pages\/40109","targetHints":{"allow":["GET"]}}],"collection":[{"href":"https:\/\/www.ub.edu\/ossma\/wp-json\/wp\/v2\/pages"}],"about":[{"href":"https:\/\/www.ub.edu\/ossma\/wp-json\/wp\/v2\/types\/page"}],"author":[{"embeddable":true,"href":"https:\/\/www.ub.edu\/ossma\/wp-json\/wp\/v2\/users\/1"}],"replies":[{"embeddable":true,"href":"https:\/\/www.ub.edu\/ossma\/wp-json\/wp\/v2\/comments?post=40109"}],"version-history":[{"count":7,"href":"https:\/\/www.ub.edu\/ossma\/wp-json\/wp\/v2\/pages\/40109\/revisions"}],"predecessor-version":[{"id":44187,"href":"https:\/\/www.ub.edu\/ossma\/wp-json\/wp\/v2\/pages\/40109\/revisions\/44187"}],"up":[{"embeddable":true,"href":"https:\/\/www.ub.edu\/ossma\/wp-json\/wp\/v2\/pages\/40014"}],"wp:featuredmedia":[{"embeddable":true,"href":"https:\/\/www.ub.edu\/ossma\/wp-json\/wp\/v2\/media\/24282"}],"wp:attachment":[{"href":"https:\/\/www.ub.edu\/ossma\/wp-json\/wp\/v2\/media?parent=40109"}],"curies":[{"name":"wp","href":"https:\/\/api.w.org\/{rel}","templated":true}]}}